{"id":68236,"date":"2026-02-17T15:13:33","date_gmt":"2026-02-17T14:13:33","guid":{"rendered":"https:\/\/delorenzoglobal.com\/?post_type=product&#038;p=68236"},"modified":"2026-02-19T09:22:15","modified_gmt":"2026-02-19T08:22:15","slug":"systeme-de-visualisation-des-flux-copia","status":"publish","type":"product","link":"https:\/\/delorenzoglobal.com\/fr\/produit\/systeme-de-visualisation-des-flux-copia\/","title":{"rendered":"D\u00c9MONSTRATEUR SYST\u00c8ME DE LYSIM\u00c8TRE"},"content":{"rendered":"<p>Cet \u00e9quipement permet de conna\u00eetre la capacit\u00e9 de r\u00e9tention d&rsquo;eau d&rsquo;un sol en utilisant le bilan hydrologique, en diff\u00e9renciant chacun de ses \u00e9l\u00e9ments.<\/p>\n<p>La simulation de la pluie sur le sol permet de distinguer les \u00e9l\u00e9ments suivants du cycle hydrologique:<\/p>\n<ul>\n<li>Ruissellement de surface: une fois le sol inond\u00e9, le ruissellement de surface commence, il est collect\u00e9 \u00e0 l&rsquo;ext\u00e9rieur et mesur\u00e9 en \u00e9valuant sa quantit\u00e9 en volume.<\/li>\n<li>Ruissellement souterrain et de surface: l\u2019eau infiltr\u00e9e est recueillie au fond du r\u00e9cipient, et ce ruissellement est mesur\u00e9 en volume.<\/li>\n<li>Le reste de l&rsquo;eau est absorb\u00e9 par le sol, ce que l&rsquo;on peut v\u00e9rifier en pesant ce dernier avant la pluie et apr\u00e8s. La diff\u00e9rence correspond au volume d&rsquo;eau stock\u00e9e.<\/li>\n<\/ul>\n","protected":false},"excerpt":{"rendered":"<p>Cet \u00e9quipement permet de conna\u00eetre la capacit\u00e9 de r\u00e9tention d&rsquo;eau d&rsquo;un sol en utilisant le bilan hydrologique, en diff\u00e9renciant chacun de ses \u00e9l\u00e9ments. La simulation de la pluie sur le sol permet de distinguer les \u00e9l\u00e9ments suivants du cycle hydrologique: Ruissellement de surface: une fois le sol inond\u00e9, le ruissellement de surface commence, il est [&hellip;]<\/p>\n","protected":false},"featured_media":68296,"template":"","meta":{"_acf_changed":false},"product_brand":[],"product_cat":[428],"product_tag":[],"class_list":{"0":"post-68236","1":"product","2":"type-product","3":"status-publish","4":"has-post-thumbnail","6":"product_cat-fondamentaux-de-la-mecanique-des-fluides","8":"first","9":"instock","10":"shipping-taxable","11":"product-type-simple"},"acf":[],"yoast_head":"<!-- This site is optimized with the Yoast SEO plugin v27.4 - https:\/\/yoast.com\/product\/yoast-seo-wordpress\/ -->\n<title>D\u00c9MONSTRATEUR SYST\u00c8ME DE LYSIM\u00c8TRE - De Lorenzo Training &amp; Didactical Equipment<\/title>\n<meta name=\"description\" content=\"Simulateur p\u00e9dagogique pour analyser la r\u00e9tention d\u2019eau du sol, l\u2019infiltration et le ruissellement par bilan hydrologique.\" \/>\n<meta name=\"robots\" content=\"index, follow, max-snippet:-1, max-image-preview:large, max-video-preview:-1\" \/>\n<link rel=\"canonical\" href=\"https:\/\/delorenzoglobal.com\/fr\/produit\/systeme-de-visualisation-des-flux-copia\/\" \/>\n<meta property=\"og:locale\" content=\"fr_FR\" \/>\n<meta property=\"og:type\" content=\"article\" \/>\n<meta property=\"og:title\" content=\"D\u00c9MONSTRATEUR SYST\u00c8ME DE LYSIM\u00c8TRE - De Lorenzo Training &amp; Didactical Equipment\" \/>\n<meta property=\"og:description\" content=\"Simulateur p\u00e9dagogique pour analyser la r\u00e9tention d\u2019eau du sol, l\u2019infiltration et le ruissellement par bilan hydrologique.\" \/>\n<meta property=\"og:url\" content=\"https:\/\/delorenzoglobal.com\/fr\/produit\/systeme-de-visualisation-des-flux-copia\/\" \/>\n<meta property=\"og:site_name\" content=\"De Lorenzo Training &amp; Didactical Equipment\" \/>\n<meta property=\"article:modified_time\" content=\"2026-02-19T08:22:15+00:00\" \/>\n<meta property=\"og:image\" content=\"https:\/\/delorenzoglobal.com\/wp-content\/uploads\/2026\/02\/DL-PSH10.jpg\" \/>\n\t<meta property=\"og:image:width\" content=\"712\" \/>\n\t<meta property=\"og:image:height\" content=\"822\" \/>\n\t<meta property=\"og:image:type\" content=\"image\/jpeg\" \/>\n<meta name=\"twitter:card\" content=\"summary_large_image\" \/>\n<meta name=\"twitter:label1\" content=\"Dur\u00e9e de lecture estim\u00e9e\" \/>\n\t<meta name=\"twitter:data1\" content=\"1 minute\" \/>\n<script type=\"application\/ld+json\" class=\"yoast-schema-graph\">{\"@context\":\"https:\\\/\\\/schema.org\",\"@graph\":[{\"@type\":\"WebPage\",\"@id\":\"https:\\\/\\\/delorenzoglobal.com\\\/fr\\\/produit\\\/systeme-de-visualisation-des-flux-copia\\\/\",\"url\":\"https:\\\/\\\/delorenzoglobal.com\\\/fr\\\/produit\\\/systeme-de-visualisation-des-flux-copia\\\/\",\"name\":\"D\u00c9MONSTRATEUR SYST\u00c8ME DE LYSIM\u00c8TRE - De Lorenzo Training &amp; Didactical Equipment\",\"isPartOf\":{\"@id\":\"https:\\\/\\\/delorenzoglobal.com\\\/fr\\\/#website\"},\"primaryImageOfPage\":{\"@id\":\"https:\\\/\\\/delorenzoglobal.com\\\/fr\\\/produit\\\/systeme-de-visualisation-des-flux-copia\\\/#primaryimage\"},\"image\":{\"@id\":\"https:\\\/\\\/delorenzoglobal.com\\\/fr\\\/produit\\\/systeme-de-visualisation-des-flux-copia\\\/#primaryimage\"},\"thumbnailUrl\":\"https:\\\/\\\/delorenzoglobal.com\\\/wp-content\\\/uploads\\\/2026\\\/02\\\/DL-PSH10.jpg\",\"datePublished\":\"2026-02-17T14:13:33+00:00\",\"dateModified\":\"2026-02-19T08:22:15+00:00\",\"description\":\"Simulateur p\u00e9dagogique pour analyser la r\u00e9tention d\u2019eau du sol, l\u2019infiltration et le ruissellement par bilan hydrologique.\",\"breadcrumb\":{\"@id\":\"https:\\\/\\\/delorenzoglobal.com\\\/fr\\\/produit\\\/systeme-de-visualisation-des-flux-copia\\\/#breadcrumb\"},\"inLanguage\":\"fr-FR\",\"potentialAction\":[{\"@type\":\"ReadAction\",\"target\":[\"https:\\\/\\\/delorenzoglobal.com\\\/fr\\\/produit\\\/systeme-de-visualisation-des-flux-copia\\\/\"]}]},{\"@type\":\"ImageObject\",\"inLanguage\":\"fr-FR\",\"@id\":\"https:\\\/\\\/delorenzoglobal.com\\\/fr\\\/produit\\\/systeme-de-visualisation-des-flux-copia\\\/#primaryimage\",\"url\":\"https:\\\/\\\/delorenzoglobal.com\\\/wp-content\\\/uploads\\\/2026\\\/02\\\/DL-PSH10.jpg\",\"contentUrl\":\"https:\\\/\\\/delorenzoglobal.com\\\/wp-content\\\/uploads\\\/2026\\\/02\\\/DL-PSH10.jpg\",\"width\":712,\"height\":822},{\"@type\":\"BreadcrumbList\",\"@id\":\"https:\\\/\\\/delorenzoglobal.com\\\/fr\\\/produit\\\/systeme-de-visualisation-des-flux-copia\\\/#breadcrumb\",\"itemListElement\":[{\"@type\":\"ListItem\",\"position\":1,\"name\":\"Home\",\"item\":\"https:\\\/\\\/delorenzoglobal.com\\\/fr\\\/\"},{\"@type\":\"ListItem\",\"position\":2,\"name\":\"Boutique\",\"item\":\"https:\\\/\\\/delorenzoglobal.com\\\/fr\\\/boutique\\\/\"},{\"@type\":\"ListItem\",\"position\":3,\"name\":\"D\u00c9MONSTRATEUR SYST\u00c8ME DE LYSIM\u00c8TRE\"}]},{\"@type\":\"WebSite\",\"@id\":\"https:\\\/\\\/delorenzoglobal.com\\\/fr\\\/#website\",\"url\":\"https:\\\/\\\/delorenzoglobal.com\\\/fr\\\/\",\"name\":\"De Lorenzo Training &amp; Didactical Equipment\",\"description\":\"\",\"potentialAction\":[{\"@type\":\"SearchAction\",\"target\":{\"@type\":\"EntryPoint\",\"urlTemplate\":\"https:\\\/\\\/delorenzoglobal.com\\\/fr\\\/?s={search_term_string}\"},\"query-input\":{\"@type\":\"PropertyValueSpecification\",\"valueRequired\":true,\"valueName\":\"search_term_string\"}}],\"inLanguage\":\"fr-FR\"}]}<\/script>\n<!-- \/ Yoast SEO plugin. -->","yoast_head_json":{"title":"D\u00c9MONSTRATEUR SYST\u00c8ME DE LYSIM\u00c8TRE - De Lorenzo Training &amp; Didactical Equipment","description":"Simulateur p\u00e9dagogique pour analyser la r\u00e9tention d\u2019eau du sol, l\u2019infiltration et le ruissellement par bilan hydrologique.","robots":{"index":"index","follow":"follow","max-snippet":"max-snippet:-1","max-image-preview":"max-image-preview:large","max-video-preview":"max-video-preview:-1"},"canonical":"https:\/\/delorenzoglobal.com\/fr\/produit\/systeme-de-visualisation-des-flux-copia\/","og_locale":"fr_FR","og_type":"article","og_title":"D\u00c9MONSTRATEUR SYST\u00c8ME DE LYSIM\u00c8TRE - De Lorenzo Training &amp; Didactical Equipment","og_description":"Simulateur p\u00e9dagogique pour analyser la r\u00e9tention d\u2019eau du sol, l\u2019infiltration et le ruissellement par bilan hydrologique.","og_url":"https:\/\/delorenzoglobal.com\/fr\/produit\/systeme-de-visualisation-des-flux-copia\/","og_site_name":"De Lorenzo Training &amp; Didactical Equipment","article_modified_time":"2026-02-19T08:22:15+00:00","og_image":[{"width":712,"height":822,"url":"https:\/\/delorenzoglobal.com\/wp-content\/uploads\/2026\/02\/DL-PSH10.jpg","type":"image\/jpeg"}],"twitter_card":"summary_large_image","twitter_misc":{"Dur\u00e9e de lecture estim\u00e9e":"1 minute"},"schema":{"@context":"https:\/\/schema.org","@graph":[{"@type":"WebPage","@id":"https:\/\/delorenzoglobal.com\/fr\/produit\/systeme-de-visualisation-des-flux-copia\/","url":"https:\/\/delorenzoglobal.com\/fr\/produit\/systeme-de-visualisation-des-flux-copia\/","name":"D\u00c9MONSTRATEUR SYST\u00c8ME DE LYSIM\u00c8TRE - De Lorenzo Training &amp; Didactical Equipment","isPartOf":{"@id":"https:\/\/delorenzoglobal.com\/fr\/#website"},"primaryImageOfPage":{"@id":"https:\/\/delorenzoglobal.com\/fr\/produit\/systeme-de-visualisation-des-flux-copia\/#primaryimage"},"image":{"@id":"https:\/\/delorenzoglobal.com\/fr\/produit\/systeme-de-visualisation-des-flux-copia\/#primaryimage"},"thumbnailUrl":"https:\/\/delorenzoglobal.com\/wp-content\/uploads\/2026\/02\/DL-PSH10.jpg","datePublished":"2026-02-17T14:13:33+00:00","dateModified":"2026-02-19T08:22:15+00:00","description":"Simulateur p\u00e9dagogique pour analyser la r\u00e9tention d\u2019eau du sol, l\u2019infiltration et le ruissellement par bilan hydrologique.","breadcrumb":{"@id":"https:\/\/delorenzoglobal.com\/fr\/produit\/systeme-de-visualisation-des-flux-copia\/#breadcrumb"},"inLanguage":"fr-FR","potentialAction":[{"@type":"ReadAction","target":["https:\/\/delorenzoglobal.com\/fr\/produit\/systeme-de-visualisation-des-flux-copia\/"]}]},{"@type":"ImageObject","inLanguage":"fr-FR","@id":"https:\/\/delorenzoglobal.com\/fr\/produit\/systeme-de-visualisation-des-flux-copia\/#primaryimage","url":"https:\/\/delorenzoglobal.com\/wp-content\/uploads\/2026\/02\/DL-PSH10.jpg","contentUrl":"https:\/\/delorenzoglobal.com\/wp-content\/uploads\/2026\/02\/DL-PSH10.jpg","width":712,"height":822},{"@type":"BreadcrumbList","@id":"https:\/\/delorenzoglobal.com\/fr\/produit\/systeme-de-visualisation-des-flux-copia\/#breadcrumb","itemListElement":[{"@type":"ListItem","position":1,"name":"Home","item":"https:\/\/delorenzoglobal.com\/fr\/"},{"@type":"ListItem","position":2,"name":"Boutique","item":"https:\/\/delorenzoglobal.com\/fr\/boutique\/"},{"@type":"ListItem","position":3,"name":"D\u00c9MONSTRATEUR SYST\u00c8ME DE LYSIM\u00c8TRE"}]},{"@type":"WebSite","@id":"https:\/\/delorenzoglobal.com\/fr\/#website","url":"https:\/\/delorenzoglobal.com\/fr\/","name":"De Lorenzo Training &amp; Didactical Equipment","description":"","potentialAction":[{"@type":"SearchAction","target":{"@type":"EntryPoint","urlTemplate":"https:\/\/delorenzoglobal.com\/fr\/?s={search_term_string}"},"query-input":{"@type":"PropertyValueSpecification","valueRequired":true,"valueName":"search_term_string"}}],"inLanguage":"fr-FR"}]}},"_links":{"self":[{"href":"https:\/\/delorenzoglobal.com\/fr\/wp-json\/wp\/v2\/product\/68236","targetHints":{"allow":["GET"]}}],"collection":[{"href":"https:\/\/delorenzoglobal.com\/fr\/wp-json\/wp\/v2\/product"}],"about":[{"href":"https:\/\/delorenzoglobal.com\/fr\/wp-json\/wp\/v2\/types\/product"}],"wp:featuredmedia":[{"embeddable":true,"href":"https:\/\/delorenzoglobal.com\/fr\/wp-json\/wp\/v2\/media\/68296"}],"wp:attachment":[{"href":"https:\/\/delorenzoglobal.com\/fr\/wp-json\/wp\/v2\/media?parent=68236"}],"wp:term":[{"taxonomy":"product_brand","embeddable":true,"href":"https:\/\/delorenzoglobal.com\/fr\/wp-json\/wp\/v2\/product_brand?post=68236"},{"taxonomy":"product_cat","embeddable":true,"href":"https:\/\/delorenzoglobal.com\/fr\/wp-json\/wp\/v2\/product_cat?post=68236"},{"taxonomy":"product_tag","embeddable":true,"href":"https:\/\/delorenzoglobal.com\/fr\/wp-json\/wp\/v2\/product_tag?post=68236"}],"curies":[{"name":"wp","href":"https:\/\/api.w.org\/{rel}","templated":true}]}}