{"id":68204,"date":"2026-02-17T14:23:50","date_gmt":"2026-02-17T13:23:50","guid":{"rendered":"https:\/\/delorenzoglobal.com\/?post_type=product&#038;p=68204"},"modified":"2026-02-17T14:50:15","modified_gmt":"2026-02-17T13:50:15","slug":"banc-dessai-pour-moteurs-a-combustion-interne-a-essence-copia","status":"publish","type":"product","link":"https:\/\/delorenzoglobal.com\/fr\/produit\/banc-dessai-pour-moteurs-a-combustion-interne-a-essence-copia\/","title":{"rendered":"SYST\u00c8ME DE VISUALISATION DES FLUX"},"content":{"rendered":"<p>Cet \u00e9quipement nous permet d&rsquo;\u00e9tudier le comportement des fluides \u00e0 travers diff\u00e9rents objets via des lignes de flux, ainsi que de simuler des sources et des puits.<\/p>\n<p>En amont, l&rsquo;encre est achemin\u00e9e par des aiguilles qui g\u00e9n\u00e8rent des lignes de courant. Le d\u00e9bit d&rsquo;encre est contr\u00f4l\u00e9 par une <strong>vanne de r\u00e9gulation.<\/strong><\/p>\n","protected":false},"excerpt":{"rendered":"<p>Cet \u00e9quipement nous permet d&rsquo;\u00e9tudier le comportement des fluides \u00e0 travers diff\u00e9rents objets via des lignes de flux, ainsi que de simuler des sources et des puits. En amont, l&rsquo;encre est achemin\u00e9e par des aiguilles qui g\u00e9n\u00e8rent des lignes de courant. Le d\u00e9bit d&rsquo;encre est contr\u00f4l\u00e9 par une vanne de r\u00e9gulation.<\/p>\n","protected":false},"featured_media":68207,"template":"","meta":{"_acf_changed":false},"product_brand":[],"product_cat":[428],"product_tag":[],"class_list":{"0":"post-68204","1":"product","2":"type-product","3":"status-publish","4":"has-post-thumbnail","6":"product_cat-fondamentaux-de-la-mecanique-des-fluides","8":"first","9":"instock","10":"shipping-taxable","11":"product-type-simple"},"acf":[],"yoast_head":"<!-- This site is optimized with the Yoast SEO plugin v27.4 - https:\/\/yoast.com\/product\/yoast-seo-wordpress\/ -->\n<title>SYST\u00c8ME DE VISUALISATION DES FLUX - De Lorenzo Training &amp; Didactical Equipment<\/title>\n<meta name=\"description\" content=\"\u00c9quipement p\u00e9dagogique pour l\u2019analyse de l\u2019\u00e9coulement des fluides \u00e0 travers diff\u00e9rents mod\u00e8les (profil a\u00e9rodynamique, cercle, rectangle, goutte, etc.).\" \/>\n<meta name=\"robots\" content=\"index, follow, max-snippet:-1, max-image-preview:large, max-video-preview:-1\" \/>\n<link rel=\"canonical\" href=\"https:\/\/delorenzoglobal.com\/fr\/produit\/banc-dessai-pour-moteurs-a-combustion-interne-a-essence-copia\/\" \/>\n<meta property=\"og:locale\" content=\"fr_FR\" \/>\n<meta property=\"og:type\" content=\"article\" \/>\n<meta property=\"og:title\" content=\"SYST\u00c8ME DE VISUALISATION DES FLUX - De Lorenzo Training &amp; Didactical Equipment\" \/>\n<meta property=\"og:description\" content=\"\u00c9quipement p\u00e9dagogique pour l\u2019analyse de l\u2019\u00e9coulement des fluides \u00e0 travers diff\u00e9rents mod\u00e8les (profil a\u00e9rodynamique, cercle, rectangle, goutte, etc.).\" \/>\n<meta property=\"og:url\" content=\"https:\/\/delorenzoglobal.com\/fr\/produit\/banc-dessai-pour-moteurs-a-combustion-interne-a-essence-copia\/\" \/>\n<meta property=\"og:site_name\" content=\"De Lorenzo Training &amp; Didactical Equipment\" \/>\n<meta property=\"article:modified_time\" content=\"2026-02-17T13:50:15+00:00\" \/>\n<meta property=\"og:image\" content=\"https:\/\/delorenzoglobal.com\/wp-content\/uploads\/2026\/02\/DL-PSF16.jpg\" \/>\n\t<meta property=\"og:image:width\" content=\"699\" \/>\n\t<meta property=\"og:image:height\" content=\"592\" \/>\n\t<meta property=\"og:image:type\" content=\"image\/jpeg\" \/>\n<meta name=\"twitter:card\" content=\"summary_large_image\" \/>\n<meta name=\"twitter:label1\" content=\"Dur\u00e9e de lecture estim\u00e9e\" \/>\n\t<meta name=\"twitter:data1\" content=\"1 minute\" \/>\n<script type=\"application\/ld+json\" class=\"yoast-schema-graph\">{\"@context\":\"https:\\\/\\\/schema.org\",\"@graph\":[{\"@type\":\"WebPage\",\"@id\":\"https:\\\/\\\/delorenzoglobal.com\\\/fr\\\/produit\\\/banc-dessai-pour-moteurs-a-combustion-interne-a-essence-copia\\\/\",\"url\":\"https:\\\/\\\/delorenzoglobal.com\\\/fr\\\/produit\\\/banc-dessai-pour-moteurs-a-combustion-interne-a-essence-copia\\\/\",\"name\":\"SYST\u00c8ME DE VISUALISATION DES FLUX - De Lorenzo Training &amp; Didactical Equipment\",\"isPartOf\":{\"@id\":\"https:\\\/\\\/delorenzoglobal.com\\\/fr\\\/#website\"},\"primaryImageOfPage\":{\"@id\":\"https:\\\/\\\/delorenzoglobal.com\\\/fr\\\/produit\\\/banc-dessai-pour-moteurs-a-combustion-interne-a-essence-copia\\\/#primaryimage\"},\"image\":{\"@id\":\"https:\\\/\\\/delorenzoglobal.com\\\/fr\\\/produit\\\/banc-dessai-pour-moteurs-a-combustion-interne-a-essence-copia\\\/#primaryimage\"},\"thumbnailUrl\":\"https:\\\/\\\/delorenzoglobal.com\\\/wp-content\\\/uploads\\\/2026\\\/02\\\/DL-PSF16.jpg\",\"datePublished\":\"2026-02-17T13:23:50+00:00\",\"dateModified\":\"2026-02-17T13:50:15+00:00\",\"description\":\"\u00c9quipement p\u00e9dagogique pour l\u2019analyse de l\u2019\u00e9coulement des fluides \u00e0 travers diff\u00e9rents mod\u00e8les (profil a\u00e9rodynamique, cercle, rectangle, goutte, etc.).\",\"breadcrumb\":{\"@id\":\"https:\\\/\\\/delorenzoglobal.com\\\/fr\\\/produit\\\/banc-dessai-pour-moteurs-a-combustion-interne-a-essence-copia\\\/#breadcrumb\"},\"inLanguage\":\"fr-FR\",\"potentialAction\":[{\"@type\":\"ReadAction\",\"target\":[\"https:\\\/\\\/delorenzoglobal.com\\\/fr\\\/produit\\\/banc-dessai-pour-moteurs-a-combustion-interne-a-essence-copia\\\/\"]}]},{\"@type\":\"ImageObject\",\"inLanguage\":\"fr-FR\",\"@id\":\"https:\\\/\\\/delorenzoglobal.com\\\/fr\\\/produit\\\/banc-dessai-pour-moteurs-a-combustion-interne-a-essence-copia\\\/#primaryimage\",\"url\":\"https:\\\/\\\/delorenzoglobal.com\\\/wp-content\\\/uploads\\\/2026\\\/02\\\/DL-PSF16.jpg\",\"contentUrl\":\"https:\\\/\\\/delorenzoglobal.com\\\/wp-content\\\/uploads\\\/2026\\\/02\\\/DL-PSF16.jpg\",\"width\":699,\"height\":592},{\"@type\":\"BreadcrumbList\",\"@id\":\"https:\\\/\\\/delorenzoglobal.com\\\/fr\\\/produit\\\/banc-dessai-pour-moteurs-a-combustion-interne-a-essence-copia\\\/#breadcrumb\",\"itemListElement\":[{\"@type\":\"ListItem\",\"position\":1,\"name\":\"Home\",\"item\":\"https:\\\/\\\/delorenzoglobal.com\\\/fr\\\/\"},{\"@type\":\"ListItem\",\"position\":2,\"name\":\"Boutique\",\"item\":\"https:\\\/\\\/delorenzoglobal.com\\\/fr\\\/boutique\\\/\"},{\"@type\":\"ListItem\",\"position\":3,\"name\":\"SYST\u00c8ME DE VISUALISATION DES FLUX\"}]},{\"@type\":\"WebSite\",\"@id\":\"https:\\\/\\\/delorenzoglobal.com\\\/fr\\\/#website\",\"url\":\"https:\\\/\\\/delorenzoglobal.com\\\/fr\\\/\",\"name\":\"De Lorenzo Training &amp; Didactical Equipment\",\"description\":\"\",\"potentialAction\":[{\"@type\":\"SearchAction\",\"target\":{\"@type\":\"EntryPoint\",\"urlTemplate\":\"https:\\\/\\\/delorenzoglobal.com\\\/fr\\\/?s={search_term_string}\"},\"query-input\":{\"@type\":\"PropertyValueSpecification\",\"valueRequired\":true,\"valueName\":\"search_term_string\"}}],\"inLanguage\":\"fr-FR\"}]}<\/script>\n<!-- \/ Yoast SEO plugin. -->","yoast_head_json":{"title":"SYST\u00c8ME DE VISUALISATION DES FLUX - De Lorenzo Training &amp; Didactical Equipment","description":"\u00c9quipement p\u00e9dagogique pour l\u2019analyse de l\u2019\u00e9coulement des fluides \u00e0 travers diff\u00e9rents mod\u00e8les (profil a\u00e9rodynamique, cercle, rectangle, goutte, etc.).","robots":{"index":"index","follow":"follow","max-snippet":"max-snippet:-1","max-image-preview":"max-image-preview:large","max-video-preview":"max-video-preview:-1"},"canonical":"https:\/\/delorenzoglobal.com\/fr\/produit\/banc-dessai-pour-moteurs-a-combustion-interne-a-essence-copia\/","og_locale":"fr_FR","og_type":"article","og_title":"SYST\u00c8ME DE VISUALISATION DES FLUX - De Lorenzo Training &amp; Didactical Equipment","og_description":"\u00c9quipement p\u00e9dagogique pour l\u2019analyse de l\u2019\u00e9coulement des fluides \u00e0 travers diff\u00e9rents mod\u00e8les (profil a\u00e9rodynamique, cercle, rectangle, goutte, etc.).","og_url":"https:\/\/delorenzoglobal.com\/fr\/produit\/banc-dessai-pour-moteurs-a-combustion-interne-a-essence-copia\/","og_site_name":"De Lorenzo Training &amp; Didactical Equipment","article_modified_time":"2026-02-17T13:50:15+00:00","og_image":[{"width":699,"height":592,"url":"https:\/\/delorenzoglobal.com\/wp-content\/uploads\/2026\/02\/DL-PSF16.jpg","type":"image\/jpeg"}],"twitter_card":"summary_large_image","twitter_misc":{"Dur\u00e9e de lecture estim\u00e9e":"1 minute"},"schema":{"@context":"https:\/\/schema.org","@graph":[{"@type":"WebPage","@id":"https:\/\/delorenzoglobal.com\/fr\/produit\/banc-dessai-pour-moteurs-a-combustion-interne-a-essence-copia\/","url":"https:\/\/delorenzoglobal.com\/fr\/produit\/banc-dessai-pour-moteurs-a-combustion-interne-a-essence-copia\/","name":"SYST\u00c8ME DE VISUALISATION DES FLUX - De Lorenzo Training &amp; Didactical Equipment","isPartOf":{"@id":"https:\/\/delorenzoglobal.com\/fr\/#website"},"primaryImageOfPage":{"@id":"https:\/\/delorenzoglobal.com\/fr\/produit\/banc-dessai-pour-moteurs-a-combustion-interne-a-essence-copia\/#primaryimage"},"image":{"@id":"https:\/\/delorenzoglobal.com\/fr\/produit\/banc-dessai-pour-moteurs-a-combustion-interne-a-essence-copia\/#primaryimage"},"thumbnailUrl":"https:\/\/delorenzoglobal.com\/wp-content\/uploads\/2026\/02\/DL-PSF16.jpg","datePublished":"2026-02-17T13:23:50+00:00","dateModified":"2026-02-17T13:50:15+00:00","description":"\u00c9quipement p\u00e9dagogique pour l\u2019analyse de l\u2019\u00e9coulement des fluides \u00e0 travers diff\u00e9rents mod\u00e8les (profil a\u00e9rodynamique, cercle, rectangle, goutte, etc.).","breadcrumb":{"@id":"https:\/\/delorenzoglobal.com\/fr\/produit\/banc-dessai-pour-moteurs-a-combustion-interne-a-essence-copia\/#breadcrumb"},"inLanguage":"fr-FR","potentialAction":[{"@type":"ReadAction","target":["https:\/\/delorenzoglobal.com\/fr\/produit\/banc-dessai-pour-moteurs-a-combustion-interne-a-essence-copia\/"]}]},{"@type":"ImageObject","inLanguage":"fr-FR","@id":"https:\/\/delorenzoglobal.com\/fr\/produit\/banc-dessai-pour-moteurs-a-combustion-interne-a-essence-copia\/#primaryimage","url":"https:\/\/delorenzoglobal.com\/wp-content\/uploads\/2026\/02\/DL-PSF16.jpg","contentUrl":"https:\/\/delorenzoglobal.com\/wp-content\/uploads\/2026\/02\/DL-PSF16.jpg","width":699,"height":592},{"@type":"BreadcrumbList","@id":"https:\/\/delorenzoglobal.com\/fr\/produit\/banc-dessai-pour-moteurs-a-combustion-interne-a-essence-copia\/#breadcrumb","itemListElement":[{"@type":"ListItem","position":1,"name":"Home","item":"https:\/\/delorenzoglobal.com\/fr\/"},{"@type":"ListItem","position":2,"name":"Boutique","item":"https:\/\/delorenzoglobal.com\/fr\/boutique\/"},{"@type":"ListItem","position":3,"name":"SYST\u00c8ME DE VISUALISATION DES FLUX"}]},{"@type":"WebSite","@id":"https:\/\/delorenzoglobal.com\/fr\/#website","url":"https:\/\/delorenzoglobal.com\/fr\/","name":"De Lorenzo Training &amp; Didactical Equipment","description":"","potentialAction":[{"@type":"SearchAction","target":{"@type":"EntryPoint","urlTemplate":"https:\/\/delorenzoglobal.com\/fr\/?s={search_term_string}"},"query-input":{"@type":"PropertyValueSpecification","valueRequired":true,"valueName":"search_term_string"}}],"inLanguage":"fr-FR"}]}},"_links":{"self":[{"href":"https:\/\/delorenzoglobal.com\/fr\/wp-json\/wp\/v2\/product\/68204","targetHints":{"allow":["GET"]}}],"collection":[{"href":"https:\/\/delorenzoglobal.com\/fr\/wp-json\/wp\/v2\/product"}],"about":[{"href":"https:\/\/delorenzoglobal.com\/fr\/wp-json\/wp\/v2\/types\/product"}],"wp:featuredmedia":[{"embeddable":true,"href":"https:\/\/delorenzoglobal.com\/fr\/wp-json\/wp\/v2\/media\/68207"}],"wp:attachment":[{"href":"https:\/\/delorenzoglobal.com\/fr\/wp-json\/wp\/v2\/media?parent=68204"}],"wp:term":[{"taxonomy":"product_brand","embeddable":true,"href":"https:\/\/delorenzoglobal.com\/fr\/wp-json\/wp\/v2\/product_brand?post=68204"},{"taxonomy":"product_cat","embeddable":true,"href":"https:\/\/delorenzoglobal.com\/fr\/wp-json\/wp\/v2\/product_cat?post=68204"},{"taxonomy":"product_tag","embeddable":true,"href":"https:\/\/delorenzoglobal.com\/fr\/wp-json\/wp\/v2\/product_tag?post=68204"}],"curies":[{"name":"wp","href":"https:\/\/api.w.org\/{rel}","templated":true}]}}