{"id":67870,"date":"2026-01-20T10:47:00","date_gmt":"2026-01-20T09:47:00","guid":{"rendered":"https:\/\/delorenzoglobal.com\/?post_type=product&#038;p=67870"},"modified":"2026-01-20T11:00:14","modified_gmt":"2026-01-20T10:00:14","slug":"systeme-pour-letude-du-protocole-de-communication-can-bus","status":"publish","type":"product","link":"https:\/\/delorenzoglobal.com\/fr\/produit\/systeme-pour-letude-du-protocole-de-communication-can-bus\/","title":{"rendered":"SYSTEME POUR L&rsquo;ETUDE DU PROTOCOLE DE COMMUNICATION CAN BUS"},"content":{"rendered":"<p>Con\u00e7u sp\u00e9cialement \u00e0 des fins p\u00e9dagogiques, ce syst\u00e8me DL UH-CAN BUS permet aux \u00e9tudiants d&rsquo;acc\u00e9der \u00e0 l&rsquo;un des protocoles de communication de donn\u00e9es les plus fiables du secteur, transformant ainsi la th\u00e9orie en comp\u00e9tences pratiques.<\/p>\n<p>Il leur permet d&rsquo;acqu\u00e9rir une exp\u00e9rience pratique avec l&rsquo;un des protocoles de communication de donn\u00e9es les plus utilis\u00e9s dans l&rsquo;industrie automobile, favorisant ainsi l&rsquo;apprentissage par l&rsquo;exp\u00e9rience.<\/p>\n","protected":false},"excerpt":{"rendered":"<p>Con\u00e7u sp\u00e9cialement \u00e0 des fins p\u00e9dagogiques, ce syst\u00e8me DL UH-CAN BUS permet aux \u00e9tudiants d&rsquo;acc\u00e9der \u00e0 l&rsquo;un des protocoles de communication de donn\u00e9es les plus fiables du secteur, transformant ainsi la th\u00e9orie en comp\u00e9tences pratiques. Il leur permet d&rsquo;acqu\u00e9rir une exp\u00e9rience pratique avec l&rsquo;un des protocoles de communication de donn\u00e9es les plus utilis\u00e9s dans l&rsquo;industrie [&hellip;]<\/p>\n","protected":false},"featured_media":67857,"template":"","meta":{"_acf_changed":false},"product_brand":[],"product_cat":[3155],"product_tag":[],"class_list":{"0":"post-67870","1":"product","2":"type-product","3":"status-publish","4":"has-post-thumbnail","6":"product_cat-systemes-de-base-pour-lautotronique","8":"first","9":"instock","10":"shipping-taxable","11":"product-type-simple"},"acf":[],"yoast_head":"<!-- This site is optimized with the Yoast SEO plugin v27.0 - https:\/\/yoast.com\/product\/yoast-seo-wordpress\/ -->\n<title>SYSTEME POUR L&#039;ETUDE DU PROTOCOLE DE COMMUNICATION CAN BUS - De Lorenzo Training &amp; Didactical Equipment<\/title>\n<meta name=\"description\" content=\"Le formateur DL UH-CAN BUS est un simulateur p\u00e9dagogique automobile permettant aux \u00e9tudiants d\u2019acqu\u00e9rir une exp\u00e9rience pratique du protocole CAN BUS largement utilis\u00e9 dans l\u2019industrie.\" \/>\n<meta name=\"robots\" content=\"index, follow, max-snippet:-1, max-image-preview:large, max-video-preview:-1\" \/>\n<link rel=\"canonical\" href=\"https:\/\/delorenzoglobal.com\/fr\/produit\/systeme-pour-letude-du-protocole-de-communication-can-bus\/\" \/>\n<meta property=\"og:locale\" content=\"fr_FR\" \/>\n<meta property=\"og:type\" content=\"article\" \/>\n<meta property=\"og:title\" content=\"SYSTEME POUR L&#039;ETUDE DU PROTOCOLE DE COMMUNICATION CAN BUS - De Lorenzo Training &amp; Didactical Equipment\" \/>\n<meta property=\"og:description\" content=\"Le formateur DL UH-CAN BUS est un simulateur p\u00e9dagogique automobile permettant aux \u00e9tudiants d\u2019acqu\u00e9rir une exp\u00e9rience pratique du protocole CAN BUS largement utilis\u00e9 dans l\u2019industrie.\" \/>\n<meta property=\"og:url\" content=\"https:\/\/delorenzoglobal.com\/fr\/produit\/systeme-pour-letude-du-protocole-de-communication-can-bus\/\" \/>\n<meta property=\"og:site_name\" content=\"De Lorenzo Training &amp; Didactical Equipment\" \/>\n<meta property=\"article:modified_time\" content=\"2026-01-20T10:00:14+00:00\" \/>\n<meta property=\"og:image\" content=\"https:\/\/delorenzoglobal.com\/wp-content\/uploads\/2026\/01\/DL-UH-CAN.jpg\" \/>\n\t<meta property=\"og:image:width\" content=\"1177\" \/>\n\t<meta property=\"og:image:height\" content=\"824\" \/>\n\t<meta property=\"og:image:type\" content=\"image\/jpeg\" \/>\n<meta name=\"twitter:card\" content=\"summary_large_image\" \/>\n<meta name=\"twitter:label1\" content=\"Dur\u00e9e de lecture estim\u00e9e\" \/>\n\t<meta name=\"twitter:data1\" content=\"1 minute\" \/>\n<script type=\"application\/ld+json\" class=\"yoast-schema-graph\">{\"@context\":\"https:\/\/schema.org\",\"@graph\":[{\"@type\":\"WebPage\",\"@id\":\"https:\/\/delorenzoglobal.com\/fr\/produit\/systeme-pour-letude-du-protocole-de-communication-can-bus\/\",\"url\":\"https:\/\/delorenzoglobal.com\/fr\/produit\/systeme-pour-letude-du-protocole-de-communication-can-bus\/\",\"name\":\"SYSTEME POUR L'ETUDE DU PROTOCOLE DE COMMUNICATION CAN BUS - De Lorenzo Training &amp; Didactical Equipment\",\"isPartOf\":{\"@id\":\"https:\/\/delorenzoglobal.com\/fr\/#website\"},\"primaryImageOfPage\":{\"@id\":\"https:\/\/delorenzoglobal.com\/fr\/produit\/systeme-pour-letude-du-protocole-de-communication-can-bus\/#primaryimage\"},\"image\":{\"@id\":\"https:\/\/delorenzoglobal.com\/fr\/produit\/systeme-pour-letude-du-protocole-de-communication-can-bus\/#primaryimage\"},\"thumbnailUrl\":\"https:\/\/delorenzoglobal.com\/wp-content\/uploads\/2026\/01\/DL-UH-CAN.jpg\",\"datePublished\":\"2026-01-20T09:47:00+00:00\",\"dateModified\":\"2026-01-20T10:00:14+00:00\",\"description\":\"Le formateur DL UH-CAN BUS est un simulateur p\u00e9dagogique automobile permettant aux \u00e9tudiants d\u2019acqu\u00e9rir une exp\u00e9rience pratique du protocole CAN BUS largement utilis\u00e9 dans l\u2019industrie.\",\"breadcrumb\":{\"@id\":\"https:\/\/delorenzoglobal.com\/fr\/produit\/systeme-pour-letude-du-protocole-de-communication-can-bus\/#breadcrumb\"},\"inLanguage\":\"fr-FR\",\"potentialAction\":[{\"@type\":\"ReadAction\",\"target\":[\"https:\/\/delorenzoglobal.com\/fr\/produit\/systeme-pour-letude-du-protocole-de-communication-can-bus\/\"]}]},{\"@type\":\"ImageObject\",\"inLanguage\":\"fr-FR\",\"@id\":\"https:\/\/delorenzoglobal.com\/fr\/produit\/systeme-pour-letude-du-protocole-de-communication-can-bus\/#primaryimage\",\"url\":\"https:\/\/delorenzoglobal.com\/wp-content\/uploads\/2026\/01\/DL-UH-CAN.jpg\",\"contentUrl\":\"https:\/\/delorenzoglobal.com\/wp-content\/uploads\/2026\/01\/DL-UH-CAN.jpg\",\"width\":1177,\"height\":824},{\"@type\":\"BreadcrumbList\",\"@id\":\"https:\/\/delorenzoglobal.com\/fr\/produit\/systeme-pour-letude-du-protocole-de-communication-can-bus\/#breadcrumb\",\"itemListElement\":[{\"@type\":\"ListItem\",\"position\":1,\"name\":\"Home\",\"item\":\"https:\/\/delorenzoglobal.com\/fr\/\"},{\"@type\":\"ListItem\",\"position\":2,\"name\":\"Boutique\",\"item\":\"https:\/\/delorenzoglobal.com\/fr\/boutique\/\"},{\"@type\":\"ListItem\",\"position\":3,\"name\":\"SYSTEME POUR L&#8217;ETUDE DU PROTOCOLE DE COMMUNICATION CAN BUS\"}]},{\"@type\":\"WebSite\",\"@id\":\"https:\/\/delorenzoglobal.com\/fr\/#website\",\"url\":\"https:\/\/delorenzoglobal.com\/fr\/\",\"name\":\"De Lorenzo Training &amp; Didactical Equipment\",\"description\":\"\",\"potentialAction\":[{\"@type\":\"SearchAction\",\"target\":{\"@type\":\"EntryPoint\",\"urlTemplate\":\"https:\/\/delorenzoglobal.com\/fr\/?s={search_term_string}\"},\"query-input\":{\"@type\":\"PropertyValueSpecification\",\"valueRequired\":true,\"valueName\":\"search_term_string\"}}],\"inLanguage\":\"fr-FR\"}]}<\/script>\n<!-- \/ Yoast SEO plugin. -->","yoast_head_json":{"title":"SYSTEME POUR L'ETUDE DU PROTOCOLE DE COMMUNICATION CAN BUS - De Lorenzo Training &amp; Didactical Equipment","description":"Le formateur DL UH-CAN BUS est un simulateur p\u00e9dagogique automobile permettant aux \u00e9tudiants d\u2019acqu\u00e9rir une exp\u00e9rience pratique du protocole CAN BUS largement utilis\u00e9 dans l\u2019industrie.","robots":{"index":"index","follow":"follow","max-snippet":"max-snippet:-1","max-image-preview":"max-image-preview:large","max-video-preview":"max-video-preview:-1"},"canonical":"https:\/\/delorenzoglobal.com\/fr\/produit\/systeme-pour-letude-du-protocole-de-communication-can-bus\/","og_locale":"fr_FR","og_type":"article","og_title":"SYSTEME POUR L'ETUDE DU PROTOCOLE DE COMMUNICATION CAN BUS - De Lorenzo Training &amp; Didactical Equipment","og_description":"Le formateur DL UH-CAN BUS est un simulateur p\u00e9dagogique automobile permettant aux \u00e9tudiants d\u2019acqu\u00e9rir une exp\u00e9rience pratique du protocole CAN BUS largement utilis\u00e9 dans l\u2019industrie.","og_url":"https:\/\/delorenzoglobal.com\/fr\/produit\/systeme-pour-letude-du-protocole-de-communication-can-bus\/","og_site_name":"De Lorenzo Training &amp; Didactical Equipment","article_modified_time":"2026-01-20T10:00:14+00:00","og_image":[{"width":1177,"height":824,"url":"https:\/\/delorenzoglobal.com\/wp-content\/uploads\/2026\/01\/DL-UH-CAN.jpg","type":"image\/jpeg"}],"twitter_card":"summary_large_image","twitter_misc":{"Dur\u00e9e de lecture estim\u00e9e":"1 minute"},"schema":{"@context":"https:\/\/schema.org","@graph":[{"@type":"WebPage","@id":"https:\/\/delorenzoglobal.com\/fr\/produit\/systeme-pour-letude-du-protocole-de-communication-can-bus\/","url":"https:\/\/delorenzoglobal.com\/fr\/produit\/systeme-pour-letude-du-protocole-de-communication-can-bus\/","name":"SYSTEME POUR L'ETUDE DU PROTOCOLE DE COMMUNICATION CAN BUS - De Lorenzo Training &amp; Didactical Equipment","isPartOf":{"@id":"https:\/\/delorenzoglobal.com\/fr\/#website"},"primaryImageOfPage":{"@id":"https:\/\/delorenzoglobal.com\/fr\/produit\/systeme-pour-letude-du-protocole-de-communication-can-bus\/#primaryimage"},"image":{"@id":"https:\/\/delorenzoglobal.com\/fr\/produit\/systeme-pour-letude-du-protocole-de-communication-can-bus\/#primaryimage"},"thumbnailUrl":"https:\/\/delorenzoglobal.com\/wp-content\/uploads\/2026\/01\/DL-UH-CAN.jpg","datePublished":"2026-01-20T09:47:00+00:00","dateModified":"2026-01-20T10:00:14+00:00","description":"Le formateur DL UH-CAN BUS est un simulateur p\u00e9dagogique automobile permettant aux \u00e9tudiants d\u2019acqu\u00e9rir une exp\u00e9rience pratique du protocole CAN BUS largement utilis\u00e9 dans l\u2019industrie.","breadcrumb":{"@id":"https:\/\/delorenzoglobal.com\/fr\/produit\/systeme-pour-letude-du-protocole-de-communication-can-bus\/#breadcrumb"},"inLanguage":"fr-FR","potentialAction":[{"@type":"ReadAction","target":["https:\/\/delorenzoglobal.com\/fr\/produit\/systeme-pour-letude-du-protocole-de-communication-can-bus\/"]}]},{"@type":"ImageObject","inLanguage":"fr-FR","@id":"https:\/\/delorenzoglobal.com\/fr\/produit\/systeme-pour-letude-du-protocole-de-communication-can-bus\/#primaryimage","url":"https:\/\/delorenzoglobal.com\/wp-content\/uploads\/2026\/01\/DL-UH-CAN.jpg","contentUrl":"https:\/\/delorenzoglobal.com\/wp-content\/uploads\/2026\/01\/DL-UH-CAN.jpg","width":1177,"height":824},{"@type":"BreadcrumbList","@id":"https:\/\/delorenzoglobal.com\/fr\/produit\/systeme-pour-letude-du-protocole-de-communication-can-bus\/#breadcrumb","itemListElement":[{"@type":"ListItem","position":1,"name":"Home","item":"https:\/\/delorenzoglobal.com\/fr\/"},{"@type":"ListItem","position":2,"name":"Boutique","item":"https:\/\/delorenzoglobal.com\/fr\/boutique\/"},{"@type":"ListItem","position":3,"name":"SYSTEME POUR L&#8217;ETUDE DU PROTOCOLE DE COMMUNICATION CAN BUS"}]},{"@type":"WebSite","@id":"https:\/\/delorenzoglobal.com\/fr\/#website","url":"https:\/\/delorenzoglobal.com\/fr\/","name":"De Lorenzo Training &amp; Didactical Equipment","description":"","potentialAction":[{"@type":"SearchAction","target":{"@type":"EntryPoint","urlTemplate":"https:\/\/delorenzoglobal.com\/fr\/?s={search_term_string}"},"query-input":{"@type":"PropertyValueSpecification","valueRequired":true,"valueName":"search_term_string"}}],"inLanguage":"fr-FR"}]}},"_links":{"self":[{"href":"https:\/\/delorenzoglobal.com\/fr\/wp-json\/wp\/v2\/product\/67870","targetHints":{"allow":["GET"]}}],"collection":[{"href":"https:\/\/delorenzoglobal.com\/fr\/wp-json\/wp\/v2\/product"}],"about":[{"href":"https:\/\/delorenzoglobal.com\/fr\/wp-json\/wp\/v2\/types\/product"}],"wp:featuredmedia":[{"embeddable":true,"href":"https:\/\/delorenzoglobal.com\/fr\/wp-json\/wp\/v2\/media\/67857"}],"wp:attachment":[{"href":"https:\/\/delorenzoglobal.com\/fr\/wp-json\/wp\/v2\/media?parent=67870"}],"wp:term":[{"taxonomy":"product_brand","embeddable":true,"href":"https:\/\/delorenzoglobal.com\/fr\/wp-json\/wp\/v2\/product_brand?post=67870"},{"taxonomy":"product_cat","embeddable":true,"href":"https:\/\/delorenzoglobal.com\/fr\/wp-json\/wp\/v2\/product_cat?post=67870"},{"taxonomy":"product_tag","embeddable":true,"href":"https:\/\/delorenzoglobal.com\/fr\/wp-json\/wp\/v2\/product_tag?post=67870"}],"curies":[{"name":"wp","href":"https:\/\/api.w.org\/{rel}","templated":true}]}}