{"id":67843,"date":"2026-01-20T10:04:48","date_gmt":"2026-01-20T09:04:48","guid":{"rendered":"https:\/\/delorenzoglobal.com\/?post_type=product&#038;p=67843"},"modified":"2026-01-20T10:14:11","modified_gmt":"2026-01-20T09:14:11","slug":"formateur-pour-letude-du-protocole-de-charge-des-vehicules-electriques","status":"publish","type":"product","link":"https:\/\/delorenzoglobal.com\/fr\/produit\/formateur-pour-letude-du-protocole-de-charge-des-vehicules-electriques\/","title":{"rendered":"FORMATEUR POUR L&rsquo;ETUDE DU PROTOCOLE DE CHARGE DES VEHICULES ELECTRIQUES"},"content":{"rendered":"<p>Con\u00e7u sp\u00e9cialement \u00e0 des fins p\u00e9dagogiques, le simulateur DL UH-CPS est un simulateur interactif de protocole de charge haute tension (HV) qui offre une repr\u00e9sentation r\u00e9aliste du fonctionnement des syst\u00e8mes de charge embarqu\u00e9s dans les v\u00e9hicules hybrides rechargeables (PHEV) et les v\u00e9hicules enti\u00e8rement \u00e9lectriques (EV).<\/p>\n<p>Il permet aux utilisateurs d&rsquo;explorer les processus de charge, les protocoles de communication et le comportement du syst\u00e8me dans divers sc\u00e9narios, ce qui en fait un outil id\u00e9al pour l&rsquo;enseignement et la formation.<\/p>\n","protected":false},"excerpt":{"rendered":"<p>Con\u00e7u sp\u00e9cialement \u00e0 des fins p\u00e9dagogiques, le simulateur DL UH-CPS est un simulateur interactif de protocole de charge haute tension (HV) qui offre une repr\u00e9sentation r\u00e9aliste du fonctionnement des syst\u00e8mes de charge embarqu\u00e9s dans les v\u00e9hicules hybrides rechargeables (PHEV) et les v\u00e9hicules enti\u00e8rement \u00e9lectriques (EV). Il permet aux utilisateurs d&rsquo;explorer les processus de charge, les [&hellip;]<\/p>\n","protected":false},"featured_media":67831,"template":"","meta":{"_acf_changed":false},"product_brand":[],"product_cat":[3155],"product_tag":[],"class_list":{"0":"post-67843","1":"product","2":"type-product","3":"status-publish","4":"has-post-thumbnail","6":"product_cat-systemes-de-base-pour-lautotronique","8":"first","9":"instock","10":"shipping-taxable","11":"product-type-simple"},"acf":[],"yoast_head":"<!-- This site is optimized with the Yoast SEO plugin v27.0 - https:\/\/yoast.com\/product\/yoast-seo-wordpress\/ -->\n<title>FORMATEUR POUR L&#039;ETUDE DU PROTOCOLE DE CHARGE DES VEHICULES ELECTRIQUES - De Lorenzo Training &amp; Didactical Equipment<\/title>\n<meta name=\"description\" content=\"Le formateur DL UH-CPS est un simulateur interactif de recharge haute tension pour v\u00e9hicules \u00e9lectriques et hybrides rechargeables, id\u00e9al pour la formation et l\u2019enseignement technique.\" \/>\n<meta name=\"robots\" content=\"index, follow, max-snippet:-1, max-image-preview:large, max-video-preview:-1\" \/>\n<link rel=\"canonical\" href=\"https:\/\/delorenzoglobal.com\/fr\/produit\/formateur-pour-letude-du-protocole-de-charge-des-vehicules-electriques\/\" \/>\n<meta property=\"og:locale\" content=\"fr_FR\" \/>\n<meta property=\"og:type\" content=\"article\" \/>\n<meta property=\"og:title\" content=\"FORMATEUR POUR L&#039;ETUDE DU PROTOCOLE DE CHARGE DES VEHICULES ELECTRIQUES - De Lorenzo Training &amp; Didactical Equipment\" \/>\n<meta property=\"og:description\" content=\"Le formateur DL UH-CPS est un simulateur interactif de recharge haute tension pour v\u00e9hicules \u00e9lectriques et hybrides rechargeables, id\u00e9al pour la formation et l\u2019enseignement technique.\" \/>\n<meta property=\"og:url\" content=\"https:\/\/delorenzoglobal.com\/fr\/produit\/formateur-pour-letude-du-protocole-de-charge-des-vehicules-electriques\/\" \/>\n<meta property=\"og:site_name\" content=\"De Lorenzo Training &amp; Didactical Equipment\" \/>\n<meta property=\"article:modified_time\" content=\"2026-01-20T09:14:11+00:00\" \/>\n<meta property=\"og:image\" content=\"https:\/\/delorenzoglobal.com\/wp-content\/uploads\/2026\/01\/DL-UH-CPS.jpg\" \/>\n\t<meta property=\"og:image:width\" content=\"1142\" \/>\n\t<meta property=\"og:image:height\" content=\"812\" \/>\n\t<meta property=\"og:image:type\" content=\"image\/jpeg\" \/>\n<meta name=\"twitter:card\" content=\"summary_large_image\" \/>\n<meta name=\"twitter:label1\" content=\"Dur\u00e9e de lecture estim\u00e9e\" \/>\n\t<meta name=\"twitter:data1\" content=\"1 minute\" \/>\n<script type=\"application\/ld+json\" class=\"yoast-schema-graph\">{\"@context\":\"https:\/\/schema.org\",\"@graph\":[{\"@type\":\"WebPage\",\"@id\":\"https:\/\/delorenzoglobal.com\/fr\/produit\/formateur-pour-letude-du-protocole-de-charge-des-vehicules-electriques\/\",\"url\":\"https:\/\/delorenzoglobal.com\/fr\/produit\/formateur-pour-letude-du-protocole-de-charge-des-vehicules-electriques\/\",\"name\":\"FORMATEUR POUR L'ETUDE DU PROTOCOLE DE CHARGE DES VEHICULES ELECTRIQUES - De Lorenzo Training &amp; Didactical Equipment\",\"isPartOf\":{\"@id\":\"https:\/\/delorenzoglobal.com\/fr\/#website\"},\"primaryImageOfPage\":{\"@id\":\"https:\/\/delorenzoglobal.com\/fr\/produit\/formateur-pour-letude-du-protocole-de-charge-des-vehicules-electriques\/#primaryimage\"},\"image\":{\"@id\":\"https:\/\/delorenzoglobal.com\/fr\/produit\/formateur-pour-letude-du-protocole-de-charge-des-vehicules-electriques\/#primaryimage\"},\"thumbnailUrl\":\"https:\/\/delorenzoglobal.com\/wp-content\/uploads\/2026\/01\/DL-UH-CPS.jpg\",\"datePublished\":\"2026-01-20T09:04:48+00:00\",\"dateModified\":\"2026-01-20T09:14:11+00:00\",\"description\":\"Le formateur DL UH-CPS est un simulateur interactif de recharge haute tension pour v\u00e9hicules \u00e9lectriques et hybrides rechargeables, id\u00e9al pour la formation et l\u2019enseignement technique.\",\"breadcrumb\":{\"@id\":\"https:\/\/delorenzoglobal.com\/fr\/produit\/formateur-pour-letude-du-protocole-de-charge-des-vehicules-electriques\/#breadcrumb\"},\"inLanguage\":\"fr-FR\",\"potentialAction\":[{\"@type\":\"ReadAction\",\"target\":[\"https:\/\/delorenzoglobal.com\/fr\/produit\/formateur-pour-letude-du-protocole-de-charge-des-vehicules-electriques\/\"]}]},{\"@type\":\"ImageObject\",\"inLanguage\":\"fr-FR\",\"@id\":\"https:\/\/delorenzoglobal.com\/fr\/produit\/formateur-pour-letude-du-protocole-de-charge-des-vehicules-electriques\/#primaryimage\",\"url\":\"https:\/\/delorenzoglobal.com\/wp-content\/uploads\/2026\/01\/DL-UH-CPS.jpg\",\"contentUrl\":\"https:\/\/delorenzoglobal.com\/wp-content\/uploads\/2026\/01\/DL-UH-CPS.jpg\",\"width\":1142,\"height\":812},{\"@type\":\"BreadcrumbList\",\"@id\":\"https:\/\/delorenzoglobal.com\/fr\/produit\/formateur-pour-letude-du-protocole-de-charge-des-vehicules-electriques\/#breadcrumb\",\"itemListElement\":[{\"@type\":\"ListItem\",\"position\":1,\"name\":\"Home\",\"item\":\"https:\/\/delorenzoglobal.com\/fr\/\"},{\"@type\":\"ListItem\",\"position\":2,\"name\":\"Boutique\",\"item\":\"https:\/\/delorenzoglobal.com\/fr\/boutique\/\"},{\"@type\":\"ListItem\",\"position\":3,\"name\":\"FORMATEUR POUR L&#8217;ETUDE DU PROTOCOLE DE CHARGE DES VEHICULES ELECTRIQUES\"}]},{\"@type\":\"WebSite\",\"@id\":\"https:\/\/delorenzoglobal.com\/fr\/#website\",\"url\":\"https:\/\/delorenzoglobal.com\/fr\/\",\"name\":\"De Lorenzo Training &amp; Didactical Equipment\",\"description\":\"\",\"potentialAction\":[{\"@type\":\"SearchAction\",\"target\":{\"@type\":\"EntryPoint\",\"urlTemplate\":\"https:\/\/delorenzoglobal.com\/fr\/?s={search_term_string}\"},\"query-input\":{\"@type\":\"PropertyValueSpecification\",\"valueRequired\":true,\"valueName\":\"search_term_string\"}}],\"inLanguage\":\"fr-FR\"}]}<\/script>\n<!-- \/ Yoast SEO plugin. -->","yoast_head_json":{"title":"FORMATEUR POUR L'ETUDE DU PROTOCOLE DE CHARGE DES VEHICULES ELECTRIQUES - De Lorenzo Training &amp; Didactical Equipment","description":"Le formateur DL UH-CPS est un simulateur interactif de recharge haute tension pour v\u00e9hicules \u00e9lectriques et hybrides rechargeables, id\u00e9al pour la formation et l\u2019enseignement technique.","robots":{"index":"index","follow":"follow","max-snippet":"max-snippet:-1","max-image-preview":"max-image-preview:large","max-video-preview":"max-video-preview:-1"},"canonical":"https:\/\/delorenzoglobal.com\/fr\/produit\/formateur-pour-letude-du-protocole-de-charge-des-vehicules-electriques\/","og_locale":"fr_FR","og_type":"article","og_title":"FORMATEUR POUR L'ETUDE DU PROTOCOLE DE CHARGE DES VEHICULES ELECTRIQUES - De Lorenzo Training &amp; Didactical Equipment","og_description":"Le formateur DL UH-CPS est un simulateur interactif de recharge haute tension pour v\u00e9hicules \u00e9lectriques et hybrides rechargeables, id\u00e9al pour la formation et l\u2019enseignement technique.","og_url":"https:\/\/delorenzoglobal.com\/fr\/produit\/formateur-pour-letude-du-protocole-de-charge-des-vehicules-electriques\/","og_site_name":"De Lorenzo Training &amp; Didactical Equipment","article_modified_time":"2026-01-20T09:14:11+00:00","og_image":[{"width":1142,"height":812,"url":"https:\/\/delorenzoglobal.com\/wp-content\/uploads\/2026\/01\/DL-UH-CPS.jpg","type":"image\/jpeg"}],"twitter_card":"summary_large_image","twitter_misc":{"Dur\u00e9e de lecture estim\u00e9e":"1 minute"},"schema":{"@context":"https:\/\/schema.org","@graph":[{"@type":"WebPage","@id":"https:\/\/delorenzoglobal.com\/fr\/produit\/formateur-pour-letude-du-protocole-de-charge-des-vehicules-electriques\/","url":"https:\/\/delorenzoglobal.com\/fr\/produit\/formateur-pour-letude-du-protocole-de-charge-des-vehicules-electriques\/","name":"FORMATEUR POUR L'ETUDE DU PROTOCOLE DE CHARGE DES VEHICULES ELECTRIQUES - De Lorenzo Training &amp; Didactical Equipment","isPartOf":{"@id":"https:\/\/delorenzoglobal.com\/fr\/#website"},"primaryImageOfPage":{"@id":"https:\/\/delorenzoglobal.com\/fr\/produit\/formateur-pour-letude-du-protocole-de-charge-des-vehicules-electriques\/#primaryimage"},"image":{"@id":"https:\/\/delorenzoglobal.com\/fr\/produit\/formateur-pour-letude-du-protocole-de-charge-des-vehicules-electriques\/#primaryimage"},"thumbnailUrl":"https:\/\/delorenzoglobal.com\/wp-content\/uploads\/2026\/01\/DL-UH-CPS.jpg","datePublished":"2026-01-20T09:04:48+00:00","dateModified":"2026-01-20T09:14:11+00:00","description":"Le formateur DL UH-CPS est un simulateur interactif de recharge haute tension pour v\u00e9hicules \u00e9lectriques et hybrides rechargeables, id\u00e9al pour la formation et l\u2019enseignement technique.","breadcrumb":{"@id":"https:\/\/delorenzoglobal.com\/fr\/produit\/formateur-pour-letude-du-protocole-de-charge-des-vehicules-electriques\/#breadcrumb"},"inLanguage":"fr-FR","potentialAction":[{"@type":"ReadAction","target":["https:\/\/delorenzoglobal.com\/fr\/produit\/formateur-pour-letude-du-protocole-de-charge-des-vehicules-electriques\/"]}]},{"@type":"ImageObject","inLanguage":"fr-FR","@id":"https:\/\/delorenzoglobal.com\/fr\/produit\/formateur-pour-letude-du-protocole-de-charge-des-vehicules-electriques\/#primaryimage","url":"https:\/\/delorenzoglobal.com\/wp-content\/uploads\/2026\/01\/DL-UH-CPS.jpg","contentUrl":"https:\/\/delorenzoglobal.com\/wp-content\/uploads\/2026\/01\/DL-UH-CPS.jpg","width":1142,"height":812},{"@type":"BreadcrumbList","@id":"https:\/\/delorenzoglobal.com\/fr\/produit\/formateur-pour-letude-du-protocole-de-charge-des-vehicules-electriques\/#breadcrumb","itemListElement":[{"@type":"ListItem","position":1,"name":"Home","item":"https:\/\/delorenzoglobal.com\/fr\/"},{"@type":"ListItem","position":2,"name":"Boutique","item":"https:\/\/delorenzoglobal.com\/fr\/boutique\/"},{"@type":"ListItem","position":3,"name":"FORMATEUR POUR L&#8217;ETUDE DU PROTOCOLE DE CHARGE DES VEHICULES ELECTRIQUES"}]},{"@type":"WebSite","@id":"https:\/\/delorenzoglobal.com\/fr\/#website","url":"https:\/\/delorenzoglobal.com\/fr\/","name":"De Lorenzo Training &amp; Didactical Equipment","description":"","potentialAction":[{"@type":"SearchAction","target":{"@type":"EntryPoint","urlTemplate":"https:\/\/delorenzoglobal.com\/fr\/?s={search_term_string}"},"query-input":{"@type":"PropertyValueSpecification","valueRequired":true,"valueName":"search_term_string"}}],"inLanguage":"fr-FR"}]}},"_links":{"self":[{"href":"https:\/\/delorenzoglobal.com\/fr\/wp-json\/wp\/v2\/product\/67843","targetHints":{"allow":["GET"]}}],"collection":[{"href":"https:\/\/delorenzoglobal.com\/fr\/wp-json\/wp\/v2\/product"}],"about":[{"href":"https:\/\/delorenzoglobal.com\/fr\/wp-json\/wp\/v2\/types\/product"}],"wp:featuredmedia":[{"embeddable":true,"href":"https:\/\/delorenzoglobal.com\/fr\/wp-json\/wp\/v2\/media\/67831"}],"wp:attachment":[{"href":"https:\/\/delorenzoglobal.com\/fr\/wp-json\/wp\/v2\/media?parent=67843"}],"wp:term":[{"taxonomy":"product_brand","embeddable":true,"href":"https:\/\/delorenzoglobal.com\/fr\/wp-json\/wp\/v2\/product_brand?post=67843"},{"taxonomy":"product_cat","embeddable":true,"href":"https:\/\/delorenzoglobal.com\/fr\/wp-json\/wp\/v2\/product_cat?post=67843"},{"taxonomy":"product_tag","embeddable":true,"href":"https:\/\/delorenzoglobal.com\/fr\/wp-json\/wp\/v2\/product_tag?post=67843"}],"curies":[{"name":"wp","href":"https:\/\/api.w.org\/{rel}","templated":true}]}}