{"id":67786,"date":"2026-01-16T12:46:26","date_gmt":"2026-01-16T11:46:26","guid":{"rendered":"https:\/\/delorenzoglobal.com\/?post_type=product&#038;p=67786"},"modified":"2026-01-16T15:27:56","modified_gmt":"2026-01-16T14:27:56","slug":"entraineur-de-centrale-eolienne-hors-reseau-off-grid","status":"publish","type":"product","link":"https:\/\/delorenzoglobal.com\/fr\/produit\/entraineur-de-centrale-eolienne-hors-reseau-off-grid\/","title":{"rendered":"ENTRA\u00ceNEUR DE CENTRALE \u00c9OLIENNE HORS R\u00c9SEAU (OFF-GRID)"},"content":{"rendered":"<p>Le Wind Power Plant Trainer Off-Grid est un syst\u00e8me d&rsquo;apprentissage pratique qui montre comment l&rsquo;\u00e9nergie \u00e9olienne peut \u00eatre convertie en \u00e9lectricit\u00e9 ind\u00e9pendamment du r\u00e9seau.<\/p>\n<p>Avec sa turbine \u00e0 axe horizontal, son interface de commande et son unit\u00e9 de stockage, il donne aux \u00e9tudiants une vision claire et pratique du comportement r\u00e9el de l&rsquo;\u00e9nergie \u00e9olienne.<\/p>\n<p>Con\u00e7u pour les environnements \u00e9ducatifs, il offre un moyen intuitif de comprendre la production \u00e9olienne autonome et ses performances dans diff\u00e9rentes conditions.<\/p>\n","protected":false},"excerpt":{"rendered":"<p>Le Wind Power Plant Trainer Off-Grid est un syst\u00e8me d&rsquo;apprentissage pratique qui montre comment l&rsquo;\u00e9nergie \u00e9olienne peut \u00eatre convertie en \u00e9lectricit\u00e9 ind\u00e9pendamment du r\u00e9seau. Avec sa turbine \u00e0 axe horizontal, son interface de commande et son unit\u00e9 de stockage, il donne aux \u00e9tudiants une vision claire et pratique du comportement r\u00e9el de l&rsquo;\u00e9nergie \u00e9olienne. Con\u00e7u [&hellip;]<\/p>\n","protected":false},"featured_media":67280,"template":"","meta":{"_acf_changed":false},"product_brand":[],"product_cat":[3151],"product_tag":[],"class_list":{"0":"post-67786","1":"product","2":"type-product","3":"status-publish","4":"has-post-thumbnail","6":"product_cat-formateurs-de-base-en-energies-renouvelables","8":"first","9":"instock","10":"shipping-taxable","11":"product-type-simple"},"acf":[],"yoast_head":"<!-- This site is optimized with the Yoast SEO plugin v27.0 - https:\/\/yoast.com\/product\/yoast-seo-wordpress\/ -->\n<title>ENTRA\u00ceNEUR DE CENTRALE \u00c9OLIENNE HORS R\u00c9SEAU (OFF-GRID) - De Lorenzo Training &amp; Didactical Equipment<\/title>\n<meta name=\"robots\" content=\"index, follow, max-snippet:-1, max-image-preview:large, max-video-preview:-1\" \/>\n<link rel=\"canonical\" href=\"https:\/\/delorenzoglobal.com\/fr\/produit\/entraineur-de-centrale-eolienne-hors-reseau-off-grid\/\" \/>\n<meta property=\"og:locale\" content=\"fr_FR\" \/>\n<meta property=\"og:type\" content=\"article\" \/>\n<meta property=\"og:title\" content=\"ENTRA\u00ceNEUR DE CENTRALE \u00c9OLIENNE HORS R\u00c9SEAU (OFF-GRID) - De Lorenzo Training &amp; Didactical Equipment\" \/>\n<meta property=\"og:description\" content=\"Le Wind Power Plant Trainer Off-Grid est un syst\u00e8me d&rsquo;apprentissage pratique qui montre comment l&rsquo;\u00e9nergie \u00e9olienne peut \u00eatre convertie en \u00e9lectricit\u00e9 ind\u00e9pendamment du r\u00e9seau. Avec sa turbine \u00e0 axe horizontal, son interface de commande et son unit\u00e9 de stockage, il donne aux \u00e9tudiants une vision claire et pratique du comportement r\u00e9el de l&rsquo;\u00e9nergie \u00e9olienne. Con\u00e7u [&hellip;]\" \/>\n<meta property=\"og:url\" content=\"https:\/\/delorenzoglobal.com\/fr\/produit\/entraineur-de-centrale-eolienne-hors-reseau-off-grid\/\" \/>\n<meta property=\"og:site_name\" content=\"De Lorenzo Training &amp; Didactical Equipment\" \/>\n<meta property=\"article:modified_time\" content=\"2026-01-16T14:27:56+00:00\" \/>\n<meta property=\"og:image\" content=\"https:\/\/delorenzoglobal.com\/wp-content\/uploads\/2026\/01\/WIND-POWER-PLANT-TRAINER-OFF-GRID-1.jpeg\" \/>\n\t<meta property=\"og:image:width\" content=\"1106\" \/>\n\t<meta property=\"og:image:height\" content=\"592\" \/>\n\t<meta property=\"og:image:type\" content=\"image\/jpeg\" \/>\n<meta name=\"twitter:card\" content=\"summary_large_image\" \/>\n<meta name=\"twitter:label1\" content=\"Dur\u00e9e de lecture estim\u00e9e\" \/>\n\t<meta name=\"twitter:data1\" content=\"1 minute\" \/>\n<script type=\"application\/ld+json\" class=\"yoast-schema-graph\">{\"@context\":\"https:\/\/schema.org\",\"@graph\":[{\"@type\":\"WebPage\",\"@id\":\"https:\/\/delorenzoglobal.com\/fr\/produit\/entraineur-de-centrale-eolienne-hors-reseau-off-grid\/\",\"url\":\"https:\/\/delorenzoglobal.com\/fr\/produit\/entraineur-de-centrale-eolienne-hors-reseau-off-grid\/\",\"name\":\"ENTRA\u00ceNEUR DE CENTRALE \u00c9OLIENNE HORS R\u00c9SEAU (OFF-GRID) - De Lorenzo Training &amp; Didactical Equipment\",\"isPartOf\":{\"@id\":\"https:\/\/delorenzoglobal.com\/fr\/#website\"},\"primaryImageOfPage\":{\"@id\":\"https:\/\/delorenzoglobal.com\/fr\/produit\/entraineur-de-centrale-eolienne-hors-reseau-off-grid\/#primaryimage\"},\"image\":{\"@id\":\"https:\/\/delorenzoglobal.com\/fr\/produit\/entraineur-de-centrale-eolienne-hors-reseau-off-grid\/#primaryimage\"},\"thumbnailUrl\":\"https:\/\/delorenzoglobal.com\/wp-content\/uploads\/2026\/01\/WIND-POWER-PLANT-TRAINER-OFF-GRID-1.jpeg\",\"datePublished\":\"2026-01-16T11:46:26+00:00\",\"dateModified\":\"2026-01-16T14:27:56+00:00\",\"breadcrumb\":{\"@id\":\"https:\/\/delorenzoglobal.com\/fr\/produit\/entraineur-de-centrale-eolienne-hors-reseau-off-grid\/#breadcrumb\"},\"inLanguage\":\"fr-FR\",\"potentialAction\":[{\"@type\":\"ReadAction\",\"target\":[\"https:\/\/delorenzoglobal.com\/fr\/produit\/entraineur-de-centrale-eolienne-hors-reseau-off-grid\/\"]}]},{\"@type\":\"ImageObject\",\"inLanguage\":\"fr-FR\",\"@id\":\"https:\/\/delorenzoglobal.com\/fr\/produit\/entraineur-de-centrale-eolienne-hors-reseau-off-grid\/#primaryimage\",\"url\":\"https:\/\/delorenzoglobal.com\/wp-content\/uploads\/2026\/01\/WIND-POWER-PLANT-TRAINER-OFF-GRID-1.jpeg\",\"contentUrl\":\"https:\/\/delorenzoglobal.com\/wp-content\/uploads\/2026\/01\/WIND-POWER-PLANT-TRAINER-OFF-GRID-1.jpeg\",\"width\":1106,\"height\":592},{\"@type\":\"BreadcrumbList\",\"@id\":\"https:\/\/delorenzoglobal.com\/fr\/produit\/entraineur-de-centrale-eolienne-hors-reseau-off-grid\/#breadcrumb\",\"itemListElement\":[{\"@type\":\"ListItem\",\"position\":1,\"name\":\"Home\",\"item\":\"https:\/\/delorenzoglobal.com\/fr\/\"},{\"@type\":\"ListItem\",\"position\":2,\"name\":\"Boutique\",\"item\":\"https:\/\/delorenzoglobal.com\/fr\/boutique\/\"},{\"@type\":\"ListItem\",\"position\":3,\"name\":\"ENTRA\u00ceNEUR DE CENTRALE \u00c9OLIENNE HORS R\u00c9SEAU (OFF-GRID)\"}]},{\"@type\":\"WebSite\",\"@id\":\"https:\/\/delorenzoglobal.com\/fr\/#website\",\"url\":\"https:\/\/delorenzoglobal.com\/fr\/\",\"name\":\"De Lorenzo Training &amp; Didactical Equipment\",\"description\":\"\",\"potentialAction\":[{\"@type\":\"SearchAction\",\"target\":{\"@type\":\"EntryPoint\",\"urlTemplate\":\"https:\/\/delorenzoglobal.com\/fr\/?s={search_term_string}\"},\"query-input\":{\"@type\":\"PropertyValueSpecification\",\"valueRequired\":true,\"valueName\":\"search_term_string\"}}],\"inLanguage\":\"fr-FR\"}]}<\/script>\n<!-- \/ Yoast SEO plugin. -->","yoast_head_json":{"title":"ENTRA\u00ceNEUR DE CENTRALE \u00c9OLIENNE HORS R\u00c9SEAU (OFF-GRID) - De Lorenzo Training &amp; Didactical Equipment","robots":{"index":"index","follow":"follow","max-snippet":"max-snippet:-1","max-image-preview":"max-image-preview:large","max-video-preview":"max-video-preview:-1"},"canonical":"https:\/\/delorenzoglobal.com\/fr\/produit\/entraineur-de-centrale-eolienne-hors-reseau-off-grid\/","og_locale":"fr_FR","og_type":"article","og_title":"ENTRA\u00ceNEUR DE CENTRALE \u00c9OLIENNE HORS R\u00c9SEAU (OFF-GRID) - De Lorenzo Training &amp; Didactical Equipment","og_description":"Le Wind Power Plant Trainer Off-Grid est un syst\u00e8me d&rsquo;apprentissage pratique qui montre comment l&rsquo;\u00e9nergie \u00e9olienne peut \u00eatre convertie en \u00e9lectricit\u00e9 ind\u00e9pendamment du r\u00e9seau. Avec sa turbine \u00e0 axe horizontal, son interface de commande et son unit\u00e9 de stockage, il donne aux \u00e9tudiants une vision claire et pratique du comportement r\u00e9el de l&rsquo;\u00e9nergie \u00e9olienne. Con\u00e7u [&hellip;]","og_url":"https:\/\/delorenzoglobal.com\/fr\/produit\/entraineur-de-centrale-eolienne-hors-reseau-off-grid\/","og_site_name":"De Lorenzo Training &amp; Didactical Equipment","article_modified_time":"2026-01-16T14:27:56+00:00","og_image":[{"width":1106,"height":592,"url":"https:\/\/delorenzoglobal.com\/wp-content\/uploads\/2026\/01\/WIND-POWER-PLANT-TRAINER-OFF-GRID-1.jpeg","type":"image\/jpeg"}],"twitter_card":"summary_large_image","twitter_misc":{"Dur\u00e9e de lecture estim\u00e9e":"1 minute"},"schema":{"@context":"https:\/\/schema.org","@graph":[{"@type":"WebPage","@id":"https:\/\/delorenzoglobal.com\/fr\/produit\/entraineur-de-centrale-eolienne-hors-reseau-off-grid\/","url":"https:\/\/delorenzoglobal.com\/fr\/produit\/entraineur-de-centrale-eolienne-hors-reseau-off-grid\/","name":"ENTRA\u00ceNEUR DE CENTRALE \u00c9OLIENNE HORS R\u00c9SEAU (OFF-GRID) - De Lorenzo Training &amp; Didactical Equipment","isPartOf":{"@id":"https:\/\/delorenzoglobal.com\/fr\/#website"},"primaryImageOfPage":{"@id":"https:\/\/delorenzoglobal.com\/fr\/produit\/entraineur-de-centrale-eolienne-hors-reseau-off-grid\/#primaryimage"},"image":{"@id":"https:\/\/delorenzoglobal.com\/fr\/produit\/entraineur-de-centrale-eolienne-hors-reseau-off-grid\/#primaryimage"},"thumbnailUrl":"https:\/\/delorenzoglobal.com\/wp-content\/uploads\/2026\/01\/WIND-POWER-PLANT-TRAINER-OFF-GRID-1.jpeg","datePublished":"2026-01-16T11:46:26+00:00","dateModified":"2026-01-16T14:27:56+00:00","breadcrumb":{"@id":"https:\/\/delorenzoglobal.com\/fr\/produit\/entraineur-de-centrale-eolienne-hors-reseau-off-grid\/#breadcrumb"},"inLanguage":"fr-FR","potentialAction":[{"@type":"ReadAction","target":["https:\/\/delorenzoglobal.com\/fr\/produit\/entraineur-de-centrale-eolienne-hors-reseau-off-grid\/"]}]},{"@type":"ImageObject","inLanguage":"fr-FR","@id":"https:\/\/delorenzoglobal.com\/fr\/produit\/entraineur-de-centrale-eolienne-hors-reseau-off-grid\/#primaryimage","url":"https:\/\/delorenzoglobal.com\/wp-content\/uploads\/2026\/01\/WIND-POWER-PLANT-TRAINER-OFF-GRID-1.jpeg","contentUrl":"https:\/\/delorenzoglobal.com\/wp-content\/uploads\/2026\/01\/WIND-POWER-PLANT-TRAINER-OFF-GRID-1.jpeg","width":1106,"height":592},{"@type":"BreadcrumbList","@id":"https:\/\/delorenzoglobal.com\/fr\/produit\/entraineur-de-centrale-eolienne-hors-reseau-off-grid\/#breadcrumb","itemListElement":[{"@type":"ListItem","position":1,"name":"Home","item":"https:\/\/delorenzoglobal.com\/fr\/"},{"@type":"ListItem","position":2,"name":"Boutique","item":"https:\/\/delorenzoglobal.com\/fr\/boutique\/"},{"@type":"ListItem","position":3,"name":"ENTRA\u00ceNEUR DE CENTRALE \u00c9OLIENNE HORS R\u00c9SEAU (OFF-GRID)"}]},{"@type":"WebSite","@id":"https:\/\/delorenzoglobal.com\/fr\/#website","url":"https:\/\/delorenzoglobal.com\/fr\/","name":"De Lorenzo Training &amp; Didactical Equipment","description":"","potentialAction":[{"@type":"SearchAction","target":{"@type":"EntryPoint","urlTemplate":"https:\/\/delorenzoglobal.com\/fr\/?s={search_term_string}"},"query-input":{"@type":"PropertyValueSpecification","valueRequired":true,"valueName":"search_term_string"}}],"inLanguage":"fr-FR"}]}},"_links":{"self":[{"href":"https:\/\/delorenzoglobal.com\/fr\/wp-json\/wp\/v2\/product\/67786","targetHints":{"allow":["GET"]}}],"collection":[{"href":"https:\/\/delorenzoglobal.com\/fr\/wp-json\/wp\/v2\/product"}],"about":[{"href":"https:\/\/delorenzoglobal.com\/fr\/wp-json\/wp\/v2\/types\/product"}],"wp:featuredmedia":[{"embeddable":true,"href":"https:\/\/delorenzoglobal.com\/fr\/wp-json\/wp\/v2\/media\/67280"}],"wp:attachment":[{"href":"https:\/\/delorenzoglobal.com\/fr\/wp-json\/wp\/v2\/media?parent=67786"}],"wp:term":[{"taxonomy":"product_brand","embeddable":true,"href":"https:\/\/delorenzoglobal.com\/fr\/wp-json\/wp\/v2\/product_brand?post=67786"},{"taxonomy":"product_cat","embeddable":true,"href":"https:\/\/delorenzoglobal.com\/fr\/wp-json\/wp\/v2\/product_cat?post=67786"},{"taxonomy":"product_tag","embeddable":true,"href":"https:\/\/delorenzoglobal.com\/fr\/wp-json\/wp\/v2\/product_tag?post=67786"}],"curies":[{"name":"wp","href":"https:\/\/api.w.org\/{rel}","templated":true}]}}