{"id":67747,"date":"2026-01-09T12:51:47","date_gmt":"2026-01-09T11:51:47","guid":{"rendered":"https:\/\/delorenzoglobal.com\/?post_type=product&#038;p=67747"},"modified":"2026-01-16T14:28:52","modified_gmt":"2026-01-16T13:28:52","slug":"entraineur-de-centrale-photovoltaique-eolienne-hors-reseau-off-grid","status":"publish","type":"product","link":"https:\/\/delorenzoglobal.com\/fr\/produit\/entraineur-de-centrale-photovoltaique-eolienne-hors-reseau-off-grid\/","title":{"rendered":"ENTRA\u00ceNEUR DE CENTRALE PHOTOVOLTA\u00cfQUE-\u00c9OLIENNE  HORS R\u00c9SEAU (OFF-GRID)"},"content":{"rendered":"<p>Le simulateur de centrale photovolta\u00efque et \u00e9olienne hors r\u00e9seau offre un moyen pratique d&rsquo;explorer la mani\u00e8re dont les \u00e9nergies solaire et \u00e9olienne peuvent fonctionner ensemble pour produire de l&rsquo;\u00e9lectricit\u00e9 ind\u00e9pendamment du r\u00e9seau.<\/p>\n<p>Avec son panneau int\u00e9gr\u00e9, son \u00e9olienne et son interface de contr\u00f4le, il offre aux \u00e9tudiants un aper\u00e7u clair et pratique du comportement des syst\u00e8mes renouvelables dans des conditions r\u00e9elles.<\/p>\n<p>Con\u00e7u pour les environnements \u00e9ducatifs, il offre une introduction intuitive \u00e0 la production d&rsquo;\u00e9nergie hors r\u00e9seau \u00e0 l&rsquo;aide de deux sources durables compl\u00e9mentaires.<\/p>\n","protected":false},"excerpt":{"rendered":"<p>Le simulateur de centrale photovolta\u00efque et \u00e9olienne hors r\u00e9seau offre un moyen pratique d&rsquo;explorer la mani\u00e8re dont les \u00e9nergies solaire et \u00e9olienne peuvent fonctionner ensemble pour produire de l&rsquo;\u00e9lectricit\u00e9 ind\u00e9pendamment du r\u00e9seau. Avec son panneau int\u00e9gr\u00e9, son \u00e9olienne et son interface de contr\u00f4le, il offre aux \u00e9tudiants un aper\u00e7u clair et pratique du comportement des [&hellip;]<\/p>\n","protected":false},"featured_media":67310,"template":"","meta":{"_acf_changed":false},"product_brand":[],"product_cat":[3151],"product_tag":[],"class_list":{"0":"post-67747","1":"product","2":"type-product","3":"status-publish","4":"has-post-thumbnail","6":"product_cat-formateurs-de-base-en-energies-renouvelables","8":"first","9":"instock","10":"shipping-taxable","11":"product-type-simple"},"acf":[],"yoast_head":"<!-- This site is optimized with the Yoast SEO plugin v27.0 - https:\/\/yoast.com\/product\/yoast-seo-wordpress\/ -->\n<title>ENTRA\u00ceNEUR DE CENTRALE PHOTOVOLTA\u00cfQUE-\u00c9OLIENNE HORS R\u00c9SEAU (OFF-GRID) - De Lorenzo Training &amp; Didactical Equipment<\/title>\n<meta name=\"description\" content=\"Formation pratique pour l&#039;apprentissage de la production d&#039;\u00e9nergie solaire et \u00e9olienne hors r\u00e9seau \u00e0 partir de sources renouvelables compl\u00e9mentaires dans un cadre \u00e9ducatif.\" \/>\n<meta name=\"robots\" content=\"index, follow, max-snippet:-1, max-image-preview:large, max-video-preview:-1\" \/>\n<link rel=\"canonical\" href=\"https:\/\/delorenzoglobal.com\/fr\/produit\/entraineur-de-centrale-photovoltaique-eolienne-hors-reseau-off-grid\/\" \/>\n<meta property=\"og:locale\" content=\"fr_FR\" \/>\n<meta property=\"og:type\" content=\"article\" \/>\n<meta property=\"og:title\" content=\"ENTRA\u00ceNEUR DE CENTRALE PHOTOVOLTA\u00cfQUE-\u00c9OLIENNE HORS R\u00c9SEAU (OFF-GRID) - De Lorenzo Training &amp; Didactical Equipment\" \/>\n<meta property=\"og:description\" content=\"Formation pratique pour l&#039;apprentissage de la production d&#039;\u00e9nergie solaire et \u00e9olienne hors r\u00e9seau \u00e0 partir de sources renouvelables compl\u00e9mentaires dans un cadre \u00e9ducatif.\" \/>\n<meta property=\"og:url\" content=\"https:\/\/delorenzoglobal.com\/fr\/produit\/entraineur-de-centrale-photovoltaique-eolienne-hors-reseau-off-grid\/\" \/>\n<meta property=\"og:site_name\" content=\"De Lorenzo Training &amp; Didactical Equipment\" \/>\n<meta property=\"article:modified_time\" content=\"2026-01-16T13:28:52+00:00\" \/>\n<meta property=\"og:image\" content=\"https:\/\/delorenzoglobal.com\/wp-content\/uploads\/2026\/01\/PHOTOVOLTAIC-WIND-POWER-PLANT-TRAINER-OFF-GRID.jpeg\" \/>\n\t<meta property=\"og:image:width\" content=\"1129\" \/>\n\t<meta property=\"og:image:height\" content=\"596\" \/>\n\t<meta property=\"og:image:type\" content=\"image\/jpeg\" \/>\n<meta name=\"twitter:card\" content=\"summary_large_image\" \/>\n<meta name=\"twitter:label1\" content=\"Dur\u00e9e de lecture estim\u00e9e\" \/>\n\t<meta name=\"twitter:data1\" content=\"1 minute\" \/>\n<script type=\"application\/ld+json\" class=\"yoast-schema-graph\">{\"@context\":\"https:\/\/schema.org\",\"@graph\":[{\"@type\":\"WebPage\",\"@id\":\"https:\/\/delorenzoglobal.com\/fr\/produit\/entraineur-de-centrale-photovoltaique-eolienne-hors-reseau-off-grid\/\",\"url\":\"https:\/\/delorenzoglobal.com\/fr\/produit\/entraineur-de-centrale-photovoltaique-eolienne-hors-reseau-off-grid\/\",\"name\":\"ENTRA\u00ceNEUR DE CENTRALE PHOTOVOLTA\u00cfQUE-\u00c9OLIENNE HORS R\u00c9SEAU (OFF-GRID) - De Lorenzo Training &amp; Didactical Equipment\",\"isPartOf\":{\"@id\":\"https:\/\/delorenzoglobal.com\/fr\/#website\"},\"primaryImageOfPage\":{\"@id\":\"https:\/\/delorenzoglobal.com\/fr\/produit\/entraineur-de-centrale-photovoltaique-eolienne-hors-reseau-off-grid\/#primaryimage\"},\"image\":{\"@id\":\"https:\/\/delorenzoglobal.com\/fr\/produit\/entraineur-de-centrale-photovoltaique-eolienne-hors-reseau-off-grid\/#primaryimage\"},\"thumbnailUrl\":\"https:\/\/delorenzoglobal.com\/wp-content\/uploads\/2026\/01\/PHOTOVOLTAIC-WIND-POWER-PLANT-TRAINER-OFF-GRID.jpeg\",\"datePublished\":\"2026-01-09T11:51:47+00:00\",\"dateModified\":\"2026-01-16T13:28:52+00:00\",\"description\":\"Formation pratique pour l'apprentissage de la production d'\u00e9nergie solaire et \u00e9olienne hors r\u00e9seau \u00e0 partir de sources renouvelables compl\u00e9mentaires dans un cadre \u00e9ducatif.\",\"breadcrumb\":{\"@id\":\"https:\/\/delorenzoglobal.com\/fr\/produit\/entraineur-de-centrale-photovoltaique-eolienne-hors-reseau-off-grid\/#breadcrumb\"},\"inLanguage\":\"fr-FR\",\"potentialAction\":[{\"@type\":\"ReadAction\",\"target\":[\"https:\/\/delorenzoglobal.com\/fr\/produit\/entraineur-de-centrale-photovoltaique-eolienne-hors-reseau-off-grid\/\"]}]},{\"@type\":\"ImageObject\",\"inLanguage\":\"fr-FR\",\"@id\":\"https:\/\/delorenzoglobal.com\/fr\/produit\/entraineur-de-centrale-photovoltaique-eolienne-hors-reseau-off-grid\/#primaryimage\",\"url\":\"https:\/\/delorenzoglobal.com\/wp-content\/uploads\/2026\/01\/PHOTOVOLTAIC-WIND-POWER-PLANT-TRAINER-OFF-GRID.jpeg\",\"contentUrl\":\"https:\/\/delorenzoglobal.com\/wp-content\/uploads\/2026\/01\/PHOTOVOLTAIC-WIND-POWER-PLANT-TRAINER-OFF-GRID.jpeg\",\"width\":1129,\"height\":596},{\"@type\":\"BreadcrumbList\",\"@id\":\"https:\/\/delorenzoglobal.com\/fr\/produit\/entraineur-de-centrale-photovoltaique-eolienne-hors-reseau-off-grid\/#breadcrumb\",\"itemListElement\":[{\"@type\":\"ListItem\",\"position\":1,\"name\":\"Home\",\"item\":\"https:\/\/delorenzoglobal.com\/fr\/\"},{\"@type\":\"ListItem\",\"position\":2,\"name\":\"Boutique\",\"item\":\"https:\/\/delorenzoglobal.com\/fr\/boutique\/\"},{\"@type\":\"ListItem\",\"position\":3,\"name\":\"ENTRA\u00ceNEUR DE CENTRALE PHOTOVOLTA\u00cfQUE-\u00c9OLIENNE HORS R\u00c9SEAU (OFF-GRID)\"}]},{\"@type\":\"WebSite\",\"@id\":\"https:\/\/delorenzoglobal.com\/fr\/#website\",\"url\":\"https:\/\/delorenzoglobal.com\/fr\/\",\"name\":\"De Lorenzo Training &amp; Didactical Equipment\",\"description\":\"\",\"potentialAction\":[{\"@type\":\"SearchAction\",\"target\":{\"@type\":\"EntryPoint\",\"urlTemplate\":\"https:\/\/delorenzoglobal.com\/fr\/?s={search_term_string}\"},\"query-input\":{\"@type\":\"PropertyValueSpecification\",\"valueRequired\":true,\"valueName\":\"search_term_string\"}}],\"inLanguage\":\"fr-FR\"}]}<\/script>\n<!-- \/ Yoast SEO plugin. -->","yoast_head_json":{"title":"ENTRA\u00ceNEUR DE CENTRALE PHOTOVOLTA\u00cfQUE-\u00c9OLIENNE HORS R\u00c9SEAU (OFF-GRID) - De Lorenzo Training &amp; Didactical Equipment","description":"Formation pratique pour l'apprentissage de la production d'\u00e9nergie solaire et \u00e9olienne hors r\u00e9seau \u00e0 partir de sources renouvelables compl\u00e9mentaires dans un cadre \u00e9ducatif.","robots":{"index":"index","follow":"follow","max-snippet":"max-snippet:-1","max-image-preview":"max-image-preview:large","max-video-preview":"max-video-preview:-1"},"canonical":"https:\/\/delorenzoglobal.com\/fr\/produit\/entraineur-de-centrale-photovoltaique-eolienne-hors-reseau-off-grid\/","og_locale":"fr_FR","og_type":"article","og_title":"ENTRA\u00ceNEUR DE CENTRALE PHOTOVOLTA\u00cfQUE-\u00c9OLIENNE HORS R\u00c9SEAU (OFF-GRID) - De Lorenzo Training &amp; Didactical Equipment","og_description":"Formation pratique pour l'apprentissage de la production d'\u00e9nergie solaire et \u00e9olienne hors r\u00e9seau \u00e0 partir de sources renouvelables compl\u00e9mentaires dans un cadre \u00e9ducatif.","og_url":"https:\/\/delorenzoglobal.com\/fr\/produit\/entraineur-de-centrale-photovoltaique-eolienne-hors-reseau-off-grid\/","og_site_name":"De Lorenzo Training &amp; Didactical Equipment","article_modified_time":"2026-01-16T13:28:52+00:00","og_image":[{"width":1129,"height":596,"url":"https:\/\/delorenzoglobal.com\/wp-content\/uploads\/2026\/01\/PHOTOVOLTAIC-WIND-POWER-PLANT-TRAINER-OFF-GRID.jpeg","type":"image\/jpeg"}],"twitter_card":"summary_large_image","twitter_misc":{"Dur\u00e9e de lecture estim\u00e9e":"1 minute"},"schema":{"@context":"https:\/\/schema.org","@graph":[{"@type":"WebPage","@id":"https:\/\/delorenzoglobal.com\/fr\/produit\/entraineur-de-centrale-photovoltaique-eolienne-hors-reseau-off-grid\/","url":"https:\/\/delorenzoglobal.com\/fr\/produit\/entraineur-de-centrale-photovoltaique-eolienne-hors-reseau-off-grid\/","name":"ENTRA\u00ceNEUR DE CENTRALE PHOTOVOLTA\u00cfQUE-\u00c9OLIENNE HORS R\u00c9SEAU (OFF-GRID) - De Lorenzo Training &amp; Didactical Equipment","isPartOf":{"@id":"https:\/\/delorenzoglobal.com\/fr\/#website"},"primaryImageOfPage":{"@id":"https:\/\/delorenzoglobal.com\/fr\/produit\/entraineur-de-centrale-photovoltaique-eolienne-hors-reseau-off-grid\/#primaryimage"},"image":{"@id":"https:\/\/delorenzoglobal.com\/fr\/produit\/entraineur-de-centrale-photovoltaique-eolienne-hors-reseau-off-grid\/#primaryimage"},"thumbnailUrl":"https:\/\/delorenzoglobal.com\/wp-content\/uploads\/2026\/01\/PHOTOVOLTAIC-WIND-POWER-PLANT-TRAINER-OFF-GRID.jpeg","datePublished":"2026-01-09T11:51:47+00:00","dateModified":"2026-01-16T13:28:52+00:00","description":"Formation pratique pour l'apprentissage de la production d'\u00e9nergie solaire et \u00e9olienne hors r\u00e9seau \u00e0 partir de sources renouvelables compl\u00e9mentaires dans un cadre \u00e9ducatif.","breadcrumb":{"@id":"https:\/\/delorenzoglobal.com\/fr\/produit\/entraineur-de-centrale-photovoltaique-eolienne-hors-reseau-off-grid\/#breadcrumb"},"inLanguage":"fr-FR","potentialAction":[{"@type":"ReadAction","target":["https:\/\/delorenzoglobal.com\/fr\/produit\/entraineur-de-centrale-photovoltaique-eolienne-hors-reseau-off-grid\/"]}]},{"@type":"ImageObject","inLanguage":"fr-FR","@id":"https:\/\/delorenzoglobal.com\/fr\/produit\/entraineur-de-centrale-photovoltaique-eolienne-hors-reseau-off-grid\/#primaryimage","url":"https:\/\/delorenzoglobal.com\/wp-content\/uploads\/2026\/01\/PHOTOVOLTAIC-WIND-POWER-PLANT-TRAINER-OFF-GRID.jpeg","contentUrl":"https:\/\/delorenzoglobal.com\/wp-content\/uploads\/2026\/01\/PHOTOVOLTAIC-WIND-POWER-PLANT-TRAINER-OFF-GRID.jpeg","width":1129,"height":596},{"@type":"BreadcrumbList","@id":"https:\/\/delorenzoglobal.com\/fr\/produit\/entraineur-de-centrale-photovoltaique-eolienne-hors-reseau-off-grid\/#breadcrumb","itemListElement":[{"@type":"ListItem","position":1,"name":"Home","item":"https:\/\/delorenzoglobal.com\/fr\/"},{"@type":"ListItem","position":2,"name":"Boutique","item":"https:\/\/delorenzoglobal.com\/fr\/boutique\/"},{"@type":"ListItem","position":3,"name":"ENTRA\u00ceNEUR DE CENTRALE PHOTOVOLTA\u00cfQUE-\u00c9OLIENNE HORS R\u00c9SEAU (OFF-GRID)"}]},{"@type":"WebSite","@id":"https:\/\/delorenzoglobal.com\/fr\/#website","url":"https:\/\/delorenzoglobal.com\/fr\/","name":"De Lorenzo Training &amp; Didactical Equipment","description":"","potentialAction":[{"@type":"SearchAction","target":{"@type":"EntryPoint","urlTemplate":"https:\/\/delorenzoglobal.com\/fr\/?s={search_term_string}"},"query-input":{"@type":"PropertyValueSpecification","valueRequired":true,"valueName":"search_term_string"}}],"inLanguage":"fr-FR"}]}},"_links":{"self":[{"href":"https:\/\/delorenzoglobal.com\/fr\/wp-json\/wp\/v2\/product\/67747","targetHints":{"allow":["GET"]}}],"collection":[{"href":"https:\/\/delorenzoglobal.com\/fr\/wp-json\/wp\/v2\/product"}],"about":[{"href":"https:\/\/delorenzoglobal.com\/fr\/wp-json\/wp\/v2\/types\/product"}],"wp:featuredmedia":[{"embeddable":true,"href":"https:\/\/delorenzoglobal.com\/fr\/wp-json\/wp\/v2\/media\/67310"}],"wp:attachment":[{"href":"https:\/\/delorenzoglobal.com\/fr\/wp-json\/wp\/v2\/media?parent=67747"}],"wp:term":[{"taxonomy":"product_brand","embeddable":true,"href":"https:\/\/delorenzoglobal.com\/fr\/wp-json\/wp\/v2\/product_brand?post=67747"},{"taxonomy":"product_cat","embeddable":true,"href":"https:\/\/delorenzoglobal.com\/fr\/wp-json\/wp\/v2\/product_cat?post=67747"},{"taxonomy":"product_tag","embeddable":true,"href":"https:\/\/delorenzoglobal.com\/fr\/wp-json\/wp\/v2\/product_tag?post=67747"}],"curies":[{"name":"wp","href":"https:\/\/api.w.org\/{rel}","templated":true}]}}