{"id":67745,"date":"2026-01-09T12:11:53","date_gmt":"2026-01-09T11:11:53","guid":{"rendered":"https:\/\/delorenzoglobal.com\/?post_type=product&#038;p=67745"},"modified":"2026-01-23T13:59:35","modified_gmt":"2026-01-23T12:59:35","slug":"systeme-photovoltaique-raccorde-au-reseau-on-grid-et-hors-reseau-off-grid-2","status":"publish","type":"product","link":"https:\/\/delorenzoglobal.com\/fr\/produit\/systeme-photovoltaique-raccorde-au-reseau-on-grid-et-hors-reseau-off-grid-2\/","title":{"rendered":"SYST\u00c8ME PHOTOVOLTA\u00cfQUE RACCORD\u00c9 AU R\u00c9SEAU (ON-GRID)  ET HORS R\u00c9SEAU (OFF-GRID)"},"content":{"rendered":"<p>La formation sur les centrales \u00e9oliennes en r\u00e9seau et hors r\u00e9seau offre une exp\u00e9rience pratique compl\u00e8te pour explorer comment l&rsquo;\u00e9nergie \u00e9olienne peut \u00eatre utilis\u00e9e \u00e0 la fois de mani\u00e8re ind\u00e9pendante et en connexion avec le r\u00e9seau public.<\/p>\n<p>Avec son g\u00e9n\u00e9rateur \u00e0 axe horizontal, ses deux modes de fonctionnement et son interface de commande int\u00e9gr\u00e9e, il permet aux \u00e9tudiants d&rsquo;observer le comportement r\u00e9el de l&rsquo;\u00e9nergie \u00e9olienne dans des sc\u00e9narios pratiques.<\/p>\n<p>Con\u00e7u pour les environnements \u00e9ducatifs, il fournit un chemin intuitif pour comprendre la production d&rsquo;\u00e9nergie renouvelable, le stockage et le fonctionnement en r\u00e9seau.<\/p>\n","protected":false},"excerpt":{"rendered":"<p>La formation sur les centrales \u00e9oliennes en r\u00e9seau et hors r\u00e9seau offre une exp\u00e9rience pratique compl\u00e8te pour explorer comment l&rsquo;\u00e9nergie \u00e9olienne peut \u00eatre utilis\u00e9e \u00e0 la fois de mani\u00e8re ind\u00e9pendante et en connexion avec le r\u00e9seau public. Avec son g\u00e9n\u00e9rateur \u00e0 axe horizontal, ses deux modes de fonctionnement et son interface de commande int\u00e9gr\u00e9e, il [&hellip;]<\/p>\n","protected":false},"featured_media":67271,"template":"","meta":{"_acf_changed":false},"product_brand":[],"product_cat":[3151],"product_tag":[],"class_list":{"0":"post-67745","1":"product","2":"type-product","3":"status-publish","4":"has-post-thumbnail","6":"product_cat-formateurs-de-base-en-energies-renouvelables","8":"first","9":"instock","10":"shipping-taxable","11":"product-type-simple"},"acf":[],"yoast_head":"<!-- This site is optimized with the Yoast SEO plugin v27.0 - https:\/\/yoast.com\/product\/yoast-seo-wordpress\/ -->\n<title>SYST\u00c8ME PHOTOVOLTA\u00cfQUE RACCORD\u00c9 AU R\u00c9SEAU (ON-GRID) ET HORS R\u00c9SEAU (OFF-GRID) - De Lorenzo Training &amp; Didactical Equipment<\/title>\n<meta name=\"description\" content=\"Dispositif de formation pratique \u00e0 l&#039;\u00e9nergie \u00e9olienne pour l&#039;apprentissage de la production d&#039;\u00e9nergie raccord\u00e9e au r\u00e9seau et hors r\u00e9seau, du stockage et du fonctionnement r\u00e9el des turbines.\" \/>\n<meta name=\"robots\" content=\"index, follow, max-snippet:-1, max-image-preview:large, max-video-preview:-1\" \/>\n<link rel=\"canonical\" href=\"https:\/\/delorenzoglobal.com\/fr\/produit\/systeme-photovoltaique-raccorde-au-reseau-on-grid-et-hors-reseau-off-grid-2\/\" \/>\n<meta property=\"og:locale\" content=\"fr_FR\" \/>\n<meta property=\"og:type\" content=\"article\" \/>\n<meta property=\"og:title\" content=\"SYST\u00c8ME PHOTOVOLTA\u00cfQUE RACCORD\u00c9 AU R\u00c9SEAU (ON-GRID) ET HORS R\u00c9SEAU (OFF-GRID) - De Lorenzo Training &amp; Didactical Equipment\" \/>\n<meta property=\"og:description\" content=\"Dispositif de formation pratique \u00e0 l&#039;\u00e9nergie \u00e9olienne pour l&#039;apprentissage de la production d&#039;\u00e9nergie raccord\u00e9e au r\u00e9seau et hors r\u00e9seau, du stockage et du fonctionnement r\u00e9el des turbines.\" \/>\n<meta property=\"og:url\" content=\"https:\/\/delorenzoglobal.com\/fr\/produit\/systeme-photovoltaique-raccorde-au-reseau-on-grid-et-hors-reseau-off-grid-2\/\" \/>\n<meta property=\"og:site_name\" content=\"De Lorenzo Training &amp; Didactical Equipment\" \/>\n<meta property=\"article:modified_time\" content=\"2026-01-23T12:59:35+00:00\" \/>\n<meta property=\"og:image\" content=\"https:\/\/delorenzoglobal.com\/wp-content\/uploads\/2026\/01\/WIND-POWER-PLANT-TRAINER-ON-GRID-OFF-GRID.jpeg\" \/>\n\t<meta property=\"og:image:width\" content=\"1139\" \/>\n\t<meta property=\"og:image:height\" content=\"596\" \/>\n\t<meta property=\"og:image:type\" content=\"image\/jpeg\" \/>\n<meta name=\"twitter:card\" content=\"summary_large_image\" \/>\n<meta name=\"twitter:label1\" content=\"Dur\u00e9e de lecture estim\u00e9e\" \/>\n\t<meta name=\"twitter:data1\" content=\"1 minute\" \/>\n<script type=\"application\/ld+json\" class=\"yoast-schema-graph\">{\"@context\":\"https:\/\/schema.org\",\"@graph\":[{\"@type\":\"WebPage\",\"@id\":\"https:\/\/delorenzoglobal.com\/fr\/produit\/systeme-photovoltaique-raccorde-au-reseau-on-grid-et-hors-reseau-off-grid-2\/\",\"url\":\"https:\/\/delorenzoglobal.com\/fr\/produit\/systeme-photovoltaique-raccorde-au-reseau-on-grid-et-hors-reseau-off-grid-2\/\",\"name\":\"SYST\u00c8ME PHOTOVOLTA\u00cfQUE RACCORD\u00c9 AU R\u00c9SEAU (ON-GRID) ET HORS R\u00c9SEAU (OFF-GRID) - De Lorenzo Training &amp; Didactical Equipment\",\"isPartOf\":{\"@id\":\"https:\/\/delorenzoglobal.com\/fr\/#website\"},\"primaryImageOfPage\":{\"@id\":\"https:\/\/delorenzoglobal.com\/fr\/produit\/systeme-photovoltaique-raccorde-au-reseau-on-grid-et-hors-reseau-off-grid-2\/#primaryimage\"},\"image\":{\"@id\":\"https:\/\/delorenzoglobal.com\/fr\/produit\/systeme-photovoltaique-raccorde-au-reseau-on-grid-et-hors-reseau-off-grid-2\/#primaryimage\"},\"thumbnailUrl\":\"https:\/\/delorenzoglobal.com\/wp-content\/uploads\/2026\/01\/WIND-POWER-PLANT-TRAINER-ON-GRID-OFF-GRID.jpeg\",\"datePublished\":\"2026-01-09T11:11:53+00:00\",\"dateModified\":\"2026-01-23T12:59:35+00:00\",\"description\":\"Dispositif de formation pratique \u00e0 l'\u00e9nergie \u00e9olienne pour l'apprentissage de la production d'\u00e9nergie raccord\u00e9e au r\u00e9seau et hors r\u00e9seau, du stockage et du fonctionnement r\u00e9el des turbines.\",\"breadcrumb\":{\"@id\":\"https:\/\/delorenzoglobal.com\/fr\/produit\/systeme-photovoltaique-raccorde-au-reseau-on-grid-et-hors-reseau-off-grid-2\/#breadcrumb\"},\"inLanguage\":\"fr-FR\",\"potentialAction\":[{\"@type\":\"ReadAction\",\"target\":[\"https:\/\/delorenzoglobal.com\/fr\/produit\/systeme-photovoltaique-raccorde-au-reseau-on-grid-et-hors-reseau-off-grid-2\/\"]}]},{\"@type\":\"ImageObject\",\"inLanguage\":\"fr-FR\",\"@id\":\"https:\/\/delorenzoglobal.com\/fr\/produit\/systeme-photovoltaique-raccorde-au-reseau-on-grid-et-hors-reseau-off-grid-2\/#primaryimage\",\"url\":\"https:\/\/delorenzoglobal.com\/wp-content\/uploads\/2026\/01\/WIND-POWER-PLANT-TRAINER-ON-GRID-OFF-GRID.jpeg\",\"contentUrl\":\"https:\/\/delorenzoglobal.com\/wp-content\/uploads\/2026\/01\/WIND-POWER-PLANT-TRAINER-ON-GRID-OFF-GRID.jpeg\",\"width\":1139,\"height\":596},{\"@type\":\"BreadcrumbList\",\"@id\":\"https:\/\/delorenzoglobal.com\/fr\/produit\/systeme-photovoltaique-raccorde-au-reseau-on-grid-et-hors-reseau-off-grid-2\/#breadcrumb\",\"itemListElement\":[{\"@type\":\"ListItem\",\"position\":1,\"name\":\"Home\",\"item\":\"https:\/\/delorenzoglobal.com\/fr\/\"},{\"@type\":\"ListItem\",\"position\":2,\"name\":\"Boutique\",\"item\":\"https:\/\/delorenzoglobal.com\/fr\/boutique\/\"},{\"@type\":\"ListItem\",\"position\":3,\"name\":\"SYST\u00c8ME PHOTOVOLTA\u00cfQUE RACCORD\u00c9 AU R\u00c9SEAU (ON-GRID) ET HORS R\u00c9SEAU (OFF-GRID)\"}]},{\"@type\":\"WebSite\",\"@id\":\"https:\/\/delorenzoglobal.com\/fr\/#website\",\"url\":\"https:\/\/delorenzoglobal.com\/fr\/\",\"name\":\"De Lorenzo Training &amp; Didactical Equipment\",\"description\":\"\",\"potentialAction\":[{\"@type\":\"SearchAction\",\"target\":{\"@type\":\"EntryPoint\",\"urlTemplate\":\"https:\/\/delorenzoglobal.com\/fr\/?s={search_term_string}\"},\"query-input\":{\"@type\":\"PropertyValueSpecification\",\"valueRequired\":true,\"valueName\":\"search_term_string\"}}],\"inLanguage\":\"fr-FR\"}]}<\/script>\n<!-- \/ Yoast SEO plugin. -->","yoast_head_json":{"title":"SYST\u00c8ME PHOTOVOLTA\u00cfQUE RACCORD\u00c9 AU R\u00c9SEAU (ON-GRID) ET HORS R\u00c9SEAU (OFF-GRID) - De Lorenzo Training &amp; Didactical Equipment","description":"Dispositif de formation pratique \u00e0 l'\u00e9nergie \u00e9olienne pour l'apprentissage de la production d'\u00e9nergie raccord\u00e9e au r\u00e9seau et hors r\u00e9seau, du stockage et du fonctionnement r\u00e9el des turbines.","robots":{"index":"index","follow":"follow","max-snippet":"max-snippet:-1","max-image-preview":"max-image-preview:large","max-video-preview":"max-video-preview:-1"},"canonical":"https:\/\/delorenzoglobal.com\/fr\/produit\/systeme-photovoltaique-raccorde-au-reseau-on-grid-et-hors-reseau-off-grid-2\/","og_locale":"fr_FR","og_type":"article","og_title":"SYST\u00c8ME PHOTOVOLTA\u00cfQUE RACCORD\u00c9 AU R\u00c9SEAU (ON-GRID) ET HORS R\u00c9SEAU (OFF-GRID) - De Lorenzo Training &amp; Didactical Equipment","og_description":"Dispositif de formation pratique \u00e0 l'\u00e9nergie \u00e9olienne pour l'apprentissage de la production d'\u00e9nergie raccord\u00e9e au r\u00e9seau et hors r\u00e9seau, du stockage et du fonctionnement r\u00e9el des turbines.","og_url":"https:\/\/delorenzoglobal.com\/fr\/produit\/systeme-photovoltaique-raccorde-au-reseau-on-grid-et-hors-reseau-off-grid-2\/","og_site_name":"De Lorenzo Training &amp; Didactical Equipment","article_modified_time":"2026-01-23T12:59:35+00:00","og_image":[{"width":1139,"height":596,"url":"https:\/\/delorenzoglobal.com\/wp-content\/uploads\/2026\/01\/WIND-POWER-PLANT-TRAINER-ON-GRID-OFF-GRID.jpeg","type":"image\/jpeg"}],"twitter_card":"summary_large_image","twitter_misc":{"Dur\u00e9e de lecture estim\u00e9e":"1 minute"},"schema":{"@context":"https:\/\/schema.org","@graph":[{"@type":"WebPage","@id":"https:\/\/delorenzoglobal.com\/fr\/produit\/systeme-photovoltaique-raccorde-au-reseau-on-grid-et-hors-reseau-off-grid-2\/","url":"https:\/\/delorenzoglobal.com\/fr\/produit\/systeme-photovoltaique-raccorde-au-reseau-on-grid-et-hors-reseau-off-grid-2\/","name":"SYST\u00c8ME PHOTOVOLTA\u00cfQUE RACCORD\u00c9 AU R\u00c9SEAU (ON-GRID) ET HORS R\u00c9SEAU (OFF-GRID) - De Lorenzo Training &amp; Didactical Equipment","isPartOf":{"@id":"https:\/\/delorenzoglobal.com\/fr\/#website"},"primaryImageOfPage":{"@id":"https:\/\/delorenzoglobal.com\/fr\/produit\/systeme-photovoltaique-raccorde-au-reseau-on-grid-et-hors-reseau-off-grid-2\/#primaryimage"},"image":{"@id":"https:\/\/delorenzoglobal.com\/fr\/produit\/systeme-photovoltaique-raccorde-au-reseau-on-grid-et-hors-reseau-off-grid-2\/#primaryimage"},"thumbnailUrl":"https:\/\/delorenzoglobal.com\/wp-content\/uploads\/2026\/01\/WIND-POWER-PLANT-TRAINER-ON-GRID-OFF-GRID.jpeg","datePublished":"2026-01-09T11:11:53+00:00","dateModified":"2026-01-23T12:59:35+00:00","description":"Dispositif de formation pratique \u00e0 l'\u00e9nergie \u00e9olienne pour l'apprentissage de la production d'\u00e9nergie raccord\u00e9e au r\u00e9seau et hors r\u00e9seau, du stockage et du fonctionnement r\u00e9el des turbines.","breadcrumb":{"@id":"https:\/\/delorenzoglobal.com\/fr\/produit\/systeme-photovoltaique-raccorde-au-reseau-on-grid-et-hors-reseau-off-grid-2\/#breadcrumb"},"inLanguage":"fr-FR","potentialAction":[{"@type":"ReadAction","target":["https:\/\/delorenzoglobal.com\/fr\/produit\/systeme-photovoltaique-raccorde-au-reseau-on-grid-et-hors-reseau-off-grid-2\/"]}]},{"@type":"ImageObject","inLanguage":"fr-FR","@id":"https:\/\/delorenzoglobal.com\/fr\/produit\/systeme-photovoltaique-raccorde-au-reseau-on-grid-et-hors-reseau-off-grid-2\/#primaryimage","url":"https:\/\/delorenzoglobal.com\/wp-content\/uploads\/2026\/01\/WIND-POWER-PLANT-TRAINER-ON-GRID-OFF-GRID.jpeg","contentUrl":"https:\/\/delorenzoglobal.com\/wp-content\/uploads\/2026\/01\/WIND-POWER-PLANT-TRAINER-ON-GRID-OFF-GRID.jpeg","width":1139,"height":596},{"@type":"BreadcrumbList","@id":"https:\/\/delorenzoglobal.com\/fr\/produit\/systeme-photovoltaique-raccorde-au-reseau-on-grid-et-hors-reseau-off-grid-2\/#breadcrumb","itemListElement":[{"@type":"ListItem","position":1,"name":"Home","item":"https:\/\/delorenzoglobal.com\/fr\/"},{"@type":"ListItem","position":2,"name":"Boutique","item":"https:\/\/delorenzoglobal.com\/fr\/boutique\/"},{"@type":"ListItem","position":3,"name":"SYST\u00c8ME PHOTOVOLTA\u00cfQUE RACCORD\u00c9 AU R\u00c9SEAU (ON-GRID) ET HORS R\u00c9SEAU (OFF-GRID)"}]},{"@type":"WebSite","@id":"https:\/\/delorenzoglobal.com\/fr\/#website","url":"https:\/\/delorenzoglobal.com\/fr\/","name":"De Lorenzo Training &amp; Didactical Equipment","description":"","potentialAction":[{"@type":"SearchAction","target":{"@type":"EntryPoint","urlTemplate":"https:\/\/delorenzoglobal.com\/fr\/?s={search_term_string}"},"query-input":{"@type":"PropertyValueSpecification","valueRequired":true,"valueName":"search_term_string"}}],"inLanguage":"fr-FR"}]}},"_links":{"self":[{"href":"https:\/\/delorenzoglobal.com\/fr\/wp-json\/wp\/v2\/product\/67745","targetHints":{"allow":["GET"]}}],"collection":[{"href":"https:\/\/delorenzoglobal.com\/fr\/wp-json\/wp\/v2\/product"}],"about":[{"href":"https:\/\/delorenzoglobal.com\/fr\/wp-json\/wp\/v2\/types\/product"}],"wp:featuredmedia":[{"embeddable":true,"href":"https:\/\/delorenzoglobal.com\/fr\/wp-json\/wp\/v2\/media\/67271"}],"wp:attachment":[{"href":"https:\/\/delorenzoglobal.com\/fr\/wp-json\/wp\/v2\/media?parent=67745"}],"wp:term":[{"taxonomy":"product_brand","embeddable":true,"href":"https:\/\/delorenzoglobal.com\/fr\/wp-json\/wp\/v2\/product_brand?post=67745"},{"taxonomy":"product_cat","embeddable":true,"href":"https:\/\/delorenzoglobal.com\/fr\/wp-json\/wp\/v2\/product_cat?post=67745"},{"taxonomy":"product_tag","embeddable":true,"href":"https:\/\/delorenzoglobal.com\/fr\/wp-json\/wp\/v2\/product_tag?post=67745"}],"curies":[{"name":"wp","href":"https:\/\/api.w.org\/{rel}","templated":true}]}}