{"id":67734,"date":"2026-01-09T13:55:11","date_gmt":"2026-01-09T12:55:11","guid":{"rendered":"https:\/\/delorenzoglobal.com\/?post_type=product&#038;p=67734"},"modified":"2026-01-16T14:53:09","modified_gmt":"2026-01-16T13:53:09","slug":"systeme-photovoltaique-raccorde-au-reseau-on-grid","status":"publish","type":"product","link":"https:\/\/delorenzoglobal.com\/fr\/produit\/systeme-photovoltaique-raccorde-au-reseau-on-grid\/","title":{"rendered":"SYST\u00c8ME PHOTOVOLTA\u00cfQUE RACCORD\u00c9 AU R\u00c9SEAU (ON-GRID)"},"content":{"rendered":"<p>Le syst\u00e8me photovolta\u00efque connect\u00e9 au r\u00e9seau est une plateforme de formation simplifi\u00e9e con\u00e7ue pour montrer comment l&rsquo;\u00e9nergie solaire peut \u00eatre directement inject\u00e9e dans le r\u00e9seau public.<\/p>\n<p>Gr\u00e2ce \u00e0 son panneau compact et \u00e0 son interface de commande int\u00e9gr\u00e9e, il offre aux \u00e9tudiants une vision claire et pratique du fonctionnement r\u00e9el d&rsquo;une installation solaire connect\u00e9e au r\u00e9seau.<\/p>\n<p>Id\u00e9al pour les environnements d&rsquo;apprentissage modernes, il offre un moyen intuitif de comprendre la production solaire, l&rsquo;interaction avec le r\u00e9seau et le comportement de la conversion CC\/CA dans des sc\u00e9narios pratiques.<\/p>\n","protected":false},"excerpt":{"rendered":"<p>Le syst\u00e8me photovolta\u00efque connect\u00e9 au r\u00e9seau est une plateforme de formation simplifi\u00e9e con\u00e7ue pour montrer comment l&rsquo;\u00e9nergie solaire peut \u00eatre directement inject\u00e9e dans le r\u00e9seau public. Gr\u00e2ce \u00e0 son panneau compact et \u00e0 son interface de commande int\u00e9gr\u00e9e, il offre aux \u00e9tudiants une vision claire et pratique du fonctionnement r\u00e9el d&rsquo;une installation solaire connect\u00e9e au [&hellip;]<\/p>\n","protected":false},"featured_media":67328,"template":"","meta":{"_acf_changed":false},"product_brand":[],"product_cat":[3151],"product_tag":[],"class_list":{"0":"post-67734","1":"product","2":"type-product","3":"status-publish","4":"has-post-thumbnail","6":"product_cat-formateurs-de-base-en-energies-renouvelables","8":"first","9":"instock","10":"shipping-taxable","11":"product-type-simple"},"acf":[],"yoast_head":"<!-- This site is optimized with the Yoast SEO plugin v27.0 - https:\/\/yoast.com\/product\/yoast-seo-wordpress\/ -->\n<title>SYST\u00c8ME PHOTOVOLTA\u00cfQUE RACCORD\u00c9 AU R\u00c9SEAU (ON-GRID) - De Lorenzo Training &amp; Didactical Equipment<\/title>\n<meta name=\"description\" content=\"Outil de formation pratique pour l&#039;apprentissage de la production d&#039;\u00e9nergie solaire raccord\u00e9e au r\u00e9seau, de l&#039;interaction avec le r\u00e9seau et de la conversion CC\/CA dans un contexte \u00e9ducatif.\" \/>\n<meta name=\"robots\" content=\"index, follow, max-snippet:-1, max-image-preview:large, max-video-preview:-1\" \/>\n<link rel=\"canonical\" href=\"https:\/\/delorenzoglobal.com\/fr\/produit\/systeme-photovoltaique-raccorde-au-reseau-on-grid\/\" \/>\n<meta property=\"og:locale\" content=\"fr_FR\" \/>\n<meta property=\"og:type\" content=\"article\" \/>\n<meta property=\"og:title\" content=\"SYST\u00c8ME PHOTOVOLTA\u00cfQUE RACCORD\u00c9 AU R\u00c9SEAU (ON-GRID) - De Lorenzo Training &amp; Didactical Equipment\" \/>\n<meta property=\"og:description\" content=\"Outil de formation pratique pour l&#039;apprentissage de la production d&#039;\u00e9nergie solaire raccord\u00e9e au r\u00e9seau, de l&#039;interaction avec le r\u00e9seau et de la conversion CC\/CA dans un contexte \u00e9ducatif.\" \/>\n<meta property=\"og:url\" content=\"https:\/\/delorenzoglobal.com\/fr\/produit\/systeme-photovoltaique-raccorde-au-reseau-on-grid\/\" \/>\n<meta property=\"og:site_name\" content=\"De Lorenzo Training &amp; Didactical Equipment\" \/>\n<meta property=\"article:modified_time\" content=\"2026-01-16T13:53:09+00:00\" \/>\n<meta property=\"og:image\" content=\"https:\/\/delorenzoglobal.com\/wp-content\/uploads\/2026\/01\/PHOTOVOLTAIC-SYSTEM-ON-GRID.jpeg\" \/>\n\t<meta property=\"og:image:width\" content=\"879\" \/>\n\t<meta property=\"og:image:height\" content=\"501\" \/>\n\t<meta property=\"og:image:type\" content=\"image\/jpeg\" \/>\n<meta name=\"twitter:card\" content=\"summary_large_image\" \/>\n<meta name=\"twitter:label1\" content=\"Dur\u00e9e de lecture estim\u00e9e\" \/>\n\t<meta name=\"twitter:data1\" content=\"1 minute\" \/>\n<script type=\"application\/ld+json\" class=\"yoast-schema-graph\">{\"@context\":\"https:\/\/schema.org\",\"@graph\":[{\"@type\":\"WebPage\",\"@id\":\"https:\/\/delorenzoglobal.com\/fr\/produit\/systeme-photovoltaique-raccorde-au-reseau-on-grid\/\",\"url\":\"https:\/\/delorenzoglobal.com\/fr\/produit\/systeme-photovoltaique-raccorde-au-reseau-on-grid\/\",\"name\":\"SYST\u00c8ME PHOTOVOLTA\u00cfQUE RACCORD\u00c9 AU R\u00c9SEAU (ON-GRID) - De Lorenzo Training &amp; Didactical Equipment\",\"isPartOf\":{\"@id\":\"https:\/\/delorenzoglobal.com\/fr\/#website\"},\"primaryImageOfPage\":{\"@id\":\"https:\/\/delorenzoglobal.com\/fr\/produit\/systeme-photovoltaique-raccorde-au-reseau-on-grid\/#primaryimage\"},\"image\":{\"@id\":\"https:\/\/delorenzoglobal.com\/fr\/produit\/systeme-photovoltaique-raccorde-au-reseau-on-grid\/#primaryimage\"},\"thumbnailUrl\":\"https:\/\/delorenzoglobal.com\/wp-content\/uploads\/2026\/01\/PHOTOVOLTAIC-SYSTEM-ON-GRID.jpeg\",\"datePublished\":\"2026-01-09T12:55:11+00:00\",\"dateModified\":\"2026-01-16T13:53:09+00:00\",\"description\":\"Outil de formation pratique pour l'apprentissage de la production d'\u00e9nergie solaire raccord\u00e9e au r\u00e9seau, de l'interaction avec le r\u00e9seau et de la conversion CC\/CA dans un contexte \u00e9ducatif.\",\"breadcrumb\":{\"@id\":\"https:\/\/delorenzoglobal.com\/fr\/produit\/systeme-photovoltaique-raccorde-au-reseau-on-grid\/#breadcrumb\"},\"inLanguage\":\"fr-FR\",\"potentialAction\":[{\"@type\":\"ReadAction\",\"target\":[\"https:\/\/delorenzoglobal.com\/fr\/produit\/systeme-photovoltaique-raccorde-au-reseau-on-grid\/\"]}]},{\"@type\":\"ImageObject\",\"inLanguage\":\"fr-FR\",\"@id\":\"https:\/\/delorenzoglobal.com\/fr\/produit\/systeme-photovoltaique-raccorde-au-reseau-on-grid\/#primaryimage\",\"url\":\"https:\/\/delorenzoglobal.com\/wp-content\/uploads\/2026\/01\/PHOTOVOLTAIC-SYSTEM-ON-GRID.jpeg\",\"contentUrl\":\"https:\/\/delorenzoglobal.com\/wp-content\/uploads\/2026\/01\/PHOTOVOLTAIC-SYSTEM-ON-GRID.jpeg\",\"width\":879,\"height\":501},{\"@type\":\"BreadcrumbList\",\"@id\":\"https:\/\/delorenzoglobal.com\/fr\/produit\/systeme-photovoltaique-raccorde-au-reseau-on-grid\/#breadcrumb\",\"itemListElement\":[{\"@type\":\"ListItem\",\"position\":1,\"name\":\"Home\",\"item\":\"https:\/\/delorenzoglobal.com\/fr\/\"},{\"@type\":\"ListItem\",\"position\":2,\"name\":\"Boutique\",\"item\":\"https:\/\/delorenzoglobal.com\/fr\/boutique\/\"},{\"@type\":\"ListItem\",\"position\":3,\"name\":\"SYST\u00c8ME PHOTOVOLTA\u00cfQUE RACCORD\u00c9 AU R\u00c9SEAU (ON-GRID)\"}]},{\"@type\":\"WebSite\",\"@id\":\"https:\/\/delorenzoglobal.com\/fr\/#website\",\"url\":\"https:\/\/delorenzoglobal.com\/fr\/\",\"name\":\"De Lorenzo Training &amp; Didactical Equipment\",\"description\":\"\",\"potentialAction\":[{\"@type\":\"SearchAction\",\"target\":{\"@type\":\"EntryPoint\",\"urlTemplate\":\"https:\/\/delorenzoglobal.com\/fr\/?s={search_term_string}\"},\"query-input\":{\"@type\":\"PropertyValueSpecification\",\"valueRequired\":true,\"valueName\":\"search_term_string\"}}],\"inLanguage\":\"fr-FR\"}]}<\/script>\n<!-- \/ Yoast SEO plugin. -->","yoast_head_json":{"title":"SYST\u00c8ME PHOTOVOLTA\u00cfQUE RACCORD\u00c9 AU R\u00c9SEAU (ON-GRID) - De Lorenzo Training &amp; Didactical Equipment","description":"Outil de formation pratique pour l'apprentissage de la production d'\u00e9nergie solaire raccord\u00e9e au r\u00e9seau, de l'interaction avec le r\u00e9seau et de la conversion CC\/CA dans un contexte \u00e9ducatif.","robots":{"index":"index","follow":"follow","max-snippet":"max-snippet:-1","max-image-preview":"max-image-preview:large","max-video-preview":"max-video-preview:-1"},"canonical":"https:\/\/delorenzoglobal.com\/fr\/produit\/systeme-photovoltaique-raccorde-au-reseau-on-grid\/","og_locale":"fr_FR","og_type":"article","og_title":"SYST\u00c8ME PHOTOVOLTA\u00cfQUE RACCORD\u00c9 AU R\u00c9SEAU (ON-GRID) - De Lorenzo Training &amp; Didactical Equipment","og_description":"Outil de formation pratique pour l'apprentissage de la production d'\u00e9nergie solaire raccord\u00e9e au r\u00e9seau, de l'interaction avec le r\u00e9seau et de la conversion CC\/CA dans un contexte \u00e9ducatif.","og_url":"https:\/\/delorenzoglobal.com\/fr\/produit\/systeme-photovoltaique-raccorde-au-reseau-on-grid\/","og_site_name":"De Lorenzo Training &amp; Didactical Equipment","article_modified_time":"2026-01-16T13:53:09+00:00","og_image":[{"width":879,"height":501,"url":"https:\/\/delorenzoglobal.com\/wp-content\/uploads\/2026\/01\/PHOTOVOLTAIC-SYSTEM-ON-GRID.jpeg","type":"image\/jpeg"}],"twitter_card":"summary_large_image","twitter_misc":{"Dur\u00e9e de lecture estim\u00e9e":"1 minute"},"schema":{"@context":"https:\/\/schema.org","@graph":[{"@type":"WebPage","@id":"https:\/\/delorenzoglobal.com\/fr\/produit\/systeme-photovoltaique-raccorde-au-reseau-on-grid\/","url":"https:\/\/delorenzoglobal.com\/fr\/produit\/systeme-photovoltaique-raccorde-au-reseau-on-grid\/","name":"SYST\u00c8ME PHOTOVOLTA\u00cfQUE RACCORD\u00c9 AU R\u00c9SEAU (ON-GRID) - De Lorenzo Training &amp; Didactical Equipment","isPartOf":{"@id":"https:\/\/delorenzoglobal.com\/fr\/#website"},"primaryImageOfPage":{"@id":"https:\/\/delorenzoglobal.com\/fr\/produit\/systeme-photovoltaique-raccorde-au-reseau-on-grid\/#primaryimage"},"image":{"@id":"https:\/\/delorenzoglobal.com\/fr\/produit\/systeme-photovoltaique-raccorde-au-reseau-on-grid\/#primaryimage"},"thumbnailUrl":"https:\/\/delorenzoglobal.com\/wp-content\/uploads\/2026\/01\/PHOTOVOLTAIC-SYSTEM-ON-GRID.jpeg","datePublished":"2026-01-09T12:55:11+00:00","dateModified":"2026-01-16T13:53:09+00:00","description":"Outil de formation pratique pour l'apprentissage de la production d'\u00e9nergie solaire raccord\u00e9e au r\u00e9seau, de l'interaction avec le r\u00e9seau et de la conversion CC\/CA dans un contexte \u00e9ducatif.","breadcrumb":{"@id":"https:\/\/delorenzoglobal.com\/fr\/produit\/systeme-photovoltaique-raccorde-au-reseau-on-grid\/#breadcrumb"},"inLanguage":"fr-FR","potentialAction":[{"@type":"ReadAction","target":["https:\/\/delorenzoglobal.com\/fr\/produit\/systeme-photovoltaique-raccorde-au-reseau-on-grid\/"]}]},{"@type":"ImageObject","inLanguage":"fr-FR","@id":"https:\/\/delorenzoglobal.com\/fr\/produit\/systeme-photovoltaique-raccorde-au-reseau-on-grid\/#primaryimage","url":"https:\/\/delorenzoglobal.com\/wp-content\/uploads\/2026\/01\/PHOTOVOLTAIC-SYSTEM-ON-GRID.jpeg","contentUrl":"https:\/\/delorenzoglobal.com\/wp-content\/uploads\/2026\/01\/PHOTOVOLTAIC-SYSTEM-ON-GRID.jpeg","width":879,"height":501},{"@type":"BreadcrumbList","@id":"https:\/\/delorenzoglobal.com\/fr\/produit\/systeme-photovoltaique-raccorde-au-reseau-on-grid\/#breadcrumb","itemListElement":[{"@type":"ListItem","position":1,"name":"Home","item":"https:\/\/delorenzoglobal.com\/fr\/"},{"@type":"ListItem","position":2,"name":"Boutique","item":"https:\/\/delorenzoglobal.com\/fr\/boutique\/"},{"@type":"ListItem","position":3,"name":"SYST\u00c8ME PHOTOVOLTA\u00cfQUE RACCORD\u00c9 AU R\u00c9SEAU (ON-GRID)"}]},{"@type":"WebSite","@id":"https:\/\/delorenzoglobal.com\/fr\/#website","url":"https:\/\/delorenzoglobal.com\/fr\/","name":"De Lorenzo Training &amp; Didactical Equipment","description":"","potentialAction":[{"@type":"SearchAction","target":{"@type":"EntryPoint","urlTemplate":"https:\/\/delorenzoglobal.com\/fr\/?s={search_term_string}"},"query-input":{"@type":"PropertyValueSpecification","valueRequired":true,"valueName":"search_term_string"}}],"inLanguage":"fr-FR"}]}},"_links":{"self":[{"href":"https:\/\/delorenzoglobal.com\/fr\/wp-json\/wp\/v2\/product\/67734","targetHints":{"allow":["GET"]}}],"collection":[{"href":"https:\/\/delorenzoglobal.com\/fr\/wp-json\/wp\/v2\/product"}],"about":[{"href":"https:\/\/delorenzoglobal.com\/fr\/wp-json\/wp\/v2\/types\/product"}],"wp:featuredmedia":[{"embeddable":true,"href":"https:\/\/delorenzoglobal.com\/fr\/wp-json\/wp\/v2\/media\/67328"}],"wp:attachment":[{"href":"https:\/\/delorenzoglobal.com\/fr\/wp-json\/wp\/v2\/media?parent=67734"}],"wp:term":[{"taxonomy":"product_brand","embeddable":true,"href":"https:\/\/delorenzoglobal.com\/fr\/wp-json\/wp\/v2\/product_brand?post=67734"},{"taxonomy":"product_cat","embeddable":true,"href":"https:\/\/delorenzoglobal.com\/fr\/wp-json\/wp\/v2\/product_cat?post=67734"},{"taxonomy":"product_tag","embeddable":true,"href":"https:\/\/delorenzoglobal.com\/fr\/wp-json\/wp\/v2\/product_tag?post=67734"}],"curies":[{"name":"wp","href":"https:\/\/api.w.org\/{rel}","templated":true}]}}