{"id":67706,"date":"2026-01-09T14:01:15","date_gmt":"2026-01-09T13:01:15","guid":{"rendered":"https:\/\/delorenzoglobal.com\/?post_type=product&#038;p=67706"},"modified":"2026-03-12T12:09:11","modified_gmt":"2026-03-12T11:09:11","slug":"systeme-photovoltaique-raccorde-au-reseau-on-grid-et-hors-reseau-off-grid","status":"publish","type":"product","link":"https:\/\/delorenzoglobal.com\/fr\/produit\/systeme-photovoltaique-raccorde-au-reseau-on-grid-et-hors-reseau-off-grid\/","title":{"rendered":"SYST\u00c8ME PHOTOVOLTA\u00cfQUE RACCORD\u00c9 AU R\u00c9SEAU (ON-GRID)  ET HORS R\u00c9SEAU (OFF-GRID)"},"content":{"rendered":"<p>Le syst\u00e8me photovolta\u00efque connect\u00e9 au r\u00e9seau et hors r\u00e9seau offre une exp\u00e9rience d&rsquo;apprentissage compl\u00e8te qui montre comment l&rsquo;\u00e9nergie solaire peut \u00eatre utilis\u00e9e \u00e0 la fois de mani\u00e8re ind\u00e9pendante et en connexion avec le r\u00e9seau public.<\/p>\n<p>Gr\u00e2ce \u00e0 son panneau int\u00e9gr\u00e9, son interface de contr\u00f4le et ses deux modes de fonctionnement, il permet aux \u00e9tudiants d&rsquo;explorer le comportement r\u00e9el de l&rsquo;\u00e9nergie solaire de mani\u00e8re claire et pratique.<\/p>\n<p>Con\u00e7u pour les environnements de formation modernes, il offre une approche intuitive pour comprendre la production d&rsquo;\u00e9nergie solaire, le stockage et l&rsquo;interaction avec le r\u00e9seau.<\/p>\n","protected":false},"excerpt":{"rendered":"<p>Le syst\u00e8me photovolta\u00efque connect\u00e9 au r\u00e9seau et hors r\u00e9seau offre une exp\u00e9rience d&rsquo;apprentissage compl\u00e8te qui montre comment l&rsquo;\u00e9nergie solaire peut \u00eatre utilis\u00e9e \u00e0 la fois de mani\u00e8re ind\u00e9pendante et en connexion avec le r\u00e9seau public. Gr\u00e2ce \u00e0 son panneau int\u00e9gr\u00e9, son interface de contr\u00f4le et ses deux modes de fonctionnement, il permet aux \u00e9tudiants d&rsquo;explorer [&hellip;]<\/p>\n","protected":false},"featured_media":67337,"template":"","meta":{"_acf_changed":false},"product_brand":[],"product_cat":[3151],"product_tag":[],"class_list":{"0":"post-67706","1":"product","2":"type-product","3":"status-publish","4":"has-post-thumbnail","6":"product_cat-formateurs-de-base-en-energies-renouvelables","8":"first","9":"instock","10":"shipping-taxable","11":"product-type-simple"},"acf":[],"yoast_head":"<!-- This site is optimized with the Yoast SEO plugin v27.0 - https:\/\/yoast.com\/product\/yoast-seo-wordpress\/ -->\n<title>SYST\u00c8ME PHOTOVOLTA\u00cfQUE RACCORD\u00c9 AU R\u00c9SEAU (ON-GRID) ET HORS R\u00c9SEAU (OFF-GRID) - De Lorenzo Training &amp; Didactical Equipment<\/title>\n<meta name=\"description\" content=\"Outil de formation pratique pour l&#039;apprentissage de la production, du stockage et du fonctionnement de l&#039;\u00e9nergie solaire, en r\u00e9seau ou hors r\u00e9seau, dans un contexte \u00e9ducatif.\" \/>\n<meta name=\"robots\" content=\"index, follow, max-snippet:-1, max-image-preview:large, max-video-preview:-1\" \/>\n<link rel=\"canonical\" href=\"https:\/\/delorenzoglobal.com\/fr\/produit\/systeme-photovoltaique-raccorde-au-reseau-on-grid-et-hors-reseau-off-grid\/\" \/>\n<meta property=\"og:locale\" content=\"fr_FR\" \/>\n<meta property=\"og:type\" content=\"article\" \/>\n<meta property=\"og:title\" content=\"SYST\u00c8ME PHOTOVOLTA\u00cfQUE RACCORD\u00c9 AU R\u00c9SEAU (ON-GRID) ET HORS R\u00c9SEAU (OFF-GRID) - De Lorenzo Training &amp; Didactical Equipment\" \/>\n<meta property=\"og:description\" content=\"Outil de formation pratique pour l&#039;apprentissage de la production, du stockage et du fonctionnement de l&#039;\u00e9nergie solaire, en r\u00e9seau ou hors r\u00e9seau, dans un contexte \u00e9ducatif.\" \/>\n<meta property=\"og:url\" content=\"https:\/\/delorenzoglobal.com\/fr\/produit\/systeme-photovoltaique-raccorde-au-reseau-on-grid-et-hors-reseau-off-grid\/\" \/>\n<meta property=\"og:site_name\" content=\"De Lorenzo Training &amp; Didactical Equipment\" \/>\n<meta property=\"article:modified_time\" content=\"2026-03-12T11:09:11+00:00\" \/>\n<meta property=\"og:image\" content=\"https:\/\/delorenzoglobal.com\/wp-content\/uploads\/2026\/01\/PHOTOVOLTAIC-SYSTEM-ON-GRID-OFF-GRID.jpeg\" \/>\n\t<meta property=\"og:image:width\" content=\"853\" \/>\n\t<meta property=\"og:image:height\" content=\"490\" \/>\n\t<meta property=\"og:image:type\" content=\"image\/jpeg\" \/>\n<meta name=\"twitter:card\" content=\"summary_large_image\" \/>\n<meta name=\"twitter:label1\" content=\"Dur\u00e9e de lecture estim\u00e9e\" \/>\n\t<meta name=\"twitter:data1\" content=\"1 minute\" \/>\n<script type=\"application\/ld+json\" class=\"yoast-schema-graph\">{\"@context\":\"https:\/\/schema.org\",\"@graph\":[{\"@type\":\"WebPage\",\"@id\":\"https:\/\/delorenzoglobal.com\/fr\/produit\/systeme-photovoltaique-raccorde-au-reseau-on-grid-et-hors-reseau-off-grid\/\",\"url\":\"https:\/\/delorenzoglobal.com\/fr\/produit\/systeme-photovoltaique-raccorde-au-reseau-on-grid-et-hors-reseau-off-grid\/\",\"name\":\"SYST\u00c8ME PHOTOVOLTA\u00cfQUE RACCORD\u00c9 AU R\u00c9SEAU (ON-GRID) ET HORS R\u00c9SEAU (OFF-GRID) - De Lorenzo Training &amp; Didactical Equipment\",\"isPartOf\":{\"@id\":\"https:\/\/delorenzoglobal.com\/fr\/#website\"},\"primaryImageOfPage\":{\"@id\":\"https:\/\/delorenzoglobal.com\/fr\/produit\/systeme-photovoltaique-raccorde-au-reseau-on-grid-et-hors-reseau-off-grid\/#primaryimage\"},\"image\":{\"@id\":\"https:\/\/delorenzoglobal.com\/fr\/produit\/systeme-photovoltaique-raccorde-au-reseau-on-grid-et-hors-reseau-off-grid\/#primaryimage\"},\"thumbnailUrl\":\"https:\/\/delorenzoglobal.com\/wp-content\/uploads\/2026\/01\/PHOTOVOLTAIC-SYSTEM-ON-GRID-OFF-GRID.jpeg\",\"datePublished\":\"2026-01-09T13:01:15+00:00\",\"dateModified\":\"2026-03-12T11:09:11+00:00\",\"description\":\"Outil de formation pratique pour l'apprentissage de la production, du stockage et du fonctionnement de l'\u00e9nergie solaire, en r\u00e9seau ou hors r\u00e9seau, dans un contexte \u00e9ducatif.\",\"breadcrumb\":{\"@id\":\"https:\/\/delorenzoglobal.com\/fr\/produit\/systeme-photovoltaique-raccorde-au-reseau-on-grid-et-hors-reseau-off-grid\/#breadcrumb\"},\"inLanguage\":\"fr-FR\",\"potentialAction\":[{\"@type\":\"ReadAction\",\"target\":[\"https:\/\/delorenzoglobal.com\/fr\/produit\/systeme-photovoltaique-raccorde-au-reseau-on-grid-et-hors-reseau-off-grid\/\"]}]},{\"@type\":\"ImageObject\",\"inLanguage\":\"fr-FR\",\"@id\":\"https:\/\/delorenzoglobal.com\/fr\/produit\/systeme-photovoltaique-raccorde-au-reseau-on-grid-et-hors-reseau-off-grid\/#primaryimage\",\"url\":\"https:\/\/delorenzoglobal.com\/wp-content\/uploads\/2026\/01\/PHOTOVOLTAIC-SYSTEM-ON-GRID-OFF-GRID.jpeg\",\"contentUrl\":\"https:\/\/delorenzoglobal.com\/wp-content\/uploads\/2026\/01\/PHOTOVOLTAIC-SYSTEM-ON-GRID-OFF-GRID.jpeg\",\"width\":853,\"height\":490},{\"@type\":\"BreadcrumbList\",\"@id\":\"https:\/\/delorenzoglobal.com\/fr\/produit\/systeme-photovoltaique-raccorde-au-reseau-on-grid-et-hors-reseau-off-grid\/#breadcrumb\",\"itemListElement\":[{\"@type\":\"ListItem\",\"position\":1,\"name\":\"Home\",\"item\":\"https:\/\/delorenzoglobal.com\/fr\/\"},{\"@type\":\"ListItem\",\"position\":2,\"name\":\"Boutique\",\"item\":\"https:\/\/delorenzoglobal.com\/fr\/boutique\/\"},{\"@type\":\"ListItem\",\"position\":3,\"name\":\"SYST\u00c8ME PHOTOVOLTA\u00cfQUE RACCORD\u00c9 AU R\u00c9SEAU (ON-GRID) ET HORS R\u00c9SEAU (OFF-GRID)\"}]},{\"@type\":\"WebSite\",\"@id\":\"https:\/\/delorenzoglobal.com\/fr\/#website\",\"url\":\"https:\/\/delorenzoglobal.com\/fr\/\",\"name\":\"De Lorenzo Training &amp; Didactical Equipment\",\"description\":\"\",\"potentialAction\":[{\"@type\":\"SearchAction\",\"target\":{\"@type\":\"EntryPoint\",\"urlTemplate\":\"https:\/\/delorenzoglobal.com\/fr\/?s={search_term_string}\"},\"query-input\":{\"@type\":\"PropertyValueSpecification\",\"valueRequired\":true,\"valueName\":\"search_term_string\"}}],\"inLanguage\":\"fr-FR\"}]}<\/script>\n<!-- \/ Yoast SEO plugin. -->","yoast_head_json":{"title":"SYST\u00c8ME PHOTOVOLTA\u00cfQUE RACCORD\u00c9 AU R\u00c9SEAU (ON-GRID) ET HORS R\u00c9SEAU (OFF-GRID) - De Lorenzo Training &amp; Didactical Equipment","description":"Outil de formation pratique pour l'apprentissage de la production, du stockage et du fonctionnement de l'\u00e9nergie solaire, en r\u00e9seau ou hors r\u00e9seau, dans un contexte \u00e9ducatif.","robots":{"index":"index","follow":"follow","max-snippet":"max-snippet:-1","max-image-preview":"max-image-preview:large","max-video-preview":"max-video-preview:-1"},"canonical":"https:\/\/delorenzoglobal.com\/fr\/produit\/systeme-photovoltaique-raccorde-au-reseau-on-grid-et-hors-reseau-off-grid\/","og_locale":"fr_FR","og_type":"article","og_title":"SYST\u00c8ME PHOTOVOLTA\u00cfQUE RACCORD\u00c9 AU R\u00c9SEAU (ON-GRID) ET HORS R\u00c9SEAU (OFF-GRID) - De Lorenzo Training &amp; Didactical Equipment","og_description":"Outil de formation pratique pour l'apprentissage de la production, du stockage et du fonctionnement de l'\u00e9nergie solaire, en r\u00e9seau ou hors r\u00e9seau, dans un contexte \u00e9ducatif.","og_url":"https:\/\/delorenzoglobal.com\/fr\/produit\/systeme-photovoltaique-raccorde-au-reseau-on-grid-et-hors-reseau-off-grid\/","og_site_name":"De Lorenzo Training &amp; Didactical Equipment","article_modified_time":"2026-03-12T11:09:11+00:00","og_image":[{"width":853,"height":490,"url":"https:\/\/delorenzoglobal.com\/wp-content\/uploads\/2026\/01\/PHOTOVOLTAIC-SYSTEM-ON-GRID-OFF-GRID.jpeg","type":"image\/jpeg"}],"twitter_card":"summary_large_image","twitter_misc":{"Dur\u00e9e de lecture estim\u00e9e":"1 minute"},"schema":{"@context":"https:\/\/schema.org","@graph":[{"@type":"WebPage","@id":"https:\/\/delorenzoglobal.com\/fr\/produit\/systeme-photovoltaique-raccorde-au-reseau-on-grid-et-hors-reseau-off-grid\/","url":"https:\/\/delorenzoglobal.com\/fr\/produit\/systeme-photovoltaique-raccorde-au-reseau-on-grid-et-hors-reseau-off-grid\/","name":"SYST\u00c8ME PHOTOVOLTA\u00cfQUE RACCORD\u00c9 AU R\u00c9SEAU (ON-GRID) ET HORS R\u00c9SEAU (OFF-GRID) - De Lorenzo Training &amp; Didactical Equipment","isPartOf":{"@id":"https:\/\/delorenzoglobal.com\/fr\/#website"},"primaryImageOfPage":{"@id":"https:\/\/delorenzoglobal.com\/fr\/produit\/systeme-photovoltaique-raccorde-au-reseau-on-grid-et-hors-reseau-off-grid\/#primaryimage"},"image":{"@id":"https:\/\/delorenzoglobal.com\/fr\/produit\/systeme-photovoltaique-raccorde-au-reseau-on-grid-et-hors-reseau-off-grid\/#primaryimage"},"thumbnailUrl":"https:\/\/delorenzoglobal.com\/wp-content\/uploads\/2026\/01\/PHOTOVOLTAIC-SYSTEM-ON-GRID-OFF-GRID.jpeg","datePublished":"2026-01-09T13:01:15+00:00","dateModified":"2026-03-12T11:09:11+00:00","description":"Outil de formation pratique pour l'apprentissage de la production, du stockage et du fonctionnement de l'\u00e9nergie solaire, en r\u00e9seau ou hors r\u00e9seau, dans un contexte \u00e9ducatif.","breadcrumb":{"@id":"https:\/\/delorenzoglobal.com\/fr\/produit\/systeme-photovoltaique-raccorde-au-reseau-on-grid-et-hors-reseau-off-grid\/#breadcrumb"},"inLanguage":"fr-FR","potentialAction":[{"@type":"ReadAction","target":["https:\/\/delorenzoglobal.com\/fr\/produit\/systeme-photovoltaique-raccorde-au-reseau-on-grid-et-hors-reseau-off-grid\/"]}]},{"@type":"ImageObject","inLanguage":"fr-FR","@id":"https:\/\/delorenzoglobal.com\/fr\/produit\/systeme-photovoltaique-raccorde-au-reseau-on-grid-et-hors-reseau-off-grid\/#primaryimage","url":"https:\/\/delorenzoglobal.com\/wp-content\/uploads\/2026\/01\/PHOTOVOLTAIC-SYSTEM-ON-GRID-OFF-GRID.jpeg","contentUrl":"https:\/\/delorenzoglobal.com\/wp-content\/uploads\/2026\/01\/PHOTOVOLTAIC-SYSTEM-ON-GRID-OFF-GRID.jpeg","width":853,"height":490},{"@type":"BreadcrumbList","@id":"https:\/\/delorenzoglobal.com\/fr\/produit\/systeme-photovoltaique-raccorde-au-reseau-on-grid-et-hors-reseau-off-grid\/#breadcrumb","itemListElement":[{"@type":"ListItem","position":1,"name":"Home","item":"https:\/\/delorenzoglobal.com\/fr\/"},{"@type":"ListItem","position":2,"name":"Boutique","item":"https:\/\/delorenzoglobal.com\/fr\/boutique\/"},{"@type":"ListItem","position":3,"name":"SYST\u00c8ME PHOTOVOLTA\u00cfQUE RACCORD\u00c9 AU R\u00c9SEAU (ON-GRID) ET HORS R\u00c9SEAU (OFF-GRID)"}]},{"@type":"WebSite","@id":"https:\/\/delorenzoglobal.com\/fr\/#website","url":"https:\/\/delorenzoglobal.com\/fr\/","name":"De Lorenzo Training &amp; Didactical Equipment","description":"","potentialAction":[{"@type":"SearchAction","target":{"@type":"EntryPoint","urlTemplate":"https:\/\/delorenzoglobal.com\/fr\/?s={search_term_string}"},"query-input":{"@type":"PropertyValueSpecification","valueRequired":true,"valueName":"search_term_string"}}],"inLanguage":"fr-FR"}]}},"_links":{"self":[{"href":"https:\/\/delorenzoglobal.com\/fr\/wp-json\/wp\/v2\/product\/67706","targetHints":{"allow":["GET"]}}],"collection":[{"href":"https:\/\/delorenzoglobal.com\/fr\/wp-json\/wp\/v2\/product"}],"about":[{"href":"https:\/\/delorenzoglobal.com\/fr\/wp-json\/wp\/v2\/types\/product"}],"wp:featuredmedia":[{"embeddable":true,"href":"https:\/\/delorenzoglobal.com\/fr\/wp-json\/wp\/v2\/media\/67337"}],"wp:attachment":[{"href":"https:\/\/delorenzoglobal.com\/fr\/wp-json\/wp\/v2\/media?parent=67706"}],"wp:term":[{"taxonomy":"product_brand","embeddable":true,"href":"https:\/\/delorenzoglobal.com\/fr\/wp-json\/wp\/v2\/product_brand?post=67706"},{"taxonomy":"product_cat","embeddable":true,"href":"https:\/\/delorenzoglobal.com\/fr\/wp-json\/wp\/v2\/product_cat?post=67706"},{"taxonomy":"product_tag","embeddable":true,"href":"https:\/\/delorenzoglobal.com\/fr\/wp-json\/wp\/v2\/product_tag?post=67706"}],"curies":[{"name":"wp","href":"https:\/\/api.w.org\/{rel}","templated":true}]}}