{"id":67699,"date":"2026-01-09T14:12:14","date_gmt":"2026-01-09T13:12:14","guid":{"rendered":"https:\/\/delorenzoglobal.com\/?post_type=product&#038;p=67699"},"modified":"2026-01-16T12:20:38","modified_gmt":"2026-01-16T11:20:38","slug":"systeme-photovoltaique-hors-reseau","status":"publish","type":"product","link":"https:\/\/delorenzoglobal.com\/fr\/produit\/systeme-photovoltaique-hors-reseau\/","title":{"rendered":"SYST\u00c8ME PHOTOVOLTA\u00cfQUE HORS R\u00c9SEAU"},"content":{"rendered":"<p>Le syst\u00e8me photovolta\u00efque hors r\u00e9seau est une solution de formation pratique qui montre comment l&rsquo;\u00e9nergie solaire peut \u00eatre capt\u00e9e et utilis\u00e9e ind\u00e9pendamment du r\u00e9seau \u00e9lectrique.<\/p>\n<p>Gr\u00e2ce \u00e0 son panneau compact, son interface de commande et son unit\u00e9 de stockage, il permet aux \u00e9tudiants d&rsquo;explorer l&rsquo;ensemble du cycle de l&rsquo;\u00e9nergie solaire de mani\u00e8re claire et pratique.<\/p>\n<p>Con\u00e7u pour les environnements \u00e9ducatifs, il offre une exp\u00e9rience intuitive pour comprendre les syst\u00e8mes solaires autonomes et leur comportement dans le monde r\u00e9el.<\/p>\n","protected":false},"excerpt":{"rendered":"<p>Le syst\u00e8me photovolta\u00efque hors r\u00e9seau est une solution de formation pratique qui montre comment l&rsquo;\u00e9nergie solaire peut \u00eatre capt\u00e9e et utilis\u00e9e ind\u00e9pendamment du r\u00e9seau \u00e9lectrique. Gr\u00e2ce \u00e0 son panneau compact, son interface de commande et son unit\u00e9 de stockage, il permet aux \u00e9tudiants d&rsquo;explorer l&rsquo;ensemble du cycle de l&rsquo;\u00e9nergie solaire de mani\u00e8re claire et pratique. [&hellip;]<\/p>\n","protected":false},"featured_media":67346,"template":"","meta":{"_acf_changed":false},"product_brand":[],"product_cat":[3151],"product_tag":[],"class_list":{"0":"post-67699","1":"product","2":"type-product","3":"status-publish","4":"has-post-thumbnail","6":"product_cat-formateurs-de-base-en-energies-renouvelables","8":"first","9":"instock","10":"shipping-taxable","11":"product-type-simple"},"acf":[],"yoast_head":"<!-- This site is optimized with the Yoast SEO plugin v27.0 - https:\/\/yoast.com\/product\/yoast-seo-wordpress\/ -->\n<title>SYST\u00c8ME PHOTOVOLTA\u00cfQUE HORS R\u00c9SEAU - De Lorenzo Training &amp; Didactical Equipment<\/title>\n<meta name=\"description\" content=\"Outil de formation pratique pour l&#039;apprentissage de la production, du stockage et du fonctionnement autonome de l&#039;\u00e9nergie solaire hors r\u00e9seau dans un cadre \u00e9ducatif.\" \/>\n<meta name=\"robots\" content=\"index, follow, max-snippet:-1, max-image-preview:large, max-video-preview:-1\" \/>\n<link rel=\"canonical\" href=\"https:\/\/delorenzoglobal.com\/fr\/produit\/systeme-photovoltaique-hors-reseau\/\" \/>\n<meta property=\"og:locale\" content=\"fr_FR\" \/>\n<meta property=\"og:type\" content=\"article\" \/>\n<meta property=\"og:title\" content=\"SYST\u00c8ME PHOTOVOLTA\u00cfQUE HORS R\u00c9SEAU - De Lorenzo Training &amp; Didactical Equipment\" \/>\n<meta property=\"og:description\" content=\"Outil de formation pratique pour l&#039;apprentissage de la production, du stockage et du fonctionnement autonome de l&#039;\u00e9nergie solaire hors r\u00e9seau dans un cadre \u00e9ducatif.\" \/>\n<meta property=\"og:url\" content=\"https:\/\/delorenzoglobal.com\/fr\/produit\/systeme-photovoltaique-hors-reseau\/\" \/>\n<meta property=\"og:site_name\" content=\"De Lorenzo Training &amp; Didactical Equipment\" \/>\n<meta property=\"article:modified_time\" content=\"2026-01-16T11:20:38+00:00\" \/>\n<meta property=\"og:image\" content=\"https:\/\/delorenzoglobal.com\/wp-content\/uploads\/2026\/01\/PHOTOVOLTAIC-SYSTEM-OFF-GRID.jpeg\" \/>\n\t<meta property=\"og:image:width\" content=\"817\" \/>\n\t<meta property=\"og:image:height\" content=\"433\" \/>\n\t<meta property=\"og:image:type\" content=\"image\/jpeg\" \/>\n<meta name=\"twitter:card\" content=\"summary_large_image\" \/>\n<meta name=\"twitter:label1\" content=\"Dur\u00e9e de lecture estim\u00e9e\" \/>\n\t<meta name=\"twitter:data1\" content=\"1 minute\" \/>\n<script type=\"application\/ld+json\" class=\"yoast-schema-graph\">{\"@context\":\"https:\/\/schema.org\",\"@graph\":[{\"@type\":\"WebPage\",\"@id\":\"https:\/\/delorenzoglobal.com\/fr\/produit\/systeme-photovoltaique-hors-reseau\/\",\"url\":\"https:\/\/delorenzoglobal.com\/fr\/produit\/systeme-photovoltaique-hors-reseau\/\",\"name\":\"SYST\u00c8ME PHOTOVOLTA\u00cfQUE HORS R\u00c9SEAU - De Lorenzo Training &amp; Didactical Equipment\",\"isPartOf\":{\"@id\":\"https:\/\/delorenzoglobal.com\/fr\/#website\"},\"primaryImageOfPage\":{\"@id\":\"https:\/\/delorenzoglobal.com\/fr\/produit\/systeme-photovoltaique-hors-reseau\/#primaryimage\"},\"image\":{\"@id\":\"https:\/\/delorenzoglobal.com\/fr\/produit\/systeme-photovoltaique-hors-reseau\/#primaryimage\"},\"thumbnailUrl\":\"https:\/\/delorenzoglobal.com\/wp-content\/uploads\/2026\/01\/PHOTOVOLTAIC-SYSTEM-OFF-GRID.jpeg\",\"datePublished\":\"2026-01-09T13:12:14+00:00\",\"dateModified\":\"2026-01-16T11:20:38+00:00\",\"description\":\"Outil de formation pratique pour l'apprentissage de la production, du stockage et du fonctionnement autonome de l'\u00e9nergie solaire hors r\u00e9seau dans un cadre \u00e9ducatif.\",\"breadcrumb\":{\"@id\":\"https:\/\/delorenzoglobal.com\/fr\/produit\/systeme-photovoltaique-hors-reseau\/#breadcrumb\"},\"inLanguage\":\"fr-FR\",\"potentialAction\":[{\"@type\":\"ReadAction\",\"target\":[\"https:\/\/delorenzoglobal.com\/fr\/produit\/systeme-photovoltaique-hors-reseau\/\"]}]},{\"@type\":\"ImageObject\",\"inLanguage\":\"fr-FR\",\"@id\":\"https:\/\/delorenzoglobal.com\/fr\/produit\/systeme-photovoltaique-hors-reseau\/#primaryimage\",\"url\":\"https:\/\/delorenzoglobal.com\/wp-content\/uploads\/2026\/01\/PHOTOVOLTAIC-SYSTEM-OFF-GRID.jpeg\",\"contentUrl\":\"https:\/\/delorenzoglobal.com\/wp-content\/uploads\/2026\/01\/PHOTOVOLTAIC-SYSTEM-OFF-GRID.jpeg\",\"width\":817,\"height\":433},{\"@type\":\"BreadcrumbList\",\"@id\":\"https:\/\/delorenzoglobal.com\/fr\/produit\/systeme-photovoltaique-hors-reseau\/#breadcrumb\",\"itemListElement\":[{\"@type\":\"ListItem\",\"position\":1,\"name\":\"Home\",\"item\":\"https:\/\/delorenzoglobal.com\/fr\/\"},{\"@type\":\"ListItem\",\"position\":2,\"name\":\"Boutique\",\"item\":\"https:\/\/delorenzoglobal.com\/fr\/boutique\/\"},{\"@type\":\"ListItem\",\"position\":3,\"name\":\"SYST\u00c8ME PHOTOVOLTA\u00cfQUE HORS R\u00c9SEAU\"}]},{\"@type\":\"WebSite\",\"@id\":\"https:\/\/delorenzoglobal.com\/fr\/#website\",\"url\":\"https:\/\/delorenzoglobal.com\/fr\/\",\"name\":\"De Lorenzo Training &amp; Didactical Equipment\",\"description\":\"\",\"potentialAction\":[{\"@type\":\"SearchAction\",\"target\":{\"@type\":\"EntryPoint\",\"urlTemplate\":\"https:\/\/delorenzoglobal.com\/fr\/?s={search_term_string}\"},\"query-input\":{\"@type\":\"PropertyValueSpecification\",\"valueRequired\":true,\"valueName\":\"search_term_string\"}}],\"inLanguage\":\"fr-FR\"}]}<\/script>\n<!-- \/ Yoast SEO plugin. -->","yoast_head_json":{"title":"SYST\u00c8ME PHOTOVOLTA\u00cfQUE HORS R\u00c9SEAU - De Lorenzo Training &amp; Didactical Equipment","description":"Outil de formation pratique pour l'apprentissage de la production, du stockage et du fonctionnement autonome de l'\u00e9nergie solaire hors r\u00e9seau dans un cadre \u00e9ducatif.","robots":{"index":"index","follow":"follow","max-snippet":"max-snippet:-1","max-image-preview":"max-image-preview:large","max-video-preview":"max-video-preview:-1"},"canonical":"https:\/\/delorenzoglobal.com\/fr\/produit\/systeme-photovoltaique-hors-reseau\/","og_locale":"fr_FR","og_type":"article","og_title":"SYST\u00c8ME PHOTOVOLTA\u00cfQUE HORS R\u00c9SEAU - De Lorenzo Training &amp; Didactical Equipment","og_description":"Outil de formation pratique pour l'apprentissage de la production, du stockage et du fonctionnement autonome de l'\u00e9nergie solaire hors r\u00e9seau dans un cadre \u00e9ducatif.","og_url":"https:\/\/delorenzoglobal.com\/fr\/produit\/systeme-photovoltaique-hors-reseau\/","og_site_name":"De Lorenzo Training &amp; Didactical Equipment","article_modified_time":"2026-01-16T11:20:38+00:00","og_image":[{"width":817,"height":433,"url":"https:\/\/delorenzoglobal.com\/wp-content\/uploads\/2026\/01\/PHOTOVOLTAIC-SYSTEM-OFF-GRID.jpeg","type":"image\/jpeg"}],"twitter_card":"summary_large_image","twitter_misc":{"Dur\u00e9e de lecture estim\u00e9e":"1 minute"},"schema":{"@context":"https:\/\/schema.org","@graph":[{"@type":"WebPage","@id":"https:\/\/delorenzoglobal.com\/fr\/produit\/systeme-photovoltaique-hors-reseau\/","url":"https:\/\/delorenzoglobal.com\/fr\/produit\/systeme-photovoltaique-hors-reseau\/","name":"SYST\u00c8ME PHOTOVOLTA\u00cfQUE HORS R\u00c9SEAU - De Lorenzo Training &amp; Didactical Equipment","isPartOf":{"@id":"https:\/\/delorenzoglobal.com\/fr\/#website"},"primaryImageOfPage":{"@id":"https:\/\/delorenzoglobal.com\/fr\/produit\/systeme-photovoltaique-hors-reseau\/#primaryimage"},"image":{"@id":"https:\/\/delorenzoglobal.com\/fr\/produit\/systeme-photovoltaique-hors-reseau\/#primaryimage"},"thumbnailUrl":"https:\/\/delorenzoglobal.com\/wp-content\/uploads\/2026\/01\/PHOTOVOLTAIC-SYSTEM-OFF-GRID.jpeg","datePublished":"2026-01-09T13:12:14+00:00","dateModified":"2026-01-16T11:20:38+00:00","description":"Outil de formation pratique pour l'apprentissage de la production, du stockage et du fonctionnement autonome de l'\u00e9nergie solaire hors r\u00e9seau dans un cadre \u00e9ducatif.","breadcrumb":{"@id":"https:\/\/delorenzoglobal.com\/fr\/produit\/systeme-photovoltaique-hors-reseau\/#breadcrumb"},"inLanguage":"fr-FR","potentialAction":[{"@type":"ReadAction","target":["https:\/\/delorenzoglobal.com\/fr\/produit\/systeme-photovoltaique-hors-reseau\/"]}]},{"@type":"ImageObject","inLanguage":"fr-FR","@id":"https:\/\/delorenzoglobal.com\/fr\/produit\/systeme-photovoltaique-hors-reseau\/#primaryimage","url":"https:\/\/delorenzoglobal.com\/wp-content\/uploads\/2026\/01\/PHOTOVOLTAIC-SYSTEM-OFF-GRID.jpeg","contentUrl":"https:\/\/delorenzoglobal.com\/wp-content\/uploads\/2026\/01\/PHOTOVOLTAIC-SYSTEM-OFF-GRID.jpeg","width":817,"height":433},{"@type":"BreadcrumbList","@id":"https:\/\/delorenzoglobal.com\/fr\/produit\/systeme-photovoltaique-hors-reseau\/#breadcrumb","itemListElement":[{"@type":"ListItem","position":1,"name":"Home","item":"https:\/\/delorenzoglobal.com\/fr\/"},{"@type":"ListItem","position":2,"name":"Boutique","item":"https:\/\/delorenzoglobal.com\/fr\/boutique\/"},{"@type":"ListItem","position":3,"name":"SYST\u00c8ME PHOTOVOLTA\u00cfQUE HORS R\u00c9SEAU"}]},{"@type":"WebSite","@id":"https:\/\/delorenzoglobal.com\/fr\/#website","url":"https:\/\/delorenzoglobal.com\/fr\/","name":"De Lorenzo Training &amp; Didactical Equipment","description":"","potentialAction":[{"@type":"SearchAction","target":{"@type":"EntryPoint","urlTemplate":"https:\/\/delorenzoglobal.com\/fr\/?s={search_term_string}"},"query-input":{"@type":"PropertyValueSpecification","valueRequired":true,"valueName":"search_term_string"}}],"inLanguage":"fr-FR"}]}},"_links":{"self":[{"href":"https:\/\/delorenzoglobal.com\/fr\/wp-json\/wp\/v2\/product\/67699","targetHints":{"allow":["GET"]}}],"collection":[{"href":"https:\/\/delorenzoglobal.com\/fr\/wp-json\/wp\/v2\/product"}],"about":[{"href":"https:\/\/delorenzoglobal.com\/fr\/wp-json\/wp\/v2\/types\/product"}],"wp:featuredmedia":[{"embeddable":true,"href":"https:\/\/delorenzoglobal.com\/fr\/wp-json\/wp\/v2\/media\/67346"}],"wp:attachment":[{"href":"https:\/\/delorenzoglobal.com\/fr\/wp-json\/wp\/v2\/media?parent=67699"}],"wp:term":[{"taxonomy":"product_brand","embeddable":true,"href":"https:\/\/delorenzoglobal.com\/fr\/wp-json\/wp\/v2\/product_brand?post=67699"},{"taxonomy":"product_cat","embeddable":true,"href":"https:\/\/delorenzoglobal.com\/fr\/wp-json\/wp\/v2\/product_cat?post=67699"},{"taxonomy":"product_tag","embeddable":true,"href":"https:\/\/delorenzoglobal.com\/fr\/wp-json\/wp\/v2\/product_tag?post=67699"}],"curies":[{"name":"wp","href":"https:\/\/api.w.org\/{rel}","templated":true}]}}