{"id":67643,"date":"2026-01-09T11:56:54","date_gmt":"2026-01-09T10:56:54","guid":{"rendered":"https:\/\/delorenzoglobal.com\/?post_type=product&#038;p=67643"},"modified":"2026-01-16T11:52:31","modified_gmt":"2026-01-16T10:52:31","slug":"entraineur-de-centrale-eolienne-en-reseau-on-grid","status":"publish","type":"product","link":"https:\/\/delorenzoglobal.com\/fr\/produit\/entraineur-de-centrale-eolienne-en-reseau-on-grid\/","title":{"rendered":"ENTRA\u00ceNEUR DE CENTRALE \u00c9OLIENNE EN R\u00c9SEAU (ON-GRID)"},"content":{"rendered":"<p>La formation sur les centrales \u00e9oliennes en r\u00e9seau offre un moyen clair et pratique de comprendre comment l&rsquo;\u00e9nergie \u00e9olienne peut \u00eatre inject\u00e9e directement dans le r\u00e9seau public.<\/p>\n<p>Avec son g\u00e9n\u00e9rateur \u00e0 axe horizontal, son onduleur connect\u00e9 au r\u00e9seau et son interface de contr\u00f4le int\u00e9gr\u00e9e, il permet aux \u00e9tudiants d&rsquo;observer le comportement d&rsquo;\u00e9oliennes r\u00e9ellement connect\u00e9es au r\u00e9seau dans un cadre pratique.<\/p>\n<p>Con\u00e7u pour les environnements \u00e9ducatifs, il offre une introduction intuitive \u00e0 la production d&rsquo;\u00e9nergie renouvelable et aux principes fondamentaux de la conversion d&rsquo;\u00e9nergie en courant alternatif.<\/p>\n","protected":false},"excerpt":{"rendered":"<p>La formation sur les centrales \u00e9oliennes en r\u00e9seau offre un moyen clair et pratique de comprendre comment l&rsquo;\u00e9nergie \u00e9olienne peut \u00eatre inject\u00e9e directement dans le r\u00e9seau public. Avec son g\u00e9n\u00e9rateur \u00e0 axe horizontal, son onduleur connect\u00e9 au r\u00e9seau et son interface de contr\u00f4le int\u00e9gr\u00e9e, il permet aux \u00e9tudiants d&rsquo;observer le comportement d&rsquo;\u00e9oliennes r\u00e9ellement connect\u00e9es au [&hellip;]<\/p>\n","protected":false},"featured_media":67266,"template":"","meta":{"_acf_changed":false},"product_brand":[],"product_cat":[3151],"product_tag":[],"class_list":{"0":"post-67643","1":"product","2":"type-product","3":"status-publish","4":"has-post-thumbnail","6":"product_cat-formateurs-de-base-en-energies-renouvelables","8":"first","9":"instock","10":"shipping-taxable","11":"product-type-simple"},"acf":[],"yoast_head":"<!-- This site is optimized with the Yoast SEO plugin v27.0 - https:\/\/yoast.com\/product\/yoast-seo-wordpress\/ -->\n<title>ENTRA\u00ceNEUR DE CENTRALE \u00c9OLIENNE EN R\u00c9SEAU (ON-GRID) - De Lorenzo Training &amp; Didactical Equipment<\/title>\n<meta name=\"description\" content=\"Formation \u00e9olienne On-Grid pour apprendre en pratique comment l\u2019\u00e9nergie \u00e9olienne est inject\u00e9e directement dans le r\u00e9seau \u00e9lectrique.\" \/>\n<meta name=\"robots\" content=\"index, follow, max-snippet:-1, max-image-preview:large, max-video-preview:-1\" \/>\n<link rel=\"canonical\" href=\"https:\/\/delorenzoglobal.com\/fr\/produit\/entraineur-de-centrale-eolienne-en-reseau-on-grid\/\" \/>\n<meta property=\"og:locale\" content=\"fr_FR\" \/>\n<meta property=\"og:type\" content=\"article\" \/>\n<meta property=\"og:title\" content=\"ENTRA\u00ceNEUR DE CENTRALE \u00c9OLIENNE EN R\u00c9SEAU (ON-GRID) - De Lorenzo Training &amp; Didactical Equipment\" \/>\n<meta property=\"og:description\" content=\"Formation \u00e9olienne On-Grid pour apprendre en pratique comment l\u2019\u00e9nergie \u00e9olienne est inject\u00e9e directement dans le r\u00e9seau \u00e9lectrique.\" \/>\n<meta property=\"og:url\" content=\"https:\/\/delorenzoglobal.com\/fr\/produit\/entraineur-de-centrale-eolienne-en-reseau-on-grid\/\" \/>\n<meta property=\"og:site_name\" content=\"De Lorenzo Training &amp; Didactical Equipment\" \/>\n<meta property=\"article:modified_time\" content=\"2026-01-16T10:52:31+00:00\" \/>\n<meta property=\"og:image\" content=\"https:\/\/delorenzoglobal.com\/wp-content\/uploads\/2026\/01\/WIND-POWER-PLANT-TRAINER-ON-GRID.jpeg\" \/>\n\t<meta property=\"og:image:width\" content=\"966\" \/>\n\t<meta property=\"og:image:height\" content=\"569\" \/>\n\t<meta property=\"og:image:type\" content=\"image\/jpeg\" \/>\n<meta name=\"twitter:card\" content=\"summary_large_image\" \/>\n<meta name=\"twitter:label1\" content=\"Dur\u00e9e de lecture estim\u00e9e\" \/>\n\t<meta name=\"twitter:data1\" content=\"1 minute\" \/>\n<script type=\"application\/ld+json\" class=\"yoast-schema-graph\">{\"@context\":\"https:\/\/schema.org\",\"@graph\":[{\"@type\":\"WebPage\",\"@id\":\"https:\/\/delorenzoglobal.com\/fr\/produit\/entraineur-de-centrale-eolienne-en-reseau-on-grid\/\",\"url\":\"https:\/\/delorenzoglobal.com\/fr\/produit\/entraineur-de-centrale-eolienne-en-reseau-on-grid\/\",\"name\":\"ENTRA\u00ceNEUR DE CENTRALE \u00c9OLIENNE EN R\u00c9SEAU (ON-GRID) - De Lorenzo Training &amp; Didactical Equipment\",\"isPartOf\":{\"@id\":\"https:\/\/delorenzoglobal.com\/fr\/#website\"},\"primaryImageOfPage\":{\"@id\":\"https:\/\/delorenzoglobal.com\/fr\/produit\/entraineur-de-centrale-eolienne-en-reseau-on-grid\/#primaryimage\"},\"image\":{\"@id\":\"https:\/\/delorenzoglobal.com\/fr\/produit\/entraineur-de-centrale-eolienne-en-reseau-on-grid\/#primaryimage\"},\"thumbnailUrl\":\"https:\/\/delorenzoglobal.com\/wp-content\/uploads\/2026\/01\/WIND-POWER-PLANT-TRAINER-ON-GRID.jpeg\",\"datePublished\":\"2026-01-09T10:56:54+00:00\",\"dateModified\":\"2026-01-16T10:52:31+00:00\",\"description\":\"Formation \u00e9olienne On-Grid pour apprendre en pratique comment l\u2019\u00e9nergie \u00e9olienne est inject\u00e9e directement dans le r\u00e9seau \u00e9lectrique.\",\"breadcrumb\":{\"@id\":\"https:\/\/delorenzoglobal.com\/fr\/produit\/entraineur-de-centrale-eolienne-en-reseau-on-grid\/#breadcrumb\"},\"inLanguage\":\"fr-FR\",\"potentialAction\":[{\"@type\":\"ReadAction\",\"target\":[\"https:\/\/delorenzoglobal.com\/fr\/produit\/entraineur-de-centrale-eolienne-en-reseau-on-grid\/\"]}]},{\"@type\":\"ImageObject\",\"inLanguage\":\"fr-FR\",\"@id\":\"https:\/\/delorenzoglobal.com\/fr\/produit\/entraineur-de-centrale-eolienne-en-reseau-on-grid\/#primaryimage\",\"url\":\"https:\/\/delorenzoglobal.com\/wp-content\/uploads\/2026\/01\/WIND-POWER-PLANT-TRAINER-ON-GRID.jpeg\",\"contentUrl\":\"https:\/\/delorenzoglobal.com\/wp-content\/uploads\/2026\/01\/WIND-POWER-PLANT-TRAINER-ON-GRID.jpeg\",\"width\":966,\"height\":569},{\"@type\":\"BreadcrumbList\",\"@id\":\"https:\/\/delorenzoglobal.com\/fr\/produit\/entraineur-de-centrale-eolienne-en-reseau-on-grid\/#breadcrumb\",\"itemListElement\":[{\"@type\":\"ListItem\",\"position\":1,\"name\":\"Home\",\"item\":\"https:\/\/delorenzoglobal.com\/fr\/\"},{\"@type\":\"ListItem\",\"position\":2,\"name\":\"Boutique\",\"item\":\"https:\/\/delorenzoglobal.com\/fr\/boutique\/\"},{\"@type\":\"ListItem\",\"position\":3,\"name\":\"ENTRA\u00ceNEUR DE CENTRALE \u00c9OLIENNE EN R\u00c9SEAU (ON-GRID)\"}]},{\"@type\":\"WebSite\",\"@id\":\"https:\/\/delorenzoglobal.com\/fr\/#website\",\"url\":\"https:\/\/delorenzoglobal.com\/fr\/\",\"name\":\"De Lorenzo Training &amp; Didactical Equipment\",\"description\":\"\",\"potentialAction\":[{\"@type\":\"SearchAction\",\"target\":{\"@type\":\"EntryPoint\",\"urlTemplate\":\"https:\/\/delorenzoglobal.com\/fr\/?s={search_term_string}\"},\"query-input\":{\"@type\":\"PropertyValueSpecification\",\"valueRequired\":true,\"valueName\":\"search_term_string\"}}],\"inLanguage\":\"fr-FR\"}]}<\/script>\n<!-- \/ Yoast SEO plugin. -->","yoast_head_json":{"title":"ENTRA\u00ceNEUR DE CENTRALE \u00c9OLIENNE EN R\u00c9SEAU (ON-GRID) - De Lorenzo Training &amp; Didactical Equipment","description":"Formation \u00e9olienne On-Grid pour apprendre en pratique comment l\u2019\u00e9nergie \u00e9olienne est inject\u00e9e directement dans le r\u00e9seau \u00e9lectrique.","robots":{"index":"index","follow":"follow","max-snippet":"max-snippet:-1","max-image-preview":"max-image-preview:large","max-video-preview":"max-video-preview:-1"},"canonical":"https:\/\/delorenzoglobal.com\/fr\/produit\/entraineur-de-centrale-eolienne-en-reseau-on-grid\/","og_locale":"fr_FR","og_type":"article","og_title":"ENTRA\u00ceNEUR DE CENTRALE \u00c9OLIENNE EN R\u00c9SEAU (ON-GRID) - De Lorenzo Training &amp; Didactical Equipment","og_description":"Formation \u00e9olienne On-Grid pour apprendre en pratique comment l\u2019\u00e9nergie \u00e9olienne est inject\u00e9e directement dans le r\u00e9seau \u00e9lectrique.","og_url":"https:\/\/delorenzoglobal.com\/fr\/produit\/entraineur-de-centrale-eolienne-en-reseau-on-grid\/","og_site_name":"De Lorenzo Training &amp; Didactical Equipment","article_modified_time":"2026-01-16T10:52:31+00:00","og_image":[{"width":966,"height":569,"url":"https:\/\/delorenzoglobal.com\/wp-content\/uploads\/2026\/01\/WIND-POWER-PLANT-TRAINER-ON-GRID.jpeg","type":"image\/jpeg"}],"twitter_card":"summary_large_image","twitter_misc":{"Dur\u00e9e de lecture estim\u00e9e":"1 minute"},"schema":{"@context":"https:\/\/schema.org","@graph":[{"@type":"WebPage","@id":"https:\/\/delorenzoglobal.com\/fr\/produit\/entraineur-de-centrale-eolienne-en-reseau-on-grid\/","url":"https:\/\/delorenzoglobal.com\/fr\/produit\/entraineur-de-centrale-eolienne-en-reseau-on-grid\/","name":"ENTRA\u00ceNEUR DE CENTRALE \u00c9OLIENNE EN R\u00c9SEAU (ON-GRID) - De Lorenzo Training &amp; Didactical Equipment","isPartOf":{"@id":"https:\/\/delorenzoglobal.com\/fr\/#website"},"primaryImageOfPage":{"@id":"https:\/\/delorenzoglobal.com\/fr\/produit\/entraineur-de-centrale-eolienne-en-reseau-on-grid\/#primaryimage"},"image":{"@id":"https:\/\/delorenzoglobal.com\/fr\/produit\/entraineur-de-centrale-eolienne-en-reseau-on-grid\/#primaryimage"},"thumbnailUrl":"https:\/\/delorenzoglobal.com\/wp-content\/uploads\/2026\/01\/WIND-POWER-PLANT-TRAINER-ON-GRID.jpeg","datePublished":"2026-01-09T10:56:54+00:00","dateModified":"2026-01-16T10:52:31+00:00","description":"Formation \u00e9olienne On-Grid pour apprendre en pratique comment l\u2019\u00e9nergie \u00e9olienne est inject\u00e9e directement dans le r\u00e9seau \u00e9lectrique.","breadcrumb":{"@id":"https:\/\/delorenzoglobal.com\/fr\/produit\/entraineur-de-centrale-eolienne-en-reseau-on-grid\/#breadcrumb"},"inLanguage":"fr-FR","potentialAction":[{"@type":"ReadAction","target":["https:\/\/delorenzoglobal.com\/fr\/produit\/entraineur-de-centrale-eolienne-en-reseau-on-grid\/"]}]},{"@type":"ImageObject","inLanguage":"fr-FR","@id":"https:\/\/delorenzoglobal.com\/fr\/produit\/entraineur-de-centrale-eolienne-en-reseau-on-grid\/#primaryimage","url":"https:\/\/delorenzoglobal.com\/wp-content\/uploads\/2026\/01\/WIND-POWER-PLANT-TRAINER-ON-GRID.jpeg","contentUrl":"https:\/\/delorenzoglobal.com\/wp-content\/uploads\/2026\/01\/WIND-POWER-PLANT-TRAINER-ON-GRID.jpeg","width":966,"height":569},{"@type":"BreadcrumbList","@id":"https:\/\/delorenzoglobal.com\/fr\/produit\/entraineur-de-centrale-eolienne-en-reseau-on-grid\/#breadcrumb","itemListElement":[{"@type":"ListItem","position":1,"name":"Home","item":"https:\/\/delorenzoglobal.com\/fr\/"},{"@type":"ListItem","position":2,"name":"Boutique","item":"https:\/\/delorenzoglobal.com\/fr\/boutique\/"},{"@type":"ListItem","position":3,"name":"ENTRA\u00ceNEUR DE CENTRALE \u00c9OLIENNE EN R\u00c9SEAU (ON-GRID)"}]},{"@type":"WebSite","@id":"https:\/\/delorenzoglobal.com\/fr\/#website","url":"https:\/\/delorenzoglobal.com\/fr\/","name":"De Lorenzo Training &amp; Didactical Equipment","description":"","potentialAction":[{"@type":"SearchAction","target":{"@type":"EntryPoint","urlTemplate":"https:\/\/delorenzoglobal.com\/fr\/?s={search_term_string}"},"query-input":{"@type":"PropertyValueSpecification","valueRequired":true,"valueName":"search_term_string"}}],"inLanguage":"fr-FR"}]}},"_links":{"self":[{"href":"https:\/\/delorenzoglobal.com\/fr\/wp-json\/wp\/v2\/product\/67643","targetHints":{"allow":["GET"]}}],"collection":[{"href":"https:\/\/delorenzoglobal.com\/fr\/wp-json\/wp\/v2\/product"}],"about":[{"href":"https:\/\/delorenzoglobal.com\/fr\/wp-json\/wp\/v2\/types\/product"}],"wp:featuredmedia":[{"embeddable":true,"href":"https:\/\/delorenzoglobal.com\/fr\/wp-json\/wp\/v2\/media\/67266"}],"wp:attachment":[{"href":"https:\/\/delorenzoglobal.com\/fr\/wp-json\/wp\/v2\/media?parent=67643"}],"wp:term":[{"taxonomy":"product_brand","embeddable":true,"href":"https:\/\/delorenzoglobal.com\/fr\/wp-json\/wp\/v2\/product_brand?post=67643"},{"taxonomy":"product_cat","embeddable":true,"href":"https:\/\/delorenzoglobal.com\/fr\/wp-json\/wp\/v2\/product_cat?post=67643"},{"taxonomy":"product_tag","embeddable":true,"href":"https:\/\/delorenzoglobal.com\/fr\/wp-json\/wp\/v2\/product_tag?post=67643"}],"curies":[{"name":"wp","href":"https:\/\/api.w.org\/{rel}","templated":true}]}}