{"id":6756,"date":"2024-04-15T11:54:52","date_gmt":"2024-04-15T09:54:52","guid":{"rendered":"https:\/\/delorenzoglobal.com\/?post_type=product&#038;p=6756"},"modified":"2025-05-21T08:58:25","modified_gmt":"2025-05-21T06:58:25","slug":"demonstrateur-antenne","status":"publish","type":"product","link":"https:\/\/delorenzoglobal.com\/fr\/produit\/demonstrateur-antenne\/","title":{"rendered":"DEMONSTRATEUR ANTENNE"},"content":{"rendered":"<p>Le syst\u00e8me a \u00e9t\u00e9 r\u00e9alis\u00e9 pour introduire l\u2019\u00e9l\u00e8ve \u00e0 la compr\u00e9hension du mode de fonctionnement des antennes.<\/p>\n<p>CARACT\u00c9RISTIQUES TECHNIQUES :<\/p>\n<p>Le d\u00e9monstrateur comprend: panneau de base avec g\u00e9n\u00e9rateur, ligne de Lecher, d\u00e9tecteur RF, r\u00e9cepteur mobile, joint de fixation \u00e0 la base, base de support pour r\u00e9cepteur, r\u00e9flecteur, bouton de verrouillage, c\u00e2ble de connexion blind\u00e9 entre la ligne de Lecher et le d\u00e9tecteur avec fiche banane, diam\u00e8tre : 2 mm (longueur = 60 cm), jeu de c\u00e2bles de mesure et de raccordement, support coaxial pour antenne (m\u00e2t) avec base tournante, fiche BNC en &lsquo;T&rsquo;, jeu de 5 monop\u00f4les avec terminaisons banane, diff\u00e9rentes longueurs, antenne ground-plane, antenne Yagi, antenne dip\u00f4le repli\u00e9, antenne dip\u00f4le simple, c\u00e2ble coaxial RG59 avec BNC F \/ F, longueur = 60 cm, avec adaptateurs M \/ M et F \/ F. Fr\u00e9quence de fonctionnement : de 860 \u00e0 950 MHz.<\/p>\n<p>Alimentation d&rsquo;entr\u00e9e: +15 Vcc, 200 mA.<\/p>\n","protected":false},"excerpt":{"rendered":"<p>Le syst\u00e8me a \u00e9t\u00e9 r\u00e9alis\u00e9 pour introduire l\u2019\u00e9l\u00e8ve \u00e0 la compr\u00e9hension du mode de fonctionnement des antennes. CARACT\u00c9RISTIQUES TECHNIQUES : Le d\u00e9monstrateur comprend: panneau de base avec g\u00e9n\u00e9rateur, ligne de Lecher, d\u00e9tecteur RF, r\u00e9cepteur mobile, joint de fixation \u00e0 la base, base de support pour r\u00e9cepteur, r\u00e9flecteur, bouton de verrouillage, c\u00e2ble de connexion blind\u00e9 entre [&hellip;]<\/p>\n","protected":false},"featured_media":60562,"template":"","meta":{"_acf_changed":false},"product_brand":[],"product_cat":[322],"product_tag":[],"class_list":{"0":"post-6756","1":"product","2":"type-product","3":"status-publish","4":"has-post-thumbnail","6":"product_cat-systemes-de-transmission","8":"first","9":"instock","10":"shipping-taxable","11":"product-type-simple"},"acf":[],"yoast_head":"<!-- This site is optimized with the Yoast SEO plugin v27.4 - https:\/\/yoast.com\/product\/yoast-seo-wordpress\/ -->\n<title>DEMONSTRATEUR ANTENNE - De Lorenzo Training &amp; Didactical Equipment<\/title>\n<meta name=\"robots\" content=\"index, follow, max-snippet:-1, max-image-preview:large, max-video-preview:-1\" \/>\n<link rel=\"canonical\" href=\"https:\/\/delorenzoglobal.com\/fr\/produit\/demonstrateur-antenne\/\" \/>\n<meta property=\"og:locale\" content=\"fr_FR\" \/>\n<meta property=\"og:type\" content=\"article\" \/>\n<meta property=\"og:title\" content=\"DEMONSTRATEUR ANTENNE - De Lorenzo Training &amp; Didactical Equipment\" \/>\n<meta property=\"og:description\" content=\"Le syst\u00e8me a \u00e9t\u00e9 r\u00e9alis\u00e9 pour introduire l\u2019\u00e9l\u00e8ve \u00e0 la compr\u00e9hension du mode de fonctionnement des antennes. CARACT\u00c9RISTIQUES TECHNIQUES : Le d\u00e9monstrateur comprend: panneau de base avec g\u00e9n\u00e9rateur, ligne de Lecher, d\u00e9tecteur RF, r\u00e9cepteur mobile, joint de fixation \u00e0 la base, base de support pour r\u00e9cepteur, r\u00e9flecteur, bouton de verrouillage, c\u00e2ble de connexion blind\u00e9 entre [&hellip;]\" \/>\n<meta property=\"og:url\" content=\"https:\/\/delorenzoglobal.com\/fr\/produit\/demonstrateur-antenne\/\" \/>\n<meta property=\"og:site_name\" content=\"De Lorenzo Training &amp; Didactical Equipment\" \/>\n<meta property=\"article:modified_time\" content=\"2025-05-21T06:58:25+00:00\" \/>\n<meta property=\"og:image\" content=\"https:\/\/delorenzoglobal.com\/wp-content\/uploads\/2024\/04\/DL-2595-scaled.jpg\" \/>\n\t<meta property=\"og:image:width\" content=\"2560\" \/>\n\t<meta property=\"og:image:height\" content=\"1705\" \/>\n\t<meta property=\"og:image:type\" content=\"image\/jpeg\" \/>\n<meta name=\"twitter:card\" content=\"summary_large_image\" \/>\n<meta name=\"twitter:label1\" content=\"Dur\u00e9e de lecture estim\u00e9e\" \/>\n\t<meta name=\"twitter:data1\" content=\"1 minute\" \/>\n<script type=\"application\/ld+json\" class=\"yoast-schema-graph\">{\"@context\":\"https:\\\/\\\/schema.org\",\"@graph\":[{\"@type\":\"WebPage\",\"@id\":\"https:\\\/\\\/delorenzoglobal.com\\\/fr\\\/produit\\\/demonstrateur-antenne\\\/\",\"url\":\"https:\\\/\\\/delorenzoglobal.com\\\/fr\\\/produit\\\/demonstrateur-antenne\\\/\",\"name\":\"DEMONSTRATEUR ANTENNE - De Lorenzo Training &amp; Didactical Equipment\",\"isPartOf\":{\"@id\":\"https:\\\/\\\/delorenzoglobal.com\\\/fr\\\/#website\"},\"primaryImageOfPage\":{\"@id\":\"https:\\\/\\\/delorenzoglobal.com\\\/fr\\\/produit\\\/demonstrateur-antenne\\\/#primaryimage\"},\"image\":{\"@id\":\"https:\\\/\\\/delorenzoglobal.com\\\/fr\\\/produit\\\/demonstrateur-antenne\\\/#primaryimage\"},\"thumbnailUrl\":\"https:\\\/\\\/delorenzoglobal.com\\\/wp-content\\\/uploads\\\/2024\\\/04\\\/DL-2595-1-scaled.jpg\",\"datePublished\":\"2024-04-15T09:54:52+00:00\",\"dateModified\":\"2025-05-21T06:58:25+00:00\",\"breadcrumb\":{\"@id\":\"https:\\\/\\\/delorenzoglobal.com\\\/fr\\\/produit\\\/demonstrateur-antenne\\\/#breadcrumb\"},\"inLanguage\":\"fr-FR\",\"potentialAction\":[{\"@type\":\"ReadAction\",\"target\":[\"https:\\\/\\\/delorenzoglobal.com\\\/fr\\\/produit\\\/demonstrateur-antenne\\\/\"]}]},{\"@type\":\"ImageObject\",\"inLanguage\":\"fr-FR\",\"@id\":\"https:\\\/\\\/delorenzoglobal.com\\\/fr\\\/produit\\\/demonstrateur-antenne\\\/#primaryimage\",\"url\":\"https:\\\/\\\/delorenzoglobal.com\\\/wp-content\\\/uploads\\\/2024\\\/04\\\/DL-2595-1-scaled.jpg\",\"contentUrl\":\"https:\\\/\\\/delorenzoglobal.com\\\/wp-content\\\/uploads\\\/2024\\\/04\\\/DL-2595-1-scaled.jpg\",\"width\":2560,\"height\":1705},{\"@type\":\"BreadcrumbList\",\"@id\":\"https:\\\/\\\/delorenzoglobal.com\\\/fr\\\/produit\\\/demonstrateur-antenne\\\/#breadcrumb\",\"itemListElement\":[{\"@type\":\"ListItem\",\"position\":1,\"name\":\"Home\",\"item\":\"https:\\\/\\\/delorenzoglobal.com\\\/fr\\\/\"},{\"@type\":\"ListItem\",\"position\":2,\"name\":\"Boutique\",\"item\":\"https:\\\/\\\/delorenzoglobal.com\\\/fr\\\/boutique\\\/\"},{\"@type\":\"ListItem\",\"position\":3,\"name\":\"DEMONSTRATEUR ANTENNE\"}]},{\"@type\":\"WebSite\",\"@id\":\"https:\\\/\\\/delorenzoglobal.com\\\/fr\\\/#website\",\"url\":\"https:\\\/\\\/delorenzoglobal.com\\\/fr\\\/\",\"name\":\"De Lorenzo Training &amp; Didactical Equipment\",\"description\":\"\",\"potentialAction\":[{\"@type\":\"SearchAction\",\"target\":{\"@type\":\"EntryPoint\",\"urlTemplate\":\"https:\\\/\\\/delorenzoglobal.com\\\/fr\\\/?s={search_term_string}\"},\"query-input\":{\"@type\":\"PropertyValueSpecification\",\"valueRequired\":true,\"valueName\":\"search_term_string\"}}],\"inLanguage\":\"fr-FR\"}]}<\/script>\n<!-- \/ Yoast SEO plugin. -->","yoast_head_json":{"title":"DEMONSTRATEUR ANTENNE - De Lorenzo Training &amp; Didactical Equipment","robots":{"index":"index","follow":"follow","max-snippet":"max-snippet:-1","max-image-preview":"max-image-preview:large","max-video-preview":"max-video-preview:-1"},"canonical":"https:\/\/delorenzoglobal.com\/fr\/produit\/demonstrateur-antenne\/","og_locale":"fr_FR","og_type":"article","og_title":"DEMONSTRATEUR ANTENNE - De Lorenzo Training &amp; Didactical Equipment","og_description":"Le syst\u00e8me a \u00e9t\u00e9 r\u00e9alis\u00e9 pour introduire l\u2019\u00e9l\u00e8ve \u00e0 la compr\u00e9hension du mode de fonctionnement des antennes. CARACT\u00c9RISTIQUES TECHNIQUES : Le d\u00e9monstrateur comprend: panneau de base avec g\u00e9n\u00e9rateur, ligne de Lecher, d\u00e9tecteur RF, r\u00e9cepteur mobile, joint de fixation \u00e0 la base, base de support pour r\u00e9cepteur, r\u00e9flecteur, bouton de verrouillage, c\u00e2ble de connexion blind\u00e9 entre [&hellip;]","og_url":"https:\/\/delorenzoglobal.com\/fr\/produit\/demonstrateur-antenne\/","og_site_name":"De Lorenzo Training &amp; Didactical Equipment","article_modified_time":"2025-05-21T06:58:25+00:00","og_image":[{"width":2560,"height":1705,"url":"https:\/\/delorenzoglobal.com\/wp-content\/uploads\/2024\/04\/DL-2595-scaled.jpg","type":"image\/jpeg"}],"twitter_card":"summary_large_image","twitter_misc":{"Dur\u00e9e de lecture estim\u00e9e":"1 minute"},"schema":{"@context":"https:\/\/schema.org","@graph":[{"@type":"WebPage","@id":"https:\/\/delorenzoglobal.com\/fr\/produit\/demonstrateur-antenne\/","url":"https:\/\/delorenzoglobal.com\/fr\/produit\/demonstrateur-antenne\/","name":"DEMONSTRATEUR ANTENNE - De Lorenzo Training &amp; Didactical Equipment","isPartOf":{"@id":"https:\/\/delorenzoglobal.com\/fr\/#website"},"primaryImageOfPage":{"@id":"https:\/\/delorenzoglobal.com\/fr\/produit\/demonstrateur-antenne\/#primaryimage"},"image":{"@id":"https:\/\/delorenzoglobal.com\/fr\/produit\/demonstrateur-antenne\/#primaryimage"},"thumbnailUrl":"https:\/\/delorenzoglobal.com\/wp-content\/uploads\/2024\/04\/DL-2595-1-scaled.jpg","datePublished":"2024-04-15T09:54:52+00:00","dateModified":"2025-05-21T06:58:25+00:00","breadcrumb":{"@id":"https:\/\/delorenzoglobal.com\/fr\/produit\/demonstrateur-antenne\/#breadcrumb"},"inLanguage":"fr-FR","potentialAction":[{"@type":"ReadAction","target":["https:\/\/delorenzoglobal.com\/fr\/produit\/demonstrateur-antenne\/"]}]},{"@type":"ImageObject","inLanguage":"fr-FR","@id":"https:\/\/delorenzoglobal.com\/fr\/produit\/demonstrateur-antenne\/#primaryimage","url":"https:\/\/delorenzoglobal.com\/wp-content\/uploads\/2024\/04\/DL-2595-1-scaled.jpg","contentUrl":"https:\/\/delorenzoglobal.com\/wp-content\/uploads\/2024\/04\/DL-2595-1-scaled.jpg","width":2560,"height":1705},{"@type":"BreadcrumbList","@id":"https:\/\/delorenzoglobal.com\/fr\/produit\/demonstrateur-antenne\/#breadcrumb","itemListElement":[{"@type":"ListItem","position":1,"name":"Home","item":"https:\/\/delorenzoglobal.com\/fr\/"},{"@type":"ListItem","position":2,"name":"Boutique","item":"https:\/\/delorenzoglobal.com\/fr\/boutique\/"},{"@type":"ListItem","position":3,"name":"DEMONSTRATEUR ANTENNE"}]},{"@type":"WebSite","@id":"https:\/\/delorenzoglobal.com\/fr\/#website","url":"https:\/\/delorenzoglobal.com\/fr\/","name":"De Lorenzo Training &amp; Didactical Equipment","description":"","potentialAction":[{"@type":"SearchAction","target":{"@type":"EntryPoint","urlTemplate":"https:\/\/delorenzoglobal.com\/fr\/?s={search_term_string}"},"query-input":{"@type":"PropertyValueSpecification","valueRequired":true,"valueName":"search_term_string"}}],"inLanguage":"fr-FR"}]}},"_links":{"self":[{"href":"https:\/\/delorenzoglobal.com\/fr\/wp-json\/wp\/v2\/product\/6756","targetHints":{"allow":["GET"]}}],"collection":[{"href":"https:\/\/delorenzoglobal.com\/fr\/wp-json\/wp\/v2\/product"}],"about":[{"href":"https:\/\/delorenzoglobal.com\/fr\/wp-json\/wp\/v2\/types\/product"}],"wp:featuredmedia":[{"embeddable":true,"href":"https:\/\/delorenzoglobal.com\/fr\/wp-json\/wp\/v2\/media\/60562"}],"wp:attachment":[{"href":"https:\/\/delorenzoglobal.com\/fr\/wp-json\/wp\/v2\/media?parent=6756"}],"wp:term":[{"taxonomy":"product_brand","embeddable":true,"href":"https:\/\/delorenzoglobal.com\/fr\/wp-json\/wp\/v2\/product_brand?post=6756"},{"taxonomy":"product_cat","embeddable":true,"href":"https:\/\/delorenzoglobal.com\/fr\/wp-json\/wp\/v2\/product_cat?post=6756"},{"taxonomy":"product_tag","embeddable":true,"href":"https:\/\/delorenzoglobal.com\/fr\/wp-json\/wp\/v2\/product_tag?post=6756"}],"curies":[{"name":"wp","href":"https:\/\/api.w.org\/{rel}","templated":true}]}}