{"id":6660,"date":"2024-04-15T10:26:22","date_gmt":"2024-04-15T08:26:22","guid":{"rendered":"https:\/\/delorenzoglobal.com\/?post_type=product&#038;p=6660"},"modified":"2025-05-26T14:31:27","modified_gmt":"2025-05-26T12:31:27","slug":"configuration-totale-3","status":"publish","type":"product","link":"https:\/\/delorenzoglobal.com\/fr\/produit\/configuration-totale-3\/","title":{"rendered":"CONFIGURATION TOTALE"},"content":{"rendered":"<p>Un \u00e9lectricien professionnel doit fournir un service \u00e9lectrique s\u00fbr et fiable pour garantir que tous les travaux sont conformes aux r\u00e8gles nationales applicables.<\/p>\n<p>Cela comprend l&rsquo;assemblage, l&rsquo;installation, le test et la maintenance du c\u00e2blage, des \u00e9quipements, des appareils, etc.<\/p>\n<p>Un \u00e9lectricien doit \u00e9galement diagnostiquer et r\u00e9parer les syst\u00e8mes, appareils et composants d\u00e9fectueux en cas de d\u00e9faillance.<\/p>\n<p>Ce catalogue illustre les laboratoires d\u2019\u00e9tude des installations civiles, o\u00f9 tous les d\u00e9monstrateurs ont une structure modulaire et se compose de panneaux didactiques avec symboles et sch\u00e9mas install\u00e9s sur un cadre vertical.<\/p>\n<p>La modularit\u00e9 de ces syst\u00e8mes didactiques offre aux \u00e9tudiants une approche directe et imm\u00e9diate du sujet, offrant la possibilit\u00e9 d&rsquo;\u00e9tudier diff\u00e9rentes mati\u00e8res en r\u00e9alisant diff\u00e9rentes exp\u00e9riences.<\/p>\n","protected":false},"excerpt":{"rendered":"<p>Un \u00e9lectricien professionnel doit fournir un service \u00e9lectrique s\u00fbr et fiable pour garantir que tous les travaux sont conformes aux r\u00e8gles nationales applicables. Cela comprend l&rsquo;assemblage, l&rsquo;installation, le test et la maintenance du c\u00e2blage, des \u00e9quipements, des appareils, etc. Un \u00e9lectricien doit \u00e9galement diagnostiquer et r\u00e9parer les syst\u00e8mes, appareils et composants d\u00e9fectueux en cas de [&hellip;]<\/p>\n","protected":false},"featured_media":6309,"template":"","meta":{"_acf_changed":false},"product_brand":[],"product_cat":[289],"product_tag":[],"class_list":{"0":"post-6660","1":"product","2":"type-product","3":"status-publish","4":"has-post-thumbnail","6":"product_cat-installations-civiles","8":"first","9":"instock","10":"shipping-taxable","11":"product-type-simple"},"acf":[],"yoast_head":"<!-- This site is optimized with the Yoast SEO plugin v27.0 - https:\/\/yoast.com\/product\/yoast-seo-wordpress\/ -->\n<title>CONFIGURATION TOTALE - De Lorenzo Training &amp; Didactical Equipment<\/title>\n<meta name=\"robots\" content=\"index, follow, max-snippet:-1, max-image-preview:large, max-video-preview:-1\" \/>\n<link rel=\"canonical\" href=\"https:\/\/delorenzoglobal.com\/fr\/produit\/configuration-totale-3\/\" \/>\n<meta property=\"og:locale\" content=\"fr_FR\" \/>\n<meta property=\"og:type\" content=\"article\" \/>\n<meta property=\"og:title\" content=\"CONFIGURATION TOTALE - De Lorenzo Training &amp; Didactical Equipment\" \/>\n<meta property=\"og:description\" content=\"Un \u00e9lectricien professionnel doit fournir un service \u00e9lectrique s\u00fbr et fiable pour garantir que tous les travaux sont conformes aux r\u00e8gles nationales applicables. Cela comprend l&rsquo;assemblage, l&rsquo;installation, le test et la maintenance du c\u00e2blage, des \u00e9quipements, des appareils, etc. Un \u00e9lectricien doit \u00e9galement diagnostiquer et r\u00e9parer les syst\u00e8mes, appareils et composants d\u00e9fectueux en cas de [&hellip;]\" \/>\n<meta property=\"og:url\" content=\"https:\/\/delorenzoglobal.com\/fr\/produit\/configuration-totale-3\/\" \/>\n<meta property=\"og:site_name\" content=\"De Lorenzo Training &amp; Didactical Equipment\" \/>\n<meta property=\"article:modified_time\" content=\"2025-05-26T12:31:27+00:00\" \/>\n<meta property=\"og:image\" content=\"https:\/\/delorenzoglobal.com\/wp-content\/uploads\/2024\/04\/DL-2101TA.png\" \/>\n\t<meta property=\"og:image:width\" content=\"880\" \/>\n\t<meta property=\"og:image:height\" content=\"689\" \/>\n\t<meta property=\"og:image:type\" content=\"image\/png\" \/>\n<meta name=\"twitter:card\" content=\"summary_large_image\" \/>\n<meta name=\"twitter:label1\" content=\"Dur\u00e9e de lecture estim\u00e9e\" \/>\n\t<meta name=\"twitter:data1\" content=\"1 minute\" \/>\n<script type=\"application\/ld+json\" class=\"yoast-schema-graph\">{\"@context\":\"https:\/\/schema.org\",\"@graph\":[{\"@type\":\"WebPage\",\"@id\":\"https:\/\/delorenzoglobal.com\/fr\/produit\/configuration-totale-3\/\",\"url\":\"https:\/\/delorenzoglobal.com\/fr\/produit\/configuration-totale-3\/\",\"name\":\"CONFIGURATION TOTALE - De Lorenzo Training &amp; Didactical Equipment\",\"isPartOf\":{\"@id\":\"https:\/\/delorenzoglobal.com\/fr\/#website\"},\"primaryImageOfPage\":{\"@id\":\"https:\/\/delorenzoglobal.com\/fr\/produit\/configuration-totale-3\/#primaryimage\"},\"image\":{\"@id\":\"https:\/\/delorenzoglobal.com\/fr\/produit\/configuration-totale-3\/#primaryimage\"},\"thumbnailUrl\":\"https:\/\/delorenzoglobal.com\/wp-content\/uploads\/2024\/04\/DL-2101TA.png\",\"datePublished\":\"2024-04-15T08:26:22+00:00\",\"dateModified\":\"2025-05-26T12:31:27+00:00\",\"breadcrumb\":{\"@id\":\"https:\/\/delorenzoglobal.com\/fr\/produit\/configuration-totale-3\/#breadcrumb\"},\"inLanguage\":\"fr-FR\",\"potentialAction\":[{\"@type\":\"ReadAction\",\"target\":[\"https:\/\/delorenzoglobal.com\/fr\/produit\/configuration-totale-3\/\"]}]},{\"@type\":\"ImageObject\",\"inLanguage\":\"fr-FR\",\"@id\":\"https:\/\/delorenzoglobal.com\/fr\/produit\/configuration-totale-3\/#primaryimage\",\"url\":\"https:\/\/delorenzoglobal.com\/wp-content\/uploads\/2024\/04\/DL-2101TA.png\",\"contentUrl\":\"https:\/\/delorenzoglobal.com\/wp-content\/uploads\/2024\/04\/DL-2101TA.png\",\"width\":880,\"height\":689},{\"@type\":\"BreadcrumbList\",\"@id\":\"https:\/\/delorenzoglobal.com\/fr\/produit\/configuration-totale-3\/#breadcrumb\",\"itemListElement\":[{\"@type\":\"ListItem\",\"position\":1,\"name\":\"Home\",\"item\":\"https:\/\/delorenzoglobal.com\/fr\/\"},{\"@type\":\"ListItem\",\"position\":2,\"name\":\"Boutique\",\"item\":\"https:\/\/delorenzoglobal.com\/fr\/boutique\/\"},{\"@type\":\"ListItem\",\"position\":3,\"name\":\"CONFIGURATION TOTALE\"}]},{\"@type\":\"WebSite\",\"@id\":\"https:\/\/delorenzoglobal.com\/fr\/#website\",\"url\":\"https:\/\/delorenzoglobal.com\/fr\/\",\"name\":\"De Lorenzo Training &amp; Didactical Equipment\",\"description\":\"\",\"potentialAction\":[{\"@type\":\"SearchAction\",\"target\":{\"@type\":\"EntryPoint\",\"urlTemplate\":\"https:\/\/delorenzoglobal.com\/fr\/?s={search_term_string}\"},\"query-input\":{\"@type\":\"PropertyValueSpecification\",\"valueRequired\":true,\"valueName\":\"search_term_string\"}}],\"inLanguage\":\"fr-FR\"}]}<\/script>\n<!-- \/ Yoast SEO plugin. -->","yoast_head_json":{"title":"CONFIGURATION TOTALE - De Lorenzo Training &amp; Didactical Equipment","robots":{"index":"index","follow":"follow","max-snippet":"max-snippet:-1","max-image-preview":"max-image-preview:large","max-video-preview":"max-video-preview:-1"},"canonical":"https:\/\/delorenzoglobal.com\/fr\/produit\/configuration-totale-3\/","og_locale":"fr_FR","og_type":"article","og_title":"CONFIGURATION TOTALE - De Lorenzo Training &amp; Didactical Equipment","og_description":"Un \u00e9lectricien professionnel doit fournir un service \u00e9lectrique s\u00fbr et fiable pour garantir que tous les travaux sont conformes aux r\u00e8gles nationales applicables. Cela comprend l&rsquo;assemblage, l&rsquo;installation, le test et la maintenance du c\u00e2blage, des \u00e9quipements, des appareils, etc. Un \u00e9lectricien doit \u00e9galement diagnostiquer et r\u00e9parer les syst\u00e8mes, appareils et composants d\u00e9fectueux en cas de [&hellip;]","og_url":"https:\/\/delorenzoglobal.com\/fr\/produit\/configuration-totale-3\/","og_site_name":"De Lorenzo Training &amp; Didactical Equipment","article_modified_time":"2025-05-26T12:31:27+00:00","og_image":[{"width":880,"height":689,"url":"https:\/\/delorenzoglobal.com\/wp-content\/uploads\/2024\/04\/DL-2101TA.png","type":"image\/png"}],"twitter_card":"summary_large_image","twitter_misc":{"Dur\u00e9e de lecture estim\u00e9e":"1 minute"},"schema":{"@context":"https:\/\/schema.org","@graph":[{"@type":"WebPage","@id":"https:\/\/delorenzoglobal.com\/fr\/produit\/configuration-totale-3\/","url":"https:\/\/delorenzoglobal.com\/fr\/produit\/configuration-totale-3\/","name":"CONFIGURATION TOTALE - De Lorenzo Training &amp; Didactical Equipment","isPartOf":{"@id":"https:\/\/delorenzoglobal.com\/fr\/#website"},"primaryImageOfPage":{"@id":"https:\/\/delorenzoglobal.com\/fr\/produit\/configuration-totale-3\/#primaryimage"},"image":{"@id":"https:\/\/delorenzoglobal.com\/fr\/produit\/configuration-totale-3\/#primaryimage"},"thumbnailUrl":"https:\/\/delorenzoglobal.com\/wp-content\/uploads\/2024\/04\/DL-2101TA.png","datePublished":"2024-04-15T08:26:22+00:00","dateModified":"2025-05-26T12:31:27+00:00","breadcrumb":{"@id":"https:\/\/delorenzoglobal.com\/fr\/produit\/configuration-totale-3\/#breadcrumb"},"inLanguage":"fr-FR","potentialAction":[{"@type":"ReadAction","target":["https:\/\/delorenzoglobal.com\/fr\/produit\/configuration-totale-3\/"]}]},{"@type":"ImageObject","inLanguage":"fr-FR","@id":"https:\/\/delorenzoglobal.com\/fr\/produit\/configuration-totale-3\/#primaryimage","url":"https:\/\/delorenzoglobal.com\/wp-content\/uploads\/2024\/04\/DL-2101TA.png","contentUrl":"https:\/\/delorenzoglobal.com\/wp-content\/uploads\/2024\/04\/DL-2101TA.png","width":880,"height":689},{"@type":"BreadcrumbList","@id":"https:\/\/delorenzoglobal.com\/fr\/produit\/configuration-totale-3\/#breadcrumb","itemListElement":[{"@type":"ListItem","position":1,"name":"Home","item":"https:\/\/delorenzoglobal.com\/fr\/"},{"@type":"ListItem","position":2,"name":"Boutique","item":"https:\/\/delorenzoglobal.com\/fr\/boutique\/"},{"@type":"ListItem","position":3,"name":"CONFIGURATION TOTALE"}]},{"@type":"WebSite","@id":"https:\/\/delorenzoglobal.com\/fr\/#website","url":"https:\/\/delorenzoglobal.com\/fr\/","name":"De Lorenzo Training &amp; Didactical Equipment","description":"","potentialAction":[{"@type":"SearchAction","target":{"@type":"EntryPoint","urlTemplate":"https:\/\/delorenzoglobal.com\/fr\/?s={search_term_string}"},"query-input":{"@type":"PropertyValueSpecification","valueRequired":true,"valueName":"search_term_string"}}],"inLanguage":"fr-FR"}]}},"_links":{"self":[{"href":"https:\/\/delorenzoglobal.com\/fr\/wp-json\/wp\/v2\/product\/6660","targetHints":{"allow":["GET"]}}],"collection":[{"href":"https:\/\/delorenzoglobal.com\/fr\/wp-json\/wp\/v2\/product"}],"about":[{"href":"https:\/\/delorenzoglobal.com\/fr\/wp-json\/wp\/v2\/types\/product"}],"wp:featuredmedia":[{"embeddable":true,"href":"https:\/\/delorenzoglobal.com\/fr\/wp-json\/wp\/v2\/media\/6309"}],"wp:attachment":[{"href":"https:\/\/delorenzoglobal.com\/fr\/wp-json\/wp\/v2\/media?parent=6660"}],"wp:term":[{"taxonomy":"product_brand","embeddable":true,"href":"https:\/\/delorenzoglobal.com\/fr\/wp-json\/wp\/v2\/product_brand?post=6660"},{"taxonomy":"product_cat","embeddable":true,"href":"https:\/\/delorenzoglobal.com\/fr\/wp-json\/wp\/v2\/product_cat?post=6660"},{"taxonomy":"product_tag","embeddable":true,"href":"https:\/\/delorenzoglobal.com\/fr\/wp-json\/wp\/v2\/product_tag?post=6660"}],"curies":[{"name":"wp","href":"https:\/\/api.w.org\/{rel}","templated":true}]}}