{"id":66147,"date":"2025-11-21T12:02:48","date_gmt":"2025-11-21T11:02:48","guid":{"rendered":"https:\/\/delorenzoglobal.com\/?post_type=product&#038;p=66147"},"modified":"2025-11-21T12:15:49","modified_gmt":"2025-11-21T11:15:49","slug":"formateur-de-systeme-de-controle-du-moteur-bosch-motronic-med-9-0","status":"publish","type":"product","link":"https:\/\/delorenzoglobal.com\/fr\/produit\/formateur-de-systeme-de-controle-du-moteur-bosch-motronic-med-9-0\/","title":{"rendered":"FORMATEUR DE SYSTEME DE CONTR\u00d4LE DU MOTEUR BOSCH MOTRONIC MED 9.0"},"content":{"rendered":"<p>Ce syst\u00e8me de formation DL TL36 est destin\u00e9 \u00e0 la d\u00e9monstration, \u00e0 la formation et \u00e0 l&rsquo;apprentissage de la conception, de la construction, du principe de fonctionnement, des r\u00e9glages et des ajustements d&rsquo;un syst\u00e8me de commande d&rsquo;injection directe d&rsquo;essence Bosch Motronic MED 9.0 (FSI \u2013 Field Stratified Injection\/Injection stratifi\u00e9e).<\/p>\n<p>Il est bas\u00e9 sur des composants OEM (Original Equipment Manufacturer\/Fabricant d&rsquo;\u00e9quipement d&rsquo;origine) de la Volkswagen Golf V.<\/p>\n","protected":false},"excerpt":{"rendered":"<p>Ce syst\u00e8me de formation DL TL36 est destin\u00e9 \u00e0 la d\u00e9monstration, \u00e0 la formation et \u00e0 l&rsquo;apprentissage de la conception, de la construction, du principe de fonctionnement, des r\u00e9glages et des ajustements d&rsquo;un syst\u00e8me de commande d&rsquo;injection directe d&rsquo;essence Bosch Motronic MED 9.0 (FSI \u2013 Field Stratified Injection\/Injection stratifi\u00e9e). Il est bas\u00e9 sur des composants [&hellip;]<\/p>\n","protected":false},"featured_media":66140,"template":"","meta":{"_acf_changed":false},"product_brand":[],"product_cat":[362],"product_tag":[],"class_list":{"0":"post-66147","1":"product","2":"type-product","3":"status-publish","4":"has-post-thumbnail","6":"product_cat-allumage","8":"first","9":"instock","10":"shipping-taxable","11":"product-type-simple"},"acf":[],"yoast_head":"<!-- This site is optimized with the Yoast SEO plugin v27.4 - https:\/\/yoast.com\/product\/yoast-seo-wordpress\/ -->\n<title>FORMATEUR DE SYSTEME DE CONTR\u00d4LE DU MOTEUR BOSCH MOTRONIC MED 9.0 - De Lorenzo Training &amp; Didactical Equipment<\/title>\n<meta name=\"robots\" content=\"index, follow, max-snippet:-1, max-image-preview:large, max-video-preview:-1\" \/>\n<link rel=\"canonical\" href=\"https:\/\/delorenzoglobal.com\/fr\/produit\/formateur-de-systeme-de-controle-du-moteur-bosch-motronic-med-9-0\/\" \/>\n<meta property=\"og:locale\" content=\"fr_FR\" \/>\n<meta property=\"og:type\" content=\"article\" \/>\n<meta property=\"og:title\" content=\"FORMATEUR DE SYSTEME DE CONTR\u00d4LE DU MOTEUR BOSCH MOTRONIC MED 9.0 - De Lorenzo Training &amp; Didactical Equipment\" \/>\n<meta property=\"og:description\" content=\"Ce syst\u00e8me de formation DL TL36 est destin\u00e9 \u00e0 la d\u00e9monstration, \u00e0 la formation et \u00e0 l&rsquo;apprentissage de la conception, de la construction, du principe de fonctionnement, des r\u00e9glages et des ajustements d&rsquo;un syst\u00e8me de commande d&rsquo;injection directe d&rsquo;essence Bosch Motronic MED 9.0 (FSI \u2013 Field Stratified Injection\/Injection stratifi\u00e9e). Il est bas\u00e9 sur des composants [&hellip;]\" \/>\n<meta property=\"og:url\" content=\"https:\/\/delorenzoglobal.com\/fr\/produit\/formateur-de-systeme-de-controle-du-moteur-bosch-motronic-med-9-0\/\" \/>\n<meta property=\"og:site_name\" content=\"De Lorenzo Training &amp; Didactical Equipment\" \/>\n<meta property=\"article:modified_time\" content=\"2025-11-21T11:15:49+00:00\" \/>\n<meta property=\"og:image\" content=\"https:\/\/delorenzoglobal.com\/wp-content\/uploads\/2025\/11\/DL-TL36-1.png\" \/>\n\t<meta property=\"og:image:width\" content=\"684\" \/>\n\t<meta property=\"og:image:height\" content=\"692\" \/>\n\t<meta property=\"og:image:type\" content=\"image\/png\" \/>\n<meta name=\"twitter:card\" content=\"summary_large_image\" \/>\n<meta name=\"twitter:label1\" content=\"Dur\u00e9e de lecture estim\u00e9e\" \/>\n\t<meta name=\"twitter:data1\" content=\"1 minute\" \/>\n<script type=\"application\/ld+json\" class=\"yoast-schema-graph\">{\"@context\":\"https:\\\/\\\/schema.org\",\"@graph\":[{\"@type\":\"WebPage\",\"@id\":\"https:\\\/\\\/delorenzoglobal.com\\\/fr\\\/produit\\\/formateur-de-systeme-de-controle-du-moteur-bosch-motronic-med-9-0\\\/\",\"url\":\"https:\\\/\\\/delorenzoglobal.com\\\/fr\\\/produit\\\/formateur-de-systeme-de-controle-du-moteur-bosch-motronic-med-9-0\\\/\",\"name\":\"FORMATEUR DE SYSTEME DE CONTR\u00d4LE DU MOTEUR BOSCH MOTRONIC MED 9.0 - De Lorenzo Training &amp; Didactical Equipment\",\"isPartOf\":{\"@id\":\"https:\\\/\\\/delorenzoglobal.com\\\/fr\\\/#website\"},\"primaryImageOfPage\":{\"@id\":\"https:\\\/\\\/delorenzoglobal.com\\\/fr\\\/produit\\\/formateur-de-systeme-de-controle-du-moteur-bosch-motronic-med-9-0\\\/#primaryimage\"},\"image\":{\"@id\":\"https:\\\/\\\/delorenzoglobal.com\\\/fr\\\/produit\\\/formateur-de-systeme-de-controle-du-moteur-bosch-motronic-med-9-0\\\/#primaryimage\"},\"thumbnailUrl\":\"https:\\\/\\\/delorenzoglobal.com\\\/wp-content\\\/uploads\\\/2025\\\/11\\\/DL-TL36-1.png\",\"datePublished\":\"2025-11-21T11:02:48+00:00\",\"dateModified\":\"2025-11-21T11:15:49+00:00\",\"breadcrumb\":{\"@id\":\"https:\\\/\\\/delorenzoglobal.com\\\/fr\\\/produit\\\/formateur-de-systeme-de-controle-du-moteur-bosch-motronic-med-9-0\\\/#breadcrumb\"},\"inLanguage\":\"fr-FR\",\"potentialAction\":[{\"@type\":\"ReadAction\",\"target\":[\"https:\\\/\\\/delorenzoglobal.com\\\/fr\\\/produit\\\/formateur-de-systeme-de-controle-du-moteur-bosch-motronic-med-9-0\\\/\"]}]},{\"@type\":\"ImageObject\",\"inLanguage\":\"fr-FR\",\"@id\":\"https:\\\/\\\/delorenzoglobal.com\\\/fr\\\/produit\\\/formateur-de-systeme-de-controle-du-moteur-bosch-motronic-med-9-0\\\/#primaryimage\",\"url\":\"https:\\\/\\\/delorenzoglobal.com\\\/wp-content\\\/uploads\\\/2025\\\/11\\\/DL-TL36-1.png\",\"contentUrl\":\"https:\\\/\\\/delorenzoglobal.com\\\/wp-content\\\/uploads\\\/2025\\\/11\\\/DL-TL36-1.png\",\"width\":684,\"height\":692},{\"@type\":\"BreadcrumbList\",\"@id\":\"https:\\\/\\\/delorenzoglobal.com\\\/fr\\\/produit\\\/formateur-de-systeme-de-controle-du-moteur-bosch-motronic-med-9-0\\\/#breadcrumb\",\"itemListElement\":[{\"@type\":\"ListItem\",\"position\":1,\"name\":\"Home\",\"item\":\"https:\\\/\\\/delorenzoglobal.com\\\/fr\\\/\"},{\"@type\":\"ListItem\",\"position\":2,\"name\":\"Boutique\",\"item\":\"https:\\\/\\\/delorenzoglobal.com\\\/fr\\\/boutique\\\/\"},{\"@type\":\"ListItem\",\"position\":3,\"name\":\"FORMATEUR DE SYSTEME DE CONTR\u00d4LE DU MOTEUR BOSCH MOTRONIC MED 9.0\"}]},{\"@type\":\"WebSite\",\"@id\":\"https:\\\/\\\/delorenzoglobal.com\\\/fr\\\/#website\",\"url\":\"https:\\\/\\\/delorenzoglobal.com\\\/fr\\\/\",\"name\":\"De Lorenzo Training &amp; Didactical Equipment\",\"description\":\"\",\"potentialAction\":[{\"@type\":\"SearchAction\",\"target\":{\"@type\":\"EntryPoint\",\"urlTemplate\":\"https:\\\/\\\/delorenzoglobal.com\\\/fr\\\/?s={search_term_string}\"},\"query-input\":{\"@type\":\"PropertyValueSpecification\",\"valueRequired\":true,\"valueName\":\"search_term_string\"}}],\"inLanguage\":\"fr-FR\"}]}<\/script>\n<!-- \/ Yoast SEO plugin. -->","yoast_head_json":{"title":"FORMATEUR DE SYSTEME DE CONTR\u00d4LE DU MOTEUR BOSCH MOTRONIC MED 9.0 - De Lorenzo Training &amp; Didactical Equipment","robots":{"index":"index","follow":"follow","max-snippet":"max-snippet:-1","max-image-preview":"max-image-preview:large","max-video-preview":"max-video-preview:-1"},"canonical":"https:\/\/delorenzoglobal.com\/fr\/produit\/formateur-de-systeme-de-controle-du-moteur-bosch-motronic-med-9-0\/","og_locale":"fr_FR","og_type":"article","og_title":"FORMATEUR DE SYSTEME DE CONTR\u00d4LE DU MOTEUR BOSCH MOTRONIC MED 9.0 - De Lorenzo Training &amp; Didactical Equipment","og_description":"Ce syst\u00e8me de formation DL TL36 est destin\u00e9 \u00e0 la d\u00e9monstration, \u00e0 la formation et \u00e0 l&rsquo;apprentissage de la conception, de la construction, du principe de fonctionnement, des r\u00e9glages et des ajustements d&rsquo;un syst\u00e8me de commande d&rsquo;injection directe d&rsquo;essence Bosch Motronic MED 9.0 (FSI \u2013 Field Stratified Injection\/Injection stratifi\u00e9e). Il est bas\u00e9 sur des composants [&hellip;]","og_url":"https:\/\/delorenzoglobal.com\/fr\/produit\/formateur-de-systeme-de-controle-du-moteur-bosch-motronic-med-9-0\/","og_site_name":"De Lorenzo Training &amp; Didactical Equipment","article_modified_time":"2025-11-21T11:15:49+00:00","og_image":[{"width":684,"height":692,"url":"https:\/\/delorenzoglobal.com\/wp-content\/uploads\/2025\/11\/DL-TL36-1.png","type":"image\/png"}],"twitter_card":"summary_large_image","twitter_misc":{"Dur\u00e9e de lecture estim\u00e9e":"1 minute"},"schema":{"@context":"https:\/\/schema.org","@graph":[{"@type":"WebPage","@id":"https:\/\/delorenzoglobal.com\/fr\/produit\/formateur-de-systeme-de-controle-du-moteur-bosch-motronic-med-9-0\/","url":"https:\/\/delorenzoglobal.com\/fr\/produit\/formateur-de-systeme-de-controle-du-moteur-bosch-motronic-med-9-0\/","name":"FORMATEUR DE SYSTEME DE CONTR\u00d4LE DU MOTEUR BOSCH MOTRONIC MED 9.0 - De Lorenzo Training &amp; Didactical Equipment","isPartOf":{"@id":"https:\/\/delorenzoglobal.com\/fr\/#website"},"primaryImageOfPage":{"@id":"https:\/\/delorenzoglobal.com\/fr\/produit\/formateur-de-systeme-de-controle-du-moteur-bosch-motronic-med-9-0\/#primaryimage"},"image":{"@id":"https:\/\/delorenzoglobal.com\/fr\/produit\/formateur-de-systeme-de-controle-du-moteur-bosch-motronic-med-9-0\/#primaryimage"},"thumbnailUrl":"https:\/\/delorenzoglobal.com\/wp-content\/uploads\/2025\/11\/DL-TL36-1.png","datePublished":"2025-11-21T11:02:48+00:00","dateModified":"2025-11-21T11:15:49+00:00","breadcrumb":{"@id":"https:\/\/delorenzoglobal.com\/fr\/produit\/formateur-de-systeme-de-controle-du-moteur-bosch-motronic-med-9-0\/#breadcrumb"},"inLanguage":"fr-FR","potentialAction":[{"@type":"ReadAction","target":["https:\/\/delorenzoglobal.com\/fr\/produit\/formateur-de-systeme-de-controle-du-moteur-bosch-motronic-med-9-0\/"]}]},{"@type":"ImageObject","inLanguage":"fr-FR","@id":"https:\/\/delorenzoglobal.com\/fr\/produit\/formateur-de-systeme-de-controle-du-moteur-bosch-motronic-med-9-0\/#primaryimage","url":"https:\/\/delorenzoglobal.com\/wp-content\/uploads\/2025\/11\/DL-TL36-1.png","contentUrl":"https:\/\/delorenzoglobal.com\/wp-content\/uploads\/2025\/11\/DL-TL36-1.png","width":684,"height":692},{"@type":"BreadcrumbList","@id":"https:\/\/delorenzoglobal.com\/fr\/produit\/formateur-de-systeme-de-controle-du-moteur-bosch-motronic-med-9-0\/#breadcrumb","itemListElement":[{"@type":"ListItem","position":1,"name":"Home","item":"https:\/\/delorenzoglobal.com\/fr\/"},{"@type":"ListItem","position":2,"name":"Boutique","item":"https:\/\/delorenzoglobal.com\/fr\/boutique\/"},{"@type":"ListItem","position":3,"name":"FORMATEUR DE SYSTEME DE CONTR\u00d4LE DU MOTEUR BOSCH MOTRONIC MED 9.0"}]},{"@type":"WebSite","@id":"https:\/\/delorenzoglobal.com\/fr\/#website","url":"https:\/\/delorenzoglobal.com\/fr\/","name":"De Lorenzo Training &amp; Didactical Equipment","description":"","potentialAction":[{"@type":"SearchAction","target":{"@type":"EntryPoint","urlTemplate":"https:\/\/delorenzoglobal.com\/fr\/?s={search_term_string}"},"query-input":{"@type":"PropertyValueSpecification","valueRequired":true,"valueName":"search_term_string"}}],"inLanguage":"fr-FR"}]}},"_links":{"self":[{"href":"https:\/\/delorenzoglobal.com\/fr\/wp-json\/wp\/v2\/product\/66147","targetHints":{"allow":["GET"]}}],"collection":[{"href":"https:\/\/delorenzoglobal.com\/fr\/wp-json\/wp\/v2\/product"}],"about":[{"href":"https:\/\/delorenzoglobal.com\/fr\/wp-json\/wp\/v2\/types\/product"}],"wp:featuredmedia":[{"embeddable":true,"href":"https:\/\/delorenzoglobal.com\/fr\/wp-json\/wp\/v2\/media\/66140"}],"wp:attachment":[{"href":"https:\/\/delorenzoglobal.com\/fr\/wp-json\/wp\/v2\/media?parent=66147"}],"wp:term":[{"taxonomy":"product_brand","embeddable":true,"href":"https:\/\/delorenzoglobal.com\/fr\/wp-json\/wp\/v2\/product_brand?post=66147"},{"taxonomy":"product_cat","embeddable":true,"href":"https:\/\/delorenzoglobal.com\/fr\/wp-json\/wp\/v2\/product_cat?post=66147"},{"taxonomy":"product_tag","embeddable":true,"href":"https:\/\/delorenzoglobal.com\/fr\/wp-json\/wp\/v2\/product_tag?post=66147"}],"curies":[{"name":"wp","href":"https:\/\/api.w.org\/{rel}","templated":true}]}}