{"id":6592,"date":"2024-04-15T10:01:43","date_gmt":"2024-04-15T08:01:43","guid":{"rendered":"https:\/\/delorenzoglobal.com\/?post_type=product&#038;p=6592"},"modified":"2025-01-27T12:34:58","modified_gmt":"2025-01-27T11:34:58","slug":"intercom-video","status":"publish","type":"product","link":"https:\/\/delorenzoglobal.com\/fr\/produit\/intercom-video\/","title":{"rendered":"INTERCOM VIDEO"},"content":{"rendered":"<p>Ce syst\u00e8me \u00e9tudie les sujets li\u00e9s \u00e0 un syst\u00e8me d&rsquo;alarme anti-intrusion dans une installation civile \u00e9lectrique.<\/p>\n<p>Il a une structure modulaire et se compose de panneaux didactiques install\u00e9s sur un cadre vertical.<\/p>\n<p>La modularit\u00e9 de ce syst\u00e8me didactique offre aux \u00e9tudiants une approche directe et imm\u00e9diate des sujets, offrant la possibilit\u00e9 d&rsquo;\u00e9tudier divers sujets en r\u00e9alisant plusieurs exp\u00e9riences.<\/p>\n<p>Dans cette section les appareils suivants sont \u00e9tudi\u00e9s :<\/p>\n<ul>\n<li>Sonneries de signalisation<\/li>\n<li>Sonnerie de signalisation et \u00e9clairage de plaque<\/li>\n<li>T\u00e9l\u00e9phone fixe<\/li>\n<li>Station vid\u00e9o ext\u00e9rieure<\/li>\n<li>T\u00e9l\u00e9phone fixe \/ Vid\u00e9o<\/li>\n<\/ul>\n","protected":false},"excerpt":{"rendered":"<p>Ce syst\u00e8me \u00e9tudie les sujets li\u00e9s \u00e0 un syst\u00e8me d&rsquo;alarme anti-intrusion dans une installation civile \u00e9lectrique. Il a une structure modulaire et se compose de panneaux didactiques install\u00e9s sur un cadre vertical. La modularit\u00e9 de ce syst\u00e8me didactique offre aux \u00e9tudiants une approche directe et imm\u00e9diate des sujets, offrant la possibilit\u00e9 d&rsquo;\u00e9tudier divers sujets en [&hellip;]<\/p>\n","protected":false},"featured_media":6573,"template":"","meta":{"_acf_changed":false},"product_brand":[],"product_cat":[289],"product_tag":[],"class_list":{"0":"post-6592","1":"product","2":"type-product","3":"status-publish","4":"has-post-thumbnail","6":"product_cat-installations-civiles","8":"first","9":"instock","10":"shipping-taxable","11":"product-type-simple"},"acf":[],"yoast_head":"<!-- This site is optimized with the Yoast SEO plugin v27.0 - https:\/\/yoast.com\/product\/yoast-seo-wordpress\/ -->\n<title>INTERCOM VIDEO - De Lorenzo Training &amp; Didactical Equipment<\/title>\n<meta name=\"robots\" content=\"index, follow, max-snippet:-1, max-image-preview:large, max-video-preview:-1\" \/>\n<link rel=\"canonical\" href=\"https:\/\/delorenzoglobal.com\/fr\/produit\/intercom-video\/\" \/>\n<meta property=\"og:locale\" content=\"fr_FR\" \/>\n<meta property=\"og:type\" content=\"article\" \/>\n<meta property=\"og:title\" content=\"INTERCOM VIDEO - De Lorenzo Training &amp; Didactical Equipment\" \/>\n<meta property=\"og:description\" content=\"Ce syst\u00e8me \u00e9tudie les sujets li\u00e9s \u00e0 un syst\u00e8me d&rsquo;alarme anti-intrusion dans une installation civile \u00e9lectrique. Il a une structure modulaire et se compose de panneaux didactiques install\u00e9s sur un cadre vertical. La modularit\u00e9 de ce syst\u00e8me didactique offre aux \u00e9tudiants une approche directe et imm\u00e9diate des sujets, offrant la possibilit\u00e9 d&rsquo;\u00e9tudier divers sujets en [&hellip;]\" \/>\n<meta property=\"og:url\" content=\"https:\/\/delorenzoglobal.com\/fr\/produit\/intercom-video\/\" \/>\n<meta property=\"og:site_name\" content=\"De Lorenzo Training &amp; Didactical Equipment\" \/>\n<meta property=\"article:modified_time\" content=\"2025-01-27T11:34:58+00:00\" \/>\n<meta property=\"og:image\" content=\"https:\/\/delorenzoglobal.com\/wp-content\/uploads\/2024\/04\/DL-2101TH.png\" \/>\n\t<meta property=\"og:image:width\" content=\"868\" \/>\n\t<meta property=\"og:image:height\" content=\"526\" \/>\n\t<meta property=\"og:image:type\" content=\"image\/png\" \/>\n<meta name=\"twitter:card\" content=\"summary_large_image\" \/>\n<meta name=\"twitter:label1\" content=\"Dur\u00e9e de lecture estim\u00e9e\" \/>\n\t<meta name=\"twitter:data1\" content=\"1 minute\" \/>\n<script type=\"application\/ld+json\" class=\"yoast-schema-graph\">{\"@context\":\"https:\/\/schema.org\",\"@graph\":[{\"@type\":\"WebPage\",\"@id\":\"https:\/\/delorenzoglobal.com\/fr\/produit\/intercom-video\/\",\"url\":\"https:\/\/delorenzoglobal.com\/fr\/produit\/intercom-video\/\",\"name\":\"INTERCOM VIDEO - De Lorenzo Training &amp; Didactical Equipment\",\"isPartOf\":{\"@id\":\"https:\/\/delorenzoglobal.com\/fr\/#website\"},\"primaryImageOfPage\":{\"@id\":\"https:\/\/delorenzoglobal.com\/fr\/produit\/intercom-video\/#primaryimage\"},\"image\":{\"@id\":\"https:\/\/delorenzoglobal.com\/fr\/produit\/intercom-video\/#primaryimage\"},\"thumbnailUrl\":\"https:\/\/delorenzoglobal.com\/wp-content\/uploads\/2024\/04\/DL-2101TH.png\",\"datePublished\":\"2024-04-15T08:01:43+00:00\",\"dateModified\":\"2025-01-27T11:34:58+00:00\",\"breadcrumb\":{\"@id\":\"https:\/\/delorenzoglobal.com\/fr\/produit\/intercom-video\/#breadcrumb\"},\"inLanguage\":\"fr-FR\",\"potentialAction\":[{\"@type\":\"ReadAction\",\"target\":[\"https:\/\/delorenzoglobal.com\/fr\/produit\/intercom-video\/\"]}]},{\"@type\":\"ImageObject\",\"inLanguage\":\"fr-FR\",\"@id\":\"https:\/\/delorenzoglobal.com\/fr\/produit\/intercom-video\/#primaryimage\",\"url\":\"https:\/\/delorenzoglobal.com\/wp-content\/uploads\/2024\/04\/DL-2101TH.png\",\"contentUrl\":\"https:\/\/delorenzoglobal.com\/wp-content\/uploads\/2024\/04\/DL-2101TH.png\",\"width\":868,\"height\":526},{\"@type\":\"BreadcrumbList\",\"@id\":\"https:\/\/delorenzoglobal.com\/fr\/produit\/intercom-video\/#breadcrumb\",\"itemListElement\":[{\"@type\":\"ListItem\",\"position\":1,\"name\":\"Home\",\"item\":\"https:\/\/delorenzoglobal.com\/fr\/\"},{\"@type\":\"ListItem\",\"position\":2,\"name\":\"Boutique\",\"item\":\"https:\/\/delorenzoglobal.com\/fr\/boutique\/\"},{\"@type\":\"ListItem\",\"position\":3,\"name\":\"INTERCOM VIDEO\"}]},{\"@type\":\"WebSite\",\"@id\":\"https:\/\/delorenzoglobal.com\/fr\/#website\",\"url\":\"https:\/\/delorenzoglobal.com\/fr\/\",\"name\":\"De Lorenzo Training &amp; Didactical Equipment\",\"description\":\"\",\"potentialAction\":[{\"@type\":\"SearchAction\",\"target\":{\"@type\":\"EntryPoint\",\"urlTemplate\":\"https:\/\/delorenzoglobal.com\/fr\/?s={search_term_string}\"},\"query-input\":{\"@type\":\"PropertyValueSpecification\",\"valueRequired\":true,\"valueName\":\"search_term_string\"}}],\"inLanguage\":\"fr-FR\"}]}<\/script>\n<!-- \/ Yoast SEO plugin. -->","yoast_head_json":{"title":"INTERCOM VIDEO - De Lorenzo Training &amp; Didactical Equipment","robots":{"index":"index","follow":"follow","max-snippet":"max-snippet:-1","max-image-preview":"max-image-preview:large","max-video-preview":"max-video-preview:-1"},"canonical":"https:\/\/delorenzoglobal.com\/fr\/produit\/intercom-video\/","og_locale":"fr_FR","og_type":"article","og_title":"INTERCOM VIDEO - De Lorenzo Training &amp; Didactical Equipment","og_description":"Ce syst\u00e8me \u00e9tudie les sujets li\u00e9s \u00e0 un syst\u00e8me d&rsquo;alarme anti-intrusion dans une installation civile \u00e9lectrique. Il a une structure modulaire et se compose de panneaux didactiques install\u00e9s sur un cadre vertical. La modularit\u00e9 de ce syst\u00e8me didactique offre aux \u00e9tudiants une approche directe et imm\u00e9diate des sujets, offrant la possibilit\u00e9 d&rsquo;\u00e9tudier divers sujets en [&hellip;]","og_url":"https:\/\/delorenzoglobal.com\/fr\/produit\/intercom-video\/","og_site_name":"De Lorenzo Training &amp; Didactical Equipment","article_modified_time":"2025-01-27T11:34:58+00:00","og_image":[{"width":868,"height":526,"url":"https:\/\/delorenzoglobal.com\/wp-content\/uploads\/2024\/04\/DL-2101TH.png","type":"image\/png"}],"twitter_card":"summary_large_image","twitter_misc":{"Dur\u00e9e de lecture estim\u00e9e":"1 minute"},"schema":{"@context":"https:\/\/schema.org","@graph":[{"@type":"WebPage","@id":"https:\/\/delorenzoglobal.com\/fr\/produit\/intercom-video\/","url":"https:\/\/delorenzoglobal.com\/fr\/produit\/intercom-video\/","name":"INTERCOM VIDEO - De Lorenzo Training &amp; Didactical Equipment","isPartOf":{"@id":"https:\/\/delorenzoglobal.com\/fr\/#website"},"primaryImageOfPage":{"@id":"https:\/\/delorenzoglobal.com\/fr\/produit\/intercom-video\/#primaryimage"},"image":{"@id":"https:\/\/delorenzoglobal.com\/fr\/produit\/intercom-video\/#primaryimage"},"thumbnailUrl":"https:\/\/delorenzoglobal.com\/wp-content\/uploads\/2024\/04\/DL-2101TH.png","datePublished":"2024-04-15T08:01:43+00:00","dateModified":"2025-01-27T11:34:58+00:00","breadcrumb":{"@id":"https:\/\/delorenzoglobal.com\/fr\/produit\/intercom-video\/#breadcrumb"},"inLanguage":"fr-FR","potentialAction":[{"@type":"ReadAction","target":["https:\/\/delorenzoglobal.com\/fr\/produit\/intercom-video\/"]}]},{"@type":"ImageObject","inLanguage":"fr-FR","@id":"https:\/\/delorenzoglobal.com\/fr\/produit\/intercom-video\/#primaryimage","url":"https:\/\/delorenzoglobal.com\/wp-content\/uploads\/2024\/04\/DL-2101TH.png","contentUrl":"https:\/\/delorenzoglobal.com\/wp-content\/uploads\/2024\/04\/DL-2101TH.png","width":868,"height":526},{"@type":"BreadcrumbList","@id":"https:\/\/delorenzoglobal.com\/fr\/produit\/intercom-video\/#breadcrumb","itemListElement":[{"@type":"ListItem","position":1,"name":"Home","item":"https:\/\/delorenzoglobal.com\/fr\/"},{"@type":"ListItem","position":2,"name":"Boutique","item":"https:\/\/delorenzoglobal.com\/fr\/boutique\/"},{"@type":"ListItem","position":3,"name":"INTERCOM VIDEO"}]},{"@type":"WebSite","@id":"https:\/\/delorenzoglobal.com\/fr\/#website","url":"https:\/\/delorenzoglobal.com\/fr\/","name":"De Lorenzo Training &amp; Didactical Equipment","description":"","potentialAction":[{"@type":"SearchAction","target":{"@type":"EntryPoint","urlTemplate":"https:\/\/delorenzoglobal.com\/fr\/?s={search_term_string}"},"query-input":{"@type":"PropertyValueSpecification","valueRequired":true,"valueName":"search_term_string"}}],"inLanguage":"fr-FR"}]}},"_links":{"self":[{"href":"https:\/\/delorenzoglobal.com\/fr\/wp-json\/wp\/v2\/product\/6592","targetHints":{"allow":["GET"]}}],"collection":[{"href":"https:\/\/delorenzoglobal.com\/fr\/wp-json\/wp\/v2\/product"}],"about":[{"href":"https:\/\/delorenzoglobal.com\/fr\/wp-json\/wp\/v2\/types\/product"}],"wp:featuredmedia":[{"embeddable":true,"href":"https:\/\/delorenzoglobal.com\/fr\/wp-json\/wp\/v2\/media\/6573"}],"wp:attachment":[{"href":"https:\/\/delorenzoglobal.com\/fr\/wp-json\/wp\/v2\/media?parent=6592"}],"wp:term":[{"taxonomy":"product_brand","embeddable":true,"href":"https:\/\/delorenzoglobal.com\/fr\/wp-json\/wp\/v2\/product_brand?post=6592"},{"taxonomy":"product_cat","embeddable":true,"href":"https:\/\/delorenzoglobal.com\/fr\/wp-json\/wp\/v2\/product_cat?post=6592"},{"taxonomy":"product_tag","embeddable":true,"href":"https:\/\/delorenzoglobal.com\/fr\/wp-json\/wp\/v2\/product_tag?post=6592"}],"curies":[{"name":"wp","href":"https:\/\/api.w.org\/{rel}","templated":true}]}}