{"id":65906,"date":"2025-11-07T15:02:17","date_gmt":"2025-11-07T14:02:17","guid":{"rendered":"https:\/\/delorenzoglobal.com\/?post_type=product&#038;p=65906"},"modified":"2026-04-24T15:46:32","modified_gmt":"2026-04-24T13:46:32","slug":"65906","status":"publish","type":"product","link":"https:\/\/delorenzoglobal.com\/fr\/produit\/65906\/","title":{"rendered":"KIT PEDAGOGIQUE POUR IO-LINK"},"content":{"rendered":"<p>L&rsquo;usine intelligente, \u00e9galement connue sous le nom d\u2019Industrie 4.0, combine des technologies de pointe telles que les robots collaboratifs, la r\u00e9alit\u00e9 augment\u00e9e, les jumeaux num\u00e9riques, l&rsquo;intelligence artificielle et diverses solutions logicielles SaaS (logiciels en tant que services). Nombre de ces technologies s&rsquo;appuient sur des donn\u00e9es issues du Big Data.<\/p>\n<p>Nous avons d\u00e9fini une configuration qui comprend les principaux composants de communication d&rsquo;une petite ligne de production, con\u00e7ue pour vous aider \u00e0 d\u00e9marrer avec la technologie IO-Link et \u00e0 comprendre son fonctionnement.<\/p>\n","protected":false},"excerpt":{"rendered":"<p>L&rsquo;usine intelligente, \u00e9galement connue sous le nom d\u2019Industrie 4.0, combine des technologies de pointe telles que les robots collaboratifs, la r\u00e9alit\u00e9 augment\u00e9e, les jumeaux num\u00e9riques, l&rsquo;intelligence artificielle et diverses solutions logicielles SaaS (logiciels en tant que services). Nombre de ces technologies s&rsquo;appuient sur des donn\u00e9es issues du Big Data. Nous avons d\u00e9fini une configuration qui [&hellip;]<\/p>\n","protected":false},"featured_media":65903,"template":"","meta":{"_acf_changed":false},"product_brand":[],"product_cat":[148,154],"product_tag":[],"class_list":{"0":"post-65906","1":"product","2":"type-product","3":"status-publish","4":"has-post-thumbnail","6":"product_cat-usine-intelligente","7":"product_cat-applications-industrielle","9":"first","10":"instock","11":"shipping-taxable","12":"product-type-simple"},"acf":[],"yoast_head":"<!-- This site is optimized with the Yoast SEO plugin v27.4 - https:\/\/yoast.com\/product\/yoast-seo-wordpress\/ -->\n<title>KIT PEDAGOGIQUE POUR IO-LINK - De Lorenzo Training &amp; Didactical Equipment<\/title>\n<meta name=\"description\" content=\"D\u00e9couvrez comment l\u2019Usine Intelligente et l\u2019Industrie 4.0 exploitent IO-Link, les Big Data et le cloud pour des lignes de production efficaces\" \/>\n<meta name=\"robots\" content=\"index, follow, max-snippet:-1, max-image-preview:large, max-video-preview:-1\" \/>\n<link rel=\"canonical\" href=\"https:\/\/delorenzoglobal.com\/fr\/produit\/65906\/\" \/>\n<meta property=\"og:locale\" content=\"fr_FR\" \/>\n<meta property=\"og:type\" content=\"article\" \/>\n<meta property=\"og:title\" content=\"KIT PEDAGOGIQUE POUR IO-LINK - De Lorenzo Training &amp; Didactical Equipment\" \/>\n<meta property=\"og:description\" content=\"D\u00e9couvrez comment l\u2019Usine Intelligente et l\u2019Industrie 4.0 exploitent IO-Link, les Big Data et le cloud pour des lignes de production efficaces\" \/>\n<meta property=\"og:url\" content=\"https:\/\/delorenzoglobal.com\/fr\/produit\/65906\/\" \/>\n<meta property=\"og:site_name\" content=\"De Lorenzo Training &amp; Didactical Equipment\" \/>\n<meta property=\"article:modified_time\" content=\"2026-04-24T13:46:32+00:00\" \/>\n<meta property=\"og:image\" content=\"https:\/\/delorenzoglobal.com\/wp-content\/uploads\/2025\/11\/DL-RF-IO-LINK.png\" \/>\n\t<meta property=\"og:image:width\" content=\"541\" \/>\n\t<meta property=\"og:image:height\" content=\"556\" \/>\n\t<meta property=\"og:image:type\" content=\"image\/png\" \/>\n<meta name=\"twitter:card\" content=\"summary_large_image\" \/>\n<meta name=\"twitter:label1\" content=\"Dur\u00e9e de lecture estim\u00e9e\" \/>\n\t<meta name=\"twitter:data1\" content=\"1 minute\" \/>\n<script type=\"application\/ld+json\" class=\"yoast-schema-graph\">{\"@context\":\"https:\\\/\\\/schema.org\",\"@graph\":[{\"@type\":\"WebPage\",\"@id\":\"https:\\\/\\\/delorenzoglobal.com\\\/fr\\\/produit\\\/65906\\\/\",\"url\":\"https:\\\/\\\/delorenzoglobal.com\\\/fr\\\/produit\\\/65906\\\/\",\"name\":\"KIT PEDAGOGIQUE POUR IO-LINK - De Lorenzo Training &amp; Didactical Equipment\",\"isPartOf\":{\"@id\":\"https:\\\/\\\/delorenzoglobal.com\\\/fr\\\/#website\"},\"primaryImageOfPage\":{\"@id\":\"https:\\\/\\\/delorenzoglobal.com\\\/fr\\\/produit\\\/65906\\\/#primaryimage\"},\"image\":{\"@id\":\"https:\\\/\\\/delorenzoglobal.com\\\/fr\\\/produit\\\/65906\\\/#primaryimage\"},\"thumbnailUrl\":\"https:\\\/\\\/delorenzoglobal.com\\\/wp-content\\\/uploads\\\/2025\\\/11\\\/DL-RF-IO-LINK.png\",\"datePublished\":\"2025-11-07T14:02:17+00:00\",\"dateModified\":\"2026-04-24T13:46:32+00:00\",\"description\":\"D\u00e9couvrez comment l\u2019Usine Intelligente et l\u2019Industrie 4.0 exploitent IO-Link, les Big Data et le cloud pour des lignes de production efficaces\",\"breadcrumb\":{\"@id\":\"https:\\\/\\\/delorenzoglobal.com\\\/fr\\\/produit\\\/65906\\\/#breadcrumb\"},\"inLanguage\":\"fr-FR\",\"potentialAction\":[{\"@type\":\"ReadAction\",\"target\":[\"https:\\\/\\\/delorenzoglobal.com\\\/fr\\\/produit\\\/65906\\\/\"]}]},{\"@type\":\"ImageObject\",\"inLanguage\":\"fr-FR\",\"@id\":\"https:\\\/\\\/delorenzoglobal.com\\\/fr\\\/produit\\\/65906\\\/#primaryimage\",\"url\":\"https:\\\/\\\/delorenzoglobal.com\\\/wp-content\\\/uploads\\\/2025\\\/11\\\/DL-RF-IO-LINK.png\",\"contentUrl\":\"https:\\\/\\\/delorenzoglobal.com\\\/wp-content\\\/uploads\\\/2025\\\/11\\\/DL-RF-IO-LINK.png\",\"width\":541,\"height\":556},{\"@type\":\"BreadcrumbList\",\"@id\":\"https:\\\/\\\/delorenzoglobal.com\\\/fr\\\/produit\\\/65906\\\/#breadcrumb\",\"itemListElement\":[{\"@type\":\"ListItem\",\"position\":1,\"name\":\"Home\",\"item\":\"https:\\\/\\\/delorenzoglobal.com\\\/fr\\\/\"},{\"@type\":\"ListItem\",\"position\":2,\"name\":\"Boutique\",\"item\":\"https:\\\/\\\/delorenzoglobal.com\\\/fr\\\/boutique\\\/\"},{\"@type\":\"ListItem\",\"position\":3,\"name\":\"KIT PEDAGOGIQUE POUR IO-LINK\"}]},{\"@type\":\"WebSite\",\"@id\":\"https:\\\/\\\/delorenzoglobal.com\\\/fr\\\/#website\",\"url\":\"https:\\\/\\\/delorenzoglobal.com\\\/fr\\\/\",\"name\":\"De Lorenzo Training &amp; Didactical Equipment\",\"description\":\"\",\"potentialAction\":[{\"@type\":\"SearchAction\",\"target\":{\"@type\":\"EntryPoint\",\"urlTemplate\":\"https:\\\/\\\/delorenzoglobal.com\\\/fr\\\/?s={search_term_string}\"},\"query-input\":{\"@type\":\"PropertyValueSpecification\",\"valueRequired\":true,\"valueName\":\"search_term_string\"}}],\"inLanguage\":\"fr-FR\"}]}<\/script>\n<!-- \/ Yoast SEO plugin. -->","yoast_head_json":{"title":"KIT PEDAGOGIQUE POUR IO-LINK - De Lorenzo Training &amp; Didactical Equipment","description":"D\u00e9couvrez comment l\u2019Usine Intelligente et l\u2019Industrie 4.0 exploitent IO-Link, les Big Data et le cloud pour des lignes de production efficaces","robots":{"index":"index","follow":"follow","max-snippet":"max-snippet:-1","max-image-preview":"max-image-preview:large","max-video-preview":"max-video-preview:-1"},"canonical":"https:\/\/delorenzoglobal.com\/fr\/produit\/65906\/","og_locale":"fr_FR","og_type":"article","og_title":"KIT PEDAGOGIQUE POUR IO-LINK - De Lorenzo Training &amp; Didactical Equipment","og_description":"D\u00e9couvrez comment l\u2019Usine Intelligente et l\u2019Industrie 4.0 exploitent IO-Link, les Big Data et le cloud pour des lignes de production efficaces","og_url":"https:\/\/delorenzoglobal.com\/fr\/produit\/65906\/","og_site_name":"De Lorenzo Training &amp; Didactical Equipment","article_modified_time":"2026-04-24T13:46:32+00:00","og_image":[{"width":541,"height":556,"url":"https:\/\/delorenzoglobal.com\/wp-content\/uploads\/2025\/11\/DL-RF-IO-LINK.png","type":"image\/png"}],"twitter_card":"summary_large_image","twitter_misc":{"Dur\u00e9e de lecture estim\u00e9e":"1 minute"},"schema":{"@context":"https:\/\/schema.org","@graph":[{"@type":"WebPage","@id":"https:\/\/delorenzoglobal.com\/fr\/produit\/65906\/","url":"https:\/\/delorenzoglobal.com\/fr\/produit\/65906\/","name":"KIT PEDAGOGIQUE POUR IO-LINK - De Lorenzo Training &amp; Didactical Equipment","isPartOf":{"@id":"https:\/\/delorenzoglobal.com\/fr\/#website"},"primaryImageOfPage":{"@id":"https:\/\/delorenzoglobal.com\/fr\/produit\/65906\/#primaryimage"},"image":{"@id":"https:\/\/delorenzoglobal.com\/fr\/produit\/65906\/#primaryimage"},"thumbnailUrl":"https:\/\/delorenzoglobal.com\/wp-content\/uploads\/2025\/11\/DL-RF-IO-LINK.png","datePublished":"2025-11-07T14:02:17+00:00","dateModified":"2026-04-24T13:46:32+00:00","description":"D\u00e9couvrez comment l\u2019Usine Intelligente et l\u2019Industrie 4.0 exploitent IO-Link, les Big Data et le cloud pour des lignes de production efficaces","breadcrumb":{"@id":"https:\/\/delorenzoglobal.com\/fr\/produit\/65906\/#breadcrumb"},"inLanguage":"fr-FR","potentialAction":[{"@type":"ReadAction","target":["https:\/\/delorenzoglobal.com\/fr\/produit\/65906\/"]}]},{"@type":"ImageObject","inLanguage":"fr-FR","@id":"https:\/\/delorenzoglobal.com\/fr\/produit\/65906\/#primaryimage","url":"https:\/\/delorenzoglobal.com\/wp-content\/uploads\/2025\/11\/DL-RF-IO-LINK.png","contentUrl":"https:\/\/delorenzoglobal.com\/wp-content\/uploads\/2025\/11\/DL-RF-IO-LINK.png","width":541,"height":556},{"@type":"BreadcrumbList","@id":"https:\/\/delorenzoglobal.com\/fr\/produit\/65906\/#breadcrumb","itemListElement":[{"@type":"ListItem","position":1,"name":"Home","item":"https:\/\/delorenzoglobal.com\/fr\/"},{"@type":"ListItem","position":2,"name":"Boutique","item":"https:\/\/delorenzoglobal.com\/fr\/boutique\/"},{"@type":"ListItem","position":3,"name":"KIT PEDAGOGIQUE POUR IO-LINK"}]},{"@type":"WebSite","@id":"https:\/\/delorenzoglobal.com\/fr\/#website","url":"https:\/\/delorenzoglobal.com\/fr\/","name":"De Lorenzo Training &amp; Didactical Equipment","description":"","potentialAction":[{"@type":"SearchAction","target":{"@type":"EntryPoint","urlTemplate":"https:\/\/delorenzoglobal.com\/fr\/?s={search_term_string}"},"query-input":{"@type":"PropertyValueSpecification","valueRequired":true,"valueName":"search_term_string"}}],"inLanguage":"fr-FR"}]}},"_links":{"self":[{"href":"https:\/\/delorenzoglobal.com\/fr\/wp-json\/wp\/v2\/product\/65906","targetHints":{"allow":["GET"]}}],"collection":[{"href":"https:\/\/delorenzoglobal.com\/fr\/wp-json\/wp\/v2\/product"}],"about":[{"href":"https:\/\/delorenzoglobal.com\/fr\/wp-json\/wp\/v2\/types\/product"}],"wp:featuredmedia":[{"embeddable":true,"href":"https:\/\/delorenzoglobal.com\/fr\/wp-json\/wp\/v2\/media\/65903"}],"wp:attachment":[{"href":"https:\/\/delorenzoglobal.com\/fr\/wp-json\/wp\/v2\/media?parent=65906"}],"wp:term":[{"taxonomy":"product_brand","embeddable":true,"href":"https:\/\/delorenzoglobal.com\/fr\/wp-json\/wp\/v2\/product_brand?post=65906"},{"taxonomy":"product_cat","embeddable":true,"href":"https:\/\/delorenzoglobal.com\/fr\/wp-json\/wp\/v2\/product_cat?post=65906"},{"taxonomy":"product_tag","embeddable":true,"href":"https:\/\/delorenzoglobal.com\/fr\/wp-json\/wp\/v2\/product_tag?post=65906"}],"curies":[{"name":"wp","href":"https:\/\/api.w.org\/{rel}","templated":true}]}}