{"id":6555,"date":"2024-04-15T09:49:12","date_gmt":"2024-04-15T07:49:12","guid":{"rendered":"https:\/\/delorenzoglobal.com\/?post_type=product&#038;p=6555"},"modified":"2026-03-24T12:36:02","modified_gmt":"2026-03-24T11:36:02","slug":"banc-dessai-automatique-pour-machines-electriques","status":"publish","type":"product","link":"https:\/\/delorenzoglobal.com\/fr\/produit\/banc-dessai-automatique-pour-machines-electriques\/","title":{"rendered":"BANC D&rsquo;ESSAI AUTOMATIQUE POUR MACHINES \u00c9LECTRIQUES"},"content":{"rendered":"<p>Le <strong>DL EM-TEST<\/strong> est un banc multifonction pour l\u2019\u00e9tude des machines \u00e9lectriques de la s\u00e9rie 0.3 kW et Unilab 1.1 kW qui utilisent une approche du test automatis\u00e9e.<\/p>\n<p>Le syst\u00e8me est compos\u00e9 des <strong>sections principales<\/strong> suivantes:<\/p>\n<ul>\n<li>Machine d\u2019actionnement<\/li>\n<li>Logiciel d\u2019acquisition de donn\u00e9es pour machines \u00e9lectriques<\/li>\n<li>Instrumentation<\/li>\n<\/ul>\n","protected":false},"excerpt":{"rendered":"<p>Le DL EM-TEST est un banc multifonction pour l\u2019\u00e9tude des machines \u00e9lectriques de la s\u00e9rie 0.3 kW et Unilab 1.1 kW qui utilisent une approche du test automatis\u00e9e. Le syst\u00e8me est compos\u00e9 des sections principales suivantes: Machine d\u2019actionnement Logiciel d\u2019acquisition de donn\u00e9es pour machines \u00e9lectriques Instrumentation<\/p>\n","protected":false},"featured_media":6510,"template":"","meta":{"_acf_changed":false},"product_brand":[],"product_cat":[307],"product_tag":[],"class_list":{"0":"post-6555","1":"product","2":"type-product","3":"status-publish","4":"has-post-thumbnail","6":"product_cat-banc-dessai","8":"first","9":"instock","10":"shipping-taxable","11":"product-type-simple"},"acf":[],"yoast_head":"<!-- This site is optimized with the Yoast SEO plugin v27.4 - https:\/\/yoast.com\/product\/yoast-seo-wordpress\/ -->\n<title>BANC D&#039;ESSAI AUTOMATIQUE POUR MACHINES \u00c9LECTRIQUES - De Lorenzo Training &amp; Didactical Equipment<\/title>\n<meta name=\"description\" content=\"Le DL EM-TEST est un banc multifonction pour l\u2019\u00e9tude des machines \u00e9lectriques de la s\u00e9rie, qui utilisent une approche du test automatis\u00e9e.\" \/>\n<meta name=\"robots\" content=\"index, follow, max-snippet:-1, max-image-preview:large, max-video-preview:-1\" \/>\n<link rel=\"canonical\" href=\"https:\/\/delorenzoglobal.com\/fr\/produit\/banc-dessai-automatique-pour-machines-electriques\/\" \/>\n<meta property=\"og:locale\" content=\"fr_FR\" \/>\n<meta property=\"og:type\" content=\"article\" \/>\n<meta property=\"og:title\" content=\"BANC D&#039;ESSAI AUTOMATIQUE POUR MACHINES \u00c9LECTRIQUES - De Lorenzo Training &amp; Didactical Equipment\" \/>\n<meta property=\"og:description\" content=\"Le DL EM-TEST est un banc multifonction pour l\u2019\u00e9tude des machines \u00e9lectriques de la s\u00e9rie, qui utilisent une approche du test automatis\u00e9e.\" \/>\n<meta property=\"og:url\" content=\"https:\/\/delorenzoglobal.com\/fr\/produit\/banc-dessai-automatique-pour-machines-electriques\/\" \/>\n<meta property=\"og:site_name\" content=\"De Lorenzo Training &amp; Didactical Equipment\" \/>\n<meta property=\"article:modified_time\" content=\"2026-03-24T11:36:02+00:00\" \/>\n<meta property=\"og:image\" content=\"https:\/\/delorenzoglobal.com\/wp-content\/uploads\/2024\/04\/DL-EM-TEST-scaled.jpg\" \/>\n\t<meta property=\"og:image:width\" content=\"2560\" \/>\n\t<meta property=\"og:image:height\" content=\"2064\" \/>\n\t<meta property=\"og:image:type\" content=\"image\/jpeg\" \/>\n<meta name=\"twitter:card\" content=\"summary_large_image\" \/>\n<meta name=\"twitter:label1\" content=\"Dur\u00e9e de lecture estim\u00e9e\" \/>\n\t<meta name=\"twitter:data1\" content=\"1 minute\" \/>\n<script type=\"application\/ld+json\" class=\"yoast-schema-graph\">{\"@context\":\"https:\\\/\\\/schema.org\",\"@graph\":[{\"@type\":\"WebPage\",\"@id\":\"https:\\\/\\\/delorenzoglobal.com\\\/fr\\\/produit\\\/banc-dessai-automatique-pour-machines-electriques\\\/\",\"url\":\"https:\\\/\\\/delorenzoglobal.com\\\/fr\\\/produit\\\/banc-dessai-automatique-pour-machines-electriques\\\/\",\"name\":\"BANC D'ESSAI AUTOMATIQUE POUR MACHINES \u00c9LECTRIQUES - De Lorenzo Training &amp; Didactical Equipment\",\"isPartOf\":{\"@id\":\"https:\\\/\\\/delorenzoglobal.com\\\/fr\\\/#website\"},\"primaryImageOfPage\":{\"@id\":\"https:\\\/\\\/delorenzoglobal.com\\\/fr\\\/produit\\\/banc-dessai-automatique-pour-machines-electriques\\\/#primaryimage\"},\"image\":{\"@id\":\"https:\\\/\\\/delorenzoglobal.com\\\/fr\\\/produit\\\/banc-dessai-automatique-pour-machines-electriques\\\/#primaryimage\"},\"thumbnailUrl\":\"https:\\\/\\\/delorenzoglobal.com\\\/wp-content\\\/uploads\\\/2024\\\/04\\\/DL-EM-TEST-scaled.jpg\",\"datePublished\":\"2024-04-15T07:49:12+00:00\",\"dateModified\":\"2026-03-24T11:36:02+00:00\",\"description\":\"Le DL EM-TEST est un banc multifonction pour l\u2019\u00e9tude des machines \u00e9lectriques de la s\u00e9rie, qui utilisent une approche du test automatis\u00e9e.\",\"breadcrumb\":{\"@id\":\"https:\\\/\\\/delorenzoglobal.com\\\/fr\\\/produit\\\/banc-dessai-automatique-pour-machines-electriques\\\/#breadcrumb\"},\"inLanguage\":\"fr-FR\",\"potentialAction\":[{\"@type\":\"ReadAction\",\"target\":[\"https:\\\/\\\/delorenzoglobal.com\\\/fr\\\/produit\\\/banc-dessai-automatique-pour-machines-electriques\\\/\"]}]},{\"@type\":\"ImageObject\",\"inLanguage\":\"fr-FR\",\"@id\":\"https:\\\/\\\/delorenzoglobal.com\\\/fr\\\/produit\\\/banc-dessai-automatique-pour-machines-electriques\\\/#primaryimage\",\"url\":\"https:\\\/\\\/delorenzoglobal.com\\\/wp-content\\\/uploads\\\/2024\\\/04\\\/DL-EM-TEST-scaled.jpg\",\"contentUrl\":\"https:\\\/\\\/delorenzoglobal.com\\\/wp-content\\\/uploads\\\/2024\\\/04\\\/DL-EM-TEST-scaled.jpg\",\"width\":2560,\"height\":2064},{\"@type\":\"BreadcrumbList\",\"@id\":\"https:\\\/\\\/delorenzoglobal.com\\\/fr\\\/produit\\\/banc-dessai-automatique-pour-machines-electriques\\\/#breadcrumb\",\"itemListElement\":[{\"@type\":\"ListItem\",\"position\":1,\"name\":\"Home\",\"item\":\"https:\\\/\\\/delorenzoglobal.com\\\/fr\\\/\"},{\"@type\":\"ListItem\",\"position\":2,\"name\":\"Boutique\",\"item\":\"https:\\\/\\\/delorenzoglobal.com\\\/fr\\\/boutique\\\/\"},{\"@type\":\"ListItem\",\"position\":3,\"name\":\"BANC D&#8217;ESSAI AUTOMATIQUE POUR MACHINES \u00c9LECTRIQUES\"}]},{\"@type\":\"WebSite\",\"@id\":\"https:\\\/\\\/delorenzoglobal.com\\\/fr\\\/#website\",\"url\":\"https:\\\/\\\/delorenzoglobal.com\\\/fr\\\/\",\"name\":\"De Lorenzo Training &amp; Didactical Equipment\",\"description\":\"\",\"potentialAction\":[{\"@type\":\"SearchAction\",\"target\":{\"@type\":\"EntryPoint\",\"urlTemplate\":\"https:\\\/\\\/delorenzoglobal.com\\\/fr\\\/?s={search_term_string}\"},\"query-input\":{\"@type\":\"PropertyValueSpecification\",\"valueRequired\":true,\"valueName\":\"search_term_string\"}}],\"inLanguage\":\"fr-FR\"}]}<\/script>\n<!-- \/ Yoast SEO plugin. -->","yoast_head_json":{"title":"BANC D'ESSAI AUTOMATIQUE POUR MACHINES \u00c9LECTRIQUES - De Lorenzo Training &amp; Didactical Equipment","description":"Le DL EM-TEST est un banc multifonction pour l\u2019\u00e9tude des machines \u00e9lectriques de la s\u00e9rie, qui utilisent une approche du test automatis\u00e9e.","robots":{"index":"index","follow":"follow","max-snippet":"max-snippet:-1","max-image-preview":"max-image-preview:large","max-video-preview":"max-video-preview:-1"},"canonical":"https:\/\/delorenzoglobal.com\/fr\/produit\/banc-dessai-automatique-pour-machines-electriques\/","og_locale":"fr_FR","og_type":"article","og_title":"BANC D'ESSAI AUTOMATIQUE POUR MACHINES \u00c9LECTRIQUES - De Lorenzo Training &amp; Didactical Equipment","og_description":"Le DL EM-TEST est un banc multifonction pour l\u2019\u00e9tude des machines \u00e9lectriques de la s\u00e9rie, qui utilisent une approche du test automatis\u00e9e.","og_url":"https:\/\/delorenzoglobal.com\/fr\/produit\/banc-dessai-automatique-pour-machines-electriques\/","og_site_name":"De Lorenzo Training &amp; Didactical Equipment","article_modified_time":"2026-03-24T11:36:02+00:00","og_image":[{"width":2560,"height":2064,"url":"https:\/\/delorenzoglobal.com\/wp-content\/uploads\/2024\/04\/DL-EM-TEST-scaled.jpg","type":"image\/jpeg"}],"twitter_card":"summary_large_image","twitter_misc":{"Dur\u00e9e de lecture estim\u00e9e":"1 minute"},"schema":{"@context":"https:\/\/schema.org","@graph":[{"@type":"WebPage","@id":"https:\/\/delorenzoglobal.com\/fr\/produit\/banc-dessai-automatique-pour-machines-electriques\/","url":"https:\/\/delorenzoglobal.com\/fr\/produit\/banc-dessai-automatique-pour-machines-electriques\/","name":"BANC D'ESSAI AUTOMATIQUE POUR MACHINES \u00c9LECTRIQUES - De Lorenzo Training &amp; Didactical Equipment","isPartOf":{"@id":"https:\/\/delorenzoglobal.com\/fr\/#website"},"primaryImageOfPage":{"@id":"https:\/\/delorenzoglobal.com\/fr\/produit\/banc-dessai-automatique-pour-machines-electriques\/#primaryimage"},"image":{"@id":"https:\/\/delorenzoglobal.com\/fr\/produit\/banc-dessai-automatique-pour-machines-electriques\/#primaryimage"},"thumbnailUrl":"https:\/\/delorenzoglobal.com\/wp-content\/uploads\/2024\/04\/DL-EM-TEST-scaled.jpg","datePublished":"2024-04-15T07:49:12+00:00","dateModified":"2026-03-24T11:36:02+00:00","description":"Le DL EM-TEST est un banc multifonction pour l\u2019\u00e9tude des machines \u00e9lectriques de la s\u00e9rie, qui utilisent une approche du test automatis\u00e9e.","breadcrumb":{"@id":"https:\/\/delorenzoglobal.com\/fr\/produit\/banc-dessai-automatique-pour-machines-electriques\/#breadcrumb"},"inLanguage":"fr-FR","potentialAction":[{"@type":"ReadAction","target":["https:\/\/delorenzoglobal.com\/fr\/produit\/banc-dessai-automatique-pour-machines-electriques\/"]}]},{"@type":"ImageObject","inLanguage":"fr-FR","@id":"https:\/\/delorenzoglobal.com\/fr\/produit\/banc-dessai-automatique-pour-machines-electriques\/#primaryimage","url":"https:\/\/delorenzoglobal.com\/wp-content\/uploads\/2024\/04\/DL-EM-TEST-scaled.jpg","contentUrl":"https:\/\/delorenzoglobal.com\/wp-content\/uploads\/2024\/04\/DL-EM-TEST-scaled.jpg","width":2560,"height":2064},{"@type":"BreadcrumbList","@id":"https:\/\/delorenzoglobal.com\/fr\/produit\/banc-dessai-automatique-pour-machines-electriques\/#breadcrumb","itemListElement":[{"@type":"ListItem","position":1,"name":"Home","item":"https:\/\/delorenzoglobal.com\/fr\/"},{"@type":"ListItem","position":2,"name":"Boutique","item":"https:\/\/delorenzoglobal.com\/fr\/boutique\/"},{"@type":"ListItem","position":3,"name":"BANC D&#8217;ESSAI AUTOMATIQUE POUR MACHINES \u00c9LECTRIQUES"}]},{"@type":"WebSite","@id":"https:\/\/delorenzoglobal.com\/fr\/#website","url":"https:\/\/delorenzoglobal.com\/fr\/","name":"De Lorenzo Training &amp; Didactical Equipment","description":"","potentialAction":[{"@type":"SearchAction","target":{"@type":"EntryPoint","urlTemplate":"https:\/\/delorenzoglobal.com\/fr\/?s={search_term_string}"},"query-input":{"@type":"PropertyValueSpecification","valueRequired":true,"valueName":"search_term_string"}}],"inLanguage":"fr-FR"}]}},"_links":{"self":[{"href":"https:\/\/delorenzoglobal.com\/fr\/wp-json\/wp\/v2\/product\/6555","targetHints":{"allow":["GET"]}}],"collection":[{"href":"https:\/\/delorenzoglobal.com\/fr\/wp-json\/wp\/v2\/product"}],"about":[{"href":"https:\/\/delorenzoglobal.com\/fr\/wp-json\/wp\/v2\/types\/product"}],"wp:featuredmedia":[{"embeddable":true,"href":"https:\/\/delorenzoglobal.com\/fr\/wp-json\/wp\/v2\/media\/6510"}],"wp:attachment":[{"href":"https:\/\/delorenzoglobal.com\/fr\/wp-json\/wp\/v2\/media?parent=6555"}],"wp:term":[{"taxonomy":"product_brand","embeddable":true,"href":"https:\/\/delorenzoglobal.com\/fr\/wp-json\/wp\/v2\/product_brand?post=6555"},{"taxonomy":"product_cat","embeddable":true,"href":"https:\/\/delorenzoglobal.com\/fr\/wp-json\/wp\/v2\/product_cat?post=6555"},{"taxonomy":"product_tag","embeddable":true,"href":"https:\/\/delorenzoglobal.com\/fr\/wp-json\/wp\/v2\/product_tag?post=6555"}],"curies":[{"name":"wp","href":"https:\/\/api.w.org\/{rel}","templated":true}]}}