{"id":65245,"date":"2025-10-24T16:18:17","date_gmt":"2025-10-24T14:18:17","guid":{"rendered":"https:\/\/delorenzoglobal.com\/?post_type=product&#038;p=65245"},"modified":"2026-04-21T16:46:33","modified_gmt":"2026-04-21T14:46:33","slug":"usine-des-dechets-solides-urbains","status":"publish","type":"product","link":"https:\/\/delorenzoglobal.com\/fr\/produit\/usine-des-dechets-solides-urbains\/","title":{"rendered":"USINE DES DECHETS SOLIDES URBAINS"},"content":{"rendered":"<p>Le simulateur <strong>DL GR03<\/strong> permet d&rsquo;aborder l&rsquo;\u00e9tude des probl\u00e9matiques du processus de collecte et de s\u00e9lection des d\u00e9chets solides urbains.<\/p>\n<p>Il se compose d&rsquo;un panneau qui montre le sch\u00e9ma complet de l&rsquo;ensemble du syst\u00e8me, o\u00f9 se trouvent une s\u00e9rie de mini consoles qui affichent les valeurs des quantit\u00e9s d&rsquo;int\u00e9r\u00eat.<\/p>\n<p>La connexion du Simulateur au PC pour la supervision, l&rsquo;affichage graphique des quantit\u00e9s d&rsquo;int\u00e9r\u00eat, etc., s&rsquo;obtient via une interface USB sp\u00e9ciale.<\/p>\n<p>Le simulateur est accompagn\u00e9 de l&rsquo;application Windows <strong>DLworkspace<\/strong> qui fournit un environnement d&rsquo;enseignement int\u00e9gr\u00e9 pour l&rsquo;utilisation du simulateur lui-m\u00eame.<\/p>\n","protected":false},"excerpt":{"rendered":"<p>Le simulateur DL GR03 permet d&rsquo;aborder l&rsquo;\u00e9tude des probl\u00e9matiques du processus de collecte et de s\u00e9lection des d\u00e9chets solides urbains. Il se compose d&rsquo;un panneau qui montre le sch\u00e9ma complet de l&rsquo;ensemble du syst\u00e8me, o\u00f9 se trouvent une s\u00e9rie de mini consoles qui affichent les valeurs des quantit\u00e9s d&rsquo;int\u00e9r\u00eat. La connexion du Simulateur au PC [&hellip;]<\/p>\n","protected":false},"featured_media":69282,"template":"","meta":{"_acf_changed":false},"product_brand":[],"product_cat":[3140],"product_tag":[],"class_list":{"0":"post-65245","1":"product","2":"type-product","3":"status-publish","4":"has-post-thumbnail","6":"product_cat-gestion-des-dechets","8":"first","9":"instock","10":"shipping-taxable","11":"product-type-simple"},"acf":[],"yoast_head":"<!-- This site is optimized with the Yoast SEO plugin v27.4 - https:\/\/yoast.com\/product\/yoast-seo-wordpress\/ -->\n<title>USINE DES DECHETS SOLIDES URBAINS - De Lorenzo Training &amp; Didactical Equipment<\/title>\n<meta name=\"robots\" content=\"index, follow, max-snippet:-1, max-image-preview:large, max-video-preview:-1\" \/>\n<link rel=\"canonical\" href=\"https:\/\/delorenzoglobal.com\/fr\/produit\/usine-des-dechets-solides-urbains\/\" \/>\n<meta property=\"og:locale\" content=\"fr_FR\" \/>\n<meta property=\"og:type\" content=\"article\" \/>\n<meta property=\"og:title\" content=\"USINE DES DECHETS SOLIDES URBAINS - De Lorenzo Training &amp; Didactical Equipment\" \/>\n<meta property=\"og:description\" content=\"Le simulateur DL GR03 permet d&rsquo;aborder l&rsquo;\u00e9tude des probl\u00e9matiques du processus de collecte et de s\u00e9lection des d\u00e9chets solides urbains. Il se compose d&rsquo;un panneau qui montre le sch\u00e9ma complet de l&rsquo;ensemble du syst\u00e8me, o\u00f9 se trouvent une s\u00e9rie de mini consoles qui affichent les valeurs des quantit\u00e9s d&rsquo;int\u00e9r\u00eat. La connexion du Simulateur au PC [&hellip;]\" \/>\n<meta property=\"og:url\" content=\"https:\/\/delorenzoglobal.com\/fr\/produit\/usine-des-dechets-solides-urbains\/\" \/>\n<meta property=\"og:site_name\" content=\"De Lorenzo Training &amp; Didactical Equipment\" \/>\n<meta property=\"article:modified_time\" content=\"2026-04-21T14:46:33+00:00\" \/>\n<meta property=\"og:image\" content=\"https:\/\/delorenzoglobal.com\/wp-content\/uploads\/2025\/10\/DL-GR0-3-1.jpg\" \/>\n\t<meta property=\"og:image:width\" content=\"1325\" \/>\n\t<meta property=\"og:image:height\" content=\"1597\" \/>\n\t<meta property=\"og:image:type\" content=\"image\/jpeg\" \/>\n<meta name=\"twitter:card\" content=\"summary_large_image\" \/>\n<meta name=\"twitter:label1\" content=\"Dur\u00e9e de lecture estim\u00e9e\" \/>\n\t<meta name=\"twitter:data1\" content=\"1 minute\" \/>\n<script type=\"application\/ld+json\" class=\"yoast-schema-graph\">{\"@context\":\"https:\\\/\\\/schema.org\",\"@graph\":[{\"@type\":\"WebPage\",\"@id\":\"https:\\\/\\\/delorenzoglobal.com\\\/fr\\\/produit\\\/usine-des-dechets-solides-urbains\\\/\",\"url\":\"https:\\\/\\\/delorenzoglobal.com\\\/fr\\\/produit\\\/usine-des-dechets-solides-urbains\\\/\",\"name\":\"USINE DES DECHETS SOLIDES URBAINS - De Lorenzo Training &amp; Didactical Equipment\",\"isPartOf\":{\"@id\":\"https:\\\/\\\/delorenzoglobal.com\\\/fr\\\/#website\"},\"primaryImageOfPage\":{\"@id\":\"https:\\\/\\\/delorenzoglobal.com\\\/fr\\\/produit\\\/usine-des-dechets-solides-urbains\\\/#primaryimage\"},\"image\":{\"@id\":\"https:\\\/\\\/delorenzoglobal.com\\\/fr\\\/produit\\\/usine-des-dechets-solides-urbains\\\/#primaryimage\"},\"thumbnailUrl\":\"https:\\\/\\\/delorenzoglobal.com\\\/wp-content\\\/uploads\\\/2025\\\/10\\\/DL-GR0-3-1.jpg\",\"datePublished\":\"2025-10-24T14:18:17+00:00\",\"dateModified\":\"2026-04-21T14:46:33+00:00\",\"breadcrumb\":{\"@id\":\"https:\\\/\\\/delorenzoglobal.com\\\/fr\\\/produit\\\/usine-des-dechets-solides-urbains\\\/#breadcrumb\"},\"inLanguage\":\"fr-FR\",\"potentialAction\":[{\"@type\":\"ReadAction\",\"target\":[\"https:\\\/\\\/delorenzoglobal.com\\\/fr\\\/produit\\\/usine-des-dechets-solides-urbains\\\/\"]}]},{\"@type\":\"ImageObject\",\"inLanguage\":\"fr-FR\",\"@id\":\"https:\\\/\\\/delorenzoglobal.com\\\/fr\\\/produit\\\/usine-des-dechets-solides-urbains\\\/#primaryimage\",\"url\":\"https:\\\/\\\/delorenzoglobal.com\\\/wp-content\\\/uploads\\\/2025\\\/10\\\/DL-GR0-3-1.jpg\",\"contentUrl\":\"https:\\\/\\\/delorenzoglobal.com\\\/wp-content\\\/uploads\\\/2025\\\/10\\\/DL-GR0-3-1.jpg\",\"width\":1325,\"height\":1597},{\"@type\":\"BreadcrumbList\",\"@id\":\"https:\\\/\\\/delorenzoglobal.com\\\/fr\\\/produit\\\/usine-des-dechets-solides-urbains\\\/#breadcrumb\",\"itemListElement\":[{\"@type\":\"ListItem\",\"position\":1,\"name\":\"Home\",\"item\":\"https:\\\/\\\/delorenzoglobal.com\\\/fr\\\/\"},{\"@type\":\"ListItem\",\"position\":2,\"name\":\"Boutique\",\"item\":\"https:\\\/\\\/delorenzoglobal.com\\\/fr\\\/boutique\\\/\"},{\"@type\":\"ListItem\",\"position\":3,\"name\":\"USINE DES DECHETS SOLIDES URBAINS\"}]},{\"@type\":\"WebSite\",\"@id\":\"https:\\\/\\\/delorenzoglobal.com\\\/fr\\\/#website\",\"url\":\"https:\\\/\\\/delorenzoglobal.com\\\/fr\\\/\",\"name\":\"De Lorenzo Training &amp; Didactical Equipment\",\"description\":\"\",\"potentialAction\":[{\"@type\":\"SearchAction\",\"target\":{\"@type\":\"EntryPoint\",\"urlTemplate\":\"https:\\\/\\\/delorenzoglobal.com\\\/fr\\\/?s={search_term_string}\"},\"query-input\":{\"@type\":\"PropertyValueSpecification\",\"valueRequired\":true,\"valueName\":\"search_term_string\"}}],\"inLanguage\":\"fr-FR\"}]}<\/script>\n<!-- \/ Yoast SEO plugin. -->","yoast_head_json":{"title":"USINE DES DECHETS SOLIDES URBAINS - De Lorenzo Training &amp; Didactical Equipment","robots":{"index":"index","follow":"follow","max-snippet":"max-snippet:-1","max-image-preview":"max-image-preview:large","max-video-preview":"max-video-preview:-1"},"canonical":"https:\/\/delorenzoglobal.com\/fr\/produit\/usine-des-dechets-solides-urbains\/","og_locale":"fr_FR","og_type":"article","og_title":"USINE DES DECHETS SOLIDES URBAINS - De Lorenzo Training &amp; Didactical Equipment","og_description":"Le simulateur DL GR03 permet d&rsquo;aborder l&rsquo;\u00e9tude des probl\u00e9matiques du processus de collecte et de s\u00e9lection des d\u00e9chets solides urbains. Il se compose d&rsquo;un panneau qui montre le sch\u00e9ma complet de l&rsquo;ensemble du syst\u00e8me, o\u00f9 se trouvent une s\u00e9rie de mini consoles qui affichent les valeurs des quantit\u00e9s d&rsquo;int\u00e9r\u00eat. La connexion du Simulateur au PC [&hellip;]","og_url":"https:\/\/delorenzoglobal.com\/fr\/produit\/usine-des-dechets-solides-urbains\/","og_site_name":"De Lorenzo Training &amp; Didactical Equipment","article_modified_time":"2026-04-21T14:46:33+00:00","og_image":[{"width":1325,"height":1597,"url":"https:\/\/delorenzoglobal.com\/wp-content\/uploads\/2025\/10\/DL-GR0-3-1.jpg","type":"image\/jpeg"}],"twitter_card":"summary_large_image","twitter_misc":{"Dur\u00e9e de lecture estim\u00e9e":"1 minute"},"schema":{"@context":"https:\/\/schema.org","@graph":[{"@type":"WebPage","@id":"https:\/\/delorenzoglobal.com\/fr\/produit\/usine-des-dechets-solides-urbains\/","url":"https:\/\/delorenzoglobal.com\/fr\/produit\/usine-des-dechets-solides-urbains\/","name":"USINE DES DECHETS SOLIDES URBAINS - De Lorenzo Training &amp; Didactical Equipment","isPartOf":{"@id":"https:\/\/delorenzoglobal.com\/fr\/#website"},"primaryImageOfPage":{"@id":"https:\/\/delorenzoglobal.com\/fr\/produit\/usine-des-dechets-solides-urbains\/#primaryimage"},"image":{"@id":"https:\/\/delorenzoglobal.com\/fr\/produit\/usine-des-dechets-solides-urbains\/#primaryimage"},"thumbnailUrl":"https:\/\/delorenzoglobal.com\/wp-content\/uploads\/2025\/10\/DL-GR0-3-1.jpg","datePublished":"2025-10-24T14:18:17+00:00","dateModified":"2026-04-21T14:46:33+00:00","breadcrumb":{"@id":"https:\/\/delorenzoglobal.com\/fr\/produit\/usine-des-dechets-solides-urbains\/#breadcrumb"},"inLanguage":"fr-FR","potentialAction":[{"@type":"ReadAction","target":["https:\/\/delorenzoglobal.com\/fr\/produit\/usine-des-dechets-solides-urbains\/"]}]},{"@type":"ImageObject","inLanguage":"fr-FR","@id":"https:\/\/delorenzoglobal.com\/fr\/produit\/usine-des-dechets-solides-urbains\/#primaryimage","url":"https:\/\/delorenzoglobal.com\/wp-content\/uploads\/2025\/10\/DL-GR0-3-1.jpg","contentUrl":"https:\/\/delorenzoglobal.com\/wp-content\/uploads\/2025\/10\/DL-GR0-3-1.jpg","width":1325,"height":1597},{"@type":"BreadcrumbList","@id":"https:\/\/delorenzoglobal.com\/fr\/produit\/usine-des-dechets-solides-urbains\/#breadcrumb","itemListElement":[{"@type":"ListItem","position":1,"name":"Home","item":"https:\/\/delorenzoglobal.com\/fr\/"},{"@type":"ListItem","position":2,"name":"Boutique","item":"https:\/\/delorenzoglobal.com\/fr\/boutique\/"},{"@type":"ListItem","position":3,"name":"USINE DES DECHETS SOLIDES URBAINS"}]},{"@type":"WebSite","@id":"https:\/\/delorenzoglobal.com\/fr\/#website","url":"https:\/\/delorenzoglobal.com\/fr\/","name":"De Lorenzo Training &amp; Didactical Equipment","description":"","potentialAction":[{"@type":"SearchAction","target":{"@type":"EntryPoint","urlTemplate":"https:\/\/delorenzoglobal.com\/fr\/?s={search_term_string}"},"query-input":{"@type":"PropertyValueSpecification","valueRequired":true,"valueName":"search_term_string"}}],"inLanguage":"fr-FR"}]}},"_links":{"self":[{"href":"https:\/\/delorenzoglobal.com\/fr\/wp-json\/wp\/v2\/product\/65245","targetHints":{"allow":["GET"]}}],"collection":[{"href":"https:\/\/delorenzoglobal.com\/fr\/wp-json\/wp\/v2\/product"}],"about":[{"href":"https:\/\/delorenzoglobal.com\/fr\/wp-json\/wp\/v2\/types\/product"}],"wp:featuredmedia":[{"embeddable":true,"href":"https:\/\/delorenzoglobal.com\/fr\/wp-json\/wp\/v2\/media\/69282"}],"wp:attachment":[{"href":"https:\/\/delorenzoglobal.com\/fr\/wp-json\/wp\/v2\/media?parent=65245"}],"wp:term":[{"taxonomy":"product_brand","embeddable":true,"href":"https:\/\/delorenzoglobal.com\/fr\/wp-json\/wp\/v2\/product_brand?post=65245"},{"taxonomy":"product_cat","embeddable":true,"href":"https:\/\/delorenzoglobal.com\/fr\/wp-json\/wp\/v2\/product_cat?post=65245"},{"taxonomy":"product_tag","embeddable":true,"href":"https:\/\/delorenzoglobal.com\/fr\/wp-json\/wp\/v2\/product_tag?post=65245"}],"curies":[{"name":"wp","href":"https:\/\/api.w.org\/{rel}","templated":true}]}}