{"id":65159,"date":"2025-10-24T15:38:54","date_gmt":"2025-10-24T13:38:54","guid":{"rendered":"https:\/\/delorenzoglobal.com\/?post_type=product&#038;p=65159"},"modified":"2025-10-27T11:35:11","modified_gmt":"2025-10-27T10:35:11","slug":"cours-detude-sur-lelimination-des-dechets-urbains","status":"publish","type":"product","link":"https:\/\/delorenzoglobal.com\/fr\/produit\/cours-detude-sur-lelimination-des-dechets-urbains\/","title":{"rendered":"COURS D&rsquo;ETUDE SUR L&rsquo;ELIMINATION DES DECHETS URBAINS"},"content":{"rendered":"<p>L&rsquo;objectif de ce laboratoire est de dispenser un cours approfondi sur les processus d&rsquo;\u00e9limination des d\u00e9chets urbains. Plus pr\u00e9cis\u00e9ment, les \u00e9tudiants recevront une formation compl\u00e8te sur les sujets suivants\u00a0:<\/p>\n<ul>\n<li><strong>La composition des d\u00e9chets urbains.<\/strong><\/li>\n<li><strong>Les principaux processus et le flux de gestion des d\u00e9chets urbains.<\/strong><\/li>\n<li><strong>Les principaux processus de traitement des d\u00e9chets urbains.<\/strong><\/li>\n<\/ul>\n","protected":false},"excerpt":{"rendered":"<p>L&rsquo;objectif de ce laboratoire est de dispenser un cours approfondi sur les processus d&rsquo;\u00e9limination des d\u00e9chets urbains. Plus pr\u00e9cis\u00e9ment, les \u00e9tudiants recevront une formation compl\u00e8te sur les sujets suivants\u00a0: La composition des d\u00e9chets urbains. Les principaux processus et le flux de gestion des d\u00e9chets urbains. Les principaux processus de traitement des d\u00e9chets urbains.<\/p>\n","protected":false},"featured_media":65152,"template":"","meta":{"_acf_changed":false},"product_brand":[],"product_cat":[3140],"product_tag":[],"class_list":{"0":"post-65159","1":"product","2":"type-product","3":"status-publish","4":"has-post-thumbnail","6":"product_cat-gestion-des-dechets","8":"first","9":"instock","10":"shipping-taxable","11":"product-type-simple"},"acf":[],"yoast_head":"<!-- This site is optimized with the Yoast SEO plugin v27.4 - https:\/\/yoast.com\/product\/yoast-seo-wordpress\/ -->\n<title>COURS D&#039;ETUDE SUR L&#039;ELIMINATION DES DECHETS URBAINS - De Lorenzo Training &amp; Didactical Equipment<\/title>\n<meta name=\"robots\" content=\"index, follow, max-snippet:-1, max-image-preview:large, max-video-preview:-1\" \/>\n<link rel=\"canonical\" href=\"https:\/\/delorenzoglobal.com\/fr\/produit\/cours-detude-sur-lelimination-des-dechets-urbains\/\" \/>\n<meta property=\"og:locale\" content=\"fr_FR\" \/>\n<meta property=\"og:type\" content=\"article\" \/>\n<meta property=\"og:title\" content=\"COURS D&#039;ETUDE SUR L&#039;ELIMINATION DES DECHETS URBAINS - De Lorenzo Training &amp; Didactical Equipment\" \/>\n<meta property=\"og:description\" content=\"L&rsquo;objectif de ce laboratoire est de dispenser un cours approfondi sur les processus d&rsquo;\u00e9limination des d\u00e9chets urbains. Plus pr\u00e9cis\u00e9ment, les \u00e9tudiants recevront une formation compl\u00e8te sur les sujets suivants\u00a0: La composition des d\u00e9chets urbains. Les principaux processus et le flux de gestion des d\u00e9chets urbains. Les principaux processus de traitement des d\u00e9chets urbains.\" \/>\n<meta property=\"og:url\" content=\"https:\/\/delorenzoglobal.com\/fr\/produit\/cours-detude-sur-lelimination-des-dechets-urbains\/\" \/>\n<meta property=\"og:site_name\" content=\"De Lorenzo Training &amp; Didactical Equipment\" \/>\n<meta property=\"article:modified_time\" content=\"2025-10-27T10:35:11+00:00\" \/>\n<meta property=\"og:image\" content=\"https:\/\/delorenzoglobal.com\/wp-content\/uploads\/2025\/10\/Screenshot-2025-10-24-154508.png\" \/>\n\t<meta property=\"og:image:width\" content=\"516\" \/>\n\t<meta property=\"og:image:height\" content=\"368\" \/>\n\t<meta property=\"og:image:type\" content=\"image\/png\" \/>\n<meta name=\"twitter:card\" content=\"summary_large_image\" \/>\n<meta name=\"twitter:label1\" content=\"Dur\u00e9e de lecture estim\u00e9e\" \/>\n\t<meta name=\"twitter:data1\" content=\"1 minute\" \/>\n<script type=\"application\/ld+json\" class=\"yoast-schema-graph\">{\"@context\":\"https:\\\/\\\/schema.org\",\"@graph\":[{\"@type\":\"WebPage\",\"@id\":\"https:\\\/\\\/delorenzoglobal.com\\\/fr\\\/produit\\\/cours-detude-sur-lelimination-des-dechets-urbains\\\/\",\"url\":\"https:\\\/\\\/delorenzoglobal.com\\\/fr\\\/produit\\\/cours-detude-sur-lelimination-des-dechets-urbains\\\/\",\"name\":\"COURS D'ETUDE SUR L'ELIMINATION DES DECHETS URBAINS - De Lorenzo Training &amp; Didactical Equipment\",\"isPartOf\":{\"@id\":\"https:\\\/\\\/delorenzoglobal.com\\\/fr\\\/#website\"},\"primaryImageOfPage\":{\"@id\":\"https:\\\/\\\/delorenzoglobal.com\\\/fr\\\/produit\\\/cours-detude-sur-lelimination-des-dechets-urbains\\\/#primaryimage\"},\"image\":{\"@id\":\"https:\\\/\\\/delorenzoglobal.com\\\/fr\\\/produit\\\/cours-detude-sur-lelimination-des-dechets-urbains\\\/#primaryimage\"},\"thumbnailUrl\":\"https:\\\/\\\/delorenzoglobal.com\\\/wp-content\\\/uploads\\\/2025\\\/10\\\/Screenshot-2025-10-24-154508.png\",\"datePublished\":\"2025-10-24T13:38:54+00:00\",\"dateModified\":\"2025-10-27T10:35:11+00:00\",\"breadcrumb\":{\"@id\":\"https:\\\/\\\/delorenzoglobal.com\\\/fr\\\/produit\\\/cours-detude-sur-lelimination-des-dechets-urbains\\\/#breadcrumb\"},\"inLanguage\":\"fr-FR\",\"potentialAction\":[{\"@type\":\"ReadAction\",\"target\":[\"https:\\\/\\\/delorenzoglobal.com\\\/fr\\\/produit\\\/cours-detude-sur-lelimination-des-dechets-urbains\\\/\"]}]},{\"@type\":\"ImageObject\",\"inLanguage\":\"fr-FR\",\"@id\":\"https:\\\/\\\/delorenzoglobal.com\\\/fr\\\/produit\\\/cours-detude-sur-lelimination-des-dechets-urbains\\\/#primaryimage\",\"url\":\"https:\\\/\\\/delorenzoglobal.com\\\/wp-content\\\/uploads\\\/2025\\\/10\\\/Screenshot-2025-10-24-154508.png\",\"contentUrl\":\"https:\\\/\\\/delorenzoglobal.com\\\/wp-content\\\/uploads\\\/2025\\\/10\\\/Screenshot-2025-10-24-154508.png\",\"width\":516,\"height\":368},{\"@type\":\"BreadcrumbList\",\"@id\":\"https:\\\/\\\/delorenzoglobal.com\\\/fr\\\/produit\\\/cours-detude-sur-lelimination-des-dechets-urbains\\\/#breadcrumb\",\"itemListElement\":[{\"@type\":\"ListItem\",\"position\":1,\"name\":\"Home\",\"item\":\"https:\\\/\\\/delorenzoglobal.com\\\/fr\\\/\"},{\"@type\":\"ListItem\",\"position\":2,\"name\":\"Boutique\",\"item\":\"https:\\\/\\\/delorenzoglobal.com\\\/fr\\\/boutique\\\/\"},{\"@type\":\"ListItem\",\"position\":3,\"name\":\"COURS D&#8217;ETUDE SUR L&#8217;ELIMINATION DES DECHETS URBAINS\"}]},{\"@type\":\"WebSite\",\"@id\":\"https:\\\/\\\/delorenzoglobal.com\\\/fr\\\/#website\",\"url\":\"https:\\\/\\\/delorenzoglobal.com\\\/fr\\\/\",\"name\":\"De Lorenzo Training &amp; Didactical Equipment\",\"description\":\"\",\"potentialAction\":[{\"@type\":\"SearchAction\",\"target\":{\"@type\":\"EntryPoint\",\"urlTemplate\":\"https:\\\/\\\/delorenzoglobal.com\\\/fr\\\/?s={search_term_string}\"},\"query-input\":{\"@type\":\"PropertyValueSpecification\",\"valueRequired\":true,\"valueName\":\"search_term_string\"}}],\"inLanguage\":\"fr-FR\"}]}<\/script>\n<!-- \/ Yoast SEO plugin. -->","yoast_head_json":{"title":"COURS D'ETUDE SUR L'ELIMINATION DES DECHETS URBAINS - De Lorenzo Training &amp; Didactical Equipment","robots":{"index":"index","follow":"follow","max-snippet":"max-snippet:-1","max-image-preview":"max-image-preview:large","max-video-preview":"max-video-preview:-1"},"canonical":"https:\/\/delorenzoglobal.com\/fr\/produit\/cours-detude-sur-lelimination-des-dechets-urbains\/","og_locale":"fr_FR","og_type":"article","og_title":"COURS D'ETUDE SUR L'ELIMINATION DES DECHETS URBAINS - De Lorenzo Training &amp; Didactical Equipment","og_description":"L&rsquo;objectif de ce laboratoire est de dispenser un cours approfondi sur les processus d&rsquo;\u00e9limination des d\u00e9chets urbains. Plus pr\u00e9cis\u00e9ment, les \u00e9tudiants recevront une formation compl\u00e8te sur les sujets suivants\u00a0: La composition des d\u00e9chets urbains. Les principaux processus et le flux de gestion des d\u00e9chets urbains. Les principaux processus de traitement des d\u00e9chets urbains.","og_url":"https:\/\/delorenzoglobal.com\/fr\/produit\/cours-detude-sur-lelimination-des-dechets-urbains\/","og_site_name":"De Lorenzo Training &amp; Didactical Equipment","article_modified_time":"2025-10-27T10:35:11+00:00","og_image":[{"width":516,"height":368,"url":"https:\/\/delorenzoglobal.com\/wp-content\/uploads\/2025\/10\/Screenshot-2025-10-24-154508.png","type":"image\/png"}],"twitter_card":"summary_large_image","twitter_misc":{"Dur\u00e9e de lecture estim\u00e9e":"1 minute"},"schema":{"@context":"https:\/\/schema.org","@graph":[{"@type":"WebPage","@id":"https:\/\/delorenzoglobal.com\/fr\/produit\/cours-detude-sur-lelimination-des-dechets-urbains\/","url":"https:\/\/delorenzoglobal.com\/fr\/produit\/cours-detude-sur-lelimination-des-dechets-urbains\/","name":"COURS D'ETUDE SUR L'ELIMINATION DES DECHETS URBAINS - De Lorenzo Training &amp; Didactical Equipment","isPartOf":{"@id":"https:\/\/delorenzoglobal.com\/fr\/#website"},"primaryImageOfPage":{"@id":"https:\/\/delorenzoglobal.com\/fr\/produit\/cours-detude-sur-lelimination-des-dechets-urbains\/#primaryimage"},"image":{"@id":"https:\/\/delorenzoglobal.com\/fr\/produit\/cours-detude-sur-lelimination-des-dechets-urbains\/#primaryimage"},"thumbnailUrl":"https:\/\/delorenzoglobal.com\/wp-content\/uploads\/2025\/10\/Screenshot-2025-10-24-154508.png","datePublished":"2025-10-24T13:38:54+00:00","dateModified":"2025-10-27T10:35:11+00:00","breadcrumb":{"@id":"https:\/\/delorenzoglobal.com\/fr\/produit\/cours-detude-sur-lelimination-des-dechets-urbains\/#breadcrumb"},"inLanguage":"fr-FR","potentialAction":[{"@type":"ReadAction","target":["https:\/\/delorenzoglobal.com\/fr\/produit\/cours-detude-sur-lelimination-des-dechets-urbains\/"]}]},{"@type":"ImageObject","inLanguage":"fr-FR","@id":"https:\/\/delorenzoglobal.com\/fr\/produit\/cours-detude-sur-lelimination-des-dechets-urbains\/#primaryimage","url":"https:\/\/delorenzoglobal.com\/wp-content\/uploads\/2025\/10\/Screenshot-2025-10-24-154508.png","contentUrl":"https:\/\/delorenzoglobal.com\/wp-content\/uploads\/2025\/10\/Screenshot-2025-10-24-154508.png","width":516,"height":368},{"@type":"BreadcrumbList","@id":"https:\/\/delorenzoglobal.com\/fr\/produit\/cours-detude-sur-lelimination-des-dechets-urbains\/#breadcrumb","itemListElement":[{"@type":"ListItem","position":1,"name":"Home","item":"https:\/\/delorenzoglobal.com\/fr\/"},{"@type":"ListItem","position":2,"name":"Boutique","item":"https:\/\/delorenzoglobal.com\/fr\/boutique\/"},{"@type":"ListItem","position":3,"name":"COURS D&#8217;ETUDE SUR L&#8217;ELIMINATION DES DECHETS URBAINS"}]},{"@type":"WebSite","@id":"https:\/\/delorenzoglobal.com\/fr\/#website","url":"https:\/\/delorenzoglobal.com\/fr\/","name":"De Lorenzo Training &amp; Didactical Equipment","description":"","potentialAction":[{"@type":"SearchAction","target":{"@type":"EntryPoint","urlTemplate":"https:\/\/delorenzoglobal.com\/fr\/?s={search_term_string}"},"query-input":{"@type":"PropertyValueSpecification","valueRequired":true,"valueName":"search_term_string"}}],"inLanguage":"fr-FR"}]}},"_links":{"self":[{"href":"https:\/\/delorenzoglobal.com\/fr\/wp-json\/wp\/v2\/product\/65159","targetHints":{"allow":["GET"]}}],"collection":[{"href":"https:\/\/delorenzoglobal.com\/fr\/wp-json\/wp\/v2\/product"}],"about":[{"href":"https:\/\/delorenzoglobal.com\/fr\/wp-json\/wp\/v2\/types\/product"}],"wp:featuredmedia":[{"embeddable":true,"href":"https:\/\/delorenzoglobal.com\/fr\/wp-json\/wp\/v2\/media\/65152"}],"wp:attachment":[{"href":"https:\/\/delorenzoglobal.com\/fr\/wp-json\/wp\/v2\/media?parent=65159"}],"wp:term":[{"taxonomy":"product_brand","embeddable":true,"href":"https:\/\/delorenzoglobal.com\/fr\/wp-json\/wp\/v2\/product_brand?post=65159"},{"taxonomy":"product_cat","embeddable":true,"href":"https:\/\/delorenzoglobal.com\/fr\/wp-json\/wp\/v2\/product_cat?post=65159"},{"taxonomy":"product_tag","embeddable":true,"href":"https:\/\/delorenzoglobal.com\/fr\/wp-json\/wp\/v2\/product_tag?post=65159"}],"curies":[{"name":"wp","href":"https:\/\/api.w.org\/{rel}","templated":true}]}}