{"id":6366,"date":"2024-04-15T08:58:59","date_gmt":"2024-04-15T06:58:59","guid":{"rendered":"https:\/\/delorenzoglobal.com\/?post_type=product&#038;p=6366"},"modified":"2025-04-29T14:11:56","modified_gmt":"2025-04-29T12:11:56","slug":"laboratoire-de-machines-electriques-1-kw","status":"publish","type":"product","link":"https:\/\/delorenzoglobal.com\/fr\/produit\/laboratoire-de-machines-electriques-1-kw\/","title":{"rendered":"LABORATOIRE DE MACHINES \u00c9LECTRIQUES (1 kW)"},"content":{"rendered":"<p>Le DL MAC-U est un banc polyvalent pour l&rsquo;\u00e9tude et la caract\u00e9risation de toutes les machines \u00e9lectriques du catalogue de la s\u00e9rie De Lorenzo Unilab (1,1 kW).<\/p>\n<p>Le syst\u00e8me comprend tous les instruments n\u00e9cessaires pour apprendre le fonctionnement et les caract\u00e9ristiques de chaque type de machine \u00e9lectrique (moteurs ou g\u00e9n\u00e9rateurs en CA ou CC).<\/p>\n<p>Le laboratoire a \u00e9t\u00e9 con\u00e7u comme un syst\u00e8me de formation moderne et orient\u00e9 vers la pratique pour l&rsquo;enseignement professionnel et technique. Il fournit une solution compl\u00e8te pour couvrir un cours de machines \u00e9lectriques standard qui peut \u00eatre adapt\u00e9 aux besoins \u00e9ducatifs de l&rsquo;institut.<\/p>\n<p>Le banc d&rsquo;essai est modulaire et peut \u00eatre reconfigur\u00e9 selon la machine test\u00e9e en utilisant, selon les besoins, l&rsquo;alimentation, les instruments \u00e9lectriques et m\u00e9caniques et le frein \u00e9lectromagn\u00e9tique pour la caract\u00e9risation des moteurs ou le moteur principal (machine DC) pour l&rsquo;\u00e9tude de g\u00e9n\u00e9rateurs.<\/p>\n","protected":false},"excerpt":{"rendered":"<p>Le DL MAC-U est un banc polyvalent pour l&rsquo;\u00e9tude et la caract\u00e9risation de toutes les machines \u00e9lectriques du catalogue de la s\u00e9rie De Lorenzo Unilab (1,1 kW). Le syst\u00e8me comprend tous les instruments n\u00e9cessaires pour apprendre le fonctionnement et les caract\u00e9ristiques de chaque type de machine \u00e9lectrique (moteurs ou g\u00e9n\u00e9rateurs en CA ou CC). Le [&hellip;]<\/p>\n","protected":false},"featured_media":6329,"template":"","meta":{"_acf_changed":false},"product_brand":[],"product_cat":[307],"product_tag":[],"class_list":{"0":"post-6366","1":"product","2":"type-product","3":"status-publish","4":"has-post-thumbnail","6":"product_cat-banc-dessai","8":"first","9":"instock","10":"shipping-taxable","11":"product-type-simple"},"acf":[],"yoast_head":"<!-- This site is optimized with the Yoast SEO plugin v27.4 - https:\/\/yoast.com\/product\/yoast-seo-wordpress\/ -->\n<title>LABORATOIRE DE MACHINES \u00c9LECTRIQUES (1 kW) - De Lorenzo Training &amp; Didactical Equipment<\/title>\n<meta name=\"robots\" content=\"index, follow, max-snippet:-1, max-image-preview:large, max-video-preview:-1\" \/>\n<link rel=\"canonical\" href=\"https:\/\/delorenzoglobal.com\/fr\/produit\/laboratoire-de-machines-electriques-1-kw\/\" \/>\n<meta property=\"og:locale\" content=\"fr_FR\" \/>\n<meta property=\"og:type\" content=\"article\" \/>\n<meta property=\"og:title\" content=\"LABORATOIRE DE MACHINES \u00c9LECTRIQUES (1 kW) - De Lorenzo Training &amp; Didactical Equipment\" \/>\n<meta property=\"og:description\" content=\"Le DL MAC-U est un banc polyvalent pour l&rsquo;\u00e9tude et la caract\u00e9risation de toutes les machines \u00e9lectriques du catalogue de la s\u00e9rie De Lorenzo Unilab (1,1 kW). Le syst\u00e8me comprend tous les instruments n\u00e9cessaires pour apprendre le fonctionnement et les caract\u00e9ristiques de chaque type de machine \u00e9lectrique (moteurs ou g\u00e9n\u00e9rateurs en CA ou CC). Le [&hellip;]\" \/>\n<meta property=\"og:url\" content=\"https:\/\/delorenzoglobal.com\/fr\/produit\/laboratoire-de-machines-electriques-1-kw\/\" \/>\n<meta property=\"og:site_name\" content=\"De Lorenzo Training &amp; Didactical Equipment\" \/>\n<meta property=\"article:modified_time\" content=\"2025-04-29T12:11:56+00:00\" \/>\n<meta property=\"og:image\" content=\"https:\/\/delorenzoglobal.com\/wp-content\/uploads\/2024\/04\/DL-MAC-U-e-DL-MAC-E.jpg\" \/>\n\t<meta property=\"og:image:width\" content=\"1474\" \/>\n\t<meta property=\"og:image:height\" content=\"869\" \/>\n\t<meta property=\"og:image:type\" content=\"image\/jpeg\" \/>\n<meta name=\"twitter:card\" content=\"summary_large_image\" \/>\n<meta name=\"twitter:label1\" content=\"Dur\u00e9e de lecture estim\u00e9e\" \/>\n\t<meta name=\"twitter:data1\" content=\"1 minute\" \/>\n<script type=\"application\/ld+json\" class=\"yoast-schema-graph\">{\"@context\":\"https:\\\/\\\/schema.org\",\"@graph\":[{\"@type\":\"WebPage\",\"@id\":\"https:\\\/\\\/delorenzoglobal.com\\\/fr\\\/produit\\\/laboratoire-de-machines-electriques-1-kw\\\/\",\"url\":\"https:\\\/\\\/delorenzoglobal.com\\\/fr\\\/produit\\\/laboratoire-de-machines-electriques-1-kw\\\/\",\"name\":\"LABORATOIRE DE MACHINES \u00c9LECTRIQUES (1 kW) - De Lorenzo Training &amp; Didactical Equipment\",\"isPartOf\":{\"@id\":\"https:\\\/\\\/delorenzoglobal.com\\\/fr\\\/#website\"},\"primaryImageOfPage\":{\"@id\":\"https:\\\/\\\/delorenzoglobal.com\\\/fr\\\/produit\\\/laboratoire-de-machines-electriques-1-kw\\\/#primaryimage\"},\"image\":{\"@id\":\"https:\\\/\\\/delorenzoglobal.com\\\/fr\\\/produit\\\/laboratoire-de-machines-electriques-1-kw\\\/#primaryimage\"},\"thumbnailUrl\":\"https:\\\/\\\/delorenzoglobal.com\\\/wp-content\\\/uploads\\\/2024\\\/04\\\/DL-MAC-U-e-DL-MAC-E.jpg\",\"datePublished\":\"2024-04-15T06:58:59+00:00\",\"dateModified\":\"2025-04-29T12:11:56+00:00\",\"breadcrumb\":{\"@id\":\"https:\\\/\\\/delorenzoglobal.com\\\/fr\\\/produit\\\/laboratoire-de-machines-electriques-1-kw\\\/#breadcrumb\"},\"inLanguage\":\"fr-FR\",\"potentialAction\":[{\"@type\":\"ReadAction\",\"target\":[\"https:\\\/\\\/delorenzoglobal.com\\\/fr\\\/produit\\\/laboratoire-de-machines-electriques-1-kw\\\/\"]}]},{\"@type\":\"ImageObject\",\"inLanguage\":\"fr-FR\",\"@id\":\"https:\\\/\\\/delorenzoglobal.com\\\/fr\\\/produit\\\/laboratoire-de-machines-electriques-1-kw\\\/#primaryimage\",\"url\":\"https:\\\/\\\/delorenzoglobal.com\\\/wp-content\\\/uploads\\\/2024\\\/04\\\/DL-MAC-U-e-DL-MAC-E.jpg\",\"contentUrl\":\"https:\\\/\\\/delorenzoglobal.com\\\/wp-content\\\/uploads\\\/2024\\\/04\\\/DL-MAC-U-e-DL-MAC-E.jpg\",\"width\":1474,\"height\":869},{\"@type\":\"BreadcrumbList\",\"@id\":\"https:\\\/\\\/delorenzoglobal.com\\\/fr\\\/produit\\\/laboratoire-de-machines-electriques-1-kw\\\/#breadcrumb\",\"itemListElement\":[{\"@type\":\"ListItem\",\"position\":1,\"name\":\"Home\",\"item\":\"https:\\\/\\\/delorenzoglobal.com\\\/fr\\\/\"},{\"@type\":\"ListItem\",\"position\":2,\"name\":\"Boutique\",\"item\":\"https:\\\/\\\/delorenzoglobal.com\\\/fr\\\/boutique\\\/\"},{\"@type\":\"ListItem\",\"position\":3,\"name\":\"LABORATOIRE DE MACHINES \u00c9LECTRIQUES (1 kW)\"}]},{\"@type\":\"WebSite\",\"@id\":\"https:\\\/\\\/delorenzoglobal.com\\\/fr\\\/#website\",\"url\":\"https:\\\/\\\/delorenzoglobal.com\\\/fr\\\/\",\"name\":\"De Lorenzo Training &amp; Didactical Equipment\",\"description\":\"\",\"potentialAction\":[{\"@type\":\"SearchAction\",\"target\":{\"@type\":\"EntryPoint\",\"urlTemplate\":\"https:\\\/\\\/delorenzoglobal.com\\\/fr\\\/?s={search_term_string}\"},\"query-input\":{\"@type\":\"PropertyValueSpecification\",\"valueRequired\":true,\"valueName\":\"search_term_string\"}}],\"inLanguage\":\"fr-FR\"}]}<\/script>\n<!-- \/ Yoast SEO plugin. -->","yoast_head_json":{"title":"LABORATOIRE DE MACHINES \u00c9LECTRIQUES (1 kW) - De Lorenzo Training &amp; Didactical Equipment","robots":{"index":"index","follow":"follow","max-snippet":"max-snippet:-1","max-image-preview":"max-image-preview:large","max-video-preview":"max-video-preview:-1"},"canonical":"https:\/\/delorenzoglobal.com\/fr\/produit\/laboratoire-de-machines-electriques-1-kw\/","og_locale":"fr_FR","og_type":"article","og_title":"LABORATOIRE DE MACHINES \u00c9LECTRIQUES (1 kW) - De Lorenzo Training &amp; Didactical Equipment","og_description":"Le DL MAC-U est un banc polyvalent pour l&rsquo;\u00e9tude et la caract\u00e9risation de toutes les machines \u00e9lectriques du catalogue de la s\u00e9rie De Lorenzo Unilab (1,1 kW). Le syst\u00e8me comprend tous les instruments n\u00e9cessaires pour apprendre le fonctionnement et les caract\u00e9ristiques de chaque type de machine \u00e9lectrique (moteurs ou g\u00e9n\u00e9rateurs en CA ou CC). Le [&hellip;]","og_url":"https:\/\/delorenzoglobal.com\/fr\/produit\/laboratoire-de-machines-electriques-1-kw\/","og_site_name":"De Lorenzo Training &amp; Didactical Equipment","article_modified_time":"2025-04-29T12:11:56+00:00","og_image":[{"width":1474,"height":869,"url":"https:\/\/delorenzoglobal.com\/wp-content\/uploads\/2024\/04\/DL-MAC-U-e-DL-MAC-E.jpg","type":"image\/jpeg"}],"twitter_card":"summary_large_image","twitter_misc":{"Dur\u00e9e de lecture estim\u00e9e":"1 minute"},"schema":{"@context":"https:\/\/schema.org","@graph":[{"@type":"WebPage","@id":"https:\/\/delorenzoglobal.com\/fr\/produit\/laboratoire-de-machines-electriques-1-kw\/","url":"https:\/\/delorenzoglobal.com\/fr\/produit\/laboratoire-de-machines-electriques-1-kw\/","name":"LABORATOIRE DE MACHINES \u00c9LECTRIQUES (1 kW) - De Lorenzo Training &amp; Didactical Equipment","isPartOf":{"@id":"https:\/\/delorenzoglobal.com\/fr\/#website"},"primaryImageOfPage":{"@id":"https:\/\/delorenzoglobal.com\/fr\/produit\/laboratoire-de-machines-electriques-1-kw\/#primaryimage"},"image":{"@id":"https:\/\/delorenzoglobal.com\/fr\/produit\/laboratoire-de-machines-electriques-1-kw\/#primaryimage"},"thumbnailUrl":"https:\/\/delorenzoglobal.com\/wp-content\/uploads\/2024\/04\/DL-MAC-U-e-DL-MAC-E.jpg","datePublished":"2024-04-15T06:58:59+00:00","dateModified":"2025-04-29T12:11:56+00:00","breadcrumb":{"@id":"https:\/\/delorenzoglobal.com\/fr\/produit\/laboratoire-de-machines-electriques-1-kw\/#breadcrumb"},"inLanguage":"fr-FR","potentialAction":[{"@type":"ReadAction","target":["https:\/\/delorenzoglobal.com\/fr\/produit\/laboratoire-de-machines-electriques-1-kw\/"]}]},{"@type":"ImageObject","inLanguage":"fr-FR","@id":"https:\/\/delorenzoglobal.com\/fr\/produit\/laboratoire-de-machines-electriques-1-kw\/#primaryimage","url":"https:\/\/delorenzoglobal.com\/wp-content\/uploads\/2024\/04\/DL-MAC-U-e-DL-MAC-E.jpg","contentUrl":"https:\/\/delorenzoglobal.com\/wp-content\/uploads\/2024\/04\/DL-MAC-U-e-DL-MAC-E.jpg","width":1474,"height":869},{"@type":"BreadcrumbList","@id":"https:\/\/delorenzoglobal.com\/fr\/produit\/laboratoire-de-machines-electriques-1-kw\/#breadcrumb","itemListElement":[{"@type":"ListItem","position":1,"name":"Home","item":"https:\/\/delorenzoglobal.com\/fr\/"},{"@type":"ListItem","position":2,"name":"Boutique","item":"https:\/\/delorenzoglobal.com\/fr\/boutique\/"},{"@type":"ListItem","position":3,"name":"LABORATOIRE DE MACHINES \u00c9LECTRIQUES (1 kW)"}]},{"@type":"WebSite","@id":"https:\/\/delorenzoglobal.com\/fr\/#website","url":"https:\/\/delorenzoglobal.com\/fr\/","name":"De Lorenzo Training &amp; Didactical Equipment","description":"","potentialAction":[{"@type":"SearchAction","target":{"@type":"EntryPoint","urlTemplate":"https:\/\/delorenzoglobal.com\/fr\/?s={search_term_string}"},"query-input":{"@type":"PropertyValueSpecification","valueRequired":true,"valueName":"search_term_string"}}],"inLanguage":"fr-FR"}]}},"_links":{"self":[{"href":"https:\/\/delorenzoglobal.com\/fr\/wp-json\/wp\/v2\/product\/6366","targetHints":{"allow":["GET"]}}],"collection":[{"href":"https:\/\/delorenzoglobal.com\/fr\/wp-json\/wp\/v2\/product"}],"about":[{"href":"https:\/\/delorenzoglobal.com\/fr\/wp-json\/wp\/v2\/types\/product"}],"wp:featuredmedia":[{"embeddable":true,"href":"https:\/\/delorenzoglobal.com\/fr\/wp-json\/wp\/v2\/media\/6329"}],"wp:attachment":[{"href":"https:\/\/delorenzoglobal.com\/fr\/wp-json\/wp\/v2\/media?parent=6366"}],"wp:term":[{"taxonomy":"product_brand","embeddable":true,"href":"https:\/\/delorenzoglobal.com\/fr\/wp-json\/wp\/v2\/product_brand?post=6366"},{"taxonomy":"product_cat","embeddable":true,"href":"https:\/\/delorenzoglobal.com\/fr\/wp-json\/wp\/v2\/product_cat?post=6366"},{"taxonomy":"product_tag","embeddable":true,"href":"https:\/\/delorenzoglobal.com\/fr\/wp-json\/wp\/v2\/product_tag?post=6366"}],"curies":[{"name":"wp","href":"https:\/\/api.w.org\/{rel}","templated":true}]}}