{"id":6291,"date":"2024-04-15T08:37:22","date_gmt":"2024-04-15T06:37:22","guid":{"rendered":"https:\/\/delorenzoglobal.com\/?post_type=product&#038;p=6291"},"modified":"2025-01-27T14:03:40","modified_gmt":"2025-01-27T13:03:40","slug":"configuration-totale-2","status":"publish","type":"product","link":"https:\/\/delorenzoglobal.com\/fr\/produit\/configuration-totale-2\/","title":{"rendered":"CONFIGURATION TOTALE"},"content":{"rendered":"<p>De Lorenzo a con\u00e7u un laboratoire pour l&rsquo;\u00e9tude de la technologie domotique qui permet \u00e0 l&rsquo;\u00e9tudiant une formation pratique, bas\u00e9e sur la r\u00e9alisation d&rsquo;exercices guid\u00e9s exp\u00e9riences.<\/p>\n<p>Pour ce laboratoire, des composants de type industriel ont \u00e9t\u00e9 p\u00e9dagogiquement adapt\u00e9 en utilisant le syst\u00e8me de panneaux modulaires qui permet leur assemblage pas \u00e0 pas \u00e0 partir du plus simple \u00a0circuit aux syst\u00e8mes les plus complexes.<\/p>\n<p>Partant des principes de base, l&rsquo;\u00e9tudiant suit une parcours \u00e9ducatif qui le m\u00e8ne, avec l&rsquo;aide de tr\u00e8s manuels p\u00e9dagogiques, \u00e0 l&rsquo;\u00e9tude des plus complexes \u00a0circuits de mani\u00e8re progressive et syst\u00e9matique.<\/p>\n<p>Les sujets d&rsquo;\u00e9tude comprennent les cat\u00e9gories suivantes:<\/p>\n<p>EIB LP Usine d&rsquo;\u00e9clairage<\/p>\n<p>BEI SCP Installation de contr\u00f4le de volets<\/p>\n<p>EIB SP Usine de s\u00e9curit\u00e9<\/p>\n<p>BEI HAP Installation de chauffage\/climatisation<\/p>\n<p>Module EIB SM Scenery<\/p>\n<p>Usine PTT EIB avec API, \u00e9cran tactile et minuterie<\/p>\n<p>CONFIGURATION BEI TOT TOTAL<\/p>\n","protected":false},"excerpt":{"rendered":"<p>De Lorenzo a con\u00e7u un laboratoire pour l&rsquo;\u00e9tude de la technologie domotique qui permet \u00e0 l&rsquo;\u00e9tudiant une formation pratique, bas\u00e9e sur la r\u00e9alisation d&rsquo;exercices guid\u00e9s exp\u00e9riences. Pour ce laboratoire, des composants de type industriel ont \u00e9t\u00e9 p\u00e9dagogiquement adapt\u00e9 en utilisant le syst\u00e8me de panneaux modulaires qui permet leur assemblage pas \u00e0 pas \u00e0 partir du [&hellip;]<\/p>\n","protected":false},"featured_media":6284,"template":"","meta":{"_acf_changed":false},"product_brand":[],"product_cat":[292],"product_tag":[],"class_list":{"0":"post-6291","1":"product","2":"type-product","3":"status-publish","4":"has-post-thumbnail","6":"product_cat-automatisation-de-la-maison","8":"first","9":"instock","10":"shipping-taxable","11":"product-type-simple"},"acf":[],"yoast_head":"<!-- This site is optimized with the Yoast SEO plugin v27.4 - https:\/\/yoast.com\/product\/yoast-seo-wordpress\/ -->\n<title>CONFIGURATION TOTALE - De Lorenzo Training &amp; Didactical Equipment<\/title>\n<meta name=\"robots\" content=\"index, follow, max-snippet:-1, max-image-preview:large, max-video-preview:-1\" \/>\n<link rel=\"canonical\" href=\"https:\/\/delorenzoglobal.com\/fr\/produit\/configuration-totale-2\/\" \/>\n<meta property=\"og:locale\" content=\"fr_FR\" \/>\n<meta property=\"og:type\" content=\"article\" \/>\n<meta property=\"og:title\" content=\"CONFIGURATION TOTALE - De Lorenzo Training &amp; Didactical Equipment\" \/>\n<meta property=\"og:description\" content=\"De Lorenzo a con\u00e7u un laboratoire pour l&rsquo;\u00e9tude de la technologie domotique qui permet \u00e0 l&rsquo;\u00e9tudiant une formation pratique, bas\u00e9e sur la r\u00e9alisation d&rsquo;exercices guid\u00e9s exp\u00e9riences. Pour ce laboratoire, des composants de type industriel ont \u00e9t\u00e9 p\u00e9dagogiquement adapt\u00e9 en utilisant le syst\u00e8me de panneaux modulaires qui permet leur assemblage pas \u00e0 pas \u00e0 partir du [&hellip;]\" \/>\n<meta property=\"og:url\" content=\"https:\/\/delorenzoglobal.com\/fr\/produit\/configuration-totale-2\/\" \/>\n<meta property=\"og:site_name\" content=\"De Lorenzo Training &amp; Didactical Equipment\" \/>\n<meta property=\"article:modified_time\" content=\"2025-01-27T13:03:40+00:00\" \/>\n<meta property=\"og:image\" content=\"https:\/\/delorenzoglobal.com\/wp-content\/uploads\/2024\/04\/EIB-TOT-scaled.jpg\" \/>\n\t<meta property=\"og:image:width\" content=\"2560\" \/>\n\t<meta property=\"og:image:height\" content=\"2225\" \/>\n\t<meta property=\"og:image:type\" content=\"image\/jpeg\" \/>\n<meta name=\"twitter:card\" content=\"summary_large_image\" \/>\n<meta name=\"twitter:label1\" content=\"Dur\u00e9e de lecture estim\u00e9e\" \/>\n\t<meta name=\"twitter:data1\" content=\"1 minute\" \/>\n<script type=\"application\/ld+json\" class=\"yoast-schema-graph\">{\"@context\":\"https:\\\/\\\/schema.org\",\"@graph\":[{\"@type\":\"WebPage\",\"@id\":\"https:\\\/\\\/delorenzoglobal.com\\\/fr\\\/produit\\\/configuration-totale-2\\\/\",\"url\":\"https:\\\/\\\/delorenzoglobal.com\\\/fr\\\/produit\\\/configuration-totale-2\\\/\",\"name\":\"CONFIGURATION TOTALE - De Lorenzo Training &amp; Didactical Equipment\",\"isPartOf\":{\"@id\":\"https:\\\/\\\/delorenzoglobal.com\\\/fr\\\/#website\"},\"primaryImageOfPage\":{\"@id\":\"https:\\\/\\\/delorenzoglobal.com\\\/fr\\\/produit\\\/configuration-totale-2\\\/#primaryimage\"},\"image\":{\"@id\":\"https:\\\/\\\/delorenzoglobal.com\\\/fr\\\/produit\\\/configuration-totale-2\\\/#primaryimage\"},\"thumbnailUrl\":\"https:\\\/\\\/delorenzoglobal.com\\\/wp-content\\\/uploads\\\/2024\\\/04\\\/EIB-TOT-scaled.jpg\",\"datePublished\":\"2024-04-15T06:37:22+00:00\",\"dateModified\":\"2025-01-27T13:03:40+00:00\",\"breadcrumb\":{\"@id\":\"https:\\\/\\\/delorenzoglobal.com\\\/fr\\\/produit\\\/configuration-totale-2\\\/#breadcrumb\"},\"inLanguage\":\"fr-FR\",\"potentialAction\":[{\"@type\":\"ReadAction\",\"target\":[\"https:\\\/\\\/delorenzoglobal.com\\\/fr\\\/produit\\\/configuration-totale-2\\\/\"]}]},{\"@type\":\"ImageObject\",\"inLanguage\":\"fr-FR\",\"@id\":\"https:\\\/\\\/delorenzoglobal.com\\\/fr\\\/produit\\\/configuration-totale-2\\\/#primaryimage\",\"url\":\"https:\\\/\\\/delorenzoglobal.com\\\/wp-content\\\/uploads\\\/2024\\\/04\\\/EIB-TOT-scaled.jpg\",\"contentUrl\":\"https:\\\/\\\/delorenzoglobal.com\\\/wp-content\\\/uploads\\\/2024\\\/04\\\/EIB-TOT-scaled.jpg\",\"width\":2560,\"height\":2225},{\"@type\":\"BreadcrumbList\",\"@id\":\"https:\\\/\\\/delorenzoglobal.com\\\/fr\\\/produit\\\/configuration-totale-2\\\/#breadcrumb\",\"itemListElement\":[{\"@type\":\"ListItem\",\"position\":1,\"name\":\"Home\",\"item\":\"https:\\\/\\\/delorenzoglobal.com\\\/fr\\\/\"},{\"@type\":\"ListItem\",\"position\":2,\"name\":\"Boutique\",\"item\":\"https:\\\/\\\/delorenzoglobal.com\\\/fr\\\/boutique\\\/\"},{\"@type\":\"ListItem\",\"position\":3,\"name\":\"CONFIGURATION TOTALE\"}]},{\"@type\":\"WebSite\",\"@id\":\"https:\\\/\\\/delorenzoglobal.com\\\/fr\\\/#website\",\"url\":\"https:\\\/\\\/delorenzoglobal.com\\\/fr\\\/\",\"name\":\"De Lorenzo Training &amp; Didactical Equipment\",\"description\":\"\",\"potentialAction\":[{\"@type\":\"SearchAction\",\"target\":{\"@type\":\"EntryPoint\",\"urlTemplate\":\"https:\\\/\\\/delorenzoglobal.com\\\/fr\\\/?s={search_term_string}\"},\"query-input\":{\"@type\":\"PropertyValueSpecification\",\"valueRequired\":true,\"valueName\":\"search_term_string\"}}],\"inLanguage\":\"fr-FR\"}]}<\/script>\n<!-- \/ Yoast SEO plugin. -->","yoast_head_json":{"title":"CONFIGURATION TOTALE - De Lorenzo Training &amp; Didactical Equipment","robots":{"index":"index","follow":"follow","max-snippet":"max-snippet:-1","max-image-preview":"max-image-preview:large","max-video-preview":"max-video-preview:-1"},"canonical":"https:\/\/delorenzoglobal.com\/fr\/produit\/configuration-totale-2\/","og_locale":"fr_FR","og_type":"article","og_title":"CONFIGURATION TOTALE - De Lorenzo Training &amp; Didactical Equipment","og_description":"De Lorenzo a con\u00e7u un laboratoire pour l&rsquo;\u00e9tude de la technologie domotique qui permet \u00e0 l&rsquo;\u00e9tudiant une formation pratique, bas\u00e9e sur la r\u00e9alisation d&rsquo;exercices guid\u00e9s exp\u00e9riences. Pour ce laboratoire, des composants de type industriel ont \u00e9t\u00e9 p\u00e9dagogiquement adapt\u00e9 en utilisant le syst\u00e8me de panneaux modulaires qui permet leur assemblage pas \u00e0 pas \u00e0 partir du [&hellip;]","og_url":"https:\/\/delorenzoglobal.com\/fr\/produit\/configuration-totale-2\/","og_site_name":"De Lorenzo Training &amp; Didactical Equipment","article_modified_time":"2025-01-27T13:03:40+00:00","og_image":[{"width":2560,"height":2225,"url":"https:\/\/delorenzoglobal.com\/wp-content\/uploads\/2024\/04\/EIB-TOT-scaled.jpg","type":"image\/jpeg"}],"twitter_card":"summary_large_image","twitter_misc":{"Dur\u00e9e de lecture estim\u00e9e":"1 minute"},"schema":{"@context":"https:\/\/schema.org","@graph":[{"@type":"WebPage","@id":"https:\/\/delorenzoglobal.com\/fr\/produit\/configuration-totale-2\/","url":"https:\/\/delorenzoglobal.com\/fr\/produit\/configuration-totale-2\/","name":"CONFIGURATION TOTALE - De Lorenzo Training &amp; Didactical Equipment","isPartOf":{"@id":"https:\/\/delorenzoglobal.com\/fr\/#website"},"primaryImageOfPage":{"@id":"https:\/\/delorenzoglobal.com\/fr\/produit\/configuration-totale-2\/#primaryimage"},"image":{"@id":"https:\/\/delorenzoglobal.com\/fr\/produit\/configuration-totale-2\/#primaryimage"},"thumbnailUrl":"https:\/\/delorenzoglobal.com\/wp-content\/uploads\/2024\/04\/EIB-TOT-scaled.jpg","datePublished":"2024-04-15T06:37:22+00:00","dateModified":"2025-01-27T13:03:40+00:00","breadcrumb":{"@id":"https:\/\/delorenzoglobal.com\/fr\/produit\/configuration-totale-2\/#breadcrumb"},"inLanguage":"fr-FR","potentialAction":[{"@type":"ReadAction","target":["https:\/\/delorenzoglobal.com\/fr\/produit\/configuration-totale-2\/"]}]},{"@type":"ImageObject","inLanguage":"fr-FR","@id":"https:\/\/delorenzoglobal.com\/fr\/produit\/configuration-totale-2\/#primaryimage","url":"https:\/\/delorenzoglobal.com\/wp-content\/uploads\/2024\/04\/EIB-TOT-scaled.jpg","contentUrl":"https:\/\/delorenzoglobal.com\/wp-content\/uploads\/2024\/04\/EIB-TOT-scaled.jpg","width":2560,"height":2225},{"@type":"BreadcrumbList","@id":"https:\/\/delorenzoglobal.com\/fr\/produit\/configuration-totale-2\/#breadcrumb","itemListElement":[{"@type":"ListItem","position":1,"name":"Home","item":"https:\/\/delorenzoglobal.com\/fr\/"},{"@type":"ListItem","position":2,"name":"Boutique","item":"https:\/\/delorenzoglobal.com\/fr\/boutique\/"},{"@type":"ListItem","position":3,"name":"CONFIGURATION TOTALE"}]},{"@type":"WebSite","@id":"https:\/\/delorenzoglobal.com\/fr\/#website","url":"https:\/\/delorenzoglobal.com\/fr\/","name":"De Lorenzo Training &amp; Didactical Equipment","description":"","potentialAction":[{"@type":"SearchAction","target":{"@type":"EntryPoint","urlTemplate":"https:\/\/delorenzoglobal.com\/fr\/?s={search_term_string}"},"query-input":{"@type":"PropertyValueSpecification","valueRequired":true,"valueName":"search_term_string"}}],"inLanguage":"fr-FR"}]}},"_links":{"self":[{"href":"https:\/\/delorenzoglobal.com\/fr\/wp-json\/wp\/v2\/product\/6291","targetHints":{"allow":["GET"]}}],"collection":[{"href":"https:\/\/delorenzoglobal.com\/fr\/wp-json\/wp\/v2\/product"}],"about":[{"href":"https:\/\/delorenzoglobal.com\/fr\/wp-json\/wp\/v2\/types\/product"}],"wp:featuredmedia":[{"embeddable":true,"href":"https:\/\/delorenzoglobal.com\/fr\/wp-json\/wp\/v2\/media\/6284"}],"wp:attachment":[{"href":"https:\/\/delorenzoglobal.com\/fr\/wp-json\/wp\/v2\/media?parent=6291"}],"wp:term":[{"taxonomy":"product_brand","embeddable":true,"href":"https:\/\/delorenzoglobal.com\/fr\/wp-json\/wp\/v2\/product_brand?post=6291"},{"taxonomy":"product_cat","embeddable":true,"href":"https:\/\/delorenzoglobal.com\/fr\/wp-json\/wp\/v2\/product_cat?post=6291"},{"taxonomy":"product_tag","embeddable":true,"href":"https:\/\/delorenzoglobal.com\/fr\/wp-json\/wp\/v2\/product_tag?post=6291"}],"curies":[{"name":"wp","href":"https:\/\/api.w.org\/{rel}","templated":true}]}}