{"id":6262,"date":"2024-04-12T16:41:03","date_gmt":"2024-04-12T14:41:03","guid":{"rendered":"https:\/\/delorenzoglobal.com\/?post_type=product&#038;p=6262"},"modified":"2025-01-27T14:02:07","modified_gmt":"2025-01-27T13:02:07","slug":"installation-avec-plc-ecran-tactile-et-commutateur-horaire","status":"publish","type":"product","link":"https:\/\/delorenzoglobal.com\/fr\/produit\/installation-avec-plc-ecran-tactile-et-commutateur-horaire\/","title":{"rendered":"INSTALLATION AVEC PLC, \u00c9CRAN TACTILE ET COMMUTATEUR HORAIRE"},"content":{"rendered":"<p>Ce laboratoire est con\u00e7u pour l&rsquo;\u00e9tude des modules automate, \u00e9cran tactile et minuterie et pour permettre \u00e0 l&rsquo;\u00e9tudiant une formation pratique, bas\u00e9e sur la r\u00e9alisation d&rsquo;exp\u00e9riences guid\u00e9es.<\/p>\n<p>Les composants de type industriel sont p\u00e9dagogiquement adapt\u00e9 en utilisant un syst\u00e8me de panneaux modulaires pour permettre l&rsquo;assemblage \u00e9tape par \u00e9tape du circuit le plus simple au plus syst\u00e8me complexe.<\/p>\n<p>La configuration doit permettre la r\u00e9alisation des exercices suivants\u00a0:<\/p>\n<ul>\n<li>API<\/li>\n<li>Interrupteur horaire<\/li>\n<li>Ecran tactile Le manuel comprend des exercices pratiques utilisant des composants EIB standard.<\/li>\n<\/ul>\n<p>Chaque exp\u00e9rience d\u00e9crit \u00e0 partir de la conception et la configuration jusqu&rsquo;\u00e0 la mise en service du syst\u00e8me.<\/p>\n<p>En m\u00eame temps, l&rsquo;\u00e9tudiant sera en mesure de trouver d&rsquo;importants informations avec les terminologies pertinentes n\u00e9cessaires \u00e0 l&rsquo;assemblage des syst\u00e8mes domotiques.<\/p>\n","protected":false},"excerpt":{"rendered":"<p>Ce laboratoire est con\u00e7u pour l&rsquo;\u00e9tude des modules automate, \u00e9cran tactile et minuterie et pour permettre \u00e0 l&rsquo;\u00e9tudiant une formation pratique, bas\u00e9e sur la r\u00e9alisation d&rsquo;exp\u00e9riences guid\u00e9es. Les composants de type industriel sont p\u00e9dagogiquement adapt\u00e9 en utilisant un syst\u00e8me de panneaux modulaires pour permettre l&rsquo;assemblage \u00e9tape par \u00e9tape du circuit le plus simple au plus [&hellip;]<\/p>\n","protected":false},"featured_media":6255,"template":"","meta":{"_acf_changed":false},"product_brand":[],"product_cat":[292],"product_tag":[],"class_list":{"0":"post-6262","1":"product","2":"type-product","3":"status-publish","4":"has-post-thumbnail","6":"product_cat-automatisation-de-la-maison","8":"first","9":"instock","10":"shipping-taxable","11":"product-type-simple"},"acf":[],"yoast_head":"<!-- This site is optimized with the Yoast SEO plugin v27.4 - https:\/\/yoast.com\/product\/yoast-seo-wordpress\/ -->\n<title>INSTALLATION AVEC PLC, \u00c9CRAN TACTILE ET COMMUTATEUR HORAIRE - De Lorenzo Training &amp; Didactical Equipment<\/title>\n<meta name=\"robots\" content=\"index, follow, max-snippet:-1, max-image-preview:large, max-video-preview:-1\" \/>\n<link rel=\"canonical\" href=\"https:\/\/delorenzoglobal.com\/fr\/produit\/installation-avec-plc-ecran-tactile-et-commutateur-horaire\/\" \/>\n<meta property=\"og:locale\" content=\"fr_FR\" \/>\n<meta property=\"og:type\" content=\"article\" \/>\n<meta property=\"og:title\" content=\"INSTALLATION AVEC PLC, \u00c9CRAN TACTILE ET COMMUTATEUR HORAIRE - De Lorenzo Training &amp; Didactical Equipment\" \/>\n<meta property=\"og:description\" content=\"Ce laboratoire est con\u00e7u pour l&rsquo;\u00e9tude des modules automate, \u00e9cran tactile et minuterie et pour permettre \u00e0 l&rsquo;\u00e9tudiant une formation pratique, bas\u00e9e sur la r\u00e9alisation d&rsquo;exp\u00e9riences guid\u00e9es. Les composants de type industriel sont p\u00e9dagogiquement adapt\u00e9 en utilisant un syst\u00e8me de panneaux modulaires pour permettre l&rsquo;assemblage \u00e9tape par \u00e9tape du circuit le plus simple au plus [&hellip;]\" \/>\n<meta property=\"og:url\" content=\"https:\/\/delorenzoglobal.com\/fr\/produit\/installation-avec-plc-ecran-tactile-et-commutateur-horaire\/\" \/>\n<meta property=\"og:site_name\" content=\"De Lorenzo Training &amp; Didactical Equipment\" \/>\n<meta property=\"article:modified_time\" content=\"2025-01-27T13:02:07+00:00\" \/>\n<meta property=\"og:image\" content=\"https:\/\/delorenzoglobal.com\/wp-content\/uploads\/2024\/04\/EIB-PTT-scaled.jpg\" \/>\n\t<meta property=\"og:image:width\" content=\"2560\" \/>\n\t<meta property=\"og:image:height\" content=\"1930\" \/>\n\t<meta property=\"og:image:type\" content=\"image\/jpeg\" \/>\n<meta name=\"twitter:card\" content=\"summary_large_image\" \/>\n<meta name=\"twitter:label1\" content=\"Dur\u00e9e de lecture estim\u00e9e\" \/>\n\t<meta name=\"twitter:data1\" content=\"1 minute\" \/>\n<script type=\"application\/ld+json\" class=\"yoast-schema-graph\">{\"@context\":\"https:\\\/\\\/schema.org\",\"@graph\":[{\"@type\":\"WebPage\",\"@id\":\"https:\\\/\\\/delorenzoglobal.com\\\/fr\\\/produit\\\/installation-avec-plc-ecran-tactile-et-commutateur-horaire\\\/\",\"url\":\"https:\\\/\\\/delorenzoglobal.com\\\/fr\\\/produit\\\/installation-avec-plc-ecran-tactile-et-commutateur-horaire\\\/\",\"name\":\"INSTALLATION AVEC PLC, \u00c9CRAN TACTILE ET COMMUTATEUR HORAIRE - De Lorenzo Training &amp; Didactical Equipment\",\"isPartOf\":{\"@id\":\"https:\\\/\\\/delorenzoglobal.com\\\/fr\\\/#website\"},\"primaryImageOfPage\":{\"@id\":\"https:\\\/\\\/delorenzoglobal.com\\\/fr\\\/produit\\\/installation-avec-plc-ecran-tactile-et-commutateur-horaire\\\/#primaryimage\"},\"image\":{\"@id\":\"https:\\\/\\\/delorenzoglobal.com\\\/fr\\\/produit\\\/installation-avec-plc-ecran-tactile-et-commutateur-horaire\\\/#primaryimage\"},\"thumbnailUrl\":\"https:\\\/\\\/delorenzoglobal.com\\\/wp-content\\\/uploads\\\/2024\\\/04\\\/EIB-PTT-scaled.jpg\",\"datePublished\":\"2024-04-12T14:41:03+00:00\",\"dateModified\":\"2025-01-27T13:02:07+00:00\",\"breadcrumb\":{\"@id\":\"https:\\\/\\\/delorenzoglobal.com\\\/fr\\\/produit\\\/installation-avec-plc-ecran-tactile-et-commutateur-horaire\\\/#breadcrumb\"},\"inLanguage\":\"fr-FR\",\"potentialAction\":[{\"@type\":\"ReadAction\",\"target\":[\"https:\\\/\\\/delorenzoglobal.com\\\/fr\\\/produit\\\/installation-avec-plc-ecran-tactile-et-commutateur-horaire\\\/\"]}]},{\"@type\":\"ImageObject\",\"inLanguage\":\"fr-FR\",\"@id\":\"https:\\\/\\\/delorenzoglobal.com\\\/fr\\\/produit\\\/installation-avec-plc-ecran-tactile-et-commutateur-horaire\\\/#primaryimage\",\"url\":\"https:\\\/\\\/delorenzoglobal.com\\\/wp-content\\\/uploads\\\/2024\\\/04\\\/EIB-PTT-scaled.jpg\",\"contentUrl\":\"https:\\\/\\\/delorenzoglobal.com\\\/wp-content\\\/uploads\\\/2024\\\/04\\\/EIB-PTT-scaled.jpg\",\"width\":2560,\"height\":1930},{\"@type\":\"BreadcrumbList\",\"@id\":\"https:\\\/\\\/delorenzoglobal.com\\\/fr\\\/produit\\\/installation-avec-plc-ecran-tactile-et-commutateur-horaire\\\/#breadcrumb\",\"itemListElement\":[{\"@type\":\"ListItem\",\"position\":1,\"name\":\"Home\",\"item\":\"https:\\\/\\\/delorenzoglobal.com\\\/fr\\\/\"},{\"@type\":\"ListItem\",\"position\":2,\"name\":\"Boutique\",\"item\":\"https:\\\/\\\/delorenzoglobal.com\\\/fr\\\/boutique\\\/\"},{\"@type\":\"ListItem\",\"position\":3,\"name\":\"INSTALLATION AVEC PLC, \u00c9CRAN TACTILE ET COMMUTATEUR HORAIRE\"}]},{\"@type\":\"WebSite\",\"@id\":\"https:\\\/\\\/delorenzoglobal.com\\\/fr\\\/#website\",\"url\":\"https:\\\/\\\/delorenzoglobal.com\\\/fr\\\/\",\"name\":\"De Lorenzo Training &amp; Didactical Equipment\",\"description\":\"\",\"potentialAction\":[{\"@type\":\"SearchAction\",\"target\":{\"@type\":\"EntryPoint\",\"urlTemplate\":\"https:\\\/\\\/delorenzoglobal.com\\\/fr\\\/?s={search_term_string}\"},\"query-input\":{\"@type\":\"PropertyValueSpecification\",\"valueRequired\":true,\"valueName\":\"search_term_string\"}}],\"inLanguage\":\"fr-FR\"}]}<\/script>\n<!-- \/ Yoast SEO plugin. -->","yoast_head_json":{"title":"INSTALLATION AVEC PLC, \u00c9CRAN TACTILE ET COMMUTATEUR HORAIRE - De Lorenzo Training &amp; Didactical Equipment","robots":{"index":"index","follow":"follow","max-snippet":"max-snippet:-1","max-image-preview":"max-image-preview:large","max-video-preview":"max-video-preview:-1"},"canonical":"https:\/\/delorenzoglobal.com\/fr\/produit\/installation-avec-plc-ecran-tactile-et-commutateur-horaire\/","og_locale":"fr_FR","og_type":"article","og_title":"INSTALLATION AVEC PLC, \u00c9CRAN TACTILE ET COMMUTATEUR HORAIRE - De Lorenzo Training &amp; Didactical Equipment","og_description":"Ce laboratoire est con\u00e7u pour l&rsquo;\u00e9tude des modules automate, \u00e9cran tactile et minuterie et pour permettre \u00e0 l&rsquo;\u00e9tudiant une formation pratique, bas\u00e9e sur la r\u00e9alisation d&rsquo;exp\u00e9riences guid\u00e9es. Les composants de type industriel sont p\u00e9dagogiquement adapt\u00e9 en utilisant un syst\u00e8me de panneaux modulaires pour permettre l&rsquo;assemblage \u00e9tape par \u00e9tape du circuit le plus simple au plus [&hellip;]","og_url":"https:\/\/delorenzoglobal.com\/fr\/produit\/installation-avec-plc-ecran-tactile-et-commutateur-horaire\/","og_site_name":"De Lorenzo Training &amp; Didactical Equipment","article_modified_time":"2025-01-27T13:02:07+00:00","og_image":[{"width":2560,"height":1930,"url":"https:\/\/delorenzoglobal.com\/wp-content\/uploads\/2024\/04\/EIB-PTT-scaled.jpg","type":"image\/jpeg"}],"twitter_card":"summary_large_image","twitter_misc":{"Dur\u00e9e de lecture estim\u00e9e":"1 minute"},"schema":{"@context":"https:\/\/schema.org","@graph":[{"@type":"WebPage","@id":"https:\/\/delorenzoglobal.com\/fr\/produit\/installation-avec-plc-ecran-tactile-et-commutateur-horaire\/","url":"https:\/\/delorenzoglobal.com\/fr\/produit\/installation-avec-plc-ecran-tactile-et-commutateur-horaire\/","name":"INSTALLATION AVEC PLC, \u00c9CRAN TACTILE ET COMMUTATEUR HORAIRE - De Lorenzo Training &amp; Didactical Equipment","isPartOf":{"@id":"https:\/\/delorenzoglobal.com\/fr\/#website"},"primaryImageOfPage":{"@id":"https:\/\/delorenzoglobal.com\/fr\/produit\/installation-avec-plc-ecran-tactile-et-commutateur-horaire\/#primaryimage"},"image":{"@id":"https:\/\/delorenzoglobal.com\/fr\/produit\/installation-avec-plc-ecran-tactile-et-commutateur-horaire\/#primaryimage"},"thumbnailUrl":"https:\/\/delorenzoglobal.com\/wp-content\/uploads\/2024\/04\/EIB-PTT-scaled.jpg","datePublished":"2024-04-12T14:41:03+00:00","dateModified":"2025-01-27T13:02:07+00:00","breadcrumb":{"@id":"https:\/\/delorenzoglobal.com\/fr\/produit\/installation-avec-plc-ecran-tactile-et-commutateur-horaire\/#breadcrumb"},"inLanguage":"fr-FR","potentialAction":[{"@type":"ReadAction","target":["https:\/\/delorenzoglobal.com\/fr\/produit\/installation-avec-plc-ecran-tactile-et-commutateur-horaire\/"]}]},{"@type":"ImageObject","inLanguage":"fr-FR","@id":"https:\/\/delorenzoglobal.com\/fr\/produit\/installation-avec-plc-ecran-tactile-et-commutateur-horaire\/#primaryimage","url":"https:\/\/delorenzoglobal.com\/wp-content\/uploads\/2024\/04\/EIB-PTT-scaled.jpg","contentUrl":"https:\/\/delorenzoglobal.com\/wp-content\/uploads\/2024\/04\/EIB-PTT-scaled.jpg","width":2560,"height":1930},{"@type":"BreadcrumbList","@id":"https:\/\/delorenzoglobal.com\/fr\/produit\/installation-avec-plc-ecran-tactile-et-commutateur-horaire\/#breadcrumb","itemListElement":[{"@type":"ListItem","position":1,"name":"Home","item":"https:\/\/delorenzoglobal.com\/fr\/"},{"@type":"ListItem","position":2,"name":"Boutique","item":"https:\/\/delorenzoglobal.com\/fr\/boutique\/"},{"@type":"ListItem","position":3,"name":"INSTALLATION AVEC PLC, \u00c9CRAN TACTILE ET COMMUTATEUR HORAIRE"}]},{"@type":"WebSite","@id":"https:\/\/delorenzoglobal.com\/fr\/#website","url":"https:\/\/delorenzoglobal.com\/fr\/","name":"De Lorenzo Training &amp; Didactical Equipment","description":"","potentialAction":[{"@type":"SearchAction","target":{"@type":"EntryPoint","urlTemplate":"https:\/\/delorenzoglobal.com\/fr\/?s={search_term_string}"},"query-input":{"@type":"PropertyValueSpecification","valueRequired":true,"valueName":"search_term_string"}}],"inLanguage":"fr-FR"}]}},"_links":{"self":[{"href":"https:\/\/delorenzoglobal.com\/fr\/wp-json\/wp\/v2\/product\/6262","targetHints":{"allow":["GET"]}}],"collection":[{"href":"https:\/\/delorenzoglobal.com\/fr\/wp-json\/wp\/v2\/product"}],"about":[{"href":"https:\/\/delorenzoglobal.com\/fr\/wp-json\/wp\/v2\/types\/product"}],"wp:featuredmedia":[{"embeddable":true,"href":"https:\/\/delorenzoglobal.com\/fr\/wp-json\/wp\/v2\/media\/6255"}],"wp:attachment":[{"href":"https:\/\/delorenzoglobal.com\/fr\/wp-json\/wp\/v2\/media?parent=6262"}],"wp:term":[{"taxonomy":"product_brand","embeddable":true,"href":"https:\/\/delorenzoglobal.com\/fr\/wp-json\/wp\/v2\/product_brand?post=6262"},{"taxonomy":"product_cat","embeddable":true,"href":"https:\/\/delorenzoglobal.com\/fr\/wp-json\/wp\/v2\/product_cat?post=6262"},{"taxonomy":"product_tag","embeddable":true,"href":"https:\/\/delorenzoglobal.com\/fr\/wp-json\/wp\/v2\/product_tag?post=6262"}],"curies":[{"name":"wp","href":"https:\/\/api.w.org\/{rel}","templated":true}]}}