{"id":62455,"date":"2025-07-25T10:09:10","date_gmt":"2025-07-25T08:09:10","guid":{"rendered":"https:\/\/delorenzoglobal.com\/?post_type=product&#038;p=62455"},"modified":"2026-04-22T11:50:36","modified_gmt":"2026-04-22T09:50:36","slug":"installation-pilote-dextraction-des-huiles-essentielles","status":"publish","type":"product","link":"https:\/\/delorenzoglobal.com\/fr\/produit\/installation-pilote-dextraction-des-huiles-essentielles\/","title":{"rendered":"INSTALLATION PILOTE D&rsquo;EXTRACTION DES HUILES ESSENTIELLES"},"content":{"rendered":"<p>L&rsquo;installation pilote d&rsquo;extraction des huiles essentielles <strong>DL CH25<\/strong> a \u00e9t\u00e9 con\u00e7ue pour offrir une solution compl\u00e8te, s\u00fbre et efficace dans les processus de distillation \u00e0 la vapeur, adapt\u00e9e \u00e0 la fois aux environnements \u00e9ducatifs et aux applications de recherche et d\u00e9veloppement.<\/p>\n","protected":false},"excerpt":{"rendered":"<p>L&rsquo;installation pilote d&rsquo;extraction des huiles essentielles DL CH25 a \u00e9t\u00e9 con\u00e7ue pour offrir une solution compl\u00e8te, s\u00fbre et efficace dans les processus de distillation \u00e0 la vapeur, adapt\u00e9e \u00e0 la fois aux environnements \u00e9ducatifs et aux applications de recherche et d\u00e9veloppement.<\/p>\n","protected":false},"featured_media":71776,"template":"","meta":{"_acf_changed":false},"product_brand":[],"product_cat":[410],"product_tag":[],"class_list":{"0":"post-62455","1":"product","2":"type-product","3":"status-publish","4":"has-post-thumbnail","6":"product_cat-chimie-industrielle-2","8":"first","9":"instock","10":"shipping-taxable","11":"product-type-simple"},"acf":[],"yoast_head":"<!-- This site is optimized with the Yoast SEO plugin v27.4 - https:\/\/yoast.com\/product\/yoast-seo-wordpress\/ -->\n<title>INSTALLATION PILOTE D&#039;EXTRACTION DES HUILES ESSENTIELLES - De Lorenzo Training &amp; Didactical Equipment<\/title>\n<meta name=\"description\" content=\"L\u2019installation pilote DL CH25 offre une solution compl\u00e8te, s\u00fbre et efficace pour les proc\u00e9d\u00e9s de distillation par entra\u00eenement \u00e0 la vapeur, destin\u00e9e \u00e0 la formation et \u00e0 la recherche.\" \/>\n<meta name=\"robots\" content=\"index, follow, max-snippet:-1, max-image-preview:large, max-video-preview:-1\" \/>\n<link rel=\"canonical\" href=\"https:\/\/delorenzoglobal.com\/fr\/produit\/installation-pilote-dextraction-des-huiles-essentielles\/\" \/>\n<meta property=\"og:locale\" content=\"fr_FR\" \/>\n<meta property=\"og:type\" content=\"article\" \/>\n<meta property=\"og:title\" content=\"INSTALLATION PILOTE D&#039;EXTRACTION DES HUILES ESSENTIELLES - De Lorenzo Training &amp; Didactical Equipment\" \/>\n<meta property=\"og:description\" content=\"L\u2019installation pilote DL CH25 offre une solution compl\u00e8te, s\u00fbre et efficace pour les proc\u00e9d\u00e9s de distillation par entra\u00eenement \u00e0 la vapeur, destin\u00e9e \u00e0 la formation et \u00e0 la recherche.\" \/>\n<meta property=\"og:url\" content=\"https:\/\/delorenzoglobal.com\/fr\/produit\/installation-pilote-dextraction-des-huiles-essentielles\/\" \/>\n<meta property=\"og:site_name\" content=\"De Lorenzo Training &amp; Didactical Equipment\" \/>\n<meta property=\"article:modified_time\" content=\"2026-04-22T09:50:36+00:00\" \/>\n<meta property=\"og:image\" content=\"https:\/\/delorenzoglobal.com\/wp-content\/uploads\/2025\/07\/DL-CH25-2-scaled.jpg\" \/>\n\t<meta property=\"og:image:width\" content=\"2560\" \/>\n\t<meta property=\"og:image:height\" content=\"2220\" \/>\n\t<meta property=\"og:image:type\" content=\"image\/jpeg\" \/>\n<meta name=\"twitter:card\" content=\"summary_large_image\" \/>\n<meta name=\"twitter:label1\" content=\"Dur\u00e9e de lecture estim\u00e9e\" \/>\n\t<meta name=\"twitter:data1\" content=\"1 minute\" \/>\n<script type=\"application\/ld+json\" class=\"yoast-schema-graph\">{\"@context\":\"https:\\\/\\\/schema.org\",\"@graph\":[{\"@type\":\"WebPage\",\"@id\":\"https:\\\/\\\/delorenzoglobal.com\\\/fr\\\/produit\\\/installation-pilote-dextraction-des-huiles-essentielles\\\/\",\"url\":\"https:\\\/\\\/delorenzoglobal.com\\\/fr\\\/produit\\\/installation-pilote-dextraction-des-huiles-essentielles\\\/\",\"name\":\"INSTALLATION PILOTE D'EXTRACTION DES HUILES ESSENTIELLES - De Lorenzo Training &amp; Didactical Equipment\",\"isPartOf\":{\"@id\":\"https:\\\/\\\/delorenzoglobal.com\\\/fr\\\/#website\"},\"primaryImageOfPage\":{\"@id\":\"https:\\\/\\\/delorenzoglobal.com\\\/fr\\\/produit\\\/installation-pilote-dextraction-des-huiles-essentielles\\\/#primaryimage\"},\"image\":{\"@id\":\"https:\\\/\\\/delorenzoglobal.com\\\/fr\\\/produit\\\/installation-pilote-dextraction-des-huiles-essentielles\\\/#primaryimage\"},\"thumbnailUrl\":\"https:\\\/\\\/delorenzoglobal.com\\\/wp-content\\\/uploads\\\/2025\\\/07\\\/DL-CH25-2-scaled.jpg\",\"datePublished\":\"2025-07-25T08:09:10+00:00\",\"dateModified\":\"2026-04-22T09:50:36+00:00\",\"description\":\"L\u2019installation pilote DL CH25 offre une solution compl\u00e8te, s\u00fbre et efficace pour les proc\u00e9d\u00e9s de distillation par entra\u00eenement \u00e0 la vapeur, destin\u00e9e \u00e0 la formation et \u00e0 la recherche.\",\"breadcrumb\":{\"@id\":\"https:\\\/\\\/delorenzoglobal.com\\\/fr\\\/produit\\\/installation-pilote-dextraction-des-huiles-essentielles\\\/#breadcrumb\"},\"inLanguage\":\"fr-FR\",\"potentialAction\":[{\"@type\":\"ReadAction\",\"target\":[\"https:\\\/\\\/delorenzoglobal.com\\\/fr\\\/produit\\\/installation-pilote-dextraction-des-huiles-essentielles\\\/\"]}]},{\"@type\":\"ImageObject\",\"inLanguage\":\"fr-FR\",\"@id\":\"https:\\\/\\\/delorenzoglobal.com\\\/fr\\\/produit\\\/installation-pilote-dextraction-des-huiles-essentielles\\\/#primaryimage\",\"url\":\"https:\\\/\\\/delorenzoglobal.com\\\/wp-content\\\/uploads\\\/2025\\\/07\\\/DL-CH25-2-scaled.jpg\",\"contentUrl\":\"https:\\\/\\\/delorenzoglobal.com\\\/wp-content\\\/uploads\\\/2025\\\/07\\\/DL-CH25-2-scaled.jpg\",\"width\":2560,\"height\":2220},{\"@type\":\"BreadcrumbList\",\"@id\":\"https:\\\/\\\/delorenzoglobal.com\\\/fr\\\/produit\\\/installation-pilote-dextraction-des-huiles-essentielles\\\/#breadcrumb\",\"itemListElement\":[{\"@type\":\"ListItem\",\"position\":1,\"name\":\"Home\",\"item\":\"https:\\\/\\\/delorenzoglobal.com\\\/fr\\\/\"},{\"@type\":\"ListItem\",\"position\":2,\"name\":\"Boutique\",\"item\":\"https:\\\/\\\/delorenzoglobal.com\\\/fr\\\/boutique\\\/\"},{\"@type\":\"ListItem\",\"position\":3,\"name\":\"INSTALLATION PILOTE D&#8217;EXTRACTION DES HUILES ESSENTIELLES\"}]},{\"@type\":\"WebSite\",\"@id\":\"https:\\\/\\\/delorenzoglobal.com\\\/fr\\\/#website\",\"url\":\"https:\\\/\\\/delorenzoglobal.com\\\/fr\\\/\",\"name\":\"De Lorenzo Training &amp; Didactical Equipment\",\"description\":\"\",\"potentialAction\":[{\"@type\":\"SearchAction\",\"target\":{\"@type\":\"EntryPoint\",\"urlTemplate\":\"https:\\\/\\\/delorenzoglobal.com\\\/fr\\\/?s={search_term_string}\"},\"query-input\":{\"@type\":\"PropertyValueSpecification\",\"valueRequired\":true,\"valueName\":\"search_term_string\"}}],\"inLanguage\":\"fr-FR\"}]}<\/script>\n<!-- \/ Yoast SEO plugin. -->","yoast_head_json":{"title":"INSTALLATION PILOTE D'EXTRACTION DES HUILES ESSENTIELLES - De Lorenzo Training &amp; Didactical Equipment","description":"L\u2019installation pilote DL CH25 offre une solution compl\u00e8te, s\u00fbre et efficace pour les proc\u00e9d\u00e9s de distillation par entra\u00eenement \u00e0 la vapeur, destin\u00e9e \u00e0 la formation et \u00e0 la recherche.","robots":{"index":"index","follow":"follow","max-snippet":"max-snippet:-1","max-image-preview":"max-image-preview:large","max-video-preview":"max-video-preview:-1"},"canonical":"https:\/\/delorenzoglobal.com\/fr\/produit\/installation-pilote-dextraction-des-huiles-essentielles\/","og_locale":"fr_FR","og_type":"article","og_title":"INSTALLATION PILOTE D'EXTRACTION DES HUILES ESSENTIELLES - De Lorenzo Training &amp; Didactical Equipment","og_description":"L\u2019installation pilote DL CH25 offre une solution compl\u00e8te, s\u00fbre et efficace pour les proc\u00e9d\u00e9s de distillation par entra\u00eenement \u00e0 la vapeur, destin\u00e9e \u00e0 la formation et \u00e0 la recherche.","og_url":"https:\/\/delorenzoglobal.com\/fr\/produit\/installation-pilote-dextraction-des-huiles-essentielles\/","og_site_name":"De Lorenzo Training &amp; Didactical Equipment","article_modified_time":"2026-04-22T09:50:36+00:00","og_image":[{"width":2560,"height":2220,"url":"https:\/\/delorenzoglobal.com\/wp-content\/uploads\/2025\/07\/DL-CH25-2-scaled.jpg","type":"image\/jpeg"}],"twitter_card":"summary_large_image","twitter_misc":{"Dur\u00e9e de lecture estim\u00e9e":"1 minute"},"schema":{"@context":"https:\/\/schema.org","@graph":[{"@type":"WebPage","@id":"https:\/\/delorenzoglobal.com\/fr\/produit\/installation-pilote-dextraction-des-huiles-essentielles\/","url":"https:\/\/delorenzoglobal.com\/fr\/produit\/installation-pilote-dextraction-des-huiles-essentielles\/","name":"INSTALLATION PILOTE D'EXTRACTION DES HUILES ESSENTIELLES - De Lorenzo Training &amp; Didactical Equipment","isPartOf":{"@id":"https:\/\/delorenzoglobal.com\/fr\/#website"},"primaryImageOfPage":{"@id":"https:\/\/delorenzoglobal.com\/fr\/produit\/installation-pilote-dextraction-des-huiles-essentielles\/#primaryimage"},"image":{"@id":"https:\/\/delorenzoglobal.com\/fr\/produit\/installation-pilote-dextraction-des-huiles-essentielles\/#primaryimage"},"thumbnailUrl":"https:\/\/delorenzoglobal.com\/wp-content\/uploads\/2025\/07\/DL-CH25-2-scaled.jpg","datePublished":"2025-07-25T08:09:10+00:00","dateModified":"2026-04-22T09:50:36+00:00","description":"L\u2019installation pilote DL CH25 offre une solution compl\u00e8te, s\u00fbre et efficace pour les proc\u00e9d\u00e9s de distillation par entra\u00eenement \u00e0 la vapeur, destin\u00e9e \u00e0 la formation et \u00e0 la recherche.","breadcrumb":{"@id":"https:\/\/delorenzoglobal.com\/fr\/produit\/installation-pilote-dextraction-des-huiles-essentielles\/#breadcrumb"},"inLanguage":"fr-FR","potentialAction":[{"@type":"ReadAction","target":["https:\/\/delorenzoglobal.com\/fr\/produit\/installation-pilote-dextraction-des-huiles-essentielles\/"]}]},{"@type":"ImageObject","inLanguage":"fr-FR","@id":"https:\/\/delorenzoglobal.com\/fr\/produit\/installation-pilote-dextraction-des-huiles-essentielles\/#primaryimage","url":"https:\/\/delorenzoglobal.com\/wp-content\/uploads\/2025\/07\/DL-CH25-2-scaled.jpg","contentUrl":"https:\/\/delorenzoglobal.com\/wp-content\/uploads\/2025\/07\/DL-CH25-2-scaled.jpg","width":2560,"height":2220},{"@type":"BreadcrumbList","@id":"https:\/\/delorenzoglobal.com\/fr\/produit\/installation-pilote-dextraction-des-huiles-essentielles\/#breadcrumb","itemListElement":[{"@type":"ListItem","position":1,"name":"Home","item":"https:\/\/delorenzoglobal.com\/fr\/"},{"@type":"ListItem","position":2,"name":"Boutique","item":"https:\/\/delorenzoglobal.com\/fr\/boutique\/"},{"@type":"ListItem","position":3,"name":"INSTALLATION PILOTE D&#8217;EXTRACTION DES HUILES ESSENTIELLES"}]},{"@type":"WebSite","@id":"https:\/\/delorenzoglobal.com\/fr\/#website","url":"https:\/\/delorenzoglobal.com\/fr\/","name":"De Lorenzo Training &amp; Didactical Equipment","description":"","potentialAction":[{"@type":"SearchAction","target":{"@type":"EntryPoint","urlTemplate":"https:\/\/delorenzoglobal.com\/fr\/?s={search_term_string}"},"query-input":{"@type":"PropertyValueSpecification","valueRequired":true,"valueName":"search_term_string"}}],"inLanguage":"fr-FR"}]}},"_links":{"self":[{"href":"https:\/\/delorenzoglobal.com\/fr\/wp-json\/wp\/v2\/product\/62455","targetHints":{"allow":["GET"]}}],"collection":[{"href":"https:\/\/delorenzoglobal.com\/fr\/wp-json\/wp\/v2\/product"}],"about":[{"href":"https:\/\/delorenzoglobal.com\/fr\/wp-json\/wp\/v2\/types\/product"}],"wp:featuredmedia":[{"embeddable":true,"href":"https:\/\/delorenzoglobal.com\/fr\/wp-json\/wp\/v2\/media\/71776"}],"wp:attachment":[{"href":"https:\/\/delorenzoglobal.com\/fr\/wp-json\/wp\/v2\/media?parent=62455"}],"wp:term":[{"taxonomy":"product_brand","embeddable":true,"href":"https:\/\/delorenzoglobal.com\/fr\/wp-json\/wp\/v2\/product_brand?post=62455"},{"taxonomy":"product_cat","embeddable":true,"href":"https:\/\/delorenzoglobal.com\/fr\/wp-json\/wp\/v2\/product_cat?post=62455"},{"taxonomy":"product_tag","embeddable":true,"href":"https:\/\/delorenzoglobal.com\/fr\/wp-json\/wp\/v2\/product_tag?post=62455"}],"curies":[{"name":"wp","href":"https:\/\/api.w.org\/{rel}","templated":true}]}}