{"id":62415,"date":"2025-07-25T09:53:54","date_gmt":"2025-07-25T07:53:54","guid":{"rendered":"https:\/\/delorenzoglobal.com\/?post_type=product&#038;p=62415"},"modified":"2025-07-30T10:53:45","modified_gmt":"2025-07-30T08:53:45","slug":"installation-pilote-de-lyophilisation-polyvalente","status":"publish","type":"product","link":"https:\/\/delorenzoglobal.com\/fr\/produit\/installation-pilote-de-lyophilisation-polyvalente\/","title":{"rendered":"INSTALLATION PILOTE DE LYOPHILISATION POLYVALENTE"},"content":{"rendered":"<p>L&rsquo;installation pilote de lyophilisation <strong>DL CH24 <\/strong>est un \u00e9quipement con\u00e7u pour les essais en laboratoire.<br \/>\nNotre installation pilote est \u00e9quip\u00e9e d&rsquo;une structure sur roues, d&rsquo;une chambre de lyophilisation et de condensation, d&rsquo;une pompe \u00e0 vide \u00e0 deux \u00e9tages.<\/p>\n","protected":false},"excerpt":{"rendered":"<p>L&rsquo;installation pilote de lyophilisation DL CH24 est un \u00e9quipement con\u00e7u pour les essais en laboratoire. Notre installation pilote est \u00e9quip\u00e9e d&rsquo;une structure sur roues, d&rsquo;une chambre de lyophilisation et de condensation, d&rsquo;une pompe \u00e0 vide \u00e0 deux \u00e9tages.<\/p>\n","protected":false},"featured_media":62645,"template":"","meta":{"_acf_changed":false},"product_brand":[],"product_cat":[410],"product_tag":[],"class_list":{"0":"post-62415","1":"product","2":"type-product","3":"status-publish","4":"has-post-thumbnail","6":"product_cat-chimie-industrielle-2","8":"first","9":"instock","10":"shipping-taxable","11":"product-type-simple"},"acf":[],"yoast_head":"<!-- This site is optimized with the Yoast SEO plugin v27.4 - https:\/\/yoast.com\/product\/yoast-seo-wordpress\/ -->\n<title>INSTALLATION PILOTE DE LYOPHILISATION POLYVALENTE - De Lorenzo Training &amp; Didactical Equipment<\/title>\n<meta name=\"robots\" content=\"index, follow, max-snippet:-1, max-image-preview:large, max-video-preview:-1\" \/>\n<link rel=\"canonical\" href=\"https:\/\/delorenzoglobal.com\/fr\/produit\/installation-pilote-de-lyophilisation-polyvalente\/\" \/>\n<meta property=\"og:locale\" content=\"fr_FR\" \/>\n<meta property=\"og:type\" content=\"article\" \/>\n<meta property=\"og:title\" content=\"INSTALLATION PILOTE DE LYOPHILISATION POLYVALENTE - De Lorenzo Training &amp; Didactical Equipment\" \/>\n<meta property=\"og:description\" content=\"L&rsquo;installation pilote de lyophilisation DL CH24 est un \u00e9quipement con\u00e7u pour les essais en laboratoire. Notre installation pilote est \u00e9quip\u00e9e d&rsquo;une structure sur roues, d&rsquo;une chambre de lyophilisation et de condensation, d&rsquo;une pompe \u00e0 vide \u00e0 deux \u00e9tages.\" \/>\n<meta property=\"og:url\" content=\"https:\/\/delorenzoglobal.com\/fr\/produit\/installation-pilote-de-lyophilisation-polyvalente\/\" \/>\n<meta property=\"og:site_name\" content=\"De Lorenzo Training &amp; Didactical Equipment\" \/>\n<meta property=\"article:modified_time\" content=\"2025-07-30T08:53:45+00:00\" \/>\n<meta property=\"og:image\" content=\"https:\/\/delorenzoglobal.com\/wp-content\/uploads\/2025\/07\/DL-CH24-1.jpg\" \/>\n\t<meta property=\"og:image:width\" content=\"469\" \/>\n\t<meta property=\"og:image:height\" content=\"521\" \/>\n\t<meta property=\"og:image:type\" content=\"image\/jpeg\" \/>\n<meta name=\"twitter:card\" content=\"summary_large_image\" \/>\n<meta name=\"twitter:label1\" content=\"Dur\u00e9e de lecture estim\u00e9e\" \/>\n\t<meta name=\"twitter:data1\" content=\"1 minute\" \/>\n<script type=\"application\/ld+json\" class=\"yoast-schema-graph\">{\"@context\":\"https:\\\/\\\/schema.org\",\"@graph\":[{\"@type\":\"WebPage\",\"@id\":\"https:\\\/\\\/delorenzoglobal.com\\\/fr\\\/produit\\\/installation-pilote-de-lyophilisation-polyvalente\\\/\",\"url\":\"https:\\\/\\\/delorenzoglobal.com\\\/fr\\\/produit\\\/installation-pilote-de-lyophilisation-polyvalente\\\/\",\"name\":\"INSTALLATION PILOTE DE LYOPHILISATION POLYVALENTE - De Lorenzo Training &amp; Didactical Equipment\",\"isPartOf\":{\"@id\":\"https:\\\/\\\/delorenzoglobal.com\\\/fr\\\/#website\"},\"primaryImageOfPage\":{\"@id\":\"https:\\\/\\\/delorenzoglobal.com\\\/fr\\\/produit\\\/installation-pilote-de-lyophilisation-polyvalente\\\/#primaryimage\"},\"image\":{\"@id\":\"https:\\\/\\\/delorenzoglobal.com\\\/fr\\\/produit\\\/installation-pilote-de-lyophilisation-polyvalente\\\/#primaryimage\"},\"thumbnailUrl\":\"https:\\\/\\\/delorenzoglobal.com\\\/wp-content\\\/uploads\\\/2025\\\/07\\\/DL-CH24-1.jpg\",\"datePublished\":\"2025-07-25T07:53:54+00:00\",\"dateModified\":\"2025-07-30T08:53:45+00:00\",\"breadcrumb\":{\"@id\":\"https:\\\/\\\/delorenzoglobal.com\\\/fr\\\/produit\\\/installation-pilote-de-lyophilisation-polyvalente\\\/#breadcrumb\"},\"inLanguage\":\"fr-FR\",\"potentialAction\":[{\"@type\":\"ReadAction\",\"target\":[\"https:\\\/\\\/delorenzoglobal.com\\\/fr\\\/produit\\\/installation-pilote-de-lyophilisation-polyvalente\\\/\"]}]},{\"@type\":\"ImageObject\",\"inLanguage\":\"fr-FR\",\"@id\":\"https:\\\/\\\/delorenzoglobal.com\\\/fr\\\/produit\\\/installation-pilote-de-lyophilisation-polyvalente\\\/#primaryimage\",\"url\":\"https:\\\/\\\/delorenzoglobal.com\\\/wp-content\\\/uploads\\\/2025\\\/07\\\/DL-CH24-1.jpg\",\"contentUrl\":\"https:\\\/\\\/delorenzoglobal.com\\\/wp-content\\\/uploads\\\/2025\\\/07\\\/DL-CH24-1.jpg\",\"width\":469,\"height\":521},{\"@type\":\"BreadcrumbList\",\"@id\":\"https:\\\/\\\/delorenzoglobal.com\\\/fr\\\/produit\\\/installation-pilote-de-lyophilisation-polyvalente\\\/#breadcrumb\",\"itemListElement\":[{\"@type\":\"ListItem\",\"position\":1,\"name\":\"Home\",\"item\":\"https:\\\/\\\/delorenzoglobal.com\\\/fr\\\/\"},{\"@type\":\"ListItem\",\"position\":2,\"name\":\"Boutique\",\"item\":\"https:\\\/\\\/delorenzoglobal.com\\\/fr\\\/boutique\\\/\"},{\"@type\":\"ListItem\",\"position\":3,\"name\":\"INSTALLATION PILOTE DE LYOPHILISATION POLYVALENTE\"}]},{\"@type\":\"WebSite\",\"@id\":\"https:\\\/\\\/delorenzoglobal.com\\\/fr\\\/#website\",\"url\":\"https:\\\/\\\/delorenzoglobal.com\\\/fr\\\/\",\"name\":\"De Lorenzo Training &amp; Didactical Equipment\",\"description\":\"\",\"potentialAction\":[{\"@type\":\"SearchAction\",\"target\":{\"@type\":\"EntryPoint\",\"urlTemplate\":\"https:\\\/\\\/delorenzoglobal.com\\\/fr\\\/?s={search_term_string}\"},\"query-input\":{\"@type\":\"PropertyValueSpecification\",\"valueRequired\":true,\"valueName\":\"search_term_string\"}}],\"inLanguage\":\"fr-FR\"}]}<\/script>\n<!-- \/ Yoast SEO plugin. -->","yoast_head_json":{"title":"INSTALLATION PILOTE DE LYOPHILISATION POLYVALENTE - De Lorenzo Training &amp; Didactical Equipment","robots":{"index":"index","follow":"follow","max-snippet":"max-snippet:-1","max-image-preview":"max-image-preview:large","max-video-preview":"max-video-preview:-1"},"canonical":"https:\/\/delorenzoglobal.com\/fr\/produit\/installation-pilote-de-lyophilisation-polyvalente\/","og_locale":"fr_FR","og_type":"article","og_title":"INSTALLATION PILOTE DE LYOPHILISATION POLYVALENTE - De Lorenzo Training &amp; Didactical Equipment","og_description":"L&rsquo;installation pilote de lyophilisation DL CH24 est un \u00e9quipement con\u00e7u pour les essais en laboratoire. Notre installation pilote est \u00e9quip\u00e9e d&rsquo;une structure sur roues, d&rsquo;une chambre de lyophilisation et de condensation, d&rsquo;une pompe \u00e0 vide \u00e0 deux \u00e9tages.","og_url":"https:\/\/delorenzoglobal.com\/fr\/produit\/installation-pilote-de-lyophilisation-polyvalente\/","og_site_name":"De Lorenzo Training &amp; Didactical Equipment","article_modified_time":"2025-07-30T08:53:45+00:00","og_image":[{"width":469,"height":521,"url":"https:\/\/delorenzoglobal.com\/wp-content\/uploads\/2025\/07\/DL-CH24-1.jpg","type":"image\/jpeg"}],"twitter_card":"summary_large_image","twitter_misc":{"Dur\u00e9e de lecture estim\u00e9e":"1 minute"},"schema":{"@context":"https:\/\/schema.org","@graph":[{"@type":"WebPage","@id":"https:\/\/delorenzoglobal.com\/fr\/produit\/installation-pilote-de-lyophilisation-polyvalente\/","url":"https:\/\/delorenzoglobal.com\/fr\/produit\/installation-pilote-de-lyophilisation-polyvalente\/","name":"INSTALLATION PILOTE DE LYOPHILISATION POLYVALENTE - De Lorenzo Training &amp; Didactical Equipment","isPartOf":{"@id":"https:\/\/delorenzoglobal.com\/fr\/#website"},"primaryImageOfPage":{"@id":"https:\/\/delorenzoglobal.com\/fr\/produit\/installation-pilote-de-lyophilisation-polyvalente\/#primaryimage"},"image":{"@id":"https:\/\/delorenzoglobal.com\/fr\/produit\/installation-pilote-de-lyophilisation-polyvalente\/#primaryimage"},"thumbnailUrl":"https:\/\/delorenzoglobal.com\/wp-content\/uploads\/2025\/07\/DL-CH24-1.jpg","datePublished":"2025-07-25T07:53:54+00:00","dateModified":"2025-07-30T08:53:45+00:00","breadcrumb":{"@id":"https:\/\/delorenzoglobal.com\/fr\/produit\/installation-pilote-de-lyophilisation-polyvalente\/#breadcrumb"},"inLanguage":"fr-FR","potentialAction":[{"@type":"ReadAction","target":["https:\/\/delorenzoglobal.com\/fr\/produit\/installation-pilote-de-lyophilisation-polyvalente\/"]}]},{"@type":"ImageObject","inLanguage":"fr-FR","@id":"https:\/\/delorenzoglobal.com\/fr\/produit\/installation-pilote-de-lyophilisation-polyvalente\/#primaryimage","url":"https:\/\/delorenzoglobal.com\/wp-content\/uploads\/2025\/07\/DL-CH24-1.jpg","contentUrl":"https:\/\/delorenzoglobal.com\/wp-content\/uploads\/2025\/07\/DL-CH24-1.jpg","width":469,"height":521},{"@type":"BreadcrumbList","@id":"https:\/\/delorenzoglobal.com\/fr\/produit\/installation-pilote-de-lyophilisation-polyvalente\/#breadcrumb","itemListElement":[{"@type":"ListItem","position":1,"name":"Home","item":"https:\/\/delorenzoglobal.com\/fr\/"},{"@type":"ListItem","position":2,"name":"Boutique","item":"https:\/\/delorenzoglobal.com\/fr\/boutique\/"},{"@type":"ListItem","position":3,"name":"INSTALLATION PILOTE DE LYOPHILISATION POLYVALENTE"}]},{"@type":"WebSite","@id":"https:\/\/delorenzoglobal.com\/fr\/#website","url":"https:\/\/delorenzoglobal.com\/fr\/","name":"De Lorenzo Training &amp; Didactical Equipment","description":"","potentialAction":[{"@type":"SearchAction","target":{"@type":"EntryPoint","urlTemplate":"https:\/\/delorenzoglobal.com\/fr\/?s={search_term_string}"},"query-input":{"@type":"PropertyValueSpecification","valueRequired":true,"valueName":"search_term_string"}}],"inLanguage":"fr-FR"}]}},"_links":{"self":[{"href":"https:\/\/delorenzoglobal.com\/fr\/wp-json\/wp\/v2\/product\/62415","targetHints":{"allow":["GET"]}}],"collection":[{"href":"https:\/\/delorenzoglobal.com\/fr\/wp-json\/wp\/v2\/product"}],"about":[{"href":"https:\/\/delorenzoglobal.com\/fr\/wp-json\/wp\/v2\/types\/product"}],"wp:featuredmedia":[{"embeddable":true,"href":"https:\/\/delorenzoglobal.com\/fr\/wp-json\/wp\/v2\/media\/62645"}],"wp:attachment":[{"href":"https:\/\/delorenzoglobal.com\/fr\/wp-json\/wp\/v2\/media?parent=62415"}],"wp:term":[{"taxonomy":"product_brand","embeddable":true,"href":"https:\/\/delorenzoglobal.com\/fr\/wp-json\/wp\/v2\/product_brand?post=62415"},{"taxonomy":"product_cat","embeddable":true,"href":"https:\/\/delorenzoglobal.com\/fr\/wp-json\/wp\/v2\/product_cat?post=62415"},{"taxonomy":"product_tag","embeddable":true,"href":"https:\/\/delorenzoglobal.com\/fr\/wp-json\/wp\/v2\/product_tag?post=62415"}],"curies":[{"name":"wp","href":"https:\/\/api.w.org\/{rel}","templated":true}]}}