{"id":62386,"date":"2025-07-25T09:33:36","date_gmt":"2025-07-25T07:33:36","guid":{"rendered":"https:\/\/delorenzoglobal.com\/?post_type=product&#038;p=62386"},"modified":"2026-04-22T11:44:03","modified_gmt":"2026-04-22T09:44:03","slug":"installation-pilote-pour-lextraction-solide-liquide-comprenant-une-unite-de-recuperation-des-solvants","status":"publish","type":"product","link":"https:\/\/delorenzoglobal.com\/fr\/produit\/installation-pilote-pour-lextraction-solide-liquide-comprenant-une-unite-de-recuperation-des-solvants\/","title":{"rendered":"INSTALLATION PILOTE POUR L&rsquo;EXTRACTION SOLIDE-LIQUIDE COMPRENANT UNE UNIT\u00c9 DE R\u00c9CUP\u00c9RATION DES SOLVANTS"},"content":{"rendered":"<p>L&rsquo;installation pilote d&rsquo;extraction solide-liquide <strong>DL CH23<\/strong> est con\u00e7ue pour r\u00e9aliser divers processus d&rsquo;extraction par diff\u00e9rentes m\u00e9thodes, s&rsquo;adaptant \u00e0 une large gamme de substances.<\/p>\n","protected":false},"excerpt":{"rendered":"<p>L&rsquo;installation pilote d&rsquo;extraction solide-liquide DL CH23 est con\u00e7ue pour r\u00e9aliser divers processus d&rsquo;extraction par diff\u00e9rentes m\u00e9thodes, s&rsquo;adaptant \u00e0 une large gamme de substances.<\/p>\n","protected":false},"featured_media":71724,"template":"","meta":{"_acf_changed":false},"product_brand":[],"product_cat":[410],"product_tag":[],"class_list":{"0":"post-62386","1":"product","2":"type-product","3":"status-publish","4":"has-post-thumbnail","6":"product_cat-chimie-industrielle-2","8":"first","9":"instock","10":"shipping-taxable","11":"product-type-simple"},"acf":[],"yoast_head":"<!-- This site is optimized with the Yoast SEO plugin v27.4 - https:\/\/yoast.com\/product\/yoast-seo-wordpress\/ -->\n<title>INSTALLATION PILOTE POUR L&#039;EXTRACTION SOLIDE-LIQUIDE COMPRENANT UNE UNIT\u00c9 DE R\u00c9CUP\u00c9RATION DES SOLVANTS - De Lorenzo Training &amp; Didactical Equipment<\/title>\n<meta name=\"description\" content=\"L\u2019installation pilote DL CH23 permet de r\u00e9aliser diff\u00e9rents proc\u00e9d\u00e9s d\u2019extraction solide-liquide avec diverses m\u00e9thodes, s\u2019adaptant \u00e0 de nombreuses substances.\" \/>\n<meta name=\"robots\" content=\"index, follow, max-snippet:-1, max-image-preview:large, max-video-preview:-1\" \/>\n<link rel=\"canonical\" href=\"https:\/\/delorenzoglobal.com\/fr\/produit\/installation-pilote-pour-lextraction-solide-liquide-comprenant-une-unite-de-recuperation-des-solvants\/\" \/>\n<meta property=\"og:locale\" content=\"fr_FR\" \/>\n<meta property=\"og:type\" content=\"article\" \/>\n<meta property=\"og:title\" content=\"INSTALLATION PILOTE POUR L&#039;EXTRACTION SOLIDE-LIQUIDE COMPRENANT UNE UNIT\u00c9 DE R\u00c9CUP\u00c9RATION DES SOLVANTS - De Lorenzo Training &amp; Didactical Equipment\" \/>\n<meta property=\"og:description\" content=\"L\u2019installation pilote DL CH23 permet de r\u00e9aliser diff\u00e9rents proc\u00e9d\u00e9s d\u2019extraction solide-liquide avec diverses m\u00e9thodes, s\u2019adaptant \u00e0 de nombreuses substances.\" \/>\n<meta property=\"og:url\" content=\"https:\/\/delorenzoglobal.com\/fr\/produit\/installation-pilote-pour-lextraction-solide-liquide-comprenant-une-unite-de-recuperation-des-solvants\/\" \/>\n<meta property=\"og:site_name\" content=\"De Lorenzo Training &amp; Didactical Equipment\" \/>\n<meta property=\"article:modified_time\" content=\"2026-04-22T09:44:03+00:00\" \/>\n<meta property=\"og:image\" content=\"https:\/\/delorenzoglobal.com\/wp-content\/uploads\/2025\/07\/DL-CH23-scaled.jpg\" \/>\n\t<meta property=\"og:image:width\" content=\"2560\" \/>\n\t<meta property=\"og:image:height\" content=\"2326\" \/>\n\t<meta property=\"og:image:type\" content=\"image\/jpeg\" \/>\n<meta name=\"twitter:card\" content=\"summary_large_image\" \/>\n<meta name=\"twitter:label1\" content=\"Dur\u00e9e de lecture estim\u00e9e\" \/>\n\t<meta name=\"twitter:data1\" content=\"1 minute\" \/>\n<script type=\"application\/ld+json\" class=\"yoast-schema-graph\">{\"@context\":\"https:\\\/\\\/schema.org\",\"@graph\":[{\"@type\":\"WebPage\",\"@id\":\"https:\\\/\\\/delorenzoglobal.com\\\/fr\\\/produit\\\/installation-pilote-pour-lextraction-solide-liquide-comprenant-une-unite-de-recuperation-des-solvants\\\/\",\"url\":\"https:\\\/\\\/delorenzoglobal.com\\\/fr\\\/produit\\\/installation-pilote-pour-lextraction-solide-liquide-comprenant-une-unite-de-recuperation-des-solvants\\\/\",\"name\":\"INSTALLATION PILOTE POUR L'EXTRACTION SOLIDE-LIQUIDE COMPRENANT UNE UNIT\u00c9 DE R\u00c9CUP\u00c9RATION DES SOLVANTS - De Lorenzo Training &amp; Didactical Equipment\",\"isPartOf\":{\"@id\":\"https:\\\/\\\/delorenzoglobal.com\\\/fr\\\/#website\"},\"primaryImageOfPage\":{\"@id\":\"https:\\\/\\\/delorenzoglobal.com\\\/fr\\\/produit\\\/installation-pilote-pour-lextraction-solide-liquide-comprenant-une-unite-de-recuperation-des-solvants\\\/#primaryimage\"},\"image\":{\"@id\":\"https:\\\/\\\/delorenzoglobal.com\\\/fr\\\/produit\\\/installation-pilote-pour-lextraction-solide-liquide-comprenant-une-unite-de-recuperation-des-solvants\\\/#primaryimage\"},\"thumbnailUrl\":\"https:\\\/\\\/delorenzoglobal.com\\\/wp-content\\\/uploads\\\/2025\\\/07\\\/DL-CH23-scaled.jpg\",\"datePublished\":\"2025-07-25T07:33:36+00:00\",\"dateModified\":\"2026-04-22T09:44:03+00:00\",\"description\":\"L\u2019installation pilote DL CH23 permet de r\u00e9aliser diff\u00e9rents proc\u00e9d\u00e9s d\u2019extraction solide-liquide avec diverses m\u00e9thodes, s\u2019adaptant \u00e0 de nombreuses substances.\",\"breadcrumb\":{\"@id\":\"https:\\\/\\\/delorenzoglobal.com\\\/fr\\\/produit\\\/installation-pilote-pour-lextraction-solide-liquide-comprenant-une-unite-de-recuperation-des-solvants\\\/#breadcrumb\"},\"inLanguage\":\"fr-FR\",\"potentialAction\":[{\"@type\":\"ReadAction\",\"target\":[\"https:\\\/\\\/delorenzoglobal.com\\\/fr\\\/produit\\\/installation-pilote-pour-lextraction-solide-liquide-comprenant-une-unite-de-recuperation-des-solvants\\\/\"]}]},{\"@type\":\"ImageObject\",\"inLanguage\":\"fr-FR\",\"@id\":\"https:\\\/\\\/delorenzoglobal.com\\\/fr\\\/produit\\\/installation-pilote-pour-lextraction-solide-liquide-comprenant-une-unite-de-recuperation-des-solvants\\\/#primaryimage\",\"url\":\"https:\\\/\\\/delorenzoglobal.com\\\/wp-content\\\/uploads\\\/2025\\\/07\\\/DL-CH23-scaled.jpg\",\"contentUrl\":\"https:\\\/\\\/delorenzoglobal.com\\\/wp-content\\\/uploads\\\/2025\\\/07\\\/DL-CH23-scaled.jpg\",\"width\":2560,\"height\":2326},{\"@type\":\"BreadcrumbList\",\"@id\":\"https:\\\/\\\/delorenzoglobal.com\\\/fr\\\/produit\\\/installation-pilote-pour-lextraction-solide-liquide-comprenant-une-unite-de-recuperation-des-solvants\\\/#breadcrumb\",\"itemListElement\":[{\"@type\":\"ListItem\",\"position\":1,\"name\":\"Home\",\"item\":\"https:\\\/\\\/delorenzoglobal.com\\\/fr\\\/\"},{\"@type\":\"ListItem\",\"position\":2,\"name\":\"Boutique\",\"item\":\"https:\\\/\\\/delorenzoglobal.com\\\/fr\\\/boutique\\\/\"},{\"@type\":\"ListItem\",\"position\":3,\"name\":\"INSTALLATION PILOTE POUR L&#8217;EXTRACTION SOLIDE-LIQUIDE COMPRENANT UNE UNIT\u00c9 DE R\u00c9CUP\u00c9RATION DES SOLVANTS\"}]},{\"@type\":\"WebSite\",\"@id\":\"https:\\\/\\\/delorenzoglobal.com\\\/fr\\\/#website\",\"url\":\"https:\\\/\\\/delorenzoglobal.com\\\/fr\\\/\",\"name\":\"De Lorenzo Training &amp; Didactical Equipment\",\"description\":\"\",\"potentialAction\":[{\"@type\":\"SearchAction\",\"target\":{\"@type\":\"EntryPoint\",\"urlTemplate\":\"https:\\\/\\\/delorenzoglobal.com\\\/fr\\\/?s={search_term_string}\"},\"query-input\":{\"@type\":\"PropertyValueSpecification\",\"valueRequired\":true,\"valueName\":\"search_term_string\"}}],\"inLanguage\":\"fr-FR\"}]}<\/script>\n<!-- \/ Yoast SEO plugin. -->","yoast_head_json":{"title":"INSTALLATION PILOTE POUR L'EXTRACTION SOLIDE-LIQUIDE COMPRENANT UNE UNIT\u00c9 DE R\u00c9CUP\u00c9RATION DES SOLVANTS - De Lorenzo Training &amp; Didactical Equipment","description":"L\u2019installation pilote DL CH23 permet de r\u00e9aliser diff\u00e9rents proc\u00e9d\u00e9s d\u2019extraction solide-liquide avec diverses m\u00e9thodes, s\u2019adaptant \u00e0 de nombreuses substances.","robots":{"index":"index","follow":"follow","max-snippet":"max-snippet:-1","max-image-preview":"max-image-preview:large","max-video-preview":"max-video-preview:-1"},"canonical":"https:\/\/delorenzoglobal.com\/fr\/produit\/installation-pilote-pour-lextraction-solide-liquide-comprenant-une-unite-de-recuperation-des-solvants\/","og_locale":"fr_FR","og_type":"article","og_title":"INSTALLATION PILOTE POUR L'EXTRACTION SOLIDE-LIQUIDE COMPRENANT UNE UNIT\u00c9 DE R\u00c9CUP\u00c9RATION DES SOLVANTS - De Lorenzo Training &amp; Didactical Equipment","og_description":"L\u2019installation pilote DL CH23 permet de r\u00e9aliser diff\u00e9rents proc\u00e9d\u00e9s d\u2019extraction solide-liquide avec diverses m\u00e9thodes, s\u2019adaptant \u00e0 de nombreuses substances.","og_url":"https:\/\/delorenzoglobal.com\/fr\/produit\/installation-pilote-pour-lextraction-solide-liquide-comprenant-une-unite-de-recuperation-des-solvants\/","og_site_name":"De Lorenzo Training &amp; Didactical Equipment","article_modified_time":"2026-04-22T09:44:03+00:00","og_image":[{"width":2560,"height":2326,"url":"https:\/\/delorenzoglobal.com\/wp-content\/uploads\/2025\/07\/DL-CH23-scaled.jpg","type":"image\/jpeg"}],"twitter_card":"summary_large_image","twitter_misc":{"Dur\u00e9e de lecture estim\u00e9e":"1 minute"},"schema":{"@context":"https:\/\/schema.org","@graph":[{"@type":"WebPage","@id":"https:\/\/delorenzoglobal.com\/fr\/produit\/installation-pilote-pour-lextraction-solide-liquide-comprenant-une-unite-de-recuperation-des-solvants\/","url":"https:\/\/delorenzoglobal.com\/fr\/produit\/installation-pilote-pour-lextraction-solide-liquide-comprenant-une-unite-de-recuperation-des-solvants\/","name":"INSTALLATION PILOTE POUR L'EXTRACTION SOLIDE-LIQUIDE COMPRENANT UNE UNIT\u00c9 DE R\u00c9CUP\u00c9RATION DES SOLVANTS - De Lorenzo Training &amp; Didactical Equipment","isPartOf":{"@id":"https:\/\/delorenzoglobal.com\/fr\/#website"},"primaryImageOfPage":{"@id":"https:\/\/delorenzoglobal.com\/fr\/produit\/installation-pilote-pour-lextraction-solide-liquide-comprenant-une-unite-de-recuperation-des-solvants\/#primaryimage"},"image":{"@id":"https:\/\/delorenzoglobal.com\/fr\/produit\/installation-pilote-pour-lextraction-solide-liquide-comprenant-une-unite-de-recuperation-des-solvants\/#primaryimage"},"thumbnailUrl":"https:\/\/delorenzoglobal.com\/wp-content\/uploads\/2025\/07\/DL-CH23-scaled.jpg","datePublished":"2025-07-25T07:33:36+00:00","dateModified":"2026-04-22T09:44:03+00:00","description":"L\u2019installation pilote DL CH23 permet de r\u00e9aliser diff\u00e9rents proc\u00e9d\u00e9s d\u2019extraction solide-liquide avec diverses m\u00e9thodes, s\u2019adaptant \u00e0 de nombreuses substances.","breadcrumb":{"@id":"https:\/\/delorenzoglobal.com\/fr\/produit\/installation-pilote-pour-lextraction-solide-liquide-comprenant-une-unite-de-recuperation-des-solvants\/#breadcrumb"},"inLanguage":"fr-FR","potentialAction":[{"@type":"ReadAction","target":["https:\/\/delorenzoglobal.com\/fr\/produit\/installation-pilote-pour-lextraction-solide-liquide-comprenant-une-unite-de-recuperation-des-solvants\/"]}]},{"@type":"ImageObject","inLanguage":"fr-FR","@id":"https:\/\/delorenzoglobal.com\/fr\/produit\/installation-pilote-pour-lextraction-solide-liquide-comprenant-une-unite-de-recuperation-des-solvants\/#primaryimage","url":"https:\/\/delorenzoglobal.com\/wp-content\/uploads\/2025\/07\/DL-CH23-scaled.jpg","contentUrl":"https:\/\/delorenzoglobal.com\/wp-content\/uploads\/2025\/07\/DL-CH23-scaled.jpg","width":2560,"height":2326},{"@type":"BreadcrumbList","@id":"https:\/\/delorenzoglobal.com\/fr\/produit\/installation-pilote-pour-lextraction-solide-liquide-comprenant-une-unite-de-recuperation-des-solvants\/#breadcrumb","itemListElement":[{"@type":"ListItem","position":1,"name":"Home","item":"https:\/\/delorenzoglobal.com\/fr\/"},{"@type":"ListItem","position":2,"name":"Boutique","item":"https:\/\/delorenzoglobal.com\/fr\/boutique\/"},{"@type":"ListItem","position":3,"name":"INSTALLATION PILOTE POUR L&#8217;EXTRACTION SOLIDE-LIQUIDE COMPRENANT UNE UNIT\u00c9 DE R\u00c9CUP\u00c9RATION DES SOLVANTS"}]},{"@type":"WebSite","@id":"https:\/\/delorenzoglobal.com\/fr\/#website","url":"https:\/\/delorenzoglobal.com\/fr\/","name":"De Lorenzo Training &amp; Didactical Equipment","description":"","potentialAction":[{"@type":"SearchAction","target":{"@type":"EntryPoint","urlTemplate":"https:\/\/delorenzoglobal.com\/fr\/?s={search_term_string}"},"query-input":{"@type":"PropertyValueSpecification","valueRequired":true,"valueName":"search_term_string"}}],"inLanguage":"fr-FR"}]}},"_links":{"self":[{"href":"https:\/\/delorenzoglobal.com\/fr\/wp-json\/wp\/v2\/product\/62386","targetHints":{"allow":["GET"]}}],"collection":[{"href":"https:\/\/delorenzoglobal.com\/fr\/wp-json\/wp\/v2\/product"}],"about":[{"href":"https:\/\/delorenzoglobal.com\/fr\/wp-json\/wp\/v2\/types\/product"}],"wp:featuredmedia":[{"embeddable":true,"href":"https:\/\/delorenzoglobal.com\/fr\/wp-json\/wp\/v2\/media\/71724"}],"wp:attachment":[{"href":"https:\/\/delorenzoglobal.com\/fr\/wp-json\/wp\/v2\/media?parent=62386"}],"wp:term":[{"taxonomy":"product_brand","embeddable":true,"href":"https:\/\/delorenzoglobal.com\/fr\/wp-json\/wp\/v2\/product_brand?post=62386"},{"taxonomy":"product_cat","embeddable":true,"href":"https:\/\/delorenzoglobal.com\/fr\/wp-json\/wp\/v2\/product_cat?post=62386"},{"taxonomy":"product_tag","embeddable":true,"href":"https:\/\/delorenzoglobal.com\/fr\/wp-json\/wp\/v2\/product_tag?post=62386"}],"curies":[{"name":"wp","href":"https:\/\/api.w.org\/{rel}","templated":true}]}}