{"id":62360,"date":"2025-07-25T09:18:10","date_gmt":"2025-07-25T07:18:10","guid":{"rendered":"https:\/\/delorenzoglobal.com\/?post_type=product&#038;p=62360"},"modified":"2025-07-30T10:20:34","modified_gmt":"2025-07-30T08:20:34","slug":"installation-pilote-de-distillation-continue","status":"publish","type":"product","link":"https:\/\/delorenzoglobal.com\/fr\/produit\/installation-pilote-de-distillation-continue\/","title":{"rendered":"INSTALLATION PILOTE DE DISTILLATION CONTINUE"},"content":{"rendered":"<p>L\u2019installation pilote de distillation continue <strong>DL CH22<\/strong> est un syst\u00e8me con\u00e7u pour l&rsquo;enseignement, la recherche et le d\u00e9veloppement de proc\u00e9d\u00e9s de s\u00e9paration de m\u00e9langes liquides par distillation.<\/p>\n","protected":false},"excerpt":{"rendered":"<p>L\u2019installation pilote de distillation continue DL CH22 est un syst\u00e8me con\u00e7u pour l&rsquo;enseignement, la recherche et le d\u00e9veloppement de proc\u00e9d\u00e9s de s\u00e9paration de m\u00e9langes liquides par distillation.<\/p>\n","protected":false},"featured_media":62587,"template":"","meta":{"_acf_changed":false},"product_brand":[],"product_cat":[410],"product_tag":[],"class_list":{"0":"post-62360","1":"product","2":"type-product","3":"status-publish","4":"has-post-thumbnail","6":"product_cat-chimie-industrielle-2","8":"first","9":"instock","10":"shipping-taxable","11":"product-type-simple"},"acf":[],"yoast_head":"<!-- This site is optimized with the Yoast SEO plugin v27.4 - https:\/\/yoast.com\/product\/yoast-seo-wordpress\/ -->\n<title>INSTALLATION PILOTE DE DISTILLATION CONTINUE - De Lorenzo Training &amp; Didactical Equipment<\/title>\n<meta name=\"robots\" content=\"index, follow, max-snippet:-1, max-image-preview:large, max-video-preview:-1\" \/>\n<link rel=\"canonical\" href=\"https:\/\/delorenzoglobal.com\/fr\/produit\/installation-pilote-de-distillation-continue\/\" \/>\n<meta property=\"og:locale\" content=\"fr_FR\" \/>\n<meta property=\"og:type\" content=\"article\" \/>\n<meta property=\"og:title\" content=\"INSTALLATION PILOTE DE DISTILLATION CONTINUE - De Lorenzo Training &amp; Didactical Equipment\" \/>\n<meta property=\"og:description\" content=\"L\u2019installation pilote de distillation continue DL CH22 est un syst\u00e8me con\u00e7u pour l&rsquo;enseignement, la recherche et le d\u00e9veloppement de proc\u00e9d\u00e9s de s\u00e9paration de m\u00e9langes liquides par distillation.\" \/>\n<meta property=\"og:url\" content=\"https:\/\/delorenzoglobal.com\/fr\/produit\/installation-pilote-de-distillation-continue\/\" \/>\n<meta property=\"og:site_name\" content=\"De Lorenzo Training &amp; Didactical Equipment\" \/>\n<meta property=\"article:modified_time\" content=\"2025-07-30T08:20:34+00:00\" \/>\n<meta property=\"og:image\" content=\"https:\/\/delorenzoglobal.com\/wp-content\/uploads\/2025\/07\/DL-CH22-1.jpg\" \/>\n\t<meta property=\"og:image:width\" content=\"454\" \/>\n\t<meta property=\"og:image:height\" content=\"536\" \/>\n\t<meta property=\"og:image:type\" content=\"image\/jpeg\" \/>\n<meta name=\"twitter:card\" content=\"summary_large_image\" \/>\n<meta name=\"twitter:label1\" content=\"Dur\u00e9e de lecture estim\u00e9e\" \/>\n\t<meta name=\"twitter:data1\" content=\"1 minute\" \/>\n<script type=\"application\/ld+json\" class=\"yoast-schema-graph\">{\"@context\":\"https:\\\/\\\/schema.org\",\"@graph\":[{\"@type\":\"WebPage\",\"@id\":\"https:\\\/\\\/delorenzoglobal.com\\\/fr\\\/produit\\\/installation-pilote-de-distillation-continue\\\/\",\"url\":\"https:\\\/\\\/delorenzoglobal.com\\\/fr\\\/produit\\\/installation-pilote-de-distillation-continue\\\/\",\"name\":\"INSTALLATION PILOTE DE DISTILLATION CONTINUE - De Lorenzo Training &amp; Didactical Equipment\",\"isPartOf\":{\"@id\":\"https:\\\/\\\/delorenzoglobal.com\\\/fr\\\/#website\"},\"primaryImageOfPage\":{\"@id\":\"https:\\\/\\\/delorenzoglobal.com\\\/fr\\\/produit\\\/installation-pilote-de-distillation-continue\\\/#primaryimage\"},\"image\":{\"@id\":\"https:\\\/\\\/delorenzoglobal.com\\\/fr\\\/produit\\\/installation-pilote-de-distillation-continue\\\/#primaryimage\"},\"thumbnailUrl\":\"https:\\\/\\\/delorenzoglobal.com\\\/wp-content\\\/uploads\\\/2025\\\/07\\\/DL-CH22-1.jpg\",\"datePublished\":\"2025-07-25T07:18:10+00:00\",\"dateModified\":\"2025-07-30T08:20:34+00:00\",\"breadcrumb\":{\"@id\":\"https:\\\/\\\/delorenzoglobal.com\\\/fr\\\/produit\\\/installation-pilote-de-distillation-continue\\\/#breadcrumb\"},\"inLanguage\":\"fr-FR\",\"potentialAction\":[{\"@type\":\"ReadAction\",\"target\":[\"https:\\\/\\\/delorenzoglobal.com\\\/fr\\\/produit\\\/installation-pilote-de-distillation-continue\\\/\"]}]},{\"@type\":\"ImageObject\",\"inLanguage\":\"fr-FR\",\"@id\":\"https:\\\/\\\/delorenzoglobal.com\\\/fr\\\/produit\\\/installation-pilote-de-distillation-continue\\\/#primaryimage\",\"url\":\"https:\\\/\\\/delorenzoglobal.com\\\/wp-content\\\/uploads\\\/2025\\\/07\\\/DL-CH22-1.jpg\",\"contentUrl\":\"https:\\\/\\\/delorenzoglobal.com\\\/wp-content\\\/uploads\\\/2025\\\/07\\\/DL-CH22-1.jpg\",\"width\":454,\"height\":536},{\"@type\":\"BreadcrumbList\",\"@id\":\"https:\\\/\\\/delorenzoglobal.com\\\/fr\\\/produit\\\/installation-pilote-de-distillation-continue\\\/#breadcrumb\",\"itemListElement\":[{\"@type\":\"ListItem\",\"position\":1,\"name\":\"Home\",\"item\":\"https:\\\/\\\/delorenzoglobal.com\\\/fr\\\/\"},{\"@type\":\"ListItem\",\"position\":2,\"name\":\"Boutique\",\"item\":\"https:\\\/\\\/delorenzoglobal.com\\\/fr\\\/boutique\\\/\"},{\"@type\":\"ListItem\",\"position\":3,\"name\":\"INSTALLATION PILOTE DE DISTILLATION CONTINUE\"}]},{\"@type\":\"WebSite\",\"@id\":\"https:\\\/\\\/delorenzoglobal.com\\\/fr\\\/#website\",\"url\":\"https:\\\/\\\/delorenzoglobal.com\\\/fr\\\/\",\"name\":\"De Lorenzo Training &amp; Didactical Equipment\",\"description\":\"\",\"potentialAction\":[{\"@type\":\"SearchAction\",\"target\":{\"@type\":\"EntryPoint\",\"urlTemplate\":\"https:\\\/\\\/delorenzoglobal.com\\\/fr\\\/?s={search_term_string}\"},\"query-input\":{\"@type\":\"PropertyValueSpecification\",\"valueRequired\":true,\"valueName\":\"search_term_string\"}}],\"inLanguage\":\"fr-FR\"}]}<\/script>\n<!-- \/ Yoast SEO plugin. -->","yoast_head_json":{"title":"INSTALLATION PILOTE DE DISTILLATION CONTINUE - De Lorenzo Training &amp; Didactical Equipment","robots":{"index":"index","follow":"follow","max-snippet":"max-snippet:-1","max-image-preview":"max-image-preview:large","max-video-preview":"max-video-preview:-1"},"canonical":"https:\/\/delorenzoglobal.com\/fr\/produit\/installation-pilote-de-distillation-continue\/","og_locale":"fr_FR","og_type":"article","og_title":"INSTALLATION PILOTE DE DISTILLATION CONTINUE - De Lorenzo Training &amp; Didactical Equipment","og_description":"L\u2019installation pilote de distillation continue DL CH22 est un syst\u00e8me con\u00e7u pour l&rsquo;enseignement, la recherche et le d\u00e9veloppement de proc\u00e9d\u00e9s de s\u00e9paration de m\u00e9langes liquides par distillation.","og_url":"https:\/\/delorenzoglobal.com\/fr\/produit\/installation-pilote-de-distillation-continue\/","og_site_name":"De Lorenzo Training &amp; Didactical Equipment","article_modified_time":"2025-07-30T08:20:34+00:00","og_image":[{"width":454,"height":536,"url":"https:\/\/delorenzoglobal.com\/wp-content\/uploads\/2025\/07\/DL-CH22-1.jpg","type":"image\/jpeg"}],"twitter_card":"summary_large_image","twitter_misc":{"Dur\u00e9e de lecture estim\u00e9e":"1 minute"},"schema":{"@context":"https:\/\/schema.org","@graph":[{"@type":"WebPage","@id":"https:\/\/delorenzoglobal.com\/fr\/produit\/installation-pilote-de-distillation-continue\/","url":"https:\/\/delorenzoglobal.com\/fr\/produit\/installation-pilote-de-distillation-continue\/","name":"INSTALLATION PILOTE DE DISTILLATION CONTINUE - De Lorenzo Training &amp; Didactical Equipment","isPartOf":{"@id":"https:\/\/delorenzoglobal.com\/fr\/#website"},"primaryImageOfPage":{"@id":"https:\/\/delorenzoglobal.com\/fr\/produit\/installation-pilote-de-distillation-continue\/#primaryimage"},"image":{"@id":"https:\/\/delorenzoglobal.com\/fr\/produit\/installation-pilote-de-distillation-continue\/#primaryimage"},"thumbnailUrl":"https:\/\/delorenzoglobal.com\/wp-content\/uploads\/2025\/07\/DL-CH22-1.jpg","datePublished":"2025-07-25T07:18:10+00:00","dateModified":"2025-07-30T08:20:34+00:00","breadcrumb":{"@id":"https:\/\/delorenzoglobal.com\/fr\/produit\/installation-pilote-de-distillation-continue\/#breadcrumb"},"inLanguage":"fr-FR","potentialAction":[{"@type":"ReadAction","target":["https:\/\/delorenzoglobal.com\/fr\/produit\/installation-pilote-de-distillation-continue\/"]}]},{"@type":"ImageObject","inLanguage":"fr-FR","@id":"https:\/\/delorenzoglobal.com\/fr\/produit\/installation-pilote-de-distillation-continue\/#primaryimage","url":"https:\/\/delorenzoglobal.com\/wp-content\/uploads\/2025\/07\/DL-CH22-1.jpg","contentUrl":"https:\/\/delorenzoglobal.com\/wp-content\/uploads\/2025\/07\/DL-CH22-1.jpg","width":454,"height":536},{"@type":"BreadcrumbList","@id":"https:\/\/delorenzoglobal.com\/fr\/produit\/installation-pilote-de-distillation-continue\/#breadcrumb","itemListElement":[{"@type":"ListItem","position":1,"name":"Home","item":"https:\/\/delorenzoglobal.com\/fr\/"},{"@type":"ListItem","position":2,"name":"Boutique","item":"https:\/\/delorenzoglobal.com\/fr\/boutique\/"},{"@type":"ListItem","position":3,"name":"INSTALLATION PILOTE DE DISTILLATION CONTINUE"}]},{"@type":"WebSite","@id":"https:\/\/delorenzoglobal.com\/fr\/#website","url":"https:\/\/delorenzoglobal.com\/fr\/","name":"De Lorenzo Training &amp; Didactical Equipment","description":"","potentialAction":[{"@type":"SearchAction","target":{"@type":"EntryPoint","urlTemplate":"https:\/\/delorenzoglobal.com\/fr\/?s={search_term_string}"},"query-input":{"@type":"PropertyValueSpecification","valueRequired":true,"valueName":"search_term_string"}}],"inLanguage":"fr-FR"}]}},"_links":{"self":[{"href":"https:\/\/delorenzoglobal.com\/fr\/wp-json\/wp\/v2\/product\/62360","targetHints":{"allow":["GET"]}}],"collection":[{"href":"https:\/\/delorenzoglobal.com\/fr\/wp-json\/wp\/v2\/product"}],"about":[{"href":"https:\/\/delorenzoglobal.com\/fr\/wp-json\/wp\/v2\/types\/product"}],"wp:featuredmedia":[{"embeddable":true,"href":"https:\/\/delorenzoglobal.com\/fr\/wp-json\/wp\/v2\/media\/62587"}],"wp:attachment":[{"href":"https:\/\/delorenzoglobal.com\/fr\/wp-json\/wp\/v2\/media?parent=62360"}],"wp:term":[{"taxonomy":"product_brand","embeddable":true,"href":"https:\/\/delorenzoglobal.com\/fr\/wp-json\/wp\/v2\/product_brand?post=62360"},{"taxonomy":"product_cat","embeddable":true,"href":"https:\/\/delorenzoglobal.com\/fr\/wp-json\/wp\/v2\/product_cat?post=62360"},{"taxonomy":"product_tag","embeddable":true,"href":"https:\/\/delorenzoglobal.com\/fr\/wp-json\/wp\/v2\/product_tag?post=62360"}],"curies":[{"name":"wp","href":"https:\/\/api.w.org\/{rel}","templated":true}]}}