{"id":61929,"date":"2025-07-18T15:27:09","date_gmt":"2025-07-18T13:27:09","guid":{"rendered":"https:\/\/delorenzoglobal.com\/?post_type=product&#038;p=61929"},"modified":"2025-10-07T10:29:52","modified_gmt":"2025-10-07T08:29:52","slug":"modele-ascenseur-simple","status":"publish","type":"product","link":"https:\/\/delorenzoglobal.com\/fr\/produit\/modele-ascenseur-simple\/","title":{"rendered":"MOD\u00c8LE ASCENSEUR SIMPLE"},"content":{"rendered":"<p>Cet \u00e9quipement forme principalement les talents d&rsquo;installation, de mise en service et de maintenance engag\u00e9s dans l&rsquo;industrie des ascenseurs. Il se concentre sur les syst\u00e8mes de contr\u00f4le m\u00e9caniques et \u00e9lectroniques, les flux de processus, et sur la culture de la capacit\u00e9 pratique des \u00e9tudiants \u00e0 r\u00e9soudre des probl\u00e8mes et \u00e0 obtenir l&rsquo;effet de tirer des inf\u00e9rences \u00e0 partir d&rsquo;un exemple, pour \u00e9galement trouver la cause des d\u00e9fauts rapidement et avec pr\u00e9cision et les \u00e9liminer dans le travail r\u00e9el am\u00e9liorant les capacit\u00e9s de r\u00e9flexion et d&rsquo;analyse des \u00e9tudiants.<\/p>\n","protected":false},"excerpt":{"rendered":"<p>Cet \u00e9quipement forme principalement les talents d&rsquo;installation, de mise en service et de maintenance engag\u00e9s dans l&rsquo;industrie des ascenseurs. Il se concentre sur les syst\u00e8mes de contr\u00f4le m\u00e9caniques et \u00e9lectroniques, les flux de processus, et sur la culture de la capacit\u00e9 pratique des \u00e9tudiants \u00e0 r\u00e9soudre des probl\u00e8mes et \u00e0 obtenir l&rsquo;effet de tirer des [&hellip;]<\/p>\n","protected":false},"featured_media":61917,"template":"","meta":{"_acf_changed":false},"product_brand":[],"product_cat":[171],"product_tag":[],"class_list":{"0":"post-61929","1":"product","2":"type-product","3":"status-publish","4":"has-post-thumbnail","6":"product_cat-applications-materielles","8":"first","9":"instock","10":"shipping-taxable","11":"product-type-simple"},"acf":[],"yoast_head":"<!-- This site is optimized with the Yoast SEO plugin v27.0 - https:\/\/yoast.com\/product\/yoast-seo-wordpress\/ -->\n<title>MOD\u00c8LE ASCENSEUR SIMPLE - De Lorenzo Training &amp; Didactical Equipment<\/title>\n<meta name=\"robots\" content=\"index, follow, max-snippet:-1, max-image-preview:large, max-video-preview:-1\" \/>\n<link rel=\"canonical\" href=\"https:\/\/delorenzoglobal.com\/fr\/produit\/modele-ascenseur-simple\/\" \/>\n<meta property=\"og:locale\" content=\"fr_FR\" \/>\n<meta property=\"og:type\" content=\"article\" \/>\n<meta property=\"og:title\" content=\"MOD\u00c8LE ASCENSEUR SIMPLE - De Lorenzo Training &amp; Didactical Equipment\" \/>\n<meta property=\"og:description\" content=\"Cet \u00e9quipement forme principalement les talents d&rsquo;installation, de mise en service et de maintenance engag\u00e9s dans l&rsquo;industrie des ascenseurs. Il se concentre sur les syst\u00e8mes de contr\u00f4le m\u00e9caniques et \u00e9lectroniques, les flux de processus, et sur la culture de la capacit\u00e9 pratique des \u00e9tudiants \u00e0 r\u00e9soudre des probl\u00e8mes et \u00e0 obtenir l&rsquo;effet de tirer des [&hellip;]\" \/>\n<meta property=\"og:url\" content=\"https:\/\/delorenzoglobal.com\/fr\/produit\/modele-ascenseur-simple\/\" \/>\n<meta property=\"og:site_name\" content=\"De Lorenzo Training &amp; Didactical Equipment\" \/>\n<meta property=\"article:modified_time\" content=\"2025-10-07T08:29:52+00:00\" \/>\n<meta property=\"og:image\" content=\"https:\/\/delorenzoglobal.com\/wp-content\/uploads\/2025\/07\/DL-LIFT2.0.jpg\" \/>\n\t<meta property=\"og:image:width\" content=\"555\" \/>\n\t<meta property=\"og:image:height\" content=\"386\" \/>\n\t<meta property=\"og:image:type\" content=\"image\/jpeg\" \/>\n<meta name=\"twitter:card\" content=\"summary_large_image\" \/>\n<meta name=\"twitter:label1\" content=\"Dur\u00e9e de lecture estim\u00e9e\" \/>\n\t<meta name=\"twitter:data1\" content=\"1 minute\" \/>\n<script type=\"application\/ld+json\" class=\"yoast-schema-graph\">{\"@context\":\"https:\/\/schema.org\",\"@graph\":[{\"@type\":\"WebPage\",\"@id\":\"https:\/\/delorenzoglobal.com\/fr\/produit\/modele-ascenseur-simple\/\",\"url\":\"https:\/\/delorenzoglobal.com\/fr\/produit\/modele-ascenseur-simple\/\",\"name\":\"MOD\u00c8LE ASCENSEUR SIMPLE - De Lorenzo Training &amp; Didactical Equipment\",\"isPartOf\":{\"@id\":\"https:\/\/delorenzoglobal.com\/fr\/#website\"},\"primaryImageOfPage\":{\"@id\":\"https:\/\/delorenzoglobal.com\/fr\/produit\/modele-ascenseur-simple\/#primaryimage\"},\"image\":{\"@id\":\"https:\/\/delorenzoglobal.com\/fr\/produit\/modele-ascenseur-simple\/#primaryimage\"},\"thumbnailUrl\":\"https:\/\/delorenzoglobal.com\/wp-content\/uploads\/2025\/07\/DL-LIFT2.0.jpg\",\"datePublished\":\"2025-07-18T13:27:09+00:00\",\"dateModified\":\"2025-10-07T08:29:52+00:00\",\"breadcrumb\":{\"@id\":\"https:\/\/delorenzoglobal.com\/fr\/produit\/modele-ascenseur-simple\/#breadcrumb\"},\"inLanguage\":\"fr-FR\",\"potentialAction\":[{\"@type\":\"ReadAction\",\"target\":[\"https:\/\/delorenzoglobal.com\/fr\/produit\/modele-ascenseur-simple\/\"]}]},{\"@type\":\"ImageObject\",\"inLanguage\":\"fr-FR\",\"@id\":\"https:\/\/delorenzoglobal.com\/fr\/produit\/modele-ascenseur-simple\/#primaryimage\",\"url\":\"https:\/\/delorenzoglobal.com\/wp-content\/uploads\/2025\/07\/DL-LIFT2.0.jpg\",\"contentUrl\":\"https:\/\/delorenzoglobal.com\/wp-content\/uploads\/2025\/07\/DL-LIFT2.0.jpg\",\"width\":555,\"height\":386},{\"@type\":\"BreadcrumbList\",\"@id\":\"https:\/\/delorenzoglobal.com\/fr\/produit\/modele-ascenseur-simple\/#breadcrumb\",\"itemListElement\":[{\"@type\":\"ListItem\",\"position\":1,\"name\":\"Home\",\"item\":\"https:\/\/delorenzoglobal.com\/fr\/\"},{\"@type\":\"ListItem\",\"position\":2,\"name\":\"Boutique\",\"item\":\"https:\/\/delorenzoglobal.com\/fr\/boutique\/\"},{\"@type\":\"ListItem\",\"position\":3,\"name\":\"MOD\u00c8LE ASCENSEUR SIMPLE\"}]},{\"@type\":\"WebSite\",\"@id\":\"https:\/\/delorenzoglobal.com\/fr\/#website\",\"url\":\"https:\/\/delorenzoglobal.com\/fr\/\",\"name\":\"De Lorenzo Training &amp; Didactical Equipment\",\"description\":\"\",\"potentialAction\":[{\"@type\":\"SearchAction\",\"target\":{\"@type\":\"EntryPoint\",\"urlTemplate\":\"https:\/\/delorenzoglobal.com\/fr\/?s={search_term_string}\"},\"query-input\":{\"@type\":\"PropertyValueSpecification\",\"valueRequired\":true,\"valueName\":\"search_term_string\"}}],\"inLanguage\":\"fr-FR\"}]}<\/script>\n<!-- \/ Yoast SEO plugin. -->","yoast_head_json":{"title":"MOD\u00c8LE ASCENSEUR SIMPLE - De Lorenzo Training &amp; Didactical Equipment","robots":{"index":"index","follow":"follow","max-snippet":"max-snippet:-1","max-image-preview":"max-image-preview:large","max-video-preview":"max-video-preview:-1"},"canonical":"https:\/\/delorenzoglobal.com\/fr\/produit\/modele-ascenseur-simple\/","og_locale":"fr_FR","og_type":"article","og_title":"MOD\u00c8LE ASCENSEUR SIMPLE - De Lorenzo Training &amp; Didactical Equipment","og_description":"Cet \u00e9quipement forme principalement les talents d&rsquo;installation, de mise en service et de maintenance engag\u00e9s dans l&rsquo;industrie des ascenseurs. Il se concentre sur les syst\u00e8mes de contr\u00f4le m\u00e9caniques et \u00e9lectroniques, les flux de processus, et sur la culture de la capacit\u00e9 pratique des \u00e9tudiants \u00e0 r\u00e9soudre des probl\u00e8mes et \u00e0 obtenir l&rsquo;effet de tirer des [&hellip;]","og_url":"https:\/\/delorenzoglobal.com\/fr\/produit\/modele-ascenseur-simple\/","og_site_name":"De Lorenzo Training &amp; Didactical Equipment","article_modified_time":"2025-10-07T08:29:52+00:00","og_image":[{"width":555,"height":386,"url":"https:\/\/delorenzoglobal.com\/wp-content\/uploads\/2025\/07\/DL-LIFT2.0.jpg","type":"image\/jpeg"}],"twitter_card":"summary_large_image","twitter_misc":{"Dur\u00e9e de lecture estim\u00e9e":"1 minute"},"schema":{"@context":"https:\/\/schema.org","@graph":[{"@type":"WebPage","@id":"https:\/\/delorenzoglobal.com\/fr\/produit\/modele-ascenseur-simple\/","url":"https:\/\/delorenzoglobal.com\/fr\/produit\/modele-ascenseur-simple\/","name":"MOD\u00c8LE ASCENSEUR SIMPLE - De Lorenzo Training &amp; Didactical Equipment","isPartOf":{"@id":"https:\/\/delorenzoglobal.com\/fr\/#website"},"primaryImageOfPage":{"@id":"https:\/\/delorenzoglobal.com\/fr\/produit\/modele-ascenseur-simple\/#primaryimage"},"image":{"@id":"https:\/\/delorenzoglobal.com\/fr\/produit\/modele-ascenseur-simple\/#primaryimage"},"thumbnailUrl":"https:\/\/delorenzoglobal.com\/wp-content\/uploads\/2025\/07\/DL-LIFT2.0.jpg","datePublished":"2025-07-18T13:27:09+00:00","dateModified":"2025-10-07T08:29:52+00:00","breadcrumb":{"@id":"https:\/\/delorenzoglobal.com\/fr\/produit\/modele-ascenseur-simple\/#breadcrumb"},"inLanguage":"fr-FR","potentialAction":[{"@type":"ReadAction","target":["https:\/\/delorenzoglobal.com\/fr\/produit\/modele-ascenseur-simple\/"]}]},{"@type":"ImageObject","inLanguage":"fr-FR","@id":"https:\/\/delorenzoglobal.com\/fr\/produit\/modele-ascenseur-simple\/#primaryimage","url":"https:\/\/delorenzoglobal.com\/wp-content\/uploads\/2025\/07\/DL-LIFT2.0.jpg","contentUrl":"https:\/\/delorenzoglobal.com\/wp-content\/uploads\/2025\/07\/DL-LIFT2.0.jpg","width":555,"height":386},{"@type":"BreadcrumbList","@id":"https:\/\/delorenzoglobal.com\/fr\/produit\/modele-ascenseur-simple\/#breadcrumb","itemListElement":[{"@type":"ListItem","position":1,"name":"Home","item":"https:\/\/delorenzoglobal.com\/fr\/"},{"@type":"ListItem","position":2,"name":"Boutique","item":"https:\/\/delorenzoglobal.com\/fr\/boutique\/"},{"@type":"ListItem","position":3,"name":"MOD\u00c8LE ASCENSEUR SIMPLE"}]},{"@type":"WebSite","@id":"https:\/\/delorenzoglobal.com\/fr\/#website","url":"https:\/\/delorenzoglobal.com\/fr\/","name":"De Lorenzo Training &amp; Didactical Equipment","description":"","potentialAction":[{"@type":"SearchAction","target":{"@type":"EntryPoint","urlTemplate":"https:\/\/delorenzoglobal.com\/fr\/?s={search_term_string}"},"query-input":{"@type":"PropertyValueSpecification","valueRequired":true,"valueName":"search_term_string"}}],"inLanguage":"fr-FR"}]}},"_links":{"self":[{"href":"https:\/\/delorenzoglobal.com\/fr\/wp-json\/wp\/v2\/product\/61929","targetHints":{"allow":["GET"]}}],"collection":[{"href":"https:\/\/delorenzoglobal.com\/fr\/wp-json\/wp\/v2\/product"}],"about":[{"href":"https:\/\/delorenzoglobal.com\/fr\/wp-json\/wp\/v2\/types\/product"}],"wp:featuredmedia":[{"embeddable":true,"href":"https:\/\/delorenzoglobal.com\/fr\/wp-json\/wp\/v2\/media\/61917"}],"wp:attachment":[{"href":"https:\/\/delorenzoglobal.com\/fr\/wp-json\/wp\/v2\/media?parent=61929"}],"wp:term":[{"taxonomy":"product_brand","embeddable":true,"href":"https:\/\/delorenzoglobal.com\/fr\/wp-json\/wp\/v2\/product_brand?post=61929"},{"taxonomy":"product_cat","embeddable":true,"href":"https:\/\/delorenzoglobal.com\/fr\/wp-json\/wp\/v2\/product_cat?post=61929"},{"taxonomy":"product_tag","embeddable":true,"href":"https:\/\/delorenzoglobal.com\/fr\/wp-json\/wp\/v2\/product_tag?post=61929"}],"curies":[{"name":"wp","href":"https:\/\/api.w.org\/{rel}","templated":true}]}}