{"id":6139,"date":"2024-04-12T15:13:24","date_gmt":"2024-04-12T13:13:24","guid":{"rendered":"https:\/\/delorenzoglobal.com\/?post_type=product&#038;p=6139"},"modified":"2025-01-27T14:00:44","modified_gmt":"2025-01-27T13:00:44","slug":"usine-declairage","status":"publish","type":"product","link":"https:\/\/delorenzoglobal.com\/fr\/produit\/usine-declairage\/","title":{"rendered":"USINE D&rsquo;\u00c9CLAIRAGE"},"content":{"rendered":"<p>Ce laboratoire est con\u00e7u pour l&rsquo;\u00e9tude des installations d&rsquo;\u00e9clairage et pour permettre \u00e0 l&rsquo;\u00e9tudiant une formation pratique, bas\u00e9e sur la r\u00e9alisation d&rsquo;exp\u00e9riences guid\u00e9es.<\/p>\n<p>Les composants de type industriel sont adapt\u00e9s de mani\u00e8re p\u00e9dagogique en utilisant un syst\u00e8me de panneau modulaire afin de permettre l\u2019assemblage pas \u00e0 pas du circuit le plus simple au syst\u00e8me le plus complexe.<\/p>\n<p>La configuration permet d&rsquo;effectuer les exercices suivants :<\/p>\n<ul>\n<li>Bouton poussoir double<\/li>\n<li>Gradateur<\/li>\n<li>R\u00e9glage de la luminosit\u00e9<\/li>\n<li>IR TX\/RX<\/li>\n<li>Le manuel comprend des exercices pratiques utilisant les composants standard de la EIB.<\/li>\n<\/ul>\n<p>Chaque exp\u00e9rience d\u00e9crit les \u00e9tapes depuis la conception et la configuration jusqu&rsquo;\u00e0 la mise en service du syst\u00e8me.<\/p>\n<p>Parall\u00e8lement, l&rsquo;\u00e9tudiant sera en mesure de trouver des informations importantes avec les terminologies pertinentes requises pour l&rsquo;assemblage des syst\u00e8mes domotiques.<\/p>\n","protected":false},"excerpt":{"rendered":"<p>Ce laboratoire est con\u00e7u pour l&rsquo;\u00e9tude des installations d&rsquo;\u00e9clairage et pour permettre \u00e0 l&rsquo;\u00e9tudiant une formation pratique, bas\u00e9e sur la r\u00e9alisation d&rsquo;exp\u00e9riences guid\u00e9es. Les composants de type industriel sont adapt\u00e9s de mani\u00e8re p\u00e9dagogique en utilisant un syst\u00e8me de panneau modulaire afin de permettre l\u2019assemblage pas \u00e0 pas du circuit le plus simple au syst\u00e8me le [&hellip;]<\/p>\n","protected":false},"featured_media":6132,"template":"","meta":{"_acf_changed":false},"product_brand":[],"product_cat":[292],"product_tag":[],"class_list":{"0":"post-6139","1":"product","2":"type-product","3":"status-publish","4":"has-post-thumbnail","6":"product_cat-automatisation-de-la-maison","8":"first","9":"instock","10":"shipping-taxable","11":"product-type-simple"},"acf":[],"yoast_head":"<!-- This site is optimized with the Yoast SEO plugin v27.4 - https:\/\/yoast.com\/product\/yoast-seo-wordpress\/ -->\n<title>USINE D&#039;\u00c9CLAIRAGE - De Lorenzo Training &amp; Didactical Equipment<\/title>\n<meta name=\"robots\" content=\"index, follow, max-snippet:-1, max-image-preview:large, max-video-preview:-1\" \/>\n<link rel=\"canonical\" href=\"https:\/\/delorenzoglobal.com\/fr\/produit\/usine-declairage\/\" \/>\n<meta property=\"og:locale\" content=\"fr_FR\" \/>\n<meta property=\"og:type\" content=\"article\" \/>\n<meta property=\"og:title\" content=\"USINE D&#039;\u00c9CLAIRAGE - De Lorenzo Training &amp; Didactical Equipment\" \/>\n<meta property=\"og:description\" content=\"Ce laboratoire est con\u00e7u pour l&rsquo;\u00e9tude des installations d&rsquo;\u00e9clairage et pour permettre \u00e0 l&rsquo;\u00e9tudiant une formation pratique, bas\u00e9e sur la r\u00e9alisation d&rsquo;exp\u00e9riences guid\u00e9es. Les composants de type industriel sont adapt\u00e9s de mani\u00e8re p\u00e9dagogique en utilisant un syst\u00e8me de panneau modulaire afin de permettre l\u2019assemblage pas \u00e0 pas du circuit le plus simple au syst\u00e8me le [&hellip;]\" \/>\n<meta property=\"og:url\" content=\"https:\/\/delorenzoglobal.com\/fr\/produit\/usine-declairage\/\" \/>\n<meta property=\"og:site_name\" content=\"De Lorenzo Training &amp; Didactical Equipment\" \/>\n<meta property=\"article:modified_time\" content=\"2025-01-27T13:00:44+00:00\" \/>\n<meta property=\"og:image\" content=\"https:\/\/delorenzoglobal.com\/wp-content\/uploads\/2024\/04\/EIB-LP.jpg\" \/>\n\t<meta property=\"og:image:width\" content=\"2541\" \/>\n\t<meta property=\"og:image:height\" content=\"1880\" \/>\n\t<meta property=\"og:image:type\" content=\"image\/jpeg\" \/>\n<meta name=\"twitter:card\" content=\"summary_large_image\" \/>\n<meta name=\"twitter:label1\" content=\"Dur\u00e9e de lecture estim\u00e9e\" \/>\n\t<meta name=\"twitter:data1\" content=\"1 minute\" \/>\n<script type=\"application\/ld+json\" class=\"yoast-schema-graph\">{\"@context\":\"https:\\\/\\\/schema.org\",\"@graph\":[{\"@type\":\"WebPage\",\"@id\":\"https:\\\/\\\/delorenzoglobal.com\\\/fr\\\/produit\\\/usine-declairage\\\/\",\"url\":\"https:\\\/\\\/delorenzoglobal.com\\\/fr\\\/produit\\\/usine-declairage\\\/\",\"name\":\"USINE D'\u00c9CLAIRAGE - De Lorenzo Training &amp; Didactical Equipment\",\"isPartOf\":{\"@id\":\"https:\\\/\\\/delorenzoglobal.com\\\/fr\\\/#website\"},\"primaryImageOfPage\":{\"@id\":\"https:\\\/\\\/delorenzoglobal.com\\\/fr\\\/produit\\\/usine-declairage\\\/#primaryimage\"},\"image\":{\"@id\":\"https:\\\/\\\/delorenzoglobal.com\\\/fr\\\/produit\\\/usine-declairage\\\/#primaryimage\"},\"thumbnailUrl\":\"https:\\\/\\\/delorenzoglobal.com\\\/wp-content\\\/uploads\\\/2024\\\/04\\\/EIB-LP.jpg\",\"datePublished\":\"2024-04-12T13:13:24+00:00\",\"dateModified\":\"2025-01-27T13:00:44+00:00\",\"breadcrumb\":{\"@id\":\"https:\\\/\\\/delorenzoglobal.com\\\/fr\\\/produit\\\/usine-declairage\\\/#breadcrumb\"},\"inLanguage\":\"fr-FR\",\"potentialAction\":[{\"@type\":\"ReadAction\",\"target\":[\"https:\\\/\\\/delorenzoglobal.com\\\/fr\\\/produit\\\/usine-declairage\\\/\"]}]},{\"@type\":\"ImageObject\",\"inLanguage\":\"fr-FR\",\"@id\":\"https:\\\/\\\/delorenzoglobal.com\\\/fr\\\/produit\\\/usine-declairage\\\/#primaryimage\",\"url\":\"https:\\\/\\\/delorenzoglobal.com\\\/wp-content\\\/uploads\\\/2024\\\/04\\\/EIB-LP.jpg\",\"contentUrl\":\"https:\\\/\\\/delorenzoglobal.com\\\/wp-content\\\/uploads\\\/2024\\\/04\\\/EIB-LP.jpg\",\"width\":2541,\"height\":1880},{\"@type\":\"BreadcrumbList\",\"@id\":\"https:\\\/\\\/delorenzoglobal.com\\\/fr\\\/produit\\\/usine-declairage\\\/#breadcrumb\",\"itemListElement\":[{\"@type\":\"ListItem\",\"position\":1,\"name\":\"Home\",\"item\":\"https:\\\/\\\/delorenzoglobal.com\\\/fr\\\/\"},{\"@type\":\"ListItem\",\"position\":2,\"name\":\"Boutique\",\"item\":\"https:\\\/\\\/delorenzoglobal.com\\\/fr\\\/boutique\\\/\"},{\"@type\":\"ListItem\",\"position\":3,\"name\":\"USINE D&#8217;\u00c9CLAIRAGE\"}]},{\"@type\":\"WebSite\",\"@id\":\"https:\\\/\\\/delorenzoglobal.com\\\/fr\\\/#website\",\"url\":\"https:\\\/\\\/delorenzoglobal.com\\\/fr\\\/\",\"name\":\"De Lorenzo Training &amp; Didactical Equipment\",\"description\":\"\",\"potentialAction\":[{\"@type\":\"SearchAction\",\"target\":{\"@type\":\"EntryPoint\",\"urlTemplate\":\"https:\\\/\\\/delorenzoglobal.com\\\/fr\\\/?s={search_term_string}\"},\"query-input\":{\"@type\":\"PropertyValueSpecification\",\"valueRequired\":true,\"valueName\":\"search_term_string\"}}],\"inLanguage\":\"fr-FR\"}]}<\/script>\n<!-- \/ Yoast SEO plugin. -->","yoast_head_json":{"title":"USINE D'\u00c9CLAIRAGE - De Lorenzo Training &amp; Didactical Equipment","robots":{"index":"index","follow":"follow","max-snippet":"max-snippet:-1","max-image-preview":"max-image-preview:large","max-video-preview":"max-video-preview:-1"},"canonical":"https:\/\/delorenzoglobal.com\/fr\/produit\/usine-declairage\/","og_locale":"fr_FR","og_type":"article","og_title":"USINE D'\u00c9CLAIRAGE - De Lorenzo Training &amp; Didactical Equipment","og_description":"Ce laboratoire est con\u00e7u pour l&rsquo;\u00e9tude des installations d&rsquo;\u00e9clairage et pour permettre \u00e0 l&rsquo;\u00e9tudiant une formation pratique, bas\u00e9e sur la r\u00e9alisation d&rsquo;exp\u00e9riences guid\u00e9es. Les composants de type industriel sont adapt\u00e9s de mani\u00e8re p\u00e9dagogique en utilisant un syst\u00e8me de panneau modulaire afin de permettre l\u2019assemblage pas \u00e0 pas du circuit le plus simple au syst\u00e8me le [&hellip;]","og_url":"https:\/\/delorenzoglobal.com\/fr\/produit\/usine-declairage\/","og_site_name":"De Lorenzo Training &amp; Didactical Equipment","article_modified_time":"2025-01-27T13:00:44+00:00","og_image":[{"width":2541,"height":1880,"url":"https:\/\/delorenzoglobal.com\/wp-content\/uploads\/2024\/04\/EIB-LP.jpg","type":"image\/jpeg"}],"twitter_card":"summary_large_image","twitter_misc":{"Dur\u00e9e de lecture estim\u00e9e":"1 minute"},"schema":{"@context":"https:\/\/schema.org","@graph":[{"@type":"WebPage","@id":"https:\/\/delorenzoglobal.com\/fr\/produit\/usine-declairage\/","url":"https:\/\/delorenzoglobal.com\/fr\/produit\/usine-declairage\/","name":"USINE D'\u00c9CLAIRAGE - De Lorenzo Training &amp; Didactical Equipment","isPartOf":{"@id":"https:\/\/delorenzoglobal.com\/fr\/#website"},"primaryImageOfPage":{"@id":"https:\/\/delorenzoglobal.com\/fr\/produit\/usine-declairage\/#primaryimage"},"image":{"@id":"https:\/\/delorenzoglobal.com\/fr\/produit\/usine-declairage\/#primaryimage"},"thumbnailUrl":"https:\/\/delorenzoglobal.com\/wp-content\/uploads\/2024\/04\/EIB-LP.jpg","datePublished":"2024-04-12T13:13:24+00:00","dateModified":"2025-01-27T13:00:44+00:00","breadcrumb":{"@id":"https:\/\/delorenzoglobal.com\/fr\/produit\/usine-declairage\/#breadcrumb"},"inLanguage":"fr-FR","potentialAction":[{"@type":"ReadAction","target":["https:\/\/delorenzoglobal.com\/fr\/produit\/usine-declairage\/"]}]},{"@type":"ImageObject","inLanguage":"fr-FR","@id":"https:\/\/delorenzoglobal.com\/fr\/produit\/usine-declairage\/#primaryimage","url":"https:\/\/delorenzoglobal.com\/wp-content\/uploads\/2024\/04\/EIB-LP.jpg","contentUrl":"https:\/\/delorenzoglobal.com\/wp-content\/uploads\/2024\/04\/EIB-LP.jpg","width":2541,"height":1880},{"@type":"BreadcrumbList","@id":"https:\/\/delorenzoglobal.com\/fr\/produit\/usine-declairage\/#breadcrumb","itemListElement":[{"@type":"ListItem","position":1,"name":"Home","item":"https:\/\/delorenzoglobal.com\/fr\/"},{"@type":"ListItem","position":2,"name":"Boutique","item":"https:\/\/delorenzoglobal.com\/fr\/boutique\/"},{"@type":"ListItem","position":3,"name":"USINE D&#8217;\u00c9CLAIRAGE"}]},{"@type":"WebSite","@id":"https:\/\/delorenzoglobal.com\/fr\/#website","url":"https:\/\/delorenzoglobal.com\/fr\/","name":"De Lorenzo Training &amp; Didactical Equipment","description":"","potentialAction":[{"@type":"SearchAction","target":{"@type":"EntryPoint","urlTemplate":"https:\/\/delorenzoglobal.com\/fr\/?s={search_term_string}"},"query-input":{"@type":"PropertyValueSpecification","valueRequired":true,"valueName":"search_term_string"}}],"inLanguage":"fr-FR"}]}},"_links":{"self":[{"href":"https:\/\/delorenzoglobal.com\/fr\/wp-json\/wp\/v2\/product\/6139","targetHints":{"allow":["GET"]}}],"collection":[{"href":"https:\/\/delorenzoglobal.com\/fr\/wp-json\/wp\/v2\/product"}],"about":[{"href":"https:\/\/delorenzoglobal.com\/fr\/wp-json\/wp\/v2\/types\/product"}],"wp:featuredmedia":[{"embeddable":true,"href":"https:\/\/delorenzoglobal.com\/fr\/wp-json\/wp\/v2\/media\/6132"}],"wp:attachment":[{"href":"https:\/\/delorenzoglobal.com\/fr\/wp-json\/wp\/v2\/media?parent=6139"}],"wp:term":[{"taxonomy":"product_brand","embeddable":true,"href":"https:\/\/delorenzoglobal.com\/fr\/wp-json\/wp\/v2\/product_brand?post=6139"},{"taxonomy":"product_cat","embeddable":true,"href":"https:\/\/delorenzoglobal.com\/fr\/wp-json\/wp\/v2\/product_cat?post=6139"},{"taxonomy":"product_tag","embeddable":true,"href":"https:\/\/delorenzoglobal.com\/fr\/wp-json\/wp\/v2\/product_tag?post=6139"}],"curies":[{"name":"wp","href":"https:\/\/api.w.org\/{rel}","templated":true}]}}