{"id":6051,"date":"2024-04-12T14:16:34","date_gmt":"2024-04-12T12:16:34","guid":{"rendered":"https:\/\/delorenzoglobal.com\/?post_type=product&#038;p=6051"},"modified":"2025-01-27T11:26:53","modified_gmt":"2025-01-27T10:26:53","slug":"configuration-totale","status":"publish","type":"product","link":"https:\/\/delorenzoglobal.com\/fr\/produit\/configuration-totale\/","title":{"rendered":"CONFIGURATION TOTALE"},"content":{"rendered":"<p>Ce catalogue illustre les laboratoires d&rsquo;\u00e9tude d&rsquo;installations industrielles o\u00f9 tous les formateurs ont une structure modulaire et se compose de panneaux didactiques avec symboles et sch\u00e9mas install\u00e9s sur un ch\u00e2ssis vertical.<\/p>\n<p>La modularit\u00e9 de ces syst\u00e8mes didactiques offre aux \u00e9tudiants une approche directe et imm\u00e9diate du sujet, offrant la possibilit\u00e9 d&rsquo;\u00e9tudier diff\u00e9rentes mati\u00e8res en r\u00e9alisant diff\u00e9rentes exp\u00e9riences.<\/p>\n<p>Ce laboratoire comprend les cinq configurations suivantes:<\/p>\n<p>DL 2102TA &#8211; INSTALLATIONS INDUSTRIELLES DE BASE<\/p>\n<p>DL 2102TB &#8211; INSTALLATION INDUSTRIELLE AVANCEE<\/p>\n<p>DL 2102TC &#8211; DEMARRAGE MOTEUR DE BASE<\/p>\n<p>DL 2102TD &#8211; DEMARRAGE MOTEUR AVANCE<\/p>\n<p>DL 2102TE &#8211; MOTEUR A DEMARRER AVEC DES CAPTEURS<\/p>\n","protected":false},"excerpt":{"rendered":"<p>Ce catalogue illustre les laboratoires d&rsquo;\u00e9tude d&rsquo;installations industrielles o\u00f9 tous les formateurs ont une structure modulaire et se compose de panneaux didactiques avec symboles et sch\u00e9mas install\u00e9s sur un ch\u00e2ssis vertical. La modularit\u00e9 de ces syst\u00e8mes didactiques offre aux \u00e9tudiants une approche directe et imm\u00e9diate du sujet, offrant la possibilit\u00e9 d&rsquo;\u00e9tudier diff\u00e9rentes mati\u00e8res en r\u00e9alisant [&hellip;]<\/p>\n","protected":false},"featured_media":6044,"template":"","meta":{"_acf_changed":false},"product_brand":[],"product_cat":[286],"product_tag":[],"class_list":{"0":"post-6051","1":"product","2":"type-product","3":"status-publish","4":"has-post-thumbnail","6":"product_cat-paneles-de-instalacion-industrial","8":"first","9":"instock","10":"shipping-taxable","11":"product-type-simple"},"acf":[],"yoast_head":"<!-- This site is optimized with the Yoast SEO plugin v27.4 - https:\/\/yoast.com\/product\/yoast-seo-wordpress\/ -->\n<title>CONFIGURATION TOTALE - De Lorenzo Training &amp; Didactical Equipment<\/title>\n<meta name=\"robots\" content=\"index, follow, max-snippet:-1, max-image-preview:large, max-video-preview:-1\" \/>\n<link rel=\"canonical\" href=\"https:\/\/delorenzoglobal.com\/fr\/produit\/configuration-totale\/\" \/>\n<meta property=\"og:locale\" content=\"fr_FR\" \/>\n<meta property=\"og:type\" content=\"article\" \/>\n<meta property=\"og:title\" content=\"CONFIGURATION TOTALE - De Lorenzo Training &amp; Didactical Equipment\" \/>\n<meta property=\"og:description\" content=\"Ce catalogue illustre les laboratoires d&rsquo;\u00e9tude d&rsquo;installations industrielles o\u00f9 tous les formateurs ont une structure modulaire et se compose de panneaux didactiques avec symboles et sch\u00e9mas install\u00e9s sur un ch\u00e2ssis vertical. La modularit\u00e9 de ces syst\u00e8mes didactiques offre aux \u00e9tudiants une approche directe et imm\u00e9diate du sujet, offrant la possibilit\u00e9 d&rsquo;\u00e9tudier diff\u00e9rentes mati\u00e8res en r\u00e9alisant [&hellip;]\" \/>\n<meta property=\"og:url\" content=\"https:\/\/delorenzoglobal.com\/fr\/produit\/configuration-totale\/\" \/>\n<meta property=\"og:site_name\" content=\"De Lorenzo Training &amp; Didactical Equipment\" \/>\n<meta property=\"article:modified_time\" content=\"2025-01-27T10:26:53+00:00\" \/>\n<meta property=\"og:image\" content=\"https:\/\/delorenzoglobal.com\/wp-content\/uploads\/2024\/04\/DL-2102T.jpg\" \/>\n\t<meta property=\"og:image:width\" content=\"969\" \/>\n\t<meta property=\"og:image:height\" content=\"599\" \/>\n\t<meta property=\"og:image:type\" content=\"image\/jpeg\" \/>\n<meta name=\"twitter:card\" content=\"summary_large_image\" \/>\n<meta name=\"twitter:label1\" content=\"Dur\u00e9e de lecture estim\u00e9e\" \/>\n\t<meta name=\"twitter:data1\" content=\"1 minute\" \/>\n<script type=\"application\/ld+json\" class=\"yoast-schema-graph\">{\"@context\":\"https:\\\/\\\/schema.org\",\"@graph\":[{\"@type\":\"WebPage\",\"@id\":\"https:\\\/\\\/delorenzoglobal.com\\\/fr\\\/produit\\\/configuration-totale\\\/\",\"url\":\"https:\\\/\\\/delorenzoglobal.com\\\/fr\\\/produit\\\/configuration-totale\\\/\",\"name\":\"CONFIGURATION TOTALE - De Lorenzo Training &amp; Didactical Equipment\",\"isPartOf\":{\"@id\":\"https:\\\/\\\/delorenzoglobal.com\\\/fr\\\/#website\"},\"primaryImageOfPage\":{\"@id\":\"https:\\\/\\\/delorenzoglobal.com\\\/fr\\\/produit\\\/configuration-totale\\\/#primaryimage\"},\"image\":{\"@id\":\"https:\\\/\\\/delorenzoglobal.com\\\/fr\\\/produit\\\/configuration-totale\\\/#primaryimage\"},\"thumbnailUrl\":\"https:\\\/\\\/delorenzoglobal.com\\\/wp-content\\\/uploads\\\/2024\\\/04\\\/DL-2102T.jpg\",\"datePublished\":\"2024-04-12T12:16:34+00:00\",\"dateModified\":\"2025-01-27T10:26:53+00:00\",\"breadcrumb\":{\"@id\":\"https:\\\/\\\/delorenzoglobal.com\\\/fr\\\/produit\\\/configuration-totale\\\/#breadcrumb\"},\"inLanguage\":\"fr-FR\",\"potentialAction\":[{\"@type\":\"ReadAction\",\"target\":[\"https:\\\/\\\/delorenzoglobal.com\\\/fr\\\/produit\\\/configuration-totale\\\/\"]}]},{\"@type\":\"ImageObject\",\"inLanguage\":\"fr-FR\",\"@id\":\"https:\\\/\\\/delorenzoglobal.com\\\/fr\\\/produit\\\/configuration-totale\\\/#primaryimage\",\"url\":\"https:\\\/\\\/delorenzoglobal.com\\\/wp-content\\\/uploads\\\/2024\\\/04\\\/DL-2102T.jpg\",\"contentUrl\":\"https:\\\/\\\/delorenzoglobal.com\\\/wp-content\\\/uploads\\\/2024\\\/04\\\/DL-2102T.jpg\",\"width\":969,\"height\":599},{\"@type\":\"BreadcrumbList\",\"@id\":\"https:\\\/\\\/delorenzoglobal.com\\\/fr\\\/produit\\\/configuration-totale\\\/#breadcrumb\",\"itemListElement\":[{\"@type\":\"ListItem\",\"position\":1,\"name\":\"Home\",\"item\":\"https:\\\/\\\/delorenzoglobal.com\\\/fr\\\/\"},{\"@type\":\"ListItem\",\"position\":2,\"name\":\"Boutique\",\"item\":\"https:\\\/\\\/delorenzoglobal.com\\\/fr\\\/boutique\\\/\"},{\"@type\":\"ListItem\",\"position\":3,\"name\":\"CONFIGURATION TOTALE\"}]},{\"@type\":\"WebSite\",\"@id\":\"https:\\\/\\\/delorenzoglobal.com\\\/fr\\\/#website\",\"url\":\"https:\\\/\\\/delorenzoglobal.com\\\/fr\\\/\",\"name\":\"De Lorenzo Training &amp; Didactical Equipment\",\"description\":\"\",\"potentialAction\":[{\"@type\":\"SearchAction\",\"target\":{\"@type\":\"EntryPoint\",\"urlTemplate\":\"https:\\\/\\\/delorenzoglobal.com\\\/fr\\\/?s={search_term_string}\"},\"query-input\":{\"@type\":\"PropertyValueSpecification\",\"valueRequired\":true,\"valueName\":\"search_term_string\"}}],\"inLanguage\":\"fr-FR\"}]}<\/script>\n<!-- \/ Yoast SEO plugin. -->","yoast_head_json":{"title":"CONFIGURATION TOTALE - De Lorenzo Training &amp; Didactical Equipment","robots":{"index":"index","follow":"follow","max-snippet":"max-snippet:-1","max-image-preview":"max-image-preview:large","max-video-preview":"max-video-preview:-1"},"canonical":"https:\/\/delorenzoglobal.com\/fr\/produit\/configuration-totale\/","og_locale":"fr_FR","og_type":"article","og_title":"CONFIGURATION TOTALE - De Lorenzo Training &amp; Didactical Equipment","og_description":"Ce catalogue illustre les laboratoires d&rsquo;\u00e9tude d&rsquo;installations industrielles o\u00f9 tous les formateurs ont une structure modulaire et se compose de panneaux didactiques avec symboles et sch\u00e9mas install\u00e9s sur un ch\u00e2ssis vertical. La modularit\u00e9 de ces syst\u00e8mes didactiques offre aux \u00e9tudiants une approche directe et imm\u00e9diate du sujet, offrant la possibilit\u00e9 d&rsquo;\u00e9tudier diff\u00e9rentes mati\u00e8res en r\u00e9alisant [&hellip;]","og_url":"https:\/\/delorenzoglobal.com\/fr\/produit\/configuration-totale\/","og_site_name":"De Lorenzo Training &amp; Didactical Equipment","article_modified_time":"2025-01-27T10:26:53+00:00","og_image":[{"width":969,"height":599,"url":"https:\/\/delorenzoglobal.com\/wp-content\/uploads\/2024\/04\/DL-2102T.jpg","type":"image\/jpeg"}],"twitter_card":"summary_large_image","twitter_misc":{"Dur\u00e9e de lecture estim\u00e9e":"1 minute"},"schema":{"@context":"https:\/\/schema.org","@graph":[{"@type":"WebPage","@id":"https:\/\/delorenzoglobal.com\/fr\/produit\/configuration-totale\/","url":"https:\/\/delorenzoglobal.com\/fr\/produit\/configuration-totale\/","name":"CONFIGURATION TOTALE - De Lorenzo Training &amp; Didactical Equipment","isPartOf":{"@id":"https:\/\/delorenzoglobal.com\/fr\/#website"},"primaryImageOfPage":{"@id":"https:\/\/delorenzoglobal.com\/fr\/produit\/configuration-totale\/#primaryimage"},"image":{"@id":"https:\/\/delorenzoglobal.com\/fr\/produit\/configuration-totale\/#primaryimage"},"thumbnailUrl":"https:\/\/delorenzoglobal.com\/wp-content\/uploads\/2024\/04\/DL-2102T.jpg","datePublished":"2024-04-12T12:16:34+00:00","dateModified":"2025-01-27T10:26:53+00:00","breadcrumb":{"@id":"https:\/\/delorenzoglobal.com\/fr\/produit\/configuration-totale\/#breadcrumb"},"inLanguage":"fr-FR","potentialAction":[{"@type":"ReadAction","target":["https:\/\/delorenzoglobal.com\/fr\/produit\/configuration-totale\/"]}]},{"@type":"ImageObject","inLanguage":"fr-FR","@id":"https:\/\/delorenzoglobal.com\/fr\/produit\/configuration-totale\/#primaryimage","url":"https:\/\/delorenzoglobal.com\/wp-content\/uploads\/2024\/04\/DL-2102T.jpg","contentUrl":"https:\/\/delorenzoglobal.com\/wp-content\/uploads\/2024\/04\/DL-2102T.jpg","width":969,"height":599},{"@type":"BreadcrumbList","@id":"https:\/\/delorenzoglobal.com\/fr\/produit\/configuration-totale\/#breadcrumb","itemListElement":[{"@type":"ListItem","position":1,"name":"Home","item":"https:\/\/delorenzoglobal.com\/fr\/"},{"@type":"ListItem","position":2,"name":"Boutique","item":"https:\/\/delorenzoglobal.com\/fr\/boutique\/"},{"@type":"ListItem","position":3,"name":"CONFIGURATION TOTALE"}]},{"@type":"WebSite","@id":"https:\/\/delorenzoglobal.com\/fr\/#website","url":"https:\/\/delorenzoglobal.com\/fr\/","name":"De Lorenzo Training &amp; Didactical Equipment","description":"","potentialAction":[{"@type":"SearchAction","target":{"@type":"EntryPoint","urlTemplate":"https:\/\/delorenzoglobal.com\/fr\/?s={search_term_string}"},"query-input":{"@type":"PropertyValueSpecification","valueRequired":true,"valueName":"search_term_string"}}],"inLanguage":"fr-FR"}]}},"_links":{"self":[{"href":"https:\/\/delorenzoglobal.com\/fr\/wp-json\/wp\/v2\/product\/6051","targetHints":{"allow":["GET"]}}],"collection":[{"href":"https:\/\/delorenzoglobal.com\/fr\/wp-json\/wp\/v2\/product"}],"about":[{"href":"https:\/\/delorenzoglobal.com\/fr\/wp-json\/wp\/v2\/types\/product"}],"wp:featuredmedia":[{"embeddable":true,"href":"https:\/\/delorenzoglobal.com\/fr\/wp-json\/wp\/v2\/media\/6044"}],"wp:attachment":[{"href":"https:\/\/delorenzoglobal.com\/fr\/wp-json\/wp\/v2\/media?parent=6051"}],"wp:term":[{"taxonomy":"product_brand","embeddable":true,"href":"https:\/\/delorenzoglobal.com\/fr\/wp-json\/wp\/v2\/product_brand?post=6051"},{"taxonomy":"product_cat","embeddable":true,"href":"https:\/\/delorenzoglobal.com\/fr\/wp-json\/wp\/v2\/product_cat?post=6051"},{"taxonomy":"product_tag","embeddable":true,"href":"https:\/\/delorenzoglobal.com\/fr\/wp-json\/wp\/v2\/product_tag?post=6051"}],"curies":[{"name":"wp","href":"https:\/\/api.w.org\/{rel}","templated":true}]}}