{"id":5946,"date":"2024-04-12T12:43:53","date_gmt":"2024-04-12T10:43:53","guid":{"rendered":"https:\/\/delorenzoglobal.com\/?post_type=product&#038;p=5946"},"modified":"2025-01-27T11:27:10","modified_gmt":"2025-01-27T10:27:10","slug":"installations-industrielles-avancee","status":"publish","type":"product","link":"https:\/\/delorenzoglobal.com\/fr\/produit\/installations-industrielles-avancee\/","title":{"rendered":"INSTALLATIONS INDUSTRIELLES AVANC\u00c9E"},"content":{"rendered":"<p>Ce syst\u00e8me \u00e9tudie les th\u00e8mes li\u00e9s aux installations avanc\u00e9es dans l&rsquo;installation \u00e9lectrique industrielle.<\/p>\n<p>Il a une structure modulaire et se compose de panneaux didactiques install\u00e9s sur un cadre vertical.<\/p>\n<p>La modularit\u00e9 de ce syst\u00e8me didactique accorde aux \u00e9tudiants une approche directe et imm\u00e9diate des sujets, offrant la possibilit\u00e9 d&rsquo;\u00e9tudier divers sujets en r\u00e9alisant plusieurs exp\u00e9riences comme suit\u00a0:<\/p>\n<ul>\n<li>\u00a0Relais thermique<\/li>\n<li>\u00a0D\u00e9marrage manuel \u00e9toile\/triangle<\/li>\n<li>\u00a0Inverseur manuel<\/li>\n<li>\u00a0Contr\u00f4le de s\u00e9quence chronom\u00e9tr\u00e9e<\/li>\n<li>\u00a0Un g\u00e9n\u00e9rateur de pulsion<\/li>\n<li>\u00a0D\u00e9marrage automatique \u00e9toile\/triangle<\/li>\n<li>\u00a0D\u00e9marreur \u00e9toile\/triangle avec inverseur<\/li>\n<li>\u00a0Freinage \u00e0 contre-courant<\/li>\n<\/ul>\n","protected":false},"excerpt":{"rendered":"<p>Ce syst\u00e8me \u00e9tudie les th\u00e8mes li\u00e9s aux installations avanc\u00e9es dans l&rsquo;installation \u00e9lectrique industrielle. Il a une structure modulaire et se compose de panneaux didactiques install\u00e9s sur un cadre vertical. La modularit\u00e9 de ce syst\u00e8me didactique accorde aux \u00e9tudiants une approche directe et imm\u00e9diate des sujets, offrant la possibilit\u00e9 d&rsquo;\u00e9tudier divers sujets en r\u00e9alisant plusieurs exp\u00e9riences [&hellip;]<\/p>\n","protected":false},"featured_media":5938,"template":"","meta":{"_acf_changed":false},"product_brand":[],"product_cat":[286],"product_tag":[],"class_list":{"0":"post-5946","1":"product","2":"type-product","3":"status-publish","4":"has-post-thumbnail","6":"product_cat-paneles-de-instalacion-industrial","8":"first","9":"instock","10":"shipping-taxable","11":"product-type-simple"},"acf":[],"yoast_head":"<!-- This site is optimized with the Yoast SEO plugin v27.4 - https:\/\/yoast.com\/product\/yoast-seo-wordpress\/ -->\n<title>INSTALLATIONS INDUSTRIELLES AVANC\u00c9E - De Lorenzo Training &amp; Didactical Equipment<\/title>\n<meta name=\"robots\" content=\"index, follow, max-snippet:-1, max-image-preview:large, max-video-preview:-1\" \/>\n<link rel=\"canonical\" href=\"https:\/\/delorenzoglobal.com\/fr\/produit\/installations-industrielles-avancee\/\" \/>\n<meta property=\"og:locale\" content=\"fr_FR\" \/>\n<meta property=\"og:type\" content=\"article\" \/>\n<meta property=\"og:title\" content=\"INSTALLATIONS INDUSTRIELLES AVANC\u00c9E - De Lorenzo Training &amp; Didactical Equipment\" \/>\n<meta property=\"og:description\" content=\"Ce syst\u00e8me \u00e9tudie les th\u00e8mes li\u00e9s aux installations avanc\u00e9es dans l&rsquo;installation \u00e9lectrique industrielle. Il a une structure modulaire et se compose de panneaux didactiques install\u00e9s sur un cadre vertical. La modularit\u00e9 de ce syst\u00e8me didactique accorde aux \u00e9tudiants une approche directe et imm\u00e9diate des sujets, offrant la possibilit\u00e9 d&rsquo;\u00e9tudier divers sujets en r\u00e9alisant plusieurs exp\u00e9riences [&hellip;]\" \/>\n<meta property=\"og:url\" content=\"https:\/\/delorenzoglobal.com\/fr\/produit\/installations-industrielles-avancee\/\" \/>\n<meta property=\"og:site_name\" content=\"De Lorenzo Training &amp; Didactical Equipment\" \/>\n<meta property=\"article:modified_time\" content=\"2025-01-27T10:27:10+00:00\" \/>\n<meta property=\"og:image\" content=\"https:\/\/delorenzoglobal.com\/wp-content\/uploads\/2024\/04\/DL-2102TB.jpg\" \/>\n\t<meta property=\"og:image:width\" content=\"969\" \/>\n\t<meta property=\"og:image:height\" content=\"599\" \/>\n\t<meta property=\"og:image:type\" content=\"image\/jpeg\" \/>\n<meta name=\"twitter:card\" content=\"summary_large_image\" \/>\n<meta name=\"twitter:label1\" content=\"Dur\u00e9e de lecture estim\u00e9e\" \/>\n\t<meta name=\"twitter:data1\" content=\"1 minute\" \/>\n<script type=\"application\/ld+json\" class=\"yoast-schema-graph\">{\"@context\":\"https:\\\/\\\/schema.org\",\"@graph\":[{\"@type\":\"WebPage\",\"@id\":\"https:\\\/\\\/delorenzoglobal.com\\\/fr\\\/produit\\\/installations-industrielles-avancee\\\/\",\"url\":\"https:\\\/\\\/delorenzoglobal.com\\\/fr\\\/produit\\\/installations-industrielles-avancee\\\/\",\"name\":\"INSTALLATIONS INDUSTRIELLES AVANC\u00c9E - De Lorenzo Training &amp; Didactical Equipment\",\"isPartOf\":{\"@id\":\"https:\\\/\\\/delorenzoglobal.com\\\/fr\\\/#website\"},\"primaryImageOfPage\":{\"@id\":\"https:\\\/\\\/delorenzoglobal.com\\\/fr\\\/produit\\\/installations-industrielles-avancee\\\/#primaryimage\"},\"image\":{\"@id\":\"https:\\\/\\\/delorenzoglobal.com\\\/fr\\\/produit\\\/installations-industrielles-avancee\\\/#primaryimage\"},\"thumbnailUrl\":\"https:\\\/\\\/delorenzoglobal.com\\\/wp-content\\\/uploads\\\/2024\\\/04\\\/DL-2102TB.jpg\",\"datePublished\":\"2024-04-12T10:43:53+00:00\",\"dateModified\":\"2025-01-27T10:27:10+00:00\",\"breadcrumb\":{\"@id\":\"https:\\\/\\\/delorenzoglobal.com\\\/fr\\\/produit\\\/installations-industrielles-avancee\\\/#breadcrumb\"},\"inLanguage\":\"fr-FR\",\"potentialAction\":[{\"@type\":\"ReadAction\",\"target\":[\"https:\\\/\\\/delorenzoglobal.com\\\/fr\\\/produit\\\/installations-industrielles-avancee\\\/\"]}]},{\"@type\":\"ImageObject\",\"inLanguage\":\"fr-FR\",\"@id\":\"https:\\\/\\\/delorenzoglobal.com\\\/fr\\\/produit\\\/installations-industrielles-avancee\\\/#primaryimage\",\"url\":\"https:\\\/\\\/delorenzoglobal.com\\\/wp-content\\\/uploads\\\/2024\\\/04\\\/DL-2102TB.jpg\",\"contentUrl\":\"https:\\\/\\\/delorenzoglobal.com\\\/wp-content\\\/uploads\\\/2024\\\/04\\\/DL-2102TB.jpg\",\"width\":969,\"height\":599},{\"@type\":\"BreadcrumbList\",\"@id\":\"https:\\\/\\\/delorenzoglobal.com\\\/fr\\\/produit\\\/installations-industrielles-avancee\\\/#breadcrumb\",\"itemListElement\":[{\"@type\":\"ListItem\",\"position\":1,\"name\":\"Home\",\"item\":\"https:\\\/\\\/delorenzoglobal.com\\\/fr\\\/\"},{\"@type\":\"ListItem\",\"position\":2,\"name\":\"Boutique\",\"item\":\"https:\\\/\\\/delorenzoglobal.com\\\/fr\\\/boutique\\\/\"},{\"@type\":\"ListItem\",\"position\":3,\"name\":\"INSTALLATIONS INDUSTRIELLES AVANC\u00c9E\"}]},{\"@type\":\"WebSite\",\"@id\":\"https:\\\/\\\/delorenzoglobal.com\\\/fr\\\/#website\",\"url\":\"https:\\\/\\\/delorenzoglobal.com\\\/fr\\\/\",\"name\":\"De Lorenzo Training &amp; Didactical Equipment\",\"description\":\"\",\"potentialAction\":[{\"@type\":\"SearchAction\",\"target\":{\"@type\":\"EntryPoint\",\"urlTemplate\":\"https:\\\/\\\/delorenzoglobal.com\\\/fr\\\/?s={search_term_string}\"},\"query-input\":{\"@type\":\"PropertyValueSpecification\",\"valueRequired\":true,\"valueName\":\"search_term_string\"}}],\"inLanguage\":\"fr-FR\"}]}<\/script>\n<!-- \/ Yoast SEO plugin. -->","yoast_head_json":{"title":"INSTALLATIONS INDUSTRIELLES AVANC\u00c9E - De Lorenzo Training &amp; Didactical Equipment","robots":{"index":"index","follow":"follow","max-snippet":"max-snippet:-1","max-image-preview":"max-image-preview:large","max-video-preview":"max-video-preview:-1"},"canonical":"https:\/\/delorenzoglobal.com\/fr\/produit\/installations-industrielles-avancee\/","og_locale":"fr_FR","og_type":"article","og_title":"INSTALLATIONS INDUSTRIELLES AVANC\u00c9E - De Lorenzo Training &amp; Didactical Equipment","og_description":"Ce syst\u00e8me \u00e9tudie les th\u00e8mes li\u00e9s aux installations avanc\u00e9es dans l&rsquo;installation \u00e9lectrique industrielle. Il a une structure modulaire et se compose de panneaux didactiques install\u00e9s sur un cadre vertical. La modularit\u00e9 de ce syst\u00e8me didactique accorde aux \u00e9tudiants une approche directe et imm\u00e9diate des sujets, offrant la possibilit\u00e9 d&rsquo;\u00e9tudier divers sujets en r\u00e9alisant plusieurs exp\u00e9riences [&hellip;]","og_url":"https:\/\/delorenzoglobal.com\/fr\/produit\/installations-industrielles-avancee\/","og_site_name":"De Lorenzo Training &amp; Didactical Equipment","article_modified_time":"2025-01-27T10:27:10+00:00","og_image":[{"width":969,"height":599,"url":"https:\/\/delorenzoglobal.com\/wp-content\/uploads\/2024\/04\/DL-2102TB.jpg","type":"image\/jpeg"}],"twitter_card":"summary_large_image","twitter_misc":{"Dur\u00e9e de lecture estim\u00e9e":"1 minute"},"schema":{"@context":"https:\/\/schema.org","@graph":[{"@type":"WebPage","@id":"https:\/\/delorenzoglobal.com\/fr\/produit\/installations-industrielles-avancee\/","url":"https:\/\/delorenzoglobal.com\/fr\/produit\/installations-industrielles-avancee\/","name":"INSTALLATIONS INDUSTRIELLES AVANC\u00c9E - De Lorenzo Training &amp; Didactical Equipment","isPartOf":{"@id":"https:\/\/delorenzoglobal.com\/fr\/#website"},"primaryImageOfPage":{"@id":"https:\/\/delorenzoglobal.com\/fr\/produit\/installations-industrielles-avancee\/#primaryimage"},"image":{"@id":"https:\/\/delorenzoglobal.com\/fr\/produit\/installations-industrielles-avancee\/#primaryimage"},"thumbnailUrl":"https:\/\/delorenzoglobal.com\/wp-content\/uploads\/2024\/04\/DL-2102TB.jpg","datePublished":"2024-04-12T10:43:53+00:00","dateModified":"2025-01-27T10:27:10+00:00","breadcrumb":{"@id":"https:\/\/delorenzoglobal.com\/fr\/produit\/installations-industrielles-avancee\/#breadcrumb"},"inLanguage":"fr-FR","potentialAction":[{"@type":"ReadAction","target":["https:\/\/delorenzoglobal.com\/fr\/produit\/installations-industrielles-avancee\/"]}]},{"@type":"ImageObject","inLanguage":"fr-FR","@id":"https:\/\/delorenzoglobal.com\/fr\/produit\/installations-industrielles-avancee\/#primaryimage","url":"https:\/\/delorenzoglobal.com\/wp-content\/uploads\/2024\/04\/DL-2102TB.jpg","contentUrl":"https:\/\/delorenzoglobal.com\/wp-content\/uploads\/2024\/04\/DL-2102TB.jpg","width":969,"height":599},{"@type":"BreadcrumbList","@id":"https:\/\/delorenzoglobal.com\/fr\/produit\/installations-industrielles-avancee\/#breadcrumb","itemListElement":[{"@type":"ListItem","position":1,"name":"Home","item":"https:\/\/delorenzoglobal.com\/fr\/"},{"@type":"ListItem","position":2,"name":"Boutique","item":"https:\/\/delorenzoglobal.com\/fr\/boutique\/"},{"@type":"ListItem","position":3,"name":"INSTALLATIONS INDUSTRIELLES AVANC\u00c9E"}]},{"@type":"WebSite","@id":"https:\/\/delorenzoglobal.com\/fr\/#website","url":"https:\/\/delorenzoglobal.com\/fr\/","name":"De Lorenzo Training &amp; Didactical Equipment","description":"","potentialAction":[{"@type":"SearchAction","target":{"@type":"EntryPoint","urlTemplate":"https:\/\/delorenzoglobal.com\/fr\/?s={search_term_string}"},"query-input":{"@type":"PropertyValueSpecification","valueRequired":true,"valueName":"search_term_string"}}],"inLanguage":"fr-FR"}]}},"_links":{"self":[{"href":"https:\/\/delorenzoglobal.com\/fr\/wp-json\/wp\/v2\/product\/5946","targetHints":{"allow":["GET"]}}],"collection":[{"href":"https:\/\/delorenzoglobal.com\/fr\/wp-json\/wp\/v2\/product"}],"about":[{"href":"https:\/\/delorenzoglobal.com\/fr\/wp-json\/wp\/v2\/types\/product"}],"wp:featuredmedia":[{"embeddable":true,"href":"https:\/\/delorenzoglobal.com\/fr\/wp-json\/wp\/v2\/media\/5938"}],"wp:attachment":[{"href":"https:\/\/delorenzoglobal.com\/fr\/wp-json\/wp\/v2\/media?parent=5946"}],"wp:term":[{"taxonomy":"product_brand","embeddable":true,"href":"https:\/\/delorenzoglobal.com\/fr\/wp-json\/wp\/v2\/product_brand?post=5946"},{"taxonomy":"product_cat","embeddable":true,"href":"https:\/\/delorenzoglobal.com\/fr\/wp-json\/wp\/v2\/product_cat?post=5946"},{"taxonomy":"product_tag","embeddable":true,"href":"https:\/\/delorenzoglobal.com\/fr\/wp-json\/wp\/v2\/product_tag?post=5946"}],"curies":[{"name":"wp","href":"https:\/\/api.w.org\/{rel}","templated":true}]}}