{"id":5791,"date":"2024-04-12T12:05:09","date_gmt":"2024-04-12T10:05:09","guid":{"rendered":"https:\/\/delorenzoglobal.com\/?post_type=product&#038;p=5791"},"modified":"2026-01-19T14:35:24","modified_gmt":"2026-01-19T13:35:24","slug":"kit-complet-pour-linstallation-electrique-industrielle-version-2","status":"publish","type":"product","link":"https:\/\/delorenzoglobal.com\/fr\/produit\/kit-complet-pour-linstallation-electrique-industrielle-version-2\/","title":{"rendered":"KIT COMPLET POUR L&rsquo;INSTALLATION ELECTRIQUE INDUSTRIELLE (VERSION 2)"},"content":{"rendered":"<p>Kit de composants avec manuel didactique avec 25 exp\u00e9riences, y compris de br\u00e8ves mentions th\u00e9oriques et diagrammes pratiques des circuits principaux utilis\u00e9s dans des installations industrielles.<\/p>\n<p>Chaque exp\u00e9rience a une cible bien d\u00e9finie et repr\u00e9sente le sch\u00e9ma \u00e9lectrique et le mat\u00e9riel n\u00e9cessaire pour le montage de l&rsquo;installation.<\/p>\n<p>Pour effectuer les essais du moteur, il est n\u00e9cessaire d&rsquo;avoir dans le laboratoire un moteur asynchrone triphas\u00e9 \u00e0 bague avec les m\u00eames caract\u00e9ristiques de notre moteur DL 2102A et \u00a0un moteur asynchrone triphas\u00e9 type Dahlander \u00e0 deux vitesse, avec les m\u00eames caract\u00e9ristiques de notre moteur DL 2102D.<\/p>\n","protected":false},"excerpt":{"rendered":"<p>Kit de composants avec manuel didactique avec 25 exp\u00e9riences, y compris de br\u00e8ves mentions th\u00e9oriques et diagrammes pratiques des circuits principaux utilis\u00e9s dans des installations industrielles. Chaque exp\u00e9rience a une cible bien d\u00e9finie et repr\u00e9sente le sch\u00e9ma \u00e9lectrique et le mat\u00e9riel n\u00e9cessaire pour le montage de l&rsquo;installation. Pour effectuer les essais du moteur, il est [&hellip;]<\/p>\n","protected":false},"featured_media":5784,"template":"","meta":{"_acf_changed":false},"product_brand":[],"product_cat":[280],"product_tag":[],"class_list":{"0":"post-5791","1":"product","2":"type-product","3":"status-publish","4":"has-post-thumbnail","6":"product_cat-kit-dinstallation-industrielle","8":"first","9":"instock","10":"shipping-taxable","11":"product-type-simple"},"acf":[],"yoast_head":"<!-- This site is optimized with the Yoast SEO plugin v27.4 - https:\/\/yoast.com\/product\/yoast-seo-wordpress\/ -->\n<title>KIT COMPLET POUR L&#039;INSTALLATION ELECTRIQUE INDUSTRIELLE (VERSION 2) - De Lorenzo Training &amp; Didactical Equipment<\/title>\n<meta name=\"robots\" content=\"index, follow, max-snippet:-1, max-image-preview:large, max-video-preview:-1\" \/>\n<link rel=\"canonical\" href=\"https:\/\/delorenzoglobal.com\/fr\/produit\/kit-complet-pour-linstallation-electrique-industrielle-version-2\/\" \/>\n<meta property=\"og:locale\" content=\"fr_FR\" \/>\n<meta property=\"og:type\" content=\"article\" \/>\n<meta property=\"og:title\" content=\"KIT COMPLET POUR L&#039;INSTALLATION ELECTRIQUE INDUSTRIELLE (VERSION 2) - De Lorenzo Training &amp; Didactical Equipment\" \/>\n<meta property=\"og:description\" content=\"Kit de composants avec manuel didactique avec 25 exp\u00e9riences, y compris de br\u00e8ves mentions th\u00e9oriques et diagrammes pratiques des circuits principaux utilis\u00e9s dans des installations industrielles. Chaque exp\u00e9rience a une cible bien d\u00e9finie et repr\u00e9sente le sch\u00e9ma \u00e9lectrique et le mat\u00e9riel n\u00e9cessaire pour le montage de l&rsquo;installation. Pour effectuer les essais du moteur, il est [&hellip;]\" \/>\n<meta property=\"og:url\" content=\"https:\/\/delorenzoglobal.com\/fr\/produit\/kit-complet-pour-linstallation-electrique-industrielle-version-2\/\" \/>\n<meta property=\"og:site_name\" content=\"De Lorenzo Training &amp; Didactical Equipment\" \/>\n<meta property=\"article:modified_time\" content=\"2026-01-19T13:35:24+00:00\" \/>\n<meta property=\"og:image\" content=\"https:\/\/delorenzoglobal.com\/wp-content\/uploads\/2024\/04\/DL-2102C2-scaled.jpg\" \/>\n\t<meta property=\"og:image:width\" content=\"2560\" \/>\n\t<meta property=\"og:image:height\" content=\"1349\" \/>\n\t<meta property=\"og:image:type\" content=\"image\/jpeg\" \/>\n<meta name=\"twitter:card\" content=\"summary_large_image\" \/>\n<meta name=\"twitter:label1\" content=\"Dur\u00e9e de lecture estim\u00e9e\" \/>\n\t<meta name=\"twitter:data1\" content=\"1 minute\" \/>\n<script type=\"application\/ld+json\" class=\"yoast-schema-graph\">{\"@context\":\"https:\\\/\\\/schema.org\",\"@graph\":[{\"@type\":\"WebPage\",\"@id\":\"https:\\\/\\\/delorenzoglobal.com\\\/fr\\\/produit\\\/kit-complet-pour-linstallation-electrique-industrielle-version-2\\\/\",\"url\":\"https:\\\/\\\/delorenzoglobal.com\\\/fr\\\/produit\\\/kit-complet-pour-linstallation-electrique-industrielle-version-2\\\/\",\"name\":\"KIT COMPLET POUR L'INSTALLATION ELECTRIQUE INDUSTRIELLE (VERSION 2) - De Lorenzo Training &amp; Didactical Equipment\",\"isPartOf\":{\"@id\":\"https:\\\/\\\/delorenzoglobal.com\\\/fr\\\/#website\"},\"primaryImageOfPage\":{\"@id\":\"https:\\\/\\\/delorenzoglobal.com\\\/fr\\\/produit\\\/kit-complet-pour-linstallation-electrique-industrielle-version-2\\\/#primaryimage\"},\"image\":{\"@id\":\"https:\\\/\\\/delorenzoglobal.com\\\/fr\\\/produit\\\/kit-complet-pour-linstallation-electrique-industrielle-version-2\\\/#primaryimage\"},\"thumbnailUrl\":\"https:\\\/\\\/delorenzoglobal.com\\\/wp-content\\\/uploads\\\/2024\\\/04\\\/DL-2102C2-scaled.jpg\",\"datePublished\":\"2024-04-12T10:05:09+00:00\",\"dateModified\":\"2026-01-19T13:35:24+00:00\",\"breadcrumb\":{\"@id\":\"https:\\\/\\\/delorenzoglobal.com\\\/fr\\\/produit\\\/kit-complet-pour-linstallation-electrique-industrielle-version-2\\\/#breadcrumb\"},\"inLanguage\":\"fr-FR\",\"potentialAction\":[{\"@type\":\"ReadAction\",\"target\":[\"https:\\\/\\\/delorenzoglobal.com\\\/fr\\\/produit\\\/kit-complet-pour-linstallation-electrique-industrielle-version-2\\\/\"]}]},{\"@type\":\"ImageObject\",\"inLanguage\":\"fr-FR\",\"@id\":\"https:\\\/\\\/delorenzoglobal.com\\\/fr\\\/produit\\\/kit-complet-pour-linstallation-electrique-industrielle-version-2\\\/#primaryimage\",\"url\":\"https:\\\/\\\/delorenzoglobal.com\\\/wp-content\\\/uploads\\\/2024\\\/04\\\/DL-2102C2-scaled.jpg\",\"contentUrl\":\"https:\\\/\\\/delorenzoglobal.com\\\/wp-content\\\/uploads\\\/2024\\\/04\\\/DL-2102C2-scaled.jpg\",\"width\":2560,\"height\":1349},{\"@type\":\"BreadcrumbList\",\"@id\":\"https:\\\/\\\/delorenzoglobal.com\\\/fr\\\/produit\\\/kit-complet-pour-linstallation-electrique-industrielle-version-2\\\/#breadcrumb\",\"itemListElement\":[{\"@type\":\"ListItem\",\"position\":1,\"name\":\"Home\",\"item\":\"https:\\\/\\\/delorenzoglobal.com\\\/fr\\\/\"},{\"@type\":\"ListItem\",\"position\":2,\"name\":\"Boutique\",\"item\":\"https:\\\/\\\/delorenzoglobal.com\\\/fr\\\/boutique\\\/\"},{\"@type\":\"ListItem\",\"position\":3,\"name\":\"KIT COMPLET POUR L&#8217;INSTALLATION ELECTRIQUE INDUSTRIELLE (VERSION 2)\"}]},{\"@type\":\"WebSite\",\"@id\":\"https:\\\/\\\/delorenzoglobal.com\\\/fr\\\/#website\",\"url\":\"https:\\\/\\\/delorenzoglobal.com\\\/fr\\\/\",\"name\":\"De Lorenzo Training &amp; Didactical Equipment\",\"description\":\"\",\"potentialAction\":[{\"@type\":\"SearchAction\",\"target\":{\"@type\":\"EntryPoint\",\"urlTemplate\":\"https:\\\/\\\/delorenzoglobal.com\\\/fr\\\/?s={search_term_string}\"},\"query-input\":{\"@type\":\"PropertyValueSpecification\",\"valueRequired\":true,\"valueName\":\"search_term_string\"}}],\"inLanguage\":\"fr-FR\"}]}<\/script>\n<!-- \/ Yoast SEO plugin. -->","yoast_head_json":{"title":"KIT COMPLET POUR L'INSTALLATION ELECTRIQUE INDUSTRIELLE (VERSION 2) - De Lorenzo Training &amp; Didactical Equipment","robots":{"index":"index","follow":"follow","max-snippet":"max-snippet:-1","max-image-preview":"max-image-preview:large","max-video-preview":"max-video-preview:-1"},"canonical":"https:\/\/delorenzoglobal.com\/fr\/produit\/kit-complet-pour-linstallation-electrique-industrielle-version-2\/","og_locale":"fr_FR","og_type":"article","og_title":"KIT COMPLET POUR L'INSTALLATION ELECTRIQUE INDUSTRIELLE (VERSION 2) - De Lorenzo Training &amp; Didactical Equipment","og_description":"Kit de composants avec manuel didactique avec 25 exp\u00e9riences, y compris de br\u00e8ves mentions th\u00e9oriques et diagrammes pratiques des circuits principaux utilis\u00e9s dans des installations industrielles. Chaque exp\u00e9rience a une cible bien d\u00e9finie et repr\u00e9sente le sch\u00e9ma \u00e9lectrique et le mat\u00e9riel n\u00e9cessaire pour le montage de l&rsquo;installation. Pour effectuer les essais du moteur, il est [&hellip;]","og_url":"https:\/\/delorenzoglobal.com\/fr\/produit\/kit-complet-pour-linstallation-electrique-industrielle-version-2\/","og_site_name":"De Lorenzo Training &amp; Didactical Equipment","article_modified_time":"2026-01-19T13:35:24+00:00","og_image":[{"width":2560,"height":1349,"url":"https:\/\/delorenzoglobal.com\/wp-content\/uploads\/2024\/04\/DL-2102C2-scaled.jpg","type":"image\/jpeg"}],"twitter_card":"summary_large_image","twitter_misc":{"Dur\u00e9e de lecture estim\u00e9e":"1 minute"},"schema":{"@context":"https:\/\/schema.org","@graph":[{"@type":"WebPage","@id":"https:\/\/delorenzoglobal.com\/fr\/produit\/kit-complet-pour-linstallation-electrique-industrielle-version-2\/","url":"https:\/\/delorenzoglobal.com\/fr\/produit\/kit-complet-pour-linstallation-electrique-industrielle-version-2\/","name":"KIT COMPLET POUR L'INSTALLATION ELECTRIQUE INDUSTRIELLE (VERSION 2) - De Lorenzo Training &amp; Didactical Equipment","isPartOf":{"@id":"https:\/\/delorenzoglobal.com\/fr\/#website"},"primaryImageOfPage":{"@id":"https:\/\/delorenzoglobal.com\/fr\/produit\/kit-complet-pour-linstallation-electrique-industrielle-version-2\/#primaryimage"},"image":{"@id":"https:\/\/delorenzoglobal.com\/fr\/produit\/kit-complet-pour-linstallation-electrique-industrielle-version-2\/#primaryimage"},"thumbnailUrl":"https:\/\/delorenzoglobal.com\/wp-content\/uploads\/2024\/04\/DL-2102C2-scaled.jpg","datePublished":"2024-04-12T10:05:09+00:00","dateModified":"2026-01-19T13:35:24+00:00","breadcrumb":{"@id":"https:\/\/delorenzoglobal.com\/fr\/produit\/kit-complet-pour-linstallation-electrique-industrielle-version-2\/#breadcrumb"},"inLanguage":"fr-FR","potentialAction":[{"@type":"ReadAction","target":["https:\/\/delorenzoglobal.com\/fr\/produit\/kit-complet-pour-linstallation-electrique-industrielle-version-2\/"]}]},{"@type":"ImageObject","inLanguage":"fr-FR","@id":"https:\/\/delorenzoglobal.com\/fr\/produit\/kit-complet-pour-linstallation-electrique-industrielle-version-2\/#primaryimage","url":"https:\/\/delorenzoglobal.com\/wp-content\/uploads\/2024\/04\/DL-2102C2-scaled.jpg","contentUrl":"https:\/\/delorenzoglobal.com\/wp-content\/uploads\/2024\/04\/DL-2102C2-scaled.jpg","width":2560,"height":1349},{"@type":"BreadcrumbList","@id":"https:\/\/delorenzoglobal.com\/fr\/produit\/kit-complet-pour-linstallation-electrique-industrielle-version-2\/#breadcrumb","itemListElement":[{"@type":"ListItem","position":1,"name":"Home","item":"https:\/\/delorenzoglobal.com\/fr\/"},{"@type":"ListItem","position":2,"name":"Boutique","item":"https:\/\/delorenzoglobal.com\/fr\/boutique\/"},{"@type":"ListItem","position":3,"name":"KIT COMPLET POUR L&#8217;INSTALLATION ELECTRIQUE INDUSTRIELLE (VERSION 2)"}]},{"@type":"WebSite","@id":"https:\/\/delorenzoglobal.com\/fr\/#website","url":"https:\/\/delorenzoglobal.com\/fr\/","name":"De Lorenzo Training &amp; Didactical Equipment","description":"","potentialAction":[{"@type":"SearchAction","target":{"@type":"EntryPoint","urlTemplate":"https:\/\/delorenzoglobal.com\/fr\/?s={search_term_string}"},"query-input":{"@type":"PropertyValueSpecification","valueRequired":true,"valueName":"search_term_string"}}],"inLanguage":"fr-FR"}]}},"_links":{"self":[{"href":"https:\/\/delorenzoglobal.com\/fr\/wp-json\/wp\/v2\/product\/5791","targetHints":{"allow":["GET"]}}],"collection":[{"href":"https:\/\/delorenzoglobal.com\/fr\/wp-json\/wp\/v2\/product"}],"about":[{"href":"https:\/\/delorenzoglobal.com\/fr\/wp-json\/wp\/v2\/types\/product"}],"wp:featuredmedia":[{"embeddable":true,"href":"https:\/\/delorenzoglobal.com\/fr\/wp-json\/wp\/v2\/media\/5784"}],"wp:attachment":[{"href":"https:\/\/delorenzoglobal.com\/fr\/wp-json\/wp\/v2\/media?parent=5791"}],"wp:term":[{"taxonomy":"product_brand","embeddable":true,"href":"https:\/\/delorenzoglobal.com\/fr\/wp-json\/wp\/v2\/product_brand?post=5791"},{"taxonomy":"product_cat","embeddable":true,"href":"https:\/\/delorenzoglobal.com\/fr\/wp-json\/wp\/v2\/product_cat?post=5791"},{"taxonomy":"product_tag","embeddable":true,"href":"https:\/\/delorenzoglobal.com\/fr\/wp-json\/wp\/v2\/product_tag?post=5791"}],"curies":[{"name":"wp","href":"https:\/\/api.w.org\/{rel}","templated":true}]}}