{"id":5729,"date":"2024-04-12T11:47:04","date_gmt":"2024-04-12T09:47:04","guid":{"rendered":"https:\/\/delorenzoglobal.com\/?post_type=product&#038;p=5729"},"modified":"2025-01-24T11:55:41","modified_gmt":"2025-01-24T10:55:41","slug":"systemes-d-installation-civiles-et-hotel","status":"publish","type":"product","link":"https:\/\/delorenzoglobal.com\/fr\/produit\/systemes-d-installation-civiles-et-hotel\/","title":{"rendered":"SYST\u00c8MES D INSTALLATION CIVILES ET H\u00d3TEL"},"content":{"rendered":"<p>Kit de composants avec manuel didactique avec 23 exp\u00e9riences, y compris de br\u00e8ves mentions th\u00e9oriques et diagrammes pratiques des circuits principaux utilis\u00e9s dans des b\u00e2timents civils.<\/p>\n<p>Chaque exp\u00e9rience a une cible bien d\u00e9finie et repr\u00e9sente le sch\u00e9ma \u00e9lectrique et le mat\u00e9riel n\u00e9cessaire pour le montage de l&rsquo;installation.<\/p>\n<p>Le kit est compos\u00e9 de 8 boutons d&rsquo;usage g\u00e9n\u00e9ral, 3 boutons-poussoirs de sonnerie, 3 boutons-poussoirs d&rsquo;ouverture de portes, 9 lampes de signalisation, 3 interrupteurs, 2 commutateurs, 2 inverseurs, 1 prise de courant, 3 sonneries, 1 buzzer, 6 relais de verrouillage, 2 porte-fusibles avec fusibles, 1 relais temporis\u00e9 d\u2019\u00e9clairage escalier, 1 relais d&rsquo;impulsion, 2 douilles avec lampes \u00e0 incandescence, 1 lampe fluorescente avec support de lampe, d\u00e9marreur et starter, 1 serrure \u00e9lectrique, 1 panneau bouton-poussoir avec 3 boutons-poussoirs, 1 panneau avec 4 \u00e9crans, 3 interphones avec buzzer et 3 boutons-poussoirs, 1 alimentation pour l\u2019interphone, 1 transformateur d\u2019alimentation\/2x12V, 1 pi\u00e8ce de section DIN, 1 jeu de vis pour fixer les composants, 2 conteneurs.<\/p>\n","protected":false},"excerpt":{"rendered":"<p>Kit de composants avec manuel didactique avec 23 exp\u00e9riences, y compris de br\u00e8ves mentions th\u00e9oriques et diagrammes pratiques des circuits principaux utilis\u00e9s dans des b\u00e2timents civils. Chaque exp\u00e9rience a une cible bien d\u00e9finie et repr\u00e9sente le sch\u00e9ma \u00e9lectrique et le mat\u00e9riel n\u00e9cessaire pour le montage de l&rsquo;installation. Le kit est compos\u00e9 de 8 boutons d&rsquo;usage [&hellip;]<\/p>\n","protected":false},"featured_media":5722,"template":"","meta":{"_acf_changed":false},"product_brand":[],"product_cat":[277],"product_tag":[],"class_list":{"0":"post-5729","1":"product","2":"type-product","3":"status-publish","4":"has-post-thumbnail","6":"product_cat-kit-dinstallations-civiles","8":"first","9":"instock","10":"shipping-taxable","11":"product-type-simple"},"acf":[],"yoast_head":"<!-- This site is optimized with the Yoast SEO plugin v27.4 - https:\/\/yoast.com\/product\/yoast-seo-wordpress\/ -->\n<title>SYST\u00c8MES D INSTALLATION CIVILES ET H\u00d3TEL - De Lorenzo Training &amp; Didactical Equipment<\/title>\n<meta name=\"robots\" content=\"index, follow, max-snippet:-1, max-image-preview:large, max-video-preview:-1\" \/>\n<link rel=\"canonical\" href=\"https:\/\/delorenzoglobal.com\/fr\/produit\/systemes-d-installation-civiles-et-hotel\/\" \/>\n<meta property=\"og:locale\" content=\"fr_FR\" \/>\n<meta property=\"og:type\" content=\"article\" \/>\n<meta property=\"og:title\" content=\"SYST\u00c8MES D INSTALLATION CIVILES ET H\u00d3TEL - De Lorenzo Training &amp; Didactical Equipment\" \/>\n<meta property=\"og:description\" content=\"Kit de composants avec manuel didactique avec 23 exp\u00e9riences, y compris de br\u00e8ves mentions th\u00e9oriques et diagrammes pratiques des circuits principaux utilis\u00e9s dans des b\u00e2timents civils. Chaque exp\u00e9rience a une cible bien d\u00e9finie et repr\u00e9sente le sch\u00e9ma \u00e9lectrique et le mat\u00e9riel n\u00e9cessaire pour le montage de l&rsquo;installation. Le kit est compos\u00e9 de 8 boutons d&rsquo;usage [&hellip;]\" \/>\n<meta property=\"og:url\" content=\"https:\/\/delorenzoglobal.com\/fr\/produit\/systemes-d-installation-civiles-et-hotel\/\" \/>\n<meta property=\"og:site_name\" content=\"De Lorenzo Training &amp; Didactical Equipment\" \/>\n<meta property=\"article:modified_time\" content=\"2025-01-24T10:55:41+00:00\" \/>\n<meta property=\"og:image\" content=\"https:\/\/delorenzoglobal.com\/wp-content\/uploads\/2024\/04\/DL-2101E-1024x436.jpg\" \/>\n\t<meta property=\"og:image:width\" content=\"1024\" \/>\n\t<meta property=\"og:image:height\" content=\"436\" \/>\n\t<meta property=\"og:image:type\" content=\"image\/jpeg\" \/>\n<meta name=\"twitter:card\" content=\"summary_large_image\" \/>\n<meta name=\"twitter:label1\" content=\"Dur\u00e9e de lecture estim\u00e9e\" \/>\n\t<meta name=\"twitter:data1\" content=\"2 minutes\" \/>\n<script type=\"application\/ld+json\" class=\"yoast-schema-graph\">{\"@context\":\"https:\\\/\\\/schema.org\",\"@graph\":[{\"@type\":\"WebPage\",\"@id\":\"https:\\\/\\\/delorenzoglobal.com\\\/fr\\\/produit\\\/systemes-d-installation-civiles-et-hotel\\\/\",\"url\":\"https:\\\/\\\/delorenzoglobal.com\\\/fr\\\/produit\\\/systemes-d-installation-civiles-et-hotel\\\/\",\"name\":\"SYST\u00c8MES D INSTALLATION CIVILES ET H\u00d3TEL - De Lorenzo Training &amp; Didactical Equipment\",\"isPartOf\":{\"@id\":\"https:\\\/\\\/delorenzoglobal.com\\\/fr\\\/#website\"},\"primaryImageOfPage\":{\"@id\":\"https:\\\/\\\/delorenzoglobal.com\\\/fr\\\/produit\\\/systemes-d-installation-civiles-et-hotel\\\/#primaryimage\"},\"image\":{\"@id\":\"https:\\\/\\\/delorenzoglobal.com\\\/fr\\\/produit\\\/systemes-d-installation-civiles-et-hotel\\\/#primaryimage\"},\"thumbnailUrl\":\"https:\\\/\\\/delorenzoglobal.com\\\/wp-content\\\/uploads\\\/2024\\\/04\\\/DL-2101E.jpg\",\"datePublished\":\"2024-04-12T09:47:04+00:00\",\"dateModified\":\"2025-01-24T10:55:41+00:00\",\"breadcrumb\":{\"@id\":\"https:\\\/\\\/delorenzoglobal.com\\\/fr\\\/produit\\\/systemes-d-installation-civiles-et-hotel\\\/#breadcrumb\"},\"inLanguage\":\"fr-FR\",\"potentialAction\":[{\"@type\":\"ReadAction\",\"target\":[\"https:\\\/\\\/delorenzoglobal.com\\\/fr\\\/produit\\\/systemes-d-installation-civiles-et-hotel\\\/\"]}]},{\"@type\":\"ImageObject\",\"inLanguage\":\"fr-FR\",\"@id\":\"https:\\\/\\\/delorenzoglobal.com\\\/fr\\\/produit\\\/systemes-d-installation-civiles-et-hotel\\\/#primaryimage\",\"url\":\"https:\\\/\\\/delorenzoglobal.com\\\/wp-content\\\/uploads\\\/2024\\\/04\\\/DL-2101E.jpg\",\"contentUrl\":\"https:\\\/\\\/delorenzoglobal.com\\\/wp-content\\\/uploads\\\/2024\\\/04\\\/DL-2101E.jpg\",\"width\":2529,\"height\":1077},{\"@type\":\"BreadcrumbList\",\"@id\":\"https:\\\/\\\/delorenzoglobal.com\\\/fr\\\/produit\\\/systemes-d-installation-civiles-et-hotel\\\/#breadcrumb\",\"itemListElement\":[{\"@type\":\"ListItem\",\"position\":1,\"name\":\"Home\",\"item\":\"https:\\\/\\\/delorenzoglobal.com\\\/fr\\\/\"},{\"@type\":\"ListItem\",\"position\":2,\"name\":\"Boutique\",\"item\":\"https:\\\/\\\/delorenzoglobal.com\\\/fr\\\/boutique\\\/\"},{\"@type\":\"ListItem\",\"position\":3,\"name\":\"SYST\u00c8MES D INSTALLATION CIVILES ET H\u00d3TEL\"}]},{\"@type\":\"WebSite\",\"@id\":\"https:\\\/\\\/delorenzoglobal.com\\\/fr\\\/#website\",\"url\":\"https:\\\/\\\/delorenzoglobal.com\\\/fr\\\/\",\"name\":\"De Lorenzo Training &amp; Didactical Equipment\",\"description\":\"\",\"potentialAction\":[{\"@type\":\"SearchAction\",\"target\":{\"@type\":\"EntryPoint\",\"urlTemplate\":\"https:\\\/\\\/delorenzoglobal.com\\\/fr\\\/?s={search_term_string}\"},\"query-input\":{\"@type\":\"PropertyValueSpecification\",\"valueRequired\":true,\"valueName\":\"search_term_string\"}}],\"inLanguage\":\"fr-FR\"}]}<\/script>\n<!-- \/ Yoast SEO plugin. -->","yoast_head_json":{"title":"SYST\u00c8MES D INSTALLATION CIVILES ET H\u00d3TEL - De Lorenzo Training &amp; Didactical Equipment","robots":{"index":"index","follow":"follow","max-snippet":"max-snippet:-1","max-image-preview":"max-image-preview:large","max-video-preview":"max-video-preview:-1"},"canonical":"https:\/\/delorenzoglobal.com\/fr\/produit\/systemes-d-installation-civiles-et-hotel\/","og_locale":"fr_FR","og_type":"article","og_title":"SYST\u00c8MES D INSTALLATION CIVILES ET H\u00d3TEL - De Lorenzo Training &amp; Didactical Equipment","og_description":"Kit de composants avec manuel didactique avec 23 exp\u00e9riences, y compris de br\u00e8ves mentions th\u00e9oriques et diagrammes pratiques des circuits principaux utilis\u00e9s dans des b\u00e2timents civils. Chaque exp\u00e9rience a une cible bien d\u00e9finie et repr\u00e9sente le sch\u00e9ma \u00e9lectrique et le mat\u00e9riel n\u00e9cessaire pour le montage de l&rsquo;installation. Le kit est compos\u00e9 de 8 boutons d&rsquo;usage [&hellip;]","og_url":"https:\/\/delorenzoglobal.com\/fr\/produit\/systemes-d-installation-civiles-et-hotel\/","og_site_name":"De Lorenzo Training &amp; Didactical Equipment","article_modified_time":"2025-01-24T10:55:41+00:00","og_image":[{"width":1024,"height":436,"url":"https:\/\/delorenzoglobal.com\/wp-content\/uploads\/2024\/04\/DL-2101E-1024x436.jpg","type":"image\/jpeg"}],"twitter_card":"summary_large_image","twitter_misc":{"Dur\u00e9e de lecture estim\u00e9e":"2 minutes"},"schema":{"@context":"https:\/\/schema.org","@graph":[{"@type":"WebPage","@id":"https:\/\/delorenzoglobal.com\/fr\/produit\/systemes-d-installation-civiles-et-hotel\/","url":"https:\/\/delorenzoglobal.com\/fr\/produit\/systemes-d-installation-civiles-et-hotel\/","name":"SYST\u00c8MES D INSTALLATION CIVILES ET H\u00d3TEL - De Lorenzo Training &amp; Didactical Equipment","isPartOf":{"@id":"https:\/\/delorenzoglobal.com\/fr\/#website"},"primaryImageOfPage":{"@id":"https:\/\/delorenzoglobal.com\/fr\/produit\/systemes-d-installation-civiles-et-hotel\/#primaryimage"},"image":{"@id":"https:\/\/delorenzoglobal.com\/fr\/produit\/systemes-d-installation-civiles-et-hotel\/#primaryimage"},"thumbnailUrl":"https:\/\/delorenzoglobal.com\/wp-content\/uploads\/2024\/04\/DL-2101E.jpg","datePublished":"2024-04-12T09:47:04+00:00","dateModified":"2025-01-24T10:55:41+00:00","breadcrumb":{"@id":"https:\/\/delorenzoglobal.com\/fr\/produit\/systemes-d-installation-civiles-et-hotel\/#breadcrumb"},"inLanguage":"fr-FR","potentialAction":[{"@type":"ReadAction","target":["https:\/\/delorenzoglobal.com\/fr\/produit\/systemes-d-installation-civiles-et-hotel\/"]}]},{"@type":"ImageObject","inLanguage":"fr-FR","@id":"https:\/\/delorenzoglobal.com\/fr\/produit\/systemes-d-installation-civiles-et-hotel\/#primaryimage","url":"https:\/\/delorenzoglobal.com\/wp-content\/uploads\/2024\/04\/DL-2101E.jpg","contentUrl":"https:\/\/delorenzoglobal.com\/wp-content\/uploads\/2024\/04\/DL-2101E.jpg","width":2529,"height":1077},{"@type":"BreadcrumbList","@id":"https:\/\/delorenzoglobal.com\/fr\/produit\/systemes-d-installation-civiles-et-hotel\/#breadcrumb","itemListElement":[{"@type":"ListItem","position":1,"name":"Home","item":"https:\/\/delorenzoglobal.com\/fr\/"},{"@type":"ListItem","position":2,"name":"Boutique","item":"https:\/\/delorenzoglobal.com\/fr\/boutique\/"},{"@type":"ListItem","position":3,"name":"SYST\u00c8MES D INSTALLATION CIVILES ET H\u00d3TEL"}]},{"@type":"WebSite","@id":"https:\/\/delorenzoglobal.com\/fr\/#website","url":"https:\/\/delorenzoglobal.com\/fr\/","name":"De Lorenzo Training &amp; Didactical Equipment","description":"","potentialAction":[{"@type":"SearchAction","target":{"@type":"EntryPoint","urlTemplate":"https:\/\/delorenzoglobal.com\/fr\/?s={search_term_string}"},"query-input":{"@type":"PropertyValueSpecification","valueRequired":true,"valueName":"search_term_string"}}],"inLanguage":"fr-FR"}]}},"_links":{"self":[{"href":"https:\/\/delorenzoglobal.com\/fr\/wp-json\/wp\/v2\/product\/5729","targetHints":{"allow":["GET"]}}],"collection":[{"href":"https:\/\/delorenzoglobal.com\/fr\/wp-json\/wp\/v2\/product"}],"about":[{"href":"https:\/\/delorenzoglobal.com\/fr\/wp-json\/wp\/v2\/types\/product"}],"wp:featuredmedia":[{"embeddable":true,"href":"https:\/\/delorenzoglobal.com\/fr\/wp-json\/wp\/v2\/media\/5722"}],"wp:attachment":[{"href":"https:\/\/delorenzoglobal.com\/fr\/wp-json\/wp\/v2\/media?parent=5729"}],"wp:term":[{"taxonomy":"product_brand","embeddable":true,"href":"https:\/\/delorenzoglobal.com\/fr\/wp-json\/wp\/v2\/product_brand?post=5729"},{"taxonomy":"product_cat","embeddable":true,"href":"https:\/\/delorenzoglobal.com\/fr\/wp-json\/wp\/v2\/product_cat?post=5729"},{"taxonomy":"product_tag","embeddable":true,"href":"https:\/\/delorenzoglobal.com\/fr\/wp-json\/wp\/v2\/product_tag?post=5729"}],"curies":[{"name":"wp","href":"https:\/\/api.w.org\/{rel}","templated":true}]}}