{"id":57080,"date":"2025-04-08T09:21:10","date_gmt":"2025-04-08T07:21:10","guid":{"rendered":"https:\/\/delorenzoglobal.com\/?post_type=product&#038;p=57080"},"modified":"2025-04-29T09:44:18","modified_gmt":"2025-04-29T07:44:18","slug":"kit-detude-sur-lenergie-hydroelectrique","status":"publish","type":"product","link":"https:\/\/delorenzoglobal.com\/fr\/produit\/kit-detude-sur-lenergie-hydroelectrique\/","title":{"rendered":"KIT D&rsquo;\u00c9TUDE SUR L&rsquo;\u00c9NERGIE HYDRO\u00c9LECTRIQUE"},"content":{"rendered":"<p>Le kit propos\u00e9 <strong>DL HYDRO-L<\/strong>, outre des exp\u00e9riences qualitatives d&rsquo;introduction \u00e0 l&rsquo;utilisation de l&rsquo;\u00e9nergie hydro\u00e9lectrique pour les \u00e9l\u00e8ves du secondaire et des exp\u00e9riences de base pour la formation technique, offre des exp\u00e9riences quantitatives fondamentales sur la physique des turbines hydrauliques. Il est donc \u00e9quip\u00e9 de diff\u00e9rents types de turbines, d&rsquo;une simple roue hydraulique \u00e0 une turbine Pelton moderne et tr\u00e8s efficace.<\/p>\n","protected":false},"excerpt":{"rendered":"<p>Le kit propos\u00e9 DL HYDRO-L, outre des exp\u00e9riences qualitatives d&rsquo;introduction \u00e0 l&rsquo;utilisation de l&rsquo;\u00e9nergie hydro\u00e9lectrique pour les \u00e9l\u00e8ves du secondaire et des exp\u00e9riences de base pour la formation technique, offre des exp\u00e9riences quantitatives fondamentales sur la physique des turbines hydrauliques. Il est donc \u00e9quip\u00e9 de diff\u00e9rents types de turbines, d&rsquo;une simple roue hydraulique \u00e0 une [&hellip;]<\/p>\n","protected":false},"featured_media":57050,"template":"","meta":{"_acf_changed":false},"product_brand":[],"product_cat":[241,3167],"product_tag":[],"class_list":{"0":"post-57080","1":"product","2":"type-product","3":"status-publish","4":"has-post-thumbnail","6":"product_cat-systemes-dintroduction-de-base","7":"product_cat-kits-dinstructions-de-base-pour-les-energies-renouvelables","9":"first","10":"instock","11":"shipping-taxable","12":"product-type-simple"},"acf":[],"yoast_head":"<!-- This site is optimized with the Yoast SEO plugin v27.0 - https:\/\/yoast.com\/product\/yoast-seo-wordpress\/ -->\n<title>KIT D&#039;\u00c9TUDE SUR L&#039;\u00c9NERGIE HYDRO\u00c9LECTRIQUE - De Lorenzo Training &amp; Didactical Equipment<\/title>\n<meta name=\"robots\" content=\"index, follow, max-snippet:-1, max-image-preview:large, max-video-preview:-1\" \/>\n<link rel=\"canonical\" href=\"https:\/\/delorenzoglobal.com\/fr\/produit\/kit-detude-sur-lenergie-hydroelectrique\/\" \/>\n<meta property=\"og:locale\" content=\"fr_FR\" \/>\n<meta property=\"og:type\" content=\"article\" \/>\n<meta property=\"og:title\" content=\"KIT D&#039;\u00c9TUDE SUR L&#039;\u00c9NERGIE HYDRO\u00c9LECTRIQUE - De Lorenzo Training &amp; Didactical Equipment\" \/>\n<meta property=\"og:description\" content=\"Le kit propos\u00e9 DL HYDRO-L, outre des exp\u00e9riences qualitatives d&rsquo;introduction \u00e0 l&rsquo;utilisation de l&rsquo;\u00e9nergie hydro\u00e9lectrique pour les \u00e9l\u00e8ves du secondaire et des exp\u00e9riences de base pour la formation technique, offre des exp\u00e9riences quantitatives fondamentales sur la physique des turbines hydrauliques. Il est donc \u00e9quip\u00e9 de diff\u00e9rents types de turbines, d&rsquo;une simple roue hydraulique \u00e0 une [&hellip;]\" \/>\n<meta property=\"og:url\" content=\"https:\/\/delorenzoglobal.com\/fr\/produit\/kit-detude-sur-lenergie-hydroelectrique\/\" \/>\n<meta property=\"og:site_name\" content=\"De Lorenzo Training &amp; Didactical Equipment\" \/>\n<meta property=\"article:modified_time\" content=\"2025-04-29T07:44:18+00:00\" \/>\n<meta property=\"og:image\" content=\"https:\/\/delorenzoglobal.com\/wp-content\/uploads\/2025\/04\/DL-HYDRO-L.jpg\" \/>\n\t<meta property=\"og:image:width\" content=\"600\" \/>\n\t<meta property=\"og:image:height\" content=\"633\" \/>\n\t<meta property=\"og:image:type\" content=\"image\/jpeg\" \/>\n<meta name=\"twitter:card\" content=\"summary_large_image\" \/>\n<meta name=\"twitter:label1\" content=\"Dur\u00e9e de lecture estim\u00e9e\" \/>\n\t<meta name=\"twitter:data1\" content=\"1 minute\" \/>\n<script type=\"application\/ld+json\" class=\"yoast-schema-graph\">{\"@context\":\"https:\/\/schema.org\",\"@graph\":[{\"@type\":\"WebPage\",\"@id\":\"https:\/\/delorenzoglobal.com\/fr\/produit\/kit-detude-sur-lenergie-hydroelectrique\/\",\"url\":\"https:\/\/delorenzoglobal.com\/fr\/produit\/kit-detude-sur-lenergie-hydroelectrique\/\",\"name\":\"KIT D'\u00c9TUDE SUR L'\u00c9NERGIE HYDRO\u00c9LECTRIQUE - De Lorenzo Training &amp; Didactical Equipment\",\"isPartOf\":{\"@id\":\"https:\/\/delorenzoglobal.com\/fr\/#website\"},\"primaryImageOfPage\":{\"@id\":\"https:\/\/delorenzoglobal.com\/fr\/produit\/kit-detude-sur-lenergie-hydroelectrique\/#primaryimage\"},\"image\":{\"@id\":\"https:\/\/delorenzoglobal.com\/fr\/produit\/kit-detude-sur-lenergie-hydroelectrique\/#primaryimage\"},\"thumbnailUrl\":\"https:\/\/delorenzoglobal.com\/wp-content\/uploads\/2025\/04\/DL-HYDRO-L.jpg\",\"datePublished\":\"2025-04-08T07:21:10+00:00\",\"dateModified\":\"2025-04-29T07:44:18+00:00\",\"breadcrumb\":{\"@id\":\"https:\/\/delorenzoglobal.com\/fr\/produit\/kit-detude-sur-lenergie-hydroelectrique\/#breadcrumb\"},\"inLanguage\":\"fr-FR\",\"potentialAction\":[{\"@type\":\"ReadAction\",\"target\":[\"https:\/\/delorenzoglobal.com\/fr\/produit\/kit-detude-sur-lenergie-hydroelectrique\/\"]}]},{\"@type\":\"ImageObject\",\"inLanguage\":\"fr-FR\",\"@id\":\"https:\/\/delorenzoglobal.com\/fr\/produit\/kit-detude-sur-lenergie-hydroelectrique\/#primaryimage\",\"url\":\"https:\/\/delorenzoglobal.com\/wp-content\/uploads\/2025\/04\/DL-HYDRO-L.jpg\",\"contentUrl\":\"https:\/\/delorenzoglobal.com\/wp-content\/uploads\/2025\/04\/DL-HYDRO-L.jpg\",\"width\":600,\"height\":633},{\"@type\":\"BreadcrumbList\",\"@id\":\"https:\/\/delorenzoglobal.com\/fr\/produit\/kit-detude-sur-lenergie-hydroelectrique\/#breadcrumb\",\"itemListElement\":[{\"@type\":\"ListItem\",\"position\":1,\"name\":\"Home\",\"item\":\"https:\/\/delorenzoglobal.com\/fr\/\"},{\"@type\":\"ListItem\",\"position\":2,\"name\":\"Boutique\",\"item\":\"https:\/\/delorenzoglobal.com\/fr\/boutique\/\"},{\"@type\":\"ListItem\",\"position\":3,\"name\":\"KIT D&#8217;\u00c9TUDE SUR L&#8217;\u00c9NERGIE HYDRO\u00c9LECTRIQUE\"}]},{\"@type\":\"WebSite\",\"@id\":\"https:\/\/delorenzoglobal.com\/fr\/#website\",\"url\":\"https:\/\/delorenzoglobal.com\/fr\/\",\"name\":\"De Lorenzo Training &amp; Didactical Equipment\",\"description\":\"\",\"potentialAction\":[{\"@type\":\"SearchAction\",\"target\":{\"@type\":\"EntryPoint\",\"urlTemplate\":\"https:\/\/delorenzoglobal.com\/fr\/?s={search_term_string}\"},\"query-input\":{\"@type\":\"PropertyValueSpecification\",\"valueRequired\":true,\"valueName\":\"search_term_string\"}}],\"inLanguage\":\"fr-FR\"}]}<\/script>\n<!-- \/ Yoast SEO plugin. -->","yoast_head_json":{"title":"KIT D'\u00c9TUDE SUR L'\u00c9NERGIE HYDRO\u00c9LECTRIQUE - De Lorenzo Training &amp; Didactical Equipment","robots":{"index":"index","follow":"follow","max-snippet":"max-snippet:-1","max-image-preview":"max-image-preview:large","max-video-preview":"max-video-preview:-1"},"canonical":"https:\/\/delorenzoglobal.com\/fr\/produit\/kit-detude-sur-lenergie-hydroelectrique\/","og_locale":"fr_FR","og_type":"article","og_title":"KIT D'\u00c9TUDE SUR L'\u00c9NERGIE HYDRO\u00c9LECTRIQUE - De Lorenzo Training &amp; Didactical Equipment","og_description":"Le kit propos\u00e9 DL HYDRO-L, outre des exp\u00e9riences qualitatives d&rsquo;introduction \u00e0 l&rsquo;utilisation de l&rsquo;\u00e9nergie hydro\u00e9lectrique pour les \u00e9l\u00e8ves du secondaire et des exp\u00e9riences de base pour la formation technique, offre des exp\u00e9riences quantitatives fondamentales sur la physique des turbines hydrauliques. Il est donc \u00e9quip\u00e9 de diff\u00e9rents types de turbines, d&rsquo;une simple roue hydraulique \u00e0 une [&hellip;]","og_url":"https:\/\/delorenzoglobal.com\/fr\/produit\/kit-detude-sur-lenergie-hydroelectrique\/","og_site_name":"De Lorenzo Training &amp; Didactical Equipment","article_modified_time":"2025-04-29T07:44:18+00:00","og_image":[{"width":600,"height":633,"url":"https:\/\/delorenzoglobal.com\/wp-content\/uploads\/2025\/04\/DL-HYDRO-L.jpg","type":"image\/jpeg"}],"twitter_card":"summary_large_image","twitter_misc":{"Dur\u00e9e de lecture estim\u00e9e":"1 minute"},"schema":{"@context":"https:\/\/schema.org","@graph":[{"@type":"WebPage","@id":"https:\/\/delorenzoglobal.com\/fr\/produit\/kit-detude-sur-lenergie-hydroelectrique\/","url":"https:\/\/delorenzoglobal.com\/fr\/produit\/kit-detude-sur-lenergie-hydroelectrique\/","name":"KIT D'\u00c9TUDE SUR L'\u00c9NERGIE HYDRO\u00c9LECTRIQUE - De Lorenzo Training &amp; Didactical Equipment","isPartOf":{"@id":"https:\/\/delorenzoglobal.com\/fr\/#website"},"primaryImageOfPage":{"@id":"https:\/\/delorenzoglobal.com\/fr\/produit\/kit-detude-sur-lenergie-hydroelectrique\/#primaryimage"},"image":{"@id":"https:\/\/delorenzoglobal.com\/fr\/produit\/kit-detude-sur-lenergie-hydroelectrique\/#primaryimage"},"thumbnailUrl":"https:\/\/delorenzoglobal.com\/wp-content\/uploads\/2025\/04\/DL-HYDRO-L.jpg","datePublished":"2025-04-08T07:21:10+00:00","dateModified":"2025-04-29T07:44:18+00:00","breadcrumb":{"@id":"https:\/\/delorenzoglobal.com\/fr\/produit\/kit-detude-sur-lenergie-hydroelectrique\/#breadcrumb"},"inLanguage":"fr-FR","potentialAction":[{"@type":"ReadAction","target":["https:\/\/delorenzoglobal.com\/fr\/produit\/kit-detude-sur-lenergie-hydroelectrique\/"]}]},{"@type":"ImageObject","inLanguage":"fr-FR","@id":"https:\/\/delorenzoglobal.com\/fr\/produit\/kit-detude-sur-lenergie-hydroelectrique\/#primaryimage","url":"https:\/\/delorenzoglobal.com\/wp-content\/uploads\/2025\/04\/DL-HYDRO-L.jpg","contentUrl":"https:\/\/delorenzoglobal.com\/wp-content\/uploads\/2025\/04\/DL-HYDRO-L.jpg","width":600,"height":633},{"@type":"BreadcrumbList","@id":"https:\/\/delorenzoglobal.com\/fr\/produit\/kit-detude-sur-lenergie-hydroelectrique\/#breadcrumb","itemListElement":[{"@type":"ListItem","position":1,"name":"Home","item":"https:\/\/delorenzoglobal.com\/fr\/"},{"@type":"ListItem","position":2,"name":"Boutique","item":"https:\/\/delorenzoglobal.com\/fr\/boutique\/"},{"@type":"ListItem","position":3,"name":"KIT D&#8217;\u00c9TUDE SUR L&#8217;\u00c9NERGIE HYDRO\u00c9LECTRIQUE"}]},{"@type":"WebSite","@id":"https:\/\/delorenzoglobal.com\/fr\/#website","url":"https:\/\/delorenzoglobal.com\/fr\/","name":"De Lorenzo Training &amp; Didactical Equipment","description":"","potentialAction":[{"@type":"SearchAction","target":{"@type":"EntryPoint","urlTemplate":"https:\/\/delorenzoglobal.com\/fr\/?s={search_term_string}"},"query-input":{"@type":"PropertyValueSpecification","valueRequired":true,"valueName":"search_term_string"}}],"inLanguage":"fr-FR"}]}},"_links":{"self":[{"href":"https:\/\/delorenzoglobal.com\/fr\/wp-json\/wp\/v2\/product\/57080","targetHints":{"allow":["GET"]}}],"collection":[{"href":"https:\/\/delorenzoglobal.com\/fr\/wp-json\/wp\/v2\/product"}],"about":[{"href":"https:\/\/delorenzoglobal.com\/fr\/wp-json\/wp\/v2\/types\/product"}],"wp:featuredmedia":[{"embeddable":true,"href":"https:\/\/delorenzoglobal.com\/fr\/wp-json\/wp\/v2\/media\/57050"}],"wp:attachment":[{"href":"https:\/\/delorenzoglobal.com\/fr\/wp-json\/wp\/v2\/media?parent=57080"}],"wp:term":[{"taxonomy":"product_brand","embeddable":true,"href":"https:\/\/delorenzoglobal.com\/fr\/wp-json\/wp\/v2\/product_brand?post=57080"},{"taxonomy":"product_cat","embeddable":true,"href":"https:\/\/delorenzoglobal.com\/fr\/wp-json\/wp\/v2\/product_cat?post=57080"},{"taxonomy":"product_tag","embeddable":true,"href":"https:\/\/delorenzoglobal.com\/fr\/wp-json\/wp\/v2\/product_tag?post=57080"}],"curies":[{"name":"wp","href":"https:\/\/api.w.org\/{rel}","templated":true}]}}