{"id":557,"date":"2024-04-08T13:41:59","date_gmt":"2024-04-08T11:41:59","guid":{"rendered":"https:\/\/delorenzoglobal.com\/?post_type=product&#038;p=557"},"modified":"2025-04-22T14:51:10","modified_gmt":"2025-04-22T12:51:10","slug":"usine-automatisee-station-de-transport-et-de-detection-de-materiel","status":"publish","type":"product","link":"https:\/\/delorenzoglobal.com\/fr\/produit\/usine-automatisee-station-de-transport-et-de-detection-de-materiel\/","title":{"rendered":"USINE AUTOMATISEE STATION DE TRANSPORT ET DE DETECTION DE MATERIEL"},"content":{"rendered":"<p>CIM (fabrication int\u00e9gr\u00e9e par ordinateur) est une m\u00e9thode de fabrication, dans laquelle l&rsquo;ensemble du processus de production est automatis\u00e9 et contr\u00f4l\u00e9 par ordinateur pour r\u00e9duire les erreurs et augmenter son efficacit\u00e9.<\/p>\n<p>Le DL CIM-PMC01 reproduit une station de d\u00e9tection et de transport de mat\u00e9riaux \u00e0 \u00e9chelle r\u00e9duite.<\/p>\n<p>La cellule de fabrication est contr\u00f4l\u00e9e par un automate programmable (API) qui permet l&rsquo;automatisation des processus et le fonctionnement de la ligne de production industrielle.<\/p>\n<p>Il s&rsquo;agit d&rsquo;un contr\u00f4le en boucle ferm\u00e9e bas\u00e9 sur API qui \u00e9change les informations collect\u00e9es \u00e0 partir des capteurs et couvre les domaines fonctionnels du syst\u00e8me CIM comme la conception, l&rsquo;analyse, la planification, les achats, la comptabilit\u00e9 analytique, le contr\u00f4le des stocks ou des fonctions plus appliqu\u00e9es: manutention et gestion des mat\u00e9riaux, contr\u00f4le direct et suivi de toutes les op\u00e9rations.<\/p>\n<p>L&rsquo;usine automatis\u00e9e simule l&rsquo;assemblage de cubes compos\u00e9s de deux parties, une base en m\u00e9tal et un couvercle en plastique (noir et blanc), r\u00e9unis par des bouchons.<\/p>\n<p>La DL CIM-PMC01 est la premi\u00e8re station de la cha\u00eene.<\/p>\n<p>Il est compos\u00e9 de 2 tr\u00e9mies d&rsquo;alimentation verticales qui contiennent la mati\u00e8re premi\u00e8re (parties inf\u00e9rieure et sup\u00e9rieure du cube).<\/p>\n<p>Lorsqu&rsquo;une pi\u00e8ce est d\u00e9charg\u00e9e sur la bande, diff\u00e9rents capteurs d\u00e9tectent son mat\u00e9riau, sa couleur et le trou perc\u00e9 avant de se rendre \u00e0 la prochaine station \u00e0 traiter ou \u00e0 jeter.<\/p>\n","protected":false},"excerpt":{"rendered":"<p>CIM (fabrication int\u00e9gr\u00e9e par ordinateur) est une m\u00e9thode de fabrication, dans laquelle l&rsquo;ensemble du processus de production est automatis\u00e9 et contr\u00f4l\u00e9 par ordinateur pour r\u00e9duire les erreurs et augmenter son efficacit\u00e9. Le DL CIM-PMC01 reproduit une station de d\u00e9tection et de transport de mat\u00e9riaux \u00e0 \u00e9chelle r\u00e9duite. La cellule de fabrication est contr\u00f4l\u00e9e par un [&hellip;]<\/p>\n","protected":false},"featured_media":546,"template":"","meta":{"_acf_changed":false},"product_brand":[],"product_cat":[154],"product_tag":[],"class_list":{"0":"post-557","1":"product","2":"type-product","3":"status-publish","4":"has-post-thumbnail","6":"product_cat-applications-industrielle","8":"first","9":"instock","10":"shipping-taxable","11":"product-type-simple"},"acf":[],"yoast_head":"<!-- This site is optimized with the Yoast SEO plugin v27.0 - https:\/\/yoast.com\/product\/yoast-seo-wordpress\/ -->\n<title>USINE AUTOMATISEE STATION DE TRANSPORT ET DE DETECTION DE MATERIEL - De Lorenzo Training &amp; Didactical Equipment<\/title>\n<meta name=\"robots\" content=\"index, follow, max-snippet:-1, max-image-preview:large, max-video-preview:-1\" \/>\n<link rel=\"canonical\" href=\"https:\/\/delorenzoglobal.com\/fr\/produit\/usine-automatisee-station-de-transport-et-de-detection-de-materiel\/\" \/>\n<meta property=\"og:locale\" content=\"fr_FR\" \/>\n<meta property=\"og:type\" content=\"article\" \/>\n<meta property=\"og:title\" content=\"USINE AUTOMATISEE STATION DE TRANSPORT ET DE DETECTION DE MATERIEL - De Lorenzo Training &amp; Didactical Equipment\" \/>\n<meta property=\"og:description\" content=\"CIM (fabrication int\u00e9gr\u00e9e par ordinateur) est une m\u00e9thode de fabrication, dans laquelle l&rsquo;ensemble du processus de production est automatis\u00e9 et contr\u00f4l\u00e9 par ordinateur pour r\u00e9duire les erreurs et augmenter son efficacit\u00e9. Le DL CIM-PMC01 reproduit une station de d\u00e9tection et de transport de mat\u00e9riaux \u00e0 \u00e9chelle r\u00e9duite. La cellule de fabrication est contr\u00f4l\u00e9e par un [&hellip;]\" \/>\n<meta property=\"og:url\" content=\"https:\/\/delorenzoglobal.com\/fr\/produit\/usine-automatisee-station-de-transport-et-de-detection-de-materiel\/\" \/>\n<meta property=\"og:site_name\" content=\"De Lorenzo Training &amp; Didactical Equipment\" \/>\n<meta property=\"article:modified_time\" content=\"2025-04-22T12:51:10+00:00\" \/>\n<meta property=\"og:image\" content=\"https:\/\/delorenzoglobal.com\/wp-content\/uploads\/2024\/04\/DL-CIM-PMC01-711x1024.png\" \/>\n\t<meta property=\"og:image:width\" content=\"711\" \/>\n\t<meta property=\"og:image:height\" content=\"1024\" \/>\n\t<meta property=\"og:image:type\" content=\"image\/png\" \/>\n<meta name=\"twitter:card\" content=\"summary_large_image\" \/>\n<meta name=\"twitter:label1\" content=\"Dur\u00e9e de lecture estim\u00e9e\" \/>\n\t<meta name=\"twitter:data1\" content=\"2 minutes\" \/>\n<script type=\"application\/ld+json\" class=\"yoast-schema-graph\">{\"@context\":\"https:\/\/schema.org\",\"@graph\":[{\"@type\":\"WebPage\",\"@id\":\"https:\/\/delorenzoglobal.com\/fr\/produit\/usine-automatisee-station-de-transport-et-de-detection-de-materiel\/\",\"url\":\"https:\/\/delorenzoglobal.com\/fr\/produit\/usine-automatisee-station-de-transport-et-de-detection-de-materiel\/\",\"name\":\"USINE AUTOMATISEE STATION DE TRANSPORT ET DE DETECTION DE MATERIEL - De Lorenzo Training &amp; Didactical Equipment\",\"isPartOf\":{\"@id\":\"https:\/\/delorenzoglobal.com\/fr\/#website\"},\"primaryImageOfPage\":{\"@id\":\"https:\/\/delorenzoglobal.com\/fr\/produit\/usine-automatisee-station-de-transport-et-de-detection-de-materiel\/#primaryimage\"},\"image\":{\"@id\":\"https:\/\/delorenzoglobal.com\/fr\/produit\/usine-automatisee-station-de-transport-et-de-detection-de-materiel\/#primaryimage\"},\"thumbnailUrl\":\"https:\/\/delorenzoglobal.com\/wp-content\/uploads\/2024\/04\/DL-CIM-PMC01.png\",\"datePublished\":\"2024-04-08T11:41:59+00:00\",\"dateModified\":\"2025-04-22T12:51:10+00:00\",\"breadcrumb\":{\"@id\":\"https:\/\/delorenzoglobal.com\/fr\/produit\/usine-automatisee-station-de-transport-et-de-detection-de-materiel\/#breadcrumb\"},\"inLanguage\":\"fr-FR\",\"potentialAction\":[{\"@type\":\"ReadAction\",\"target\":[\"https:\/\/delorenzoglobal.com\/fr\/produit\/usine-automatisee-station-de-transport-et-de-detection-de-materiel\/\"]}]},{\"@type\":\"ImageObject\",\"inLanguage\":\"fr-FR\",\"@id\":\"https:\/\/delorenzoglobal.com\/fr\/produit\/usine-automatisee-station-de-transport-et-de-detection-de-materiel\/#primaryimage\",\"url\":\"https:\/\/delorenzoglobal.com\/wp-content\/uploads\/2024\/04\/DL-CIM-PMC01.png\",\"contentUrl\":\"https:\/\/delorenzoglobal.com\/wp-content\/uploads\/2024\/04\/DL-CIM-PMC01.png\",\"width\":2803,\"height\":4038},{\"@type\":\"BreadcrumbList\",\"@id\":\"https:\/\/delorenzoglobal.com\/fr\/produit\/usine-automatisee-station-de-transport-et-de-detection-de-materiel\/#breadcrumb\",\"itemListElement\":[{\"@type\":\"ListItem\",\"position\":1,\"name\":\"Home\",\"item\":\"https:\/\/delorenzoglobal.com\/fr\/\"},{\"@type\":\"ListItem\",\"position\":2,\"name\":\"Boutique\",\"item\":\"https:\/\/delorenzoglobal.com\/fr\/boutique\/\"},{\"@type\":\"ListItem\",\"position\":3,\"name\":\"USINE AUTOMATISEE STATION DE TRANSPORT ET DE DETECTION DE MATERIEL\"}]},{\"@type\":\"WebSite\",\"@id\":\"https:\/\/delorenzoglobal.com\/fr\/#website\",\"url\":\"https:\/\/delorenzoglobal.com\/fr\/\",\"name\":\"De Lorenzo Training &amp; Didactical Equipment\",\"description\":\"\",\"potentialAction\":[{\"@type\":\"SearchAction\",\"target\":{\"@type\":\"EntryPoint\",\"urlTemplate\":\"https:\/\/delorenzoglobal.com\/fr\/?s={search_term_string}\"},\"query-input\":{\"@type\":\"PropertyValueSpecification\",\"valueRequired\":true,\"valueName\":\"search_term_string\"}}],\"inLanguage\":\"fr-FR\"}]}<\/script>\n<!-- \/ Yoast SEO plugin. -->","yoast_head_json":{"title":"USINE AUTOMATISEE STATION DE TRANSPORT ET DE DETECTION DE MATERIEL - De Lorenzo Training &amp; Didactical Equipment","robots":{"index":"index","follow":"follow","max-snippet":"max-snippet:-1","max-image-preview":"max-image-preview:large","max-video-preview":"max-video-preview:-1"},"canonical":"https:\/\/delorenzoglobal.com\/fr\/produit\/usine-automatisee-station-de-transport-et-de-detection-de-materiel\/","og_locale":"fr_FR","og_type":"article","og_title":"USINE AUTOMATISEE STATION DE TRANSPORT ET DE DETECTION DE MATERIEL - De Lorenzo Training &amp; Didactical Equipment","og_description":"CIM (fabrication int\u00e9gr\u00e9e par ordinateur) est une m\u00e9thode de fabrication, dans laquelle l&rsquo;ensemble du processus de production est automatis\u00e9 et contr\u00f4l\u00e9 par ordinateur pour r\u00e9duire les erreurs et augmenter son efficacit\u00e9. Le DL CIM-PMC01 reproduit une station de d\u00e9tection et de transport de mat\u00e9riaux \u00e0 \u00e9chelle r\u00e9duite. La cellule de fabrication est contr\u00f4l\u00e9e par un [&hellip;]","og_url":"https:\/\/delorenzoglobal.com\/fr\/produit\/usine-automatisee-station-de-transport-et-de-detection-de-materiel\/","og_site_name":"De Lorenzo Training &amp; Didactical Equipment","article_modified_time":"2025-04-22T12:51:10+00:00","og_image":[{"width":711,"height":1024,"url":"https:\/\/delorenzoglobal.com\/wp-content\/uploads\/2024\/04\/DL-CIM-PMC01-711x1024.png","type":"image\/png"}],"twitter_card":"summary_large_image","twitter_misc":{"Dur\u00e9e de lecture estim\u00e9e":"2 minutes"},"schema":{"@context":"https:\/\/schema.org","@graph":[{"@type":"WebPage","@id":"https:\/\/delorenzoglobal.com\/fr\/produit\/usine-automatisee-station-de-transport-et-de-detection-de-materiel\/","url":"https:\/\/delorenzoglobal.com\/fr\/produit\/usine-automatisee-station-de-transport-et-de-detection-de-materiel\/","name":"USINE AUTOMATISEE STATION DE TRANSPORT ET DE DETECTION DE MATERIEL - De Lorenzo Training &amp; Didactical Equipment","isPartOf":{"@id":"https:\/\/delorenzoglobal.com\/fr\/#website"},"primaryImageOfPage":{"@id":"https:\/\/delorenzoglobal.com\/fr\/produit\/usine-automatisee-station-de-transport-et-de-detection-de-materiel\/#primaryimage"},"image":{"@id":"https:\/\/delorenzoglobal.com\/fr\/produit\/usine-automatisee-station-de-transport-et-de-detection-de-materiel\/#primaryimage"},"thumbnailUrl":"https:\/\/delorenzoglobal.com\/wp-content\/uploads\/2024\/04\/DL-CIM-PMC01.png","datePublished":"2024-04-08T11:41:59+00:00","dateModified":"2025-04-22T12:51:10+00:00","breadcrumb":{"@id":"https:\/\/delorenzoglobal.com\/fr\/produit\/usine-automatisee-station-de-transport-et-de-detection-de-materiel\/#breadcrumb"},"inLanguage":"fr-FR","potentialAction":[{"@type":"ReadAction","target":["https:\/\/delorenzoglobal.com\/fr\/produit\/usine-automatisee-station-de-transport-et-de-detection-de-materiel\/"]}]},{"@type":"ImageObject","inLanguage":"fr-FR","@id":"https:\/\/delorenzoglobal.com\/fr\/produit\/usine-automatisee-station-de-transport-et-de-detection-de-materiel\/#primaryimage","url":"https:\/\/delorenzoglobal.com\/wp-content\/uploads\/2024\/04\/DL-CIM-PMC01.png","contentUrl":"https:\/\/delorenzoglobal.com\/wp-content\/uploads\/2024\/04\/DL-CIM-PMC01.png","width":2803,"height":4038},{"@type":"BreadcrumbList","@id":"https:\/\/delorenzoglobal.com\/fr\/produit\/usine-automatisee-station-de-transport-et-de-detection-de-materiel\/#breadcrumb","itemListElement":[{"@type":"ListItem","position":1,"name":"Home","item":"https:\/\/delorenzoglobal.com\/fr\/"},{"@type":"ListItem","position":2,"name":"Boutique","item":"https:\/\/delorenzoglobal.com\/fr\/boutique\/"},{"@type":"ListItem","position":3,"name":"USINE AUTOMATISEE STATION DE TRANSPORT ET DE DETECTION DE MATERIEL"}]},{"@type":"WebSite","@id":"https:\/\/delorenzoglobal.com\/fr\/#website","url":"https:\/\/delorenzoglobal.com\/fr\/","name":"De Lorenzo Training &amp; Didactical Equipment","description":"","potentialAction":[{"@type":"SearchAction","target":{"@type":"EntryPoint","urlTemplate":"https:\/\/delorenzoglobal.com\/fr\/?s={search_term_string}"},"query-input":{"@type":"PropertyValueSpecification","valueRequired":true,"valueName":"search_term_string"}}],"inLanguage":"fr-FR"}]}},"_links":{"self":[{"href":"https:\/\/delorenzoglobal.com\/fr\/wp-json\/wp\/v2\/product\/557","targetHints":{"allow":["GET"]}}],"collection":[{"href":"https:\/\/delorenzoglobal.com\/fr\/wp-json\/wp\/v2\/product"}],"about":[{"href":"https:\/\/delorenzoglobal.com\/fr\/wp-json\/wp\/v2\/types\/product"}],"wp:featuredmedia":[{"embeddable":true,"href":"https:\/\/delorenzoglobal.com\/fr\/wp-json\/wp\/v2\/media\/546"}],"wp:attachment":[{"href":"https:\/\/delorenzoglobal.com\/fr\/wp-json\/wp\/v2\/media?parent=557"}],"wp:term":[{"taxonomy":"product_brand","embeddable":true,"href":"https:\/\/delorenzoglobal.com\/fr\/wp-json\/wp\/v2\/product_brand?post=557"},{"taxonomy":"product_cat","embeddable":true,"href":"https:\/\/delorenzoglobal.com\/fr\/wp-json\/wp\/v2\/product_cat?post=557"},{"taxonomy":"product_tag","embeddable":true,"href":"https:\/\/delorenzoglobal.com\/fr\/wp-json\/wp\/v2\/product_tag?post=557"}],"curies":[{"name":"wp","href":"https:\/\/api.w.org\/{rel}","templated":true}]}}