{"id":5442,"date":"2024-04-12T10:43:14","date_gmt":"2024-04-12T08:43:14","guid":{"rendered":"https:\/\/delorenzoglobal.com\/?post_type=product&#038;p=5442"},"modified":"2025-01-24T11:51:15","modified_gmt":"2025-01-24T10:51:15","slug":"boite-de-derivation","status":"publish","type":"product","link":"https:\/\/delorenzoglobal.com\/fr\/produit\/boite-de-derivation\/","title":{"rendered":"BO\u00ceTE DE D\u00c9RIVATION"},"content":{"rendered":"<p>Particuli\u00e8rement conseill\u00e9 pour la s\u00e9curit\u00e9 de l&rsquo;\u00e9l\u00e8ve.<\/p>\n<p>Cet accessoire est n\u00e9cessaire pour la connexion s\u00e9curis\u00e9e de la tension secteur entre les bornes de s\u00e9curit\u00e9 de la carte d&rsquo;alimentation du banc de travail et le circuit que l&rsquo;\u00e9l\u00e8ve a c\u00e2bl\u00e9 sur le panneau mobile.<\/p>\n<p>L&rsquo;\u00e9tudiant, apr\u00e8s avoir connect\u00e9 le circuit \u00e0 tester aux bornes de la bo\u00eete de jonction, effectuera le raccordement d\u00e9finitif au secteur \u00e0 travers les 5 cordons de s\u00e9curit\u00e9 fournis avec le module.<\/p>\n","protected":false},"excerpt":{"rendered":"<p>Particuli\u00e8rement conseill\u00e9 pour la s\u00e9curit\u00e9 de l&rsquo;\u00e9l\u00e8ve. Cet accessoire est n\u00e9cessaire pour la connexion s\u00e9curis\u00e9e de la tension secteur entre les bornes de s\u00e9curit\u00e9 de la carte d&rsquo;alimentation du banc de travail et le circuit que l&rsquo;\u00e9l\u00e8ve a c\u00e2bl\u00e9 sur le panneau mobile. L&rsquo;\u00e9tudiant, apr\u00e8s avoir connect\u00e9 le circuit \u00e0 tester aux bornes de la [&hellip;]<\/p>\n","protected":false},"featured_media":5417,"template":"","meta":{"_acf_changed":false},"product_brand":[],"product_cat":[277,280],"product_tag":[],"class_list":{"0":"post-5442","1":"product","2":"type-product","3":"status-publish","4":"has-post-thumbnail","6":"product_cat-kit-dinstallations-civiles","7":"product_cat-kit-dinstallation-industrielle","9":"first","10":"instock","11":"shipping-taxable","12":"product-type-simple"},"acf":[],"yoast_head":"<!-- This site is optimized with the Yoast SEO plugin v27.4 - https:\/\/yoast.com\/product\/yoast-seo-wordpress\/ -->\n<title>BO\u00ceTE DE D\u00c9RIVATION - De Lorenzo Training &amp; Didactical Equipment<\/title>\n<meta name=\"robots\" content=\"index, follow, max-snippet:-1, max-image-preview:large, max-video-preview:-1\" \/>\n<link rel=\"canonical\" href=\"https:\/\/delorenzoglobal.com\/fr\/produit\/boite-de-derivation\/\" \/>\n<meta property=\"og:locale\" content=\"fr_FR\" \/>\n<meta property=\"og:type\" content=\"article\" \/>\n<meta property=\"og:title\" content=\"BO\u00ceTE DE D\u00c9RIVATION - De Lorenzo Training &amp; Didactical Equipment\" \/>\n<meta property=\"og:description\" content=\"Particuli\u00e8rement conseill\u00e9 pour la s\u00e9curit\u00e9 de l&rsquo;\u00e9l\u00e8ve. Cet accessoire est n\u00e9cessaire pour la connexion s\u00e9curis\u00e9e de la tension secteur entre les bornes de s\u00e9curit\u00e9 de la carte d&rsquo;alimentation du banc de travail et le circuit que l&rsquo;\u00e9l\u00e8ve a c\u00e2bl\u00e9 sur le panneau mobile. L&rsquo;\u00e9tudiant, apr\u00e8s avoir connect\u00e9 le circuit \u00e0 tester aux bornes de la [&hellip;]\" \/>\n<meta property=\"og:url\" content=\"https:\/\/delorenzoglobal.com\/fr\/produit\/boite-de-derivation\/\" \/>\n<meta property=\"og:site_name\" content=\"De Lorenzo Training &amp; Didactical Equipment\" \/>\n<meta property=\"article:modified_time\" content=\"2025-01-24T10:51:15+00:00\" \/>\n<meta property=\"og:image\" content=\"https:\/\/delorenzoglobal.com\/wp-content\/uploads\/2024\/04\/DL-1100SD-901x1024.png\" \/>\n\t<meta property=\"og:image:width\" content=\"901\" \/>\n\t<meta property=\"og:image:height\" content=\"1024\" \/>\n\t<meta property=\"og:image:type\" content=\"image\/png\" \/>\n<meta name=\"twitter:card\" content=\"summary_large_image\" \/>\n<meta name=\"twitter:label1\" content=\"Dur\u00e9e de lecture estim\u00e9e\" \/>\n\t<meta name=\"twitter:data1\" content=\"1 minute\" \/>\n<script type=\"application\/ld+json\" class=\"yoast-schema-graph\">{\"@context\":\"https:\\\/\\\/schema.org\",\"@graph\":[{\"@type\":\"WebPage\",\"@id\":\"https:\\\/\\\/delorenzoglobal.com\\\/fr\\\/produit\\\/boite-de-derivation\\\/\",\"url\":\"https:\\\/\\\/delorenzoglobal.com\\\/fr\\\/produit\\\/boite-de-derivation\\\/\",\"name\":\"BO\u00ceTE DE D\u00c9RIVATION - De Lorenzo Training &amp; Didactical Equipment\",\"isPartOf\":{\"@id\":\"https:\\\/\\\/delorenzoglobal.com\\\/fr\\\/#website\"},\"primaryImageOfPage\":{\"@id\":\"https:\\\/\\\/delorenzoglobal.com\\\/fr\\\/produit\\\/boite-de-derivation\\\/#primaryimage\"},\"image\":{\"@id\":\"https:\\\/\\\/delorenzoglobal.com\\\/fr\\\/produit\\\/boite-de-derivation\\\/#primaryimage\"},\"thumbnailUrl\":\"https:\\\/\\\/delorenzoglobal.com\\\/wp-content\\\/uploads\\\/2024\\\/04\\\/DL-1100SD.png\",\"datePublished\":\"2024-04-12T08:43:14+00:00\",\"dateModified\":\"2025-01-24T10:51:15+00:00\",\"breadcrumb\":{\"@id\":\"https:\\\/\\\/delorenzoglobal.com\\\/fr\\\/produit\\\/boite-de-derivation\\\/#breadcrumb\"},\"inLanguage\":\"fr-FR\",\"potentialAction\":[{\"@type\":\"ReadAction\",\"target\":[\"https:\\\/\\\/delorenzoglobal.com\\\/fr\\\/produit\\\/boite-de-derivation\\\/\"]}]},{\"@type\":\"ImageObject\",\"inLanguage\":\"fr-FR\",\"@id\":\"https:\\\/\\\/delorenzoglobal.com\\\/fr\\\/produit\\\/boite-de-derivation\\\/#primaryimage\",\"url\":\"https:\\\/\\\/delorenzoglobal.com\\\/wp-content\\\/uploads\\\/2024\\\/04\\\/DL-1100SD.png\",\"contentUrl\":\"https:\\\/\\\/delorenzoglobal.com\\\/wp-content\\\/uploads\\\/2024\\\/04\\\/DL-1100SD.png\",\"width\":3166,\"height\":3597},{\"@type\":\"BreadcrumbList\",\"@id\":\"https:\\\/\\\/delorenzoglobal.com\\\/fr\\\/produit\\\/boite-de-derivation\\\/#breadcrumb\",\"itemListElement\":[{\"@type\":\"ListItem\",\"position\":1,\"name\":\"Home\",\"item\":\"https:\\\/\\\/delorenzoglobal.com\\\/fr\\\/\"},{\"@type\":\"ListItem\",\"position\":2,\"name\":\"Boutique\",\"item\":\"https:\\\/\\\/delorenzoglobal.com\\\/fr\\\/boutique\\\/\"},{\"@type\":\"ListItem\",\"position\":3,\"name\":\"BO\u00ceTE DE D\u00c9RIVATION\"}]},{\"@type\":\"WebSite\",\"@id\":\"https:\\\/\\\/delorenzoglobal.com\\\/fr\\\/#website\",\"url\":\"https:\\\/\\\/delorenzoglobal.com\\\/fr\\\/\",\"name\":\"De Lorenzo Training &amp; Didactical Equipment\",\"description\":\"\",\"potentialAction\":[{\"@type\":\"SearchAction\",\"target\":{\"@type\":\"EntryPoint\",\"urlTemplate\":\"https:\\\/\\\/delorenzoglobal.com\\\/fr\\\/?s={search_term_string}\"},\"query-input\":{\"@type\":\"PropertyValueSpecification\",\"valueRequired\":true,\"valueName\":\"search_term_string\"}}],\"inLanguage\":\"fr-FR\"}]}<\/script>\n<!-- \/ Yoast SEO plugin. -->","yoast_head_json":{"title":"BO\u00ceTE DE D\u00c9RIVATION - De Lorenzo Training &amp; Didactical Equipment","robots":{"index":"index","follow":"follow","max-snippet":"max-snippet:-1","max-image-preview":"max-image-preview:large","max-video-preview":"max-video-preview:-1"},"canonical":"https:\/\/delorenzoglobal.com\/fr\/produit\/boite-de-derivation\/","og_locale":"fr_FR","og_type":"article","og_title":"BO\u00ceTE DE D\u00c9RIVATION - De Lorenzo Training &amp; Didactical Equipment","og_description":"Particuli\u00e8rement conseill\u00e9 pour la s\u00e9curit\u00e9 de l&rsquo;\u00e9l\u00e8ve. Cet accessoire est n\u00e9cessaire pour la connexion s\u00e9curis\u00e9e de la tension secteur entre les bornes de s\u00e9curit\u00e9 de la carte d&rsquo;alimentation du banc de travail et le circuit que l&rsquo;\u00e9l\u00e8ve a c\u00e2bl\u00e9 sur le panneau mobile. L&rsquo;\u00e9tudiant, apr\u00e8s avoir connect\u00e9 le circuit \u00e0 tester aux bornes de la [&hellip;]","og_url":"https:\/\/delorenzoglobal.com\/fr\/produit\/boite-de-derivation\/","og_site_name":"De Lorenzo Training &amp; Didactical Equipment","article_modified_time":"2025-01-24T10:51:15+00:00","og_image":[{"width":901,"height":1024,"url":"https:\/\/delorenzoglobal.com\/wp-content\/uploads\/2024\/04\/DL-1100SD-901x1024.png","type":"image\/png"}],"twitter_card":"summary_large_image","twitter_misc":{"Dur\u00e9e de lecture estim\u00e9e":"1 minute"},"schema":{"@context":"https:\/\/schema.org","@graph":[{"@type":"WebPage","@id":"https:\/\/delorenzoglobal.com\/fr\/produit\/boite-de-derivation\/","url":"https:\/\/delorenzoglobal.com\/fr\/produit\/boite-de-derivation\/","name":"BO\u00ceTE DE D\u00c9RIVATION - De Lorenzo Training &amp; Didactical Equipment","isPartOf":{"@id":"https:\/\/delorenzoglobal.com\/fr\/#website"},"primaryImageOfPage":{"@id":"https:\/\/delorenzoglobal.com\/fr\/produit\/boite-de-derivation\/#primaryimage"},"image":{"@id":"https:\/\/delorenzoglobal.com\/fr\/produit\/boite-de-derivation\/#primaryimage"},"thumbnailUrl":"https:\/\/delorenzoglobal.com\/wp-content\/uploads\/2024\/04\/DL-1100SD.png","datePublished":"2024-04-12T08:43:14+00:00","dateModified":"2025-01-24T10:51:15+00:00","breadcrumb":{"@id":"https:\/\/delorenzoglobal.com\/fr\/produit\/boite-de-derivation\/#breadcrumb"},"inLanguage":"fr-FR","potentialAction":[{"@type":"ReadAction","target":["https:\/\/delorenzoglobal.com\/fr\/produit\/boite-de-derivation\/"]}]},{"@type":"ImageObject","inLanguage":"fr-FR","@id":"https:\/\/delorenzoglobal.com\/fr\/produit\/boite-de-derivation\/#primaryimage","url":"https:\/\/delorenzoglobal.com\/wp-content\/uploads\/2024\/04\/DL-1100SD.png","contentUrl":"https:\/\/delorenzoglobal.com\/wp-content\/uploads\/2024\/04\/DL-1100SD.png","width":3166,"height":3597},{"@type":"BreadcrumbList","@id":"https:\/\/delorenzoglobal.com\/fr\/produit\/boite-de-derivation\/#breadcrumb","itemListElement":[{"@type":"ListItem","position":1,"name":"Home","item":"https:\/\/delorenzoglobal.com\/fr\/"},{"@type":"ListItem","position":2,"name":"Boutique","item":"https:\/\/delorenzoglobal.com\/fr\/boutique\/"},{"@type":"ListItem","position":3,"name":"BO\u00ceTE DE D\u00c9RIVATION"}]},{"@type":"WebSite","@id":"https:\/\/delorenzoglobal.com\/fr\/#website","url":"https:\/\/delorenzoglobal.com\/fr\/","name":"De Lorenzo Training &amp; Didactical Equipment","description":"","potentialAction":[{"@type":"SearchAction","target":{"@type":"EntryPoint","urlTemplate":"https:\/\/delorenzoglobal.com\/fr\/?s={search_term_string}"},"query-input":{"@type":"PropertyValueSpecification","valueRequired":true,"valueName":"search_term_string"}}],"inLanguage":"fr-FR"}]}},"_links":{"self":[{"href":"https:\/\/delorenzoglobal.com\/fr\/wp-json\/wp\/v2\/product\/5442","targetHints":{"allow":["GET"]}}],"collection":[{"href":"https:\/\/delorenzoglobal.com\/fr\/wp-json\/wp\/v2\/product"}],"about":[{"href":"https:\/\/delorenzoglobal.com\/fr\/wp-json\/wp\/v2\/types\/product"}],"wp:featuredmedia":[{"embeddable":true,"href":"https:\/\/delorenzoglobal.com\/fr\/wp-json\/wp\/v2\/media\/5417"}],"wp:attachment":[{"href":"https:\/\/delorenzoglobal.com\/fr\/wp-json\/wp\/v2\/media?parent=5442"}],"wp:term":[{"taxonomy":"product_brand","embeddable":true,"href":"https:\/\/delorenzoglobal.com\/fr\/wp-json\/wp\/v2\/product_brand?post=5442"},{"taxonomy":"product_cat","embeddable":true,"href":"https:\/\/delorenzoglobal.com\/fr\/wp-json\/wp\/v2\/product_cat?post=5442"},{"taxonomy":"product_tag","embeddable":true,"href":"https:\/\/delorenzoglobal.com\/fr\/wp-json\/wp\/v2\/product_tag?post=5442"}],"curies":[{"name":"wp","href":"https:\/\/api.w.org\/{rel}","templated":true}]}}