{"id":526,"date":"2024-04-04T11:12:14","date_gmt":"2024-04-04T09:12:14","guid":{"rendered":"https:\/\/delorenzoglobal.com\/?post_type=product&#038;p=526"},"modified":"2025-01-15T09:34:53","modified_gmt":"2025-01-15T08:34:53","slug":"kit-pour-letude-dun-systeme-de-gestion-dentrepot","status":"publish","type":"product","link":"https:\/\/delorenzoglobal.com\/fr\/produit\/kit-pour-letude-dun-systeme-de-gestion-dentrepot\/","title":{"rendered":"KIT POUR L&rsquo;\u00c9TUDE D&rsquo;UN SYSTEME DE GESTION D&rsquo;ENTREPOT"},"content":{"rendered":"<p>La conception et la construction de circuits \u00e9lectroniques pour r\u00e9soudre des probl\u00e8mes pratiques est une technique essentielle dans les domaines du g\u00e9nie \u00e9lectronique et du g\u00e9nie informatique.<\/p>\n<p>Avec ce syst\u00e8me de formation, les \u00e9tudiants s&rsquo;initieront aux propri\u00e9t\u00e9s d&rsquo;un entrep\u00f4t semi-automatique qui peut \u00eatre trouv\u00e9 dans des environnements industriels.<\/p>\n<p>Des capteurs et des actionneurs sont inclus pour d\u00e9velopper un cours complet sur les principales caract\u00e9ristiques d&rsquo;un entrep\u00f4t semi-automatique ainsi que sa gestion.<\/p>\n<p>L&rsquo;\u00e9tudiant sera en mesure d&rsquo;interagir avec le hardware d&rsquo;une mani\u00e8re simple et intuitive gr\u00e2ce \u00e0 un logiciel de type (EAO) qui explique \u00e9tape par \u00e9tape le fonctionnement du syst\u00e8me.<\/p>\n","protected":false},"excerpt":{"rendered":"<p>La conception et la construction de circuits \u00e9lectroniques pour r\u00e9soudre des probl\u00e8mes pratiques est une technique essentielle dans les domaines du g\u00e9nie \u00e9lectronique et du g\u00e9nie informatique. Avec ce syst\u00e8me de formation, les \u00e9tudiants s&rsquo;initieront aux propri\u00e9t\u00e9s d&rsquo;un entrep\u00f4t semi-automatique qui peut \u00eatre trouv\u00e9 dans des environnements industriels. Des capteurs et des actionneurs sont inclus [&hellip;]<\/p>\n","protected":false},"featured_media":318,"template":"","meta":{"_acf_changed":false},"product_brand":[],"product_cat":[154],"product_tag":[],"class_list":{"0":"post-526","1":"product","2":"type-product","3":"status-publish","4":"has-post-thumbnail","6":"product_cat-applications-industrielle","8":"first","9":"instock","10":"shipping-taxable","11":"product-type-simple"},"acf":[],"yoast_head":"<!-- This site is optimized with the Yoast SEO plugin v27.4 - https:\/\/yoast.com\/product\/yoast-seo-wordpress\/ -->\n<title>KIT POUR L&#039;\u00c9TUDE D&#039;UN SYSTEME DE GESTION D&#039;ENTREPOT - De Lorenzo Training &amp; Didactical Equipment<\/title>\n<meta name=\"robots\" content=\"index, follow, max-snippet:-1, max-image-preview:large, max-video-preview:-1\" \/>\n<link rel=\"canonical\" href=\"https:\/\/delorenzoglobal.com\/fr\/produit\/kit-pour-letude-dun-systeme-de-gestion-dentrepot\/\" \/>\n<meta property=\"og:locale\" content=\"fr_FR\" \/>\n<meta property=\"og:type\" content=\"article\" \/>\n<meta property=\"og:title\" content=\"KIT POUR L&#039;\u00c9TUDE D&#039;UN SYSTEME DE GESTION D&#039;ENTREPOT - De Lorenzo Training &amp; Didactical Equipment\" \/>\n<meta property=\"og:description\" content=\"La conception et la construction de circuits \u00e9lectroniques pour r\u00e9soudre des probl\u00e8mes pratiques est une technique essentielle dans les domaines du g\u00e9nie \u00e9lectronique et du g\u00e9nie informatique. Avec ce syst\u00e8me de formation, les \u00e9tudiants s&rsquo;initieront aux propri\u00e9t\u00e9s d&rsquo;un entrep\u00f4t semi-automatique qui peut \u00eatre trouv\u00e9 dans des environnements industriels. Des capteurs et des actionneurs sont inclus [&hellip;]\" \/>\n<meta property=\"og:url\" content=\"https:\/\/delorenzoglobal.com\/fr\/produit\/kit-pour-letude-dun-systeme-de-gestion-dentrepot\/\" \/>\n<meta property=\"og:site_name\" content=\"De Lorenzo Training &amp; Didactical Equipment\" \/>\n<meta property=\"article:modified_time\" content=\"2025-01-15T08:34:53+00:00\" \/>\n<meta property=\"og:image\" content=\"https:\/\/delorenzoglobal.com\/wp-content\/uploads\/2024\/04\/DL-WMS-SIM-scaled.jpg\" \/>\n\t<meta property=\"og:image:width\" content=\"2560\" \/>\n\t<meta property=\"og:image:height\" content=\"2336\" \/>\n\t<meta property=\"og:image:type\" content=\"image\/jpeg\" \/>\n<meta name=\"twitter:card\" content=\"summary_large_image\" \/>\n<meta name=\"twitter:label1\" content=\"Dur\u00e9e de lecture estim\u00e9e\" \/>\n\t<meta name=\"twitter:data1\" content=\"1 minute\" \/>\n<script type=\"application\/ld+json\" class=\"yoast-schema-graph\">{\"@context\":\"https:\\\/\\\/schema.org\",\"@graph\":[{\"@type\":\"WebPage\",\"@id\":\"https:\\\/\\\/delorenzoglobal.com\\\/fr\\\/produit\\\/kit-pour-letude-dun-systeme-de-gestion-dentrepot\\\/\",\"url\":\"https:\\\/\\\/delorenzoglobal.com\\\/fr\\\/produit\\\/kit-pour-letude-dun-systeme-de-gestion-dentrepot\\\/\",\"name\":\"KIT POUR L'\u00c9TUDE D'UN SYSTEME DE GESTION D'ENTREPOT - De Lorenzo Training &amp; Didactical Equipment\",\"isPartOf\":{\"@id\":\"https:\\\/\\\/delorenzoglobal.com\\\/fr\\\/#website\"},\"primaryImageOfPage\":{\"@id\":\"https:\\\/\\\/delorenzoglobal.com\\\/fr\\\/produit\\\/kit-pour-letude-dun-systeme-de-gestion-dentrepot\\\/#primaryimage\"},\"image\":{\"@id\":\"https:\\\/\\\/delorenzoglobal.com\\\/fr\\\/produit\\\/kit-pour-letude-dun-systeme-de-gestion-dentrepot\\\/#primaryimage\"},\"thumbnailUrl\":\"https:\\\/\\\/delorenzoglobal.com\\\/wp-content\\\/uploads\\\/2024\\\/04\\\/DL-WMS-SIM-scaled.jpg\",\"datePublished\":\"2024-04-04T09:12:14+00:00\",\"dateModified\":\"2025-01-15T08:34:53+00:00\",\"breadcrumb\":{\"@id\":\"https:\\\/\\\/delorenzoglobal.com\\\/fr\\\/produit\\\/kit-pour-letude-dun-systeme-de-gestion-dentrepot\\\/#breadcrumb\"},\"inLanguage\":\"fr-FR\",\"potentialAction\":[{\"@type\":\"ReadAction\",\"target\":[\"https:\\\/\\\/delorenzoglobal.com\\\/fr\\\/produit\\\/kit-pour-letude-dun-systeme-de-gestion-dentrepot\\\/\"]}]},{\"@type\":\"ImageObject\",\"inLanguage\":\"fr-FR\",\"@id\":\"https:\\\/\\\/delorenzoglobal.com\\\/fr\\\/produit\\\/kit-pour-letude-dun-systeme-de-gestion-dentrepot\\\/#primaryimage\",\"url\":\"https:\\\/\\\/delorenzoglobal.com\\\/wp-content\\\/uploads\\\/2024\\\/04\\\/DL-WMS-SIM-scaled.jpg\",\"contentUrl\":\"https:\\\/\\\/delorenzoglobal.com\\\/wp-content\\\/uploads\\\/2024\\\/04\\\/DL-WMS-SIM-scaled.jpg\",\"width\":2560,\"height\":2336},{\"@type\":\"BreadcrumbList\",\"@id\":\"https:\\\/\\\/delorenzoglobal.com\\\/fr\\\/produit\\\/kit-pour-letude-dun-systeme-de-gestion-dentrepot\\\/#breadcrumb\",\"itemListElement\":[{\"@type\":\"ListItem\",\"position\":1,\"name\":\"Home\",\"item\":\"https:\\\/\\\/delorenzoglobal.com\\\/fr\\\/\"},{\"@type\":\"ListItem\",\"position\":2,\"name\":\"Boutique\",\"item\":\"https:\\\/\\\/delorenzoglobal.com\\\/fr\\\/boutique\\\/\"},{\"@type\":\"ListItem\",\"position\":3,\"name\":\"KIT POUR L&#8217;\u00c9TUDE D&#8217;UN SYSTEME DE GESTION D&#8217;ENTREPOT\"}]},{\"@type\":\"WebSite\",\"@id\":\"https:\\\/\\\/delorenzoglobal.com\\\/fr\\\/#website\",\"url\":\"https:\\\/\\\/delorenzoglobal.com\\\/fr\\\/\",\"name\":\"De Lorenzo Training &amp; Didactical Equipment\",\"description\":\"\",\"potentialAction\":[{\"@type\":\"SearchAction\",\"target\":{\"@type\":\"EntryPoint\",\"urlTemplate\":\"https:\\\/\\\/delorenzoglobal.com\\\/fr\\\/?s={search_term_string}\"},\"query-input\":{\"@type\":\"PropertyValueSpecification\",\"valueRequired\":true,\"valueName\":\"search_term_string\"}}],\"inLanguage\":\"fr-FR\"}]}<\/script>\n<!-- \/ Yoast SEO plugin. -->","yoast_head_json":{"title":"KIT POUR L'\u00c9TUDE D'UN SYSTEME DE GESTION D'ENTREPOT - De Lorenzo Training &amp; Didactical Equipment","robots":{"index":"index","follow":"follow","max-snippet":"max-snippet:-1","max-image-preview":"max-image-preview:large","max-video-preview":"max-video-preview:-1"},"canonical":"https:\/\/delorenzoglobal.com\/fr\/produit\/kit-pour-letude-dun-systeme-de-gestion-dentrepot\/","og_locale":"fr_FR","og_type":"article","og_title":"KIT POUR L'\u00c9TUDE D'UN SYSTEME DE GESTION D'ENTREPOT - De Lorenzo Training &amp; Didactical Equipment","og_description":"La conception et la construction de circuits \u00e9lectroniques pour r\u00e9soudre des probl\u00e8mes pratiques est une technique essentielle dans les domaines du g\u00e9nie \u00e9lectronique et du g\u00e9nie informatique. Avec ce syst\u00e8me de formation, les \u00e9tudiants s&rsquo;initieront aux propri\u00e9t\u00e9s d&rsquo;un entrep\u00f4t semi-automatique qui peut \u00eatre trouv\u00e9 dans des environnements industriels. Des capteurs et des actionneurs sont inclus [&hellip;]","og_url":"https:\/\/delorenzoglobal.com\/fr\/produit\/kit-pour-letude-dun-systeme-de-gestion-dentrepot\/","og_site_name":"De Lorenzo Training &amp; Didactical Equipment","article_modified_time":"2025-01-15T08:34:53+00:00","og_image":[{"width":2560,"height":2336,"url":"https:\/\/delorenzoglobal.com\/wp-content\/uploads\/2024\/04\/DL-WMS-SIM-scaled.jpg","type":"image\/jpeg"}],"twitter_card":"summary_large_image","twitter_misc":{"Dur\u00e9e de lecture estim\u00e9e":"1 minute"},"schema":{"@context":"https:\/\/schema.org","@graph":[{"@type":"WebPage","@id":"https:\/\/delorenzoglobal.com\/fr\/produit\/kit-pour-letude-dun-systeme-de-gestion-dentrepot\/","url":"https:\/\/delorenzoglobal.com\/fr\/produit\/kit-pour-letude-dun-systeme-de-gestion-dentrepot\/","name":"KIT POUR L'\u00c9TUDE D'UN SYSTEME DE GESTION D'ENTREPOT - De Lorenzo Training &amp; Didactical Equipment","isPartOf":{"@id":"https:\/\/delorenzoglobal.com\/fr\/#website"},"primaryImageOfPage":{"@id":"https:\/\/delorenzoglobal.com\/fr\/produit\/kit-pour-letude-dun-systeme-de-gestion-dentrepot\/#primaryimage"},"image":{"@id":"https:\/\/delorenzoglobal.com\/fr\/produit\/kit-pour-letude-dun-systeme-de-gestion-dentrepot\/#primaryimage"},"thumbnailUrl":"https:\/\/delorenzoglobal.com\/wp-content\/uploads\/2024\/04\/DL-WMS-SIM-scaled.jpg","datePublished":"2024-04-04T09:12:14+00:00","dateModified":"2025-01-15T08:34:53+00:00","breadcrumb":{"@id":"https:\/\/delorenzoglobal.com\/fr\/produit\/kit-pour-letude-dun-systeme-de-gestion-dentrepot\/#breadcrumb"},"inLanguage":"fr-FR","potentialAction":[{"@type":"ReadAction","target":["https:\/\/delorenzoglobal.com\/fr\/produit\/kit-pour-letude-dun-systeme-de-gestion-dentrepot\/"]}]},{"@type":"ImageObject","inLanguage":"fr-FR","@id":"https:\/\/delorenzoglobal.com\/fr\/produit\/kit-pour-letude-dun-systeme-de-gestion-dentrepot\/#primaryimage","url":"https:\/\/delorenzoglobal.com\/wp-content\/uploads\/2024\/04\/DL-WMS-SIM-scaled.jpg","contentUrl":"https:\/\/delorenzoglobal.com\/wp-content\/uploads\/2024\/04\/DL-WMS-SIM-scaled.jpg","width":2560,"height":2336},{"@type":"BreadcrumbList","@id":"https:\/\/delorenzoglobal.com\/fr\/produit\/kit-pour-letude-dun-systeme-de-gestion-dentrepot\/#breadcrumb","itemListElement":[{"@type":"ListItem","position":1,"name":"Home","item":"https:\/\/delorenzoglobal.com\/fr\/"},{"@type":"ListItem","position":2,"name":"Boutique","item":"https:\/\/delorenzoglobal.com\/fr\/boutique\/"},{"@type":"ListItem","position":3,"name":"KIT POUR L&#8217;\u00c9TUDE D&#8217;UN SYSTEME DE GESTION D&#8217;ENTREPOT"}]},{"@type":"WebSite","@id":"https:\/\/delorenzoglobal.com\/fr\/#website","url":"https:\/\/delorenzoglobal.com\/fr\/","name":"De Lorenzo Training &amp; Didactical Equipment","description":"","potentialAction":[{"@type":"SearchAction","target":{"@type":"EntryPoint","urlTemplate":"https:\/\/delorenzoglobal.com\/fr\/?s={search_term_string}"},"query-input":{"@type":"PropertyValueSpecification","valueRequired":true,"valueName":"search_term_string"}}],"inLanguage":"fr-FR"}]}},"_links":{"self":[{"href":"https:\/\/delorenzoglobal.com\/fr\/wp-json\/wp\/v2\/product\/526","targetHints":{"allow":["GET"]}}],"collection":[{"href":"https:\/\/delorenzoglobal.com\/fr\/wp-json\/wp\/v2\/product"}],"about":[{"href":"https:\/\/delorenzoglobal.com\/fr\/wp-json\/wp\/v2\/types\/product"}],"wp:featuredmedia":[{"embeddable":true,"href":"https:\/\/delorenzoglobal.com\/fr\/wp-json\/wp\/v2\/media\/318"}],"wp:attachment":[{"href":"https:\/\/delorenzoglobal.com\/fr\/wp-json\/wp\/v2\/media?parent=526"}],"wp:term":[{"taxonomy":"product_brand","embeddable":true,"href":"https:\/\/delorenzoglobal.com\/fr\/wp-json\/wp\/v2\/product_brand?post=526"},{"taxonomy":"product_cat","embeddable":true,"href":"https:\/\/delorenzoglobal.com\/fr\/wp-json\/wp\/v2\/product_cat?post=526"},{"taxonomy":"product_tag","embeddable":true,"href":"https:\/\/delorenzoglobal.com\/fr\/wp-json\/wp\/v2\/product_tag?post=526"}],"curies":[{"name":"wp","href":"https:\/\/api.w.org\/{rel}","templated":true}]}}