{"id":5189,"date":"2024-04-12T09:41:14","date_gmt":"2024-04-12T07:41:14","guid":{"rendered":"https:\/\/delorenzoglobal.com\/?post_type=product&#038;p=5189"},"modified":"2025-01-24T11:50:30","modified_gmt":"2025-01-24T10:50:30","slug":"panneu-grillage","status":"publish","type":"product","link":"https:\/\/delorenzoglobal.com\/fr\/produit\/panneu-grillage\/","title":{"rendered":"PANNEU GRILLAGE"},"content":{"rendered":"<p>Panneau en t\u00f4le perfor\u00e9e, de 1,6 mm. d&rsquo;\u00e9paisseur, diam\u00e8tre du trou 6mm, centres 12mm.<\/p>\n<p>Pour les t\u00e9l\u00e9commandes des installations industrielles; l&rsquo;assemblage des composants est facile et rapide, ainsi que la fixation du panneau sur le banc de travail au moyen des trous dans les coins.<\/p>\n<p>Le panneau est induit d\u2019antirouille, puis zingu\u00e9.<\/p>\n<p>Dimensions: 80x80x2 cm.<\/p>\n","protected":false},"excerpt":{"rendered":"<p>Panneau en t\u00f4le perfor\u00e9e, de 1,6 mm. d&rsquo;\u00e9paisseur, diam\u00e8tre du trou 6mm, centres 12mm. Pour les t\u00e9l\u00e9commandes des installations industrielles; l&rsquo;assemblage des composants est facile et rapide, ainsi que la fixation du panneau sur le banc de travail au moyen des trous dans les coins. Le panneau est induit d\u2019antirouille, puis zingu\u00e9. Dimensions: 80x80x2 cm.<\/p>\n","protected":false},"featured_media":5182,"template":"","meta":{"_acf_changed":false},"product_brand":[],"product_cat":[277,280],"product_tag":[],"class_list":{"0":"post-5189","1":"product","2":"type-product","3":"status-publish","4":"has-post-thumbnail","6":"product_cat-kit-dinstallations-civiles","7":"product_cat-kit-dinstallation-industrielle","9":"first","10":"instock","11":"shipping-taxable","12":"product-type-simple"},"acf":[],"yoast_head":"<!-- This site is optimized with the Yoast SEO plugin v27.4 - https:\/\/yoast.com\/product\/yoast-seo-wordpress\/ -->\n<title>PANNEU GRILLAGE - De Lorenzo Training &amp; Didactical Equipment<\/title>\n<meta name=\"robots\" content=\"index, follow, max-snippet:-1, max-image-preview:large, max-video-preview:-1\" \/>\n<link rel=\"canonical\" href=\"https:\/\/delorenzoglobal.com\/fr\/produit\/panneu-grillage\/\" \/>\n<meta property=\"og:locale\" content=\"fr_FR\" \/>\n<meta property=\"og:type\" content=\"article\" \/>\n<meta property=\"og:title\" content=\"PANNEU GRILLAGE - De Lorenzo Training &amp; Didactical Equipment\" \/>\n<meta property=\"og:description\" content=\"Panneau en t\u00f4le perfor\u00e9e, de 1,6 mm. d&rsquo;\u00e9paisseur, diam\u00e8tre du trou 6mm, centres 12mm. Pour les t\u00e9l\u00e9commandes des installations industrielles; l&rsquo;assemblage des composants est facile et rapide, ainsi que la fixation du panneau sur le banc de travail au moyen des trous dans les coins. Le panneau est induit d\u2019antirouille, puis zingu\u00e9. Dimensions: 80x80x2 cm.\" \/>\n<meta property=\"og:url\" content=\"https:\/\/delorenzoglobal.com\/fr\/produit\/panneu-grillage\/\" \/>\n<meta property=\"og:site_name\" content=\"De Lorenzo Training &amp; Didactical Equipment\" \/>\n<meta property=\"article:modified_time\" content=\"2025-01-24T10:50:30+00:00\" \/>\n<meta property=\"og:image\" content=\"https:\/\/delorenzoglobal.com\/wp-content\/uploads\/2024\/04\/DL-1100D.png\" \/>\n\t<meta property=\"og:image:width\" content=\"482\" \/>\n\t<meta property=\"og:image:height\" content=\"476\" \/>\n\t<meta property=\"og:image:type\" content=\"image\/png\" \/>\n<meta name=\"twitter:card\" content=\"summary_large_image\" \/>\n<meta name=\"twitter:label1\" content=\"Dur\u00e9e de lecture estim\u00e9e\" \/>\n\t<meta name=\"twitter:data1\" content=\"1 minute\" \/>\n<script type=\"application\/ld+json\" class=\"yoast-schema-graph\">{\"@context\":\"https:\\\/\\\/schema.org\",\"@graph\":[{\"@type\":\"WebPage\",\"@id\":\"https:\\\/\\\/delorenzoglobal.com\\\/fr\\\/produit\\\/panneu-grillage\\\/\",\"url\":\"https:\\\/\\\/delorenzoglobal.com\\\/fr\\\/produit\\\/panneu-grillage\\\/\",\"name\":\"PANNEU GRILLAGE - De Lorenzo Training &amp; Didactical Equipment\",\"isPartOf\":{\"@id\":\"https:\\\/\\\/delorenzoglobal.com\\\/fr\\\/#website\"},\"primaryImageOfPage\":{\"@id\":\"https:\\\/\\\/delorenzoglobal.com\\\/fr\\\/produit\\\/panneu-grillage\\\/#primaryimage\"},\"image\":{\"@id\":\"https:\\\/\\\/delorenzoglobal.com\\\/fr\\\/produit\\\/panneu-grillage\\\/#primaryimage\"},\"thumbnailUrl\":\"https:\\\/\\\/delorenzoglobal.com\\\/wp-content\\\/uploads\\\/2024\\\/04\\\/DL-1100D.png\",\"datePublished\":\"2024-04-12T07:41:14+00:00\",\"dateModified\":\"2025-01-24T10:50:30+00:00\",\"breadcrumb\":{\"@id\":\"https:\\\/\\\/delorenzoglobal.com\\\/fr\\\/produit\\\/panneu-grillage\\\/#breadcrumb\"},\"inLanguage\":\"fr-FR\",\"potentialAction\":[{\"@type\":\"ReadAction\",\"target\":[\"https:\\\/\\\/delorenzoglobal.com\\\/fr\\\/produit\\\/panneu-grillage\\\/\"]}]},{\"@type\":\"ImageObject\",\"inLanguage\":\"fr-FR\",\"@id\":\"https:\\\/\\\/delorenzoglobal.com\\\/fr\\\/produit\\\/panneu-grillage\\\/#primaryimage\",\"url\":\"https:\\\/\\\/delorenzoglobal.com\\\/wp-content\\\/uploads\\\/2024\\\/04\\\/DL-1100D.png\",\"contentUrl\":\"https:\\\/\\\/delorenzoglobal.com\\\/wp-content\\\/uploads\\\/2024\\\/04\\\/DL-1100D.png\",\"width\":482,\"height\":476},{\"@type\":\"BreadcrumbList\",\"@id\":\"https:\\\/\\\/delorenzoglobal.com\\\/fr\\\/produit\\\/panneu-grillage\\\/#breadcrumb\",\"itemListElement\":[{\"@type\":\"ListItem\",\"position\":1,\"name\":\"Home\",\"item\":\"https:\\\/\\\/delorenzoglobal.com\\\/fr\\\/\"},{\"@type\":\"ListItem\",\"position\":2,\"name\":\"Boutique\",\"item\":\"https:\\\/\\\/delorenzoglobal.com\\\/fr\\\/boutique\\\/\"},{\"@type\":\"ListItem\",\"position\":3,\"name\":\"PANNEU GRILLAGE\"}]},{\"@type\":\"WebSite\",\"@id\":\"https:\\\/\\\/delorenzoglobal.com\\\/fr\\\/#website\",\"url\":\"https:\\\/\\\/delorenzoglobal.com\\\/fr\\\/\",\"name\":\"De Lorenzo Training &amp; Didactical Equipment\",\"description\":\"\",\"potentialAction\":[{\"@type\":\"SearchAction\",\"target\":{\"@type\":\"EntryPoint\",\"urlTemplate\":\"https:\\\/\\\/delorenzoglobal.com\\\/fr\\\/?s={search_term_string}\"},\"query-input\":{\"@type\":\"PropertyValueSpecification\",\"valueRequired\":true,\"valueName\":\"search_term_string\"}}],\"inLanguage\":\"fr-FR\"}]}<\/script>\n<!-- \/ Yoast SEO plugin. -->","yoast_head_json":{"title":"PANNEU GRILLAGE - De Lorenzo Training &amp; Didactical Equipment","robots":{"index":"index","follow":"follow","max-snippet":"max-snippet:-1","max-image-preview":"max-image-preview:large","max-video-preview":"max-video-preview:-1"},"canonical":"https:\/\/delorenzoglobal.com\/fr\/produit\/panneu-grillage\/","og_locale":"fr_FR","og_type":"article","og_title":"PANNEU GRILLAGE - De Lorenzo Training &amp; Didactical Equipment","og_description":"Panneau en t\u00f4le perfor\u00e9e, de 1,6 mm. d&rsquo;\u00e9paisseur, diam\u00e8tre du trou 6mm, centres 12mm. Pour les t\u00e9l\u00e9commandes des installations industrielles; l&rsquo;assemblage des composants est facile et rapide, ainsi que la fixation du panneau sur le banc de travail au moyen des trous dans les coins. Le panneau est induit d\u2019antirouille, puis zingu\u00e9. Dimensions: 80x80x2 cm.","og_url":"https:\/\/delorenzoglobal.com\/fr\/produit\/panneu-grillage\/","og_site_name":"De Lorenzo Training &amp; Didactical Equipment","article_modified_time":"2025-01-24T10:50:30+00:00","og_image":[{"width":482,"height":476,"url":"https:\/\/delorenzoglobal.com\/wp-content\/uploads\/2024\/04\/DL-1100D.png","type":"image\/png"}],"twitter_card":"summary_large_image","twitter_misc":{"Dur\u00e9e de lecture estim\u00e9e":"1 minute"},"schema":{"@context":"https:\/\/schema.org","@graph":[{"@type":"WebPage","@id":"https:\/\/delorenzoglobal.com\/fr\/produit\/panneu-grillage\/","url":"https:\/\/delorenzoglobal.com\/fr\/produit\/panneu-grillage\/","name":"PANNEU GRILLAGE - De Lorenzo Training &amp; Didactical Equipment","isPartOf":{"@id":"https:\/\/delorenzoglobal.com\/fr\/#website"},"primaryImageOfPage":{"@id":"https:\/\/delorenzoglobal.com\/fr\/produit\/panneu-grillage\/#primaryimage"},"image":{"@id":"https:\/\/delorenzoglobal.com\/fr\/produit\/panneu-grillage\/#primaryimage"},"thumbnailUrl":"https:\/\/delorenzoglobal.com\/wp-content\/uploads\/2024\/04\/DL-1100D.png","datePublished":"2024-04-12T07:41:14+00:00","dateModified":"2025-01-24T10:50:30+00:00","breadcrumb":{"@id":"https:\/\/delorenzoglobal.com\/fr\/produit\/panneu-grillage\/#breadcrumb"},"inLanguage":"fr-FR","potentialAction":[{"@type":"ReadAction","target":["https:\/\/delorenzoglobal.com\/fr\/produit\/panneu-grillage\/"]}]},{"@type":"ImageObject","inLanguage":"fr-FR","@id":"https:\/\/delorenzoglobal.com\/fr\/produit\/panneu-grillage\/#primaryimage","url":"https:\/\/delorenzoglobal.com\/wp-content\/uploads\/2024\/04\/DL-1100D.png","contentUrl":"https:\/\/delorenzoglobal.com\/wp-content\/uploads\/2024\/04\/DL-1100D.png","width":482,"height":476},{"@type":"BreadcrumbList","@id":"https:\/\/delorenzoglobal.com\/fr\/produit\/panneu-grillage\/#breadcrumb","itemListElement":[{"@type":"ListItem","position":1,"name":"Home","item":"https:\/\/delorenzoglobal.com\/fr\/"},{"@type":"ListItem","position":2,"name":"Boutique","item":"https:\/\/delorenzoglobal.com\/fr\/boutique\/"},{"@type":"ListItem","position":3,"name":"PANNEU GRILLAGE"}]},{"@type":"WebSite","@id":"https:\/\/delorenzoglobal.com\/fr\/#website","url":"https:\/\/delorenzoglobal.com\/fr\/","name":"De Lorenzo Training &amp; Didactical Equipment","description":"","potentialAction":[{"@type":"SearchAction","target":{"@type":"EntryPoint","urlTemplate":"https:\/\/delorenzoglobal.com\/fr\/?s={search_term_string}"},"query-input":{"@type":"PropertyValueSpecification","valueRequired":true,"valueName":"search_term_string"}}],"inLanguage":"fr-FR"}]}},"_links":{"self":[{"href":"https:\/\/delorenzoglobal.com\/fr\/wp-json\/wp\/v2\/product\/5189","targetHints":{"allow":["GET"]}}],"collection":[{"href":"https:\/\/delorenzoglobal.com\/fr\/wp-json\/wp\/v2\/product"}],"about":[{"href":"https:\/\/delorenzoglobal.com\/fr\/wp-json\/wp\/v2\/types\/product"}],"wp:featuredmedia":[{"embeddable":true,"href":"https:\/\/delorenzoglobal.com\/fr\/wp-json\/wp\/v2\/media\/5182"}],"wp:attachment":[{"href":"https:\/\/delorenzoglobal.com\/fr\/wp-json\/wp\/v2\/media?parent=5189"}],"wp:term":[{"taxonomy":"product_brand","embeddable":true,"href":"https:\/\/delorenzoglobal.com\/fr\/wp-json\/wp\/v2\/product_brand?post=5189"},{"taxonomy":"product_cat","embeddable":true,"href":"https:\/\/delorenzoglobal.com\/fr\/wp-json\/wp\/v2\/product_cat?post=5189"},{"taxonomy":"product_tag","embeddable":true,"href":"https:\/\/delorenzoglobal.com\/fr\/wp-json\/wp\/v2\/product_tag?post=5189"}],"curies":[{"name":"wp","href":"https:\/\/api.w.org\/{rel}","templated":true}]}}