{"id":503,"date":"2024-04-04T10:54:11","date_gmt":"2024-04-04T08:54:11","guid":{"rendered":"https:\/\/delorenzoglobal.com\/?post_type=product&#038;p=503"},"modified":"2025-01-15T09:37:09","modified_gmt":"2025-01-15T08:37:09","slug":"kit-pour-letude-dune-bande-transporteuse","status":"publish","type":"product","link":"https:\/\/delorenzoglobal.com\/fr\/produit\/kit-pour-letude-dune-bande-transporteuse\/","title":{"rendered":"KIT POUR L&rsquo;\u00c9TUDE D&rsquo;UNE BANDE TRANSPORTEUSE"},"content":{"rendered":"<p>La conception et la construction de circuits \u00e9lectroniques pour r\u00e9soudre des probl\u00e8mes pratiques est une technique essentielle dans les domaines du g\u00e9nie \u00e9lectronique et du g\u00e9nie informatique.<\/p>\n<p>Avec ce syst\u00e8me de formation, les \u00e9tudiants peuvent d\u00e9couvrir les propri\u00e9t\u00e9s d&rsquo;une bande transporteuse utilis\u00e9e dans des environnements industriels.<\/p>\n<p>Des capteurs et des actionneurs sont inclus pour d\u00e9velopper un cours complet sur les principales caract\u00e9ristiques des syst\u00e8mes de convoyeurs et leurs applications.<\/p>\n<p>Le syst\u00e8me est fourni avec un logiciel SCADA pour l&rsquo;\u00e9tude des concepts d&rsquo;automatisation et de l&rsquo;industrie 4.0, et peut \u00eatre combin\u00e9 avec d&rsquo;autres formateurs de la famille pour simuler une usine industrielle 4.0 r\u00e9duite.<\/p>\n","protected":false},"excerpt":{"rendered":"<p>La conception et la construction de circuits \u00e9lectroniques pour r\u00e9soudre des probl\u00e8mes pratiques est une technique essentielle dans les domaines du g\u00e9nie \u00e9lectronique et du g\u00e9nie informatique. Avec ce syst\u00e8me de formation, les \u00e9tudiants peuvent d\u00e9couvrir les propri\u00e9t\u00e9s d&rsquo;une bande transporteuse utilis\u00e9e dans des environnements industriels. Des capteurs et des actionneurs sont inclus pour d\u00e9velopper [&hellip;]<\/p>\n","protected":false},"featured_media":296,"template":"","meta":{"_acf_changed":false},"product_brand":[],"product_cat":[154],"product_tag":[],"class_list":{"0":"post-503","1":"product","2":"type-product","3":"status-publish","4":"has-post-thumbnail","6":"product_cat-applications-industrielle","8":"first","9":"instock","10":"shipping-taxable","11":"product-type-simple"},"acf":[],"yoast_head":"<!-- This site is optimized with the Yoast SEO plugin v27.4 - https:\/\/yoast.com\/product\/yoast-seo-wordpress\/ -->\n<title>KIT POUR L&#039;\u00c9TUDE D&#039;UNE BANDE TRANSPORTEUSE - De Lorenzo Training &amp; Didactical Equipment<\/title>\n<meta name=\"robots\" content=\"index, follow, max-snippet:-1, max-image-preview:large, max-video-preview:-1\" \/>\n<link rel=\"canonical\" href=\"https:\/\/delorenzoglobal.com\/fr\/produit\/kit-pour-letude-dune-bande-transporteuse\/\" \/>\n<meta property=\"og:locale\" content=\"fr_FR\" \/>\n<meta property=\"og:type\" content=\"article\" \/>\n<meta property=\"og:title\" content=\"KIT POUR L&#039;\u00c9TUDE D&#039;UNE BANDE TRANSPORTEUSE - De Lorenzo Training &amp; Didactical Equipment\" \/>\n<meta property=\"og:description\" content=\"La conception et la construction de circuits \u00e9lectroniques pour r\u00e9soudre des probl\u00e8mes pratiques est une technique essentielle dans les domaines du g\u00e9nie \u00e9lectronique et du g\u00e9nie informatique. Avec ce syst\u00e8me de formation, les \u00e9tudiants peuvent d\u00e9couvrir les propri\u00e9t\u00e9s d&rsquo;une bande transporteuse utilis\u00e9e dans des environnements industriels. Des capteurs et des actionneurs sont inclus pour d\u00e9velopper [&hellip;]\" \/>\n<meta property=\"og:url\" content=\"https:\/\/delorenzoglobal.com\/fr\/produit\/kit-pour-letude-dune-bande-transporteuse\/\" \/>\n<meta property=\"og:site_name\" content=\"De Lorenzo Training &amp; Didactical Equipment\" \/>\n<meta property=\"article:modified_time\" content=\"2025-01-15T08:37:09+00:00\" \/>\n<meta property=\"og:image\" content=\"https:\/\/delorenzoglobal.com\/wp-content\/uploads\/2024\/04\/DL-CIM-SIM-2-scaled.jpg\" \/>\n\t<meta property=\"og:image:width\" content=\"2560\" \/>\n\t<meta property=\"og:image:height\" content=\"1761\" \/>\n\t<meta property=\"og:image:type\" content=\"image\/jpeg\" \/>\n<meta name=\"twitter:card\" content=\"summary_large_image\" \/>\n<meta name=\"twitter:label1\" content=\"Dur\u00e9e de lecture estim\u00e9e\" \/>\n\t<meta name=\"twitter:data1\" content=\"1 minute\" \/>\n<script type=\"application\/ld+json\" class=\"yoast-schema-graph\">{\"@context\":\"https:\\\/\\\/schema.org\",\"@graph\":[{\"@type\":\"WebPage\",\"@id\":\"https:\\\/\\\/delorenzoglobal.com\\\/fr\\\/produit\\\/kit-pour-letude-dune-bande-transporteuse\\\/\",\"url\":\"https:\\\/\\\/delorenzoglobal.com\\\/fr\\\/produit\\\/kit-pour-letude-dune-bande-transporteuse\\\/\",\"name\":\"KIT POUR L'\u00c9TUDE D'UNE BANDE TRANSPORTEUSE - De Lorenzo Training &amp; Didactical Equipment\",\"isPartOf\":{\"@id\":\"https:\\\/\\\/delorenzoglobal.com\\\/fr\\\/#website\"},\"primaryImageOfPage\":{\"@id\":\"https:\\\/\\\/delorenzoglobal.com\\\/fr\\\/produit\\\/kit-pour-letude-dune-bande-transporteuse\\\/#primaryimage\"},\"image\":{\"@id\":\"https:\\\/\\\/delorenzoglobal.com\\\/fr\\\/produit\\\/kit-pour-letude-dune-bande-transporteuse\\\/#primaryimage\"},\"thumbnailUrl\":\"https:\\\/\\\/delorenzoglobal.com\\\/wp-content\\\/uploads\\\/2024\\\/04\\\/DL-CIM-SIM-2-scaled.jpg\",\"datePublished\":\"2024-04-04T08:54:11+00:00\",\"dateModified\":\"2025-01-15T08:37:09+00:00\",\"breadcrumb\":{\"@id\":\"https:\\\/\\\/delorenzoglobal.com\\\/fr\\\/produit\\\/kit-pour-letude-dune-bande-transporteuse\\\/#breadcrumb\"},\"inLanguage\":\"fr-FR\",\"potentialAction\":[{\"@type\":\"ReadAction\",\"target\":[\"https:\\\/\\\/delorenzoglobal.com\\\/fr\\\/produit\\\/kit-pour-letude-dune-bande-transporteuse\\\/\"]}]},{\"@type\":\"ImageObject\",\"inLanguage\":\"fr-FR\",\"@id\":\"https:\\\/\\\/delorenzoglobal.com\\\/fr\\\/produit\\\/kit-pour-letude-dune-bande-transporteuse\\\/#primaryimage\",\"url\":\"https:\\\/\\\/delorenzoglobal.com\\\/wp-content\\\/uploads\\\/2024\\\/04\\\/DL-CIM-SIM-2-scaled.jpg\",\"contentUrl\":\"https:\\\/\\\/delorenzoglobal.com\\\/wp-content\\\/uploads\\\/2024\\\/04\\\/DL-CIM-SIM-2-scaled.jpg\",\"width\":2560,\"height\":1761},{\"@type\":\"BreadcrumbList\",\"@id\":\"https:\\\/\\\/delorenzoglobal.com\\\/fr\\\/produit\\\/kit-pour-letude-dune-bande-transporteuse\\\/#breadcrumb\",\"itemListElement\":[{\"@type\":\"ListItem\",\"position\":1,\"name\":\"Home\",\"item\":\"https:\\\/\\\/delorenzoglobal.com\\\/fr\\\/\"},{\"@type\":\"ListItem\",\"position\":2,\"name\":\"Boutique\",\"item\":\"https:\\\/\\\/delorenzoglobal.com\\\/fr\\\/boutique\\\/\"},{\"@type\":\"ListItem\",\"position\":3,\"name\":\"KIT POUR L&#8217;\u00c9TUDE D&#8217;UNE BANDE TRANSPORTEUSE\"}]},{\"@type\":\"WebSite\",\"@id\":\"https:\\\/\\\/delorenzoglobal.com\\\/fr\\\/#website\",\"url\":\"https:\\\/\\\/delorenzoglobal.com\\\/fr\\\/\",\"name\":\"De Lorenzo Training &amp; Didactical Equipment\",\"description\":\"\",\"potentialAction\":[{\"@type\":\"SearchAction\",\"target\":{\"@type\":\"EntryPoint\",\"urlTemplate\":\"https:\\\/\\\/delorenzoglobal.com\\\/fr\\\/?s={search_term_string}\"},\"query-input\":{\"@type\":\"PropertyValueSpecification\",\"valueRequired\":true,\"valueName\":\"search_term_string\"}}],\"inLanguage\":\"fr-FR\"}]}<\/script>\n<!-- \/ Yoast SEO plugin. -->","yoast_head_json":{"title":"KIT POUR L'\u00c9TUDE D'UNE BANDE TRANSPORTEUSE - De Lorenzo Training &amp; Didactical Equipment","robots":{"index":"index","follow":"follow","max-snippet":"max-snippet:-1","max-image-preview":"max-image-preview:large","max-video-preview":"max-video-preview:-1"},"canonical":"https:\/\/delorenzoglobal.com\/fr\/produit\/kit-pour-letude-dune-bande-transporteuse\/","og_locale":"fr_FR","og_type":"article","og_title":"KIT POUR L'\u00c9TUDE D'UNE BANDE TRANSPORTEUSE - De Lorenzo Training &amp; Didactical Equipment","og_description":"La conception et la construction de circuits \u00e9lectroniques pour r\u00e9soudre des probl\u00e8mes pratiques est une technique essentielle dans les domaines du g\u00e9nie \u00e9lectronique et du g\u00e9nie informatique. Avec ce syst\u00e8me de formation, les \u00e9tudiants peuvent d\u00e9couvrir les propri\u00e9t\u00e9s d&rsquo;une bande transporteuse utilis\u00e9e dans des environnements industriels. Des capteurs et des actionneurs sont inclus pour d\u00e9velopper [&hellip;]","og_url":"https:\/\/delorenzoglobal.com\/fr\/produit\/kit-pour-letude-dune-bande-transporteuse\/","og_site_name":"De Lorenzo Training &amp; Didactical Equipment","article_modified_time":"2025-01-15T08:37:09+00:00","og_image":[{"width":2560,"height":1761,"url":"https:\/\/delorenzoglobal.com\/wp-content\/uploads\/2024\/04\/DL-CIM-SIM-2-scaled.jpg","type":"image\/jpeg"}],"twitter_card":"summary_large_image","twitter_misc":{"Dur\u00e9e de lecture estim\u00e9e":"1 minute"},"schema":{"@context":"https:\/\/schema.org","@graph":[{"@type":"WebPage","@id":"https:\/\/delorenzoglobal.com\/fr\/produit\/kit-pour-letude-dune-bande-transporteuse\/","url":"https:\/\/delorenzoglobal.com\/fr\/produit\/kit-pour-letude-dune-bande-transporteuse\/","name":"KIT POUR L'\u00c9TUDE D'UNE BANDE TRANSPORTEUSE - De Lorenzo Training &amp; Didactical Equipment","isPartOf":{"@id":"https:\/\/delorenzoglobal.com\/fr\/#website"},"primaryImageOfPage":{"@id":"https:\/\/delorenzoglobal.com\/fr\/produit\/kit-pour-letude-dune-bande-transporteuse\/#primaryimage"},"image":{"@id":"https:\/\/delorenzoglobal.com\/fr\/produit\/kit-pour-letude-dune-bande-transporteuse\/#primaryimage"},"thumbnailUrl":"https:\/\/delorenzoglobal.com\/wp-content\/uploads\/2024\/04\/DL-CIM-SIM-2-scaled.jpg","datePublished":"2024-04-04T08:54:11+00:00","dateModified":"2025-01-15T08:37:09+00:00","breadcrumb":{"@id":"https:\/\/delorenzoglobal.com\/fr\/produit\/kit-pour-letude-dune-bande-transporteuse\/#breadcrumb"},"inLanguage":"fr-FR","potentialAction":[{"@type":"ReadAction","target":["https:\/\/delorenzoglobal.com\/fr\/produit\/kit-pour-letude-dune-bande-transporteuse\/"]}]},{"@type":"ImageObject","inLanguage":"fr-FR","@id":"https:\/\/delorenzoglobal.com\/fr\/produit\/kit-pour-letude-dune-bande-transporteuse\/#primaryimage","url":"https:\/\/delorenzoglobal.com\/wp-content\/uploads\/2024\/04\/DL-CIM-SIM-2-scaled.jpg","contentUrl":"https:\/\/delorenzoglobal.com\/wp-content\/uploads\/2024\/04\/DL-CIM-SIM-2-scaled.jpg","width":2560,"height":1761},{"@type":"BreadcrumbList","@id":"https:\/\/delorenzoglobal.com\/fr\/produit\/kit-pour-letude-dune-bande-transporteuse\/#breadcrumb","itemListElement":[{"@type":"ListItem","position":1,"name":"Home","item":"https:\/\/delorenzoglobal.com\/fr\/"},{"@type":"ListItem","position":2,"name":"Boutique","item":"https:\/\/delorenzoglobal.com\/fr\/boutique\/"},{"@type":"ListItem","position":3,"name":"KIT POUR L&#8217;\u00c9TUDE D&#8217;UNE BANDE TRANSPORTEUSE"}]},{"@type":"WebSite","@id":"https:\/\/delorenzoglobal.com\/fr\/#website","url":"https:\/\/delorenzoglobal.com\/fr\/","name":"De Lorenzo Training &amp; Didactical Equipment","description":"","potentialAction":[{"@type":"SearchAction","target":{"@type":"EntryPoint","urlTemplate":"https:\/\/delorenzoglobal.com\/fr\/?s={search_term_string}"},"query-input":{"@type":"PropertyValueSpecification","valueRequired":true,"valueName":"search_term_string"}}],"inLanguage":"fr-FR"}]}},"_links":{"self":[{"href":"https:\/\/delorenzoglobal.com\/fr\/wp-json\/wp\/v2\/product\/503","targetHints":{"allow":["GET"]}}],"collection":[{"href":"https:\/\/delorenzoglobal.com\/fr\/wp-json\/wp\/v2\/product"}],"about":[{"href":"https:\/\/delorenzoglobal.com\/fr\/wp-json\/wp\/v2\/types\/product"}],"wp:featuredmedia":[{"embeddable":true,"href":"https:\/\/delorenzoglobal.com\/fr\/wp-json\/wp\/v2\/media\/296"}],"wp:attachment":[{"href":"https:\/\/delorenzoglobal.com\/fr\/wp-json\/wp\/v2\/media?parent=503"}],"wp:term":[{"taxonomy":"product_brand","embeddable":true,"href":"https:\/\/delorenzoglobal.com\/fr\/wp-json\/wp\/v2\/product_brand?post=503"},{"taxonomy":"product_cat","embeddable":true,"href":"https:\/\/delorenzoglobal.com\/fr\/wp-json\/wp\/v2\/product_cat?post=503"},{"taxonomy":"product_tag","embeddable":true,"href":"https:\/\/delorenzoglobal.com\/fr\/wp-json\/wp\/v2\/product_tag?post=503"}],"curies":[{"name":"wp","href":"https:\/\/api.w.org\/{rel}","templated":true}]}}