{"id":5029,"date":"2024-04-12T08:55:38","date_gmt":"2024-04-12T06:55:38","guid":{"rendered":"https:\/\/delorenzoglobal.com\/?post_type=product&#038;p=5029"},"modified":"2025-01-24T11:51:55","modified_gmt":"2025-01-24T10:51:55","slug":"banc-de-travail-mural-a-2-places-avec-1-alimentation","status":"publish","type":"product","link":"https:\/\/delorenzoglobal.com\/fr\/produit\/banc-de-travail-mural-a-2-places-avec-1-alimentation\/","title":{"rendered":"BANC DE TRAVAIL MURAL A 2 PLACES AVEC 1 ALIMENTATION"},"content":{"rendered":"<p>Les alimentations suivantes sont fournies:<\/p>\n<ul>\n<li>1 sortie triphas\u00e9e + N + T, 16A, sur bornes de s\u00e9curit\u00e9 \u00a0de 36A selon CEI 61010-1, protection par interrupteur automatique diff\u00e9rentiel, magn\u00e9tothermique, 4-p\u00f4le, 16A, lampe t\u00e9moin et interrupteur \u00e0 cl\u00e9 pour permettre le \u00a0contr\u00f4le aux enseignants.<\/li>\n<li>2 sorties sur prises de r\u00e9seau monophas\u00e9 de 10\/16 A, protection par interrupteur automatique diff\u00e9rentiel, magn\u00e9tothermique, 16A, et lampe t\u00e9moin.<\/li>\n<li>1 sortie isol\u00e9e du r\u00e9seau, 0-12-24Vca, 4 A sur bornes isol\u00e9es, protection par interrupteur automatique magn\u00e9tothermique.<\/li>\n<li>1 testeur optique et acoustique de circuit sur bornes isol\u00e9es, protection par fusible.<\/li>\n<\/ul>\n<p>Dimensions: 200x80x175 cm.<\/p>\n<p>Hauteur du sol \u00e0 la surface de travail: 90 cm.<\/p>\n","protected":false},"excerpt":{"rendered":"<p>Les alimentations suivantes sont fournies: 1 sortie triphas\u00e9e + N + T, 16A, sur bornes de s\u00e9curit\u00e9 \u00a0de 36A selon CEI 61010-1, protection par interrupteur automatique diff\u00e9rentiel, magn\u00e9tothermique, 4-p\u00f4le, 16A, lampe t\u00e9moin et interrupteur \u00e0 cl\u00e9 pour permettre le \u00a0contr\u00f4le aux enseignants. 2 sorties sur prises de r\u00e9seau monophas\u00e9 de 10\/16 A, protection par interrupteur [&hellip;]<\/p>\n","protected":false},"featured_media":5014,"template":"","meta":{"_acf_changed":false},"product_brand":[],"product_cat":[277,280],"product_tag":[],"class_list":{"0":"post-5029","1":"product","2":"type-product","3":"status-publish","4":"has-post-thumbnail","6":"product_cat-kit-dinstallations-civiles","7":"product_cat-kit-dinstallation-industrielle","9":"first","10":"instock","11":"shipping-taxable","12":"product-type-simple"},"acf":[],"yoast_head":"<!-- This site is optimized with the Yoast SEO plugin v27.4 - https:\/\/yoast.com\/product\/yoast-seo-wordpress\/ -->\n<title>BANC DE TRAVAIL MURAL A 2 PLACES AVEC 1 ALIMENTATION - De Lorenzo Training &amp; Didactical Equipment<\/title>\n<meta name=\"robots\" content=\"index, follow, max-snippet:-1, max-image-preview:large, max-video-preview:-1\" \/>\n<link rel=\"canonical\" href=\"https:\/\/delorenzoglobal.com\/fr\/produit\/banc-de-travail-mural-a-2-places-avec-1-alimentation\/\" \/>\n<meta property=\"og:locale\" content=\"fr_FR\" \/>\n<meta property=\"og:type\" content=\"article\" \/>\n<meta property=\"og:title\" content=\"BANC DE TRAVAIL MURAL A 2 PLACES AVEC 1 ALIMENTATION - De Lorenzo Training &amp; Didactical Equipment\" \/>\n<meta property=\"og:description\" content=\"Les alimentations suivantes sont fournies: 1 sortie triphas\u00e9e + N + T, 16A, sur bornes de s\u00e9curit\u00e9 \u00a0de 36A selon CEI 61010-1, protection par interrupteur automatique diff\u00e9rentiel, magn\u00e9tothermique, 4-p\u00f4le, 16A, lampe t\u00e9moin et interrupteur \u00e0 cl\u00e9 pour permettre le \u00a0contr\u00f4le aux enseignants. 2 sorties sur prises de r\u00e9seau monophas\u00e9 de 10\/16 A, protection par interrupteur [&hellip;]\" \/>\n<meta property=\"og:url\" content=\"https:\/\/delorenzoglobal.com\/fr\/produit\/banc-de-travail-mural-a-2-places-avec-1-alimentation\/\" \/>\n<meta property=\"og:site_name\" content=\"De Lorenzo Training &amp; Didactical Equipment\" \/>\n<meta property=\"article:modified_time\" content=\"2025-01-24T10:51:55+00:00\" \/>\n<meta property=\"og:image\" content=\"https:\/\/delorenzoglobal.com\/wp-content\/uploads\/2024\/04\/DL-1106.png\" \/>\n\t<meta property=\"og:image:width\" content=\"300\" \/>\n\t<meta property=\"og:image:height\" content=\"224\" \/>\n\t<meta property=\"og:image:type\" content=\"image\/png\" \/>\n<meta name=\"twitter:card\" content=\"summary_large_image\" \/>\n<meta name=\"twitter:label1\" content=\"Dur\u00e9e de lecture estim\u00e9e\" \/>\n\t<meta name=\"twitter:data1\" content=\"1 minute\" \/>\n<script type=\"application\/ld+json\" class=\"yoast-schema-graph\">{\"@context\":\"https:\\\/\\\/schema.org\",\"@graph\":[{\"@type\":\"WebPage\",\"@id\":\"https:\\\/\\\/delorenzoglobal.com\\\/fr\\\/produit\\\/banc-de-travail-mural-a-2-places-avec-1-alimentation\\\/\",\"url\":\"https:\\\/\\\/delorenzoglobal.com\\\/fr\\\/produit\\\/banc-de-travail-mural-a-2-places-avec-1-alimentation\\\/\",\"name\":\"BANC DE TRAVAIL MURAL A 2 PLACES AVEC 1 ALIMENTATION - De Lorenzo Training &amp; Didactical Equipment\",\"isPartOf\":{\"@id\":\"https:\\\/\\\/delorenzoglobal.com\\\/fr\\\/#website\"},\"primaryImageOfPage\":{\"@id\":\"https:\\\/\\\/delorenzoglobal.com\\\/fr\\\/produit\\\/banc-de-travail-mural-a-2-places-avec-1-alimentation\\\/#primaryimage\"},\"image\":{\"@id\":\"https:\\\/\\\/delorenzoglobal.com\\\/fr\\\/produit\\\/banc-de-travail-mural-a-2-places-avec-1-alimentation\\\/#primaryimage\"},\"thumbnailUrl\":\"https:\\\/\\\/delorenzoglobal.com\\\/wp-content\\\/uploads\\\/2024\\\/04\\\/DL-1106.png\",\"datePublished\":\"2024-04-12T06:55:38+00:00\",\"dateModified\":\"2025-01-24T10:51:55+00:00\",\"breadcrumb\":{\"@id\":\"https:\\\/\\\/delorenzoglobal.com\\\/fr\\\/produit\\\/banc-de-travail-mural-a-2-places-avec-1-alimentation\\\/#breadcrumb\"},\"inLanguage\":\"fr-FR\",\"potentialAction\":[{\"@type\":\"ReadAction\",\"target\":[\"https:\\\/\\\/delorenzoglobal.com\\\/fr\\\/produit\\\/banc-de-travail-mural-a-2-places-avec-1-alimentation\\\/\"]}]},{\"@type\":\"ImageObject\",\"inLanguage\":\"fr-FR\",\"@id\":\"https:\\\/\\\/delorenzoglobal.com\\\/fr\\\/produit\\\/banc-de-travail-mural-a-2-places-avec-1-alimentation\\\/#primaryimage\",\"url\":\"https:\\\/\\\/delorenzoglobal.com\\\/wp-content\\\/uploads\\\/2024\\\/04\\\/DL-1106.png\",\"contentUrl\":\"https:\\\/\\\/delorenzoglobal.com\\\/wp-content\\\/uploads\\\/2024\\\/04\\\/DL-1106.png\",\"width\":300,\"height\":224},{\"@type\":\"BreadcrumbList\",\"@id\":\"https:\\\/\\\/delorenzoglobal.com\\\/fr\\\/produit\\\/banc-de-travail-mural-a-2-places-avec-1-alimentation\\\/#breadcrumb\",\"itemListElement\":[{\"@type\":\"ListItem\",\"position\":1,\"name\":\"Home\",\"item\":\"https:\\\/\\\/delorenzoglobal.com\\\/fr\\\/\"},{\"@type\":\"ListItem\",\"position\":2,\"name\":\"Boutique\",\"item\":\"https:\\\/\\\/delorenzoglobal.com\\\/fr\\\/boutique\\\/\"},{\"@type\":\"ListItem\",\"position\":3,\"name\":\"BANC DE TRAVAIL MURAL A 2 PLACES AVEC 1 ALIMENTATION\"}]},{\"@type\":\"WebSite\",\"@id\":\"https:\\\/\\\/delorenzoglobal.com\\\/fr\\\/#website\",\"url\":\"https:\\\/\\\/delorenzoglobal.com\\\/fr\\\/\",\"name\":\"De Lorenzo Training &amp; Didactical Equipment\",\"description\":\"\",\"potentialAction\":[{\"@type\":\"SearchAction\",\"target\":{\"@type\":\"EntryPoint\",\"urlTemplate\":\"https:\\\/\\\/delorenzoglobal.com\\\/fr\\\/?s={search_term_string}\"},\"query-input\":{\"@type\":\"PropertyValueSpecification\",\"valueRequired\":true,\"valueName\":\"search_term_string\"}}],\"inLanguage\":\"fr-FR\"}]}<\/script>\n<!-- \/ Yoast SEO plugin. -->","yoast_head_json":{"title":"BANC DE TRAVAIL MURAL A 2 PLACES AVEC 1 ALIMENTATION - De Lorenzo Training &amp; Didactical Equipment","robots":{"index":"index","follow":"follow","max-snippet":"max-snippet:-1","max-image-preview":"max-image-preview:large","max-video-preview":"max-video-preview:-1"},"canonical":"https:\/\/delorenzoglobal.com\/fr\/produit\/banc-de-travail-mural-a-2-places-avec-1-alimentation\/","og_locale":"fr_FR","og_type":"article","og_title":"BANC DE TRAVAIL MURAL A 2 PLACES AVEC 1 ALIMENTATION - De Lorenzo Training &amp; Didactical Equipment","og_description":"Les alimentations suivantes sont fournies: 1 sortie triphas\u00e9e + N + T, 16A, sur bornes de s\u00e9curit\u00e9 \u00a0de 36A selon CEI 61010-1, protection par interrupteur automatique diff\u00e9rentiel, magn\u00e9tothermique, 4-p\u00f4le, 16A, lampe t\u00e9moin et interrupteur \u00e0 cl\u00e9 pour permettre le \u00a0contr\u00f4le aux enseignants. 2 sorties sur prises de r\u00e9seau monophas\u00e9 de 10\/16 A, protection par interrupteur [&hellip;]","og_url":"https:\/\/delorenzoglobal.com\/fr\/produit\/banc-de-travail-mural-a-2-places-avec-1-alimentation\/","og_site_name":"De Lorenzo Training &amp; Didactical Equipment","article_modified_time":"2025-01-24T10:51:55+00:00","og_image":[{"width":300,"height":224,"url":"https:\/\/delorenzoglobal.com\/wp-content\/uploads\/2024\/04\/DL-1106.png","type":"image\/png"}],"twitter_card":"summary_large_image","twitter_misc":{"Dur\u00e9e de lecture estim\u00e9e":"1 minute"},"schema":{"@context":"https:\/\/schema.org","@graph":[{"@type":"WebPage","@id":"https:\/\/delorenzoglobal.com\/fr\/produit\/banc-de-travail-mural-a-2-places-avec-1-alimentation\/","url":"https:\/\/delorenzoglobal.com\/fr\/produit\/banc-de-travail-mural-a-2-places-avec-1-alimentation\/","name":"BANC DE TRAVAIL MURAL A 2 PLACES AVEC 1 ALIMENTATION - De Lorenzo Training &amp; Didactical Equipment","isPartOf":{"@id":"https:\/\/delorenzoglobal.com\/fr\/#website"},"primaryImageOfPage":{"@id":"https:\/\/delorenzoglobal.com\/fr\/produit\/banc-de-travail-mural-a-2-places-avec-1-alimentation\/#primaryimage"},"image":{"@id":"https:\/\/delorenzoglobal.com\/fr\/produit\/banc-de-travail-mural-a-2-places-avec-1-alimentation\/#primaryimage"},"thumbnailUrl":"https:\/\/delorenzoglobal.com\/wp-content\/uploads\/2024\/04\/DL-1106.png","datePublished":"2024-04-12T06:55:38+00:00","dateModified":"2025-01-24T10:51:55+00:00","breadcrumb":{"@id":"https:\/\/delorenzoglobal.com\/fr\/produit\/banc-de-travail-mural-a-2-places-avec-1-alimentation\/#breadcrumb"},"inLanguage":"fr-FR","potentialAction":[{"@type":"ReadAction","target":["https:\/\/delorenzoglobal.com\/fr\/produit\/banc-de-travail-mural-a-2-places-avec-1-alimentation\/"]}]},{"@type":"ImageObject","inLanguage":"fr-FR","@id":"https:\/\/delorenzoglobal.com\/fr\/produit\/banc-de-travail-mural-a-2-places-avec-1-alimentation\/#primaryimage","url":"https:\/\/delorenzoglobal.com\/wp-content\/uploads\/2024\/04\/DL-1106.png","contentUrl":"https:\/\/delorenzoglobal.com\/wp-content\/uploads\/2024\/04\/DL-1106.png","width":300,"height":224},{"@type":"BreadcrumbList","@id":"https:\/\/delorenzoglobal.com\/fr\/produit\/banc-de-travail-mural-a-2-places-avec-1-alimentation\/#breadcrumb","itemListElement":[{"@type":"ListItem","position":1,"name":"Home","item":"https:\/\/delorenzoglobal.com\/fr\/"},{"@type":"ListItem","position":2,"name":"Boutique","item":"https:\/\/delorenzoglobal.com\/fr\/boutique\/"},{"@type":"ListItem","position":3,"name":"BANC DE TRAVAIL MURAL A 2 PLACES AVEC 1 ALIMENTATION"}]},{"@type":"WebSite","@id":"https:\/\/delorenzoglobal.com\/fr\/#website","url":"https:\/\/delorenzoglobal.com\/fr\/","name":"De Lorenzo Training &amp; Didactical Equipment","description":"","potentialAction":[{"@type":"SearchAction","target":{"@type":"EntryPoint","urlTemplate":"https:\/\/delorenzoglobal.com\/fr\/?s={search_term_string}"},"query-input":{"@type":"PropertyValueSpecification","valueRequired":true,"valueName":"search_term_string"}}],"inLanguage":"fr-FR"}]}},"_links":{"self":[{"href":"https:\/\/delorenzoglobal.com\/fr\/wp-json\/wp\/v2\/product\/5029","targetHints":{"allow":["GET"]}}],"collection":[{"href":"https:\/\/delorenzoglobal.com\/fr\/wp-json\/wp\/v2\/product"}],"about":[{"href":"https:\/\/delorenzoglobal.com\/fr\/wp-json\/wp\/v2\/types\/product"}],"wp:featuredmedia":[{"embeddable":true,"href":"https:\/\/delorenzoglobal.com\/fr\/wp-json\/wp\/v2\/media\/5014"}],"wp:attachment":[{"href":"https:\/\/delorenzoglobal.com\/fr\/wp-json\/wp\/v2\/media?parent=5029"}],"wp:term":[{"taxonomy":"product_brand","embeddable":true,"href":"https:\/\/delorenzoglobal.com\/fr\/wp-json\/wp\/v2\/product_brand?post=5029"},{"taxonomy":"product_cat","embeddable":true,"href":"https:\/\/delorenzoglobal.com\/fr\/wp-json\/wp\/v2\/product_cat?post=5029"},{"taxonomy":"product_tag","embeddable":true,"href":"https:\/\/delorenzoglobal.com\/fr\/wp-json\/wp\/v2\/product_tag?post=5029"}],"curies":[{"name":"wp","href":"https:\/\/api.w.org\/{rel}","templated":true}]}}