{"id":4815,"date":"2024-04-11T15:40:33","date_gmt":"2024-04-11T13:40:33","guid":{"rendered":"https:\/\/delorenzoglobal.com\/?post_type=product&#038;p=4815"},"modified":"2026-03-26T15:08:42","modified_gmt":"2026-03-26T14:08:42","slug":"smart-grid-3","status":"publish","type":"product","link":"https:\/\/delorenzoglobal.com\/fr\/produit\/smart-grid-3\/","title":{"rendered":"SMART GRID"},"content":{"rendered":"<p>De Lorenzo a con\u00e7u un formateur modulaire qui \u00e9tudie le flux d\u2019\u00e9nergie et l\u2019interaction entre les r\u00e9seaux du fournisseur d\u2019\u00e9lectricit\u00e9 (syst\u00e8mes de production, de transport et de distribution) et les consommateurs (clients r\u00e9sidentiels et \/ ou commerciaux).<\/p>\n<p>Des \u00e9quipements de qualit\u00e9 industrielle ont \u00e9t\u00e9 int\u00e9gr\u00e9s dans un environnement contr\u00f4l\u00e9, fournissant une plate-forme d&rsquo;apprentissage flexible et reconfigurable pour \u00e9tudier les applications de g\u00e9nie \u00e9lectrique.<\/p>\n<p>Le c\u0153ur du laboratoire est un mod\u00e8le simplifi\u00e9 et r\u00e9duit d&rsquo;un syst\u00e8me de distribution d&rsquo;\u00e9nergie.<\/p>\n<p>Plusieurs sources d&rsquo;\u00e9nergie provenant d&rsquo;\u00e9nergies renouvelables diff\u00e9rentes sont connect\u00e9es au syst\u00e8me en diff\u00e9rents points simulant un syst\u00e8me de production d&rsquo;\u00e9nergie distribu\u00e9e. L&rsquo;\u00e9nergie peut \u00eatre ajout\u00e9e du c\u00f4t\u00e9 de la production (haute et moyenne tension) ou du c\u00f4t\u00e9 de l&rsquo;utilisateur final (micro-r\u00e9seau).<\/p>\n<p>Le syst\u00e8me comprend 3 sous-syst\u00e8mes de production d&rsquo;\u00e9nergie diff\u00e9rents:<\/p>\n<ul>\n<li>Une \u00e9olienne \u00e0 pas variable.<\/li>\n<li>Une centrale hydro\u00e9lectrique avec stockage par pompage.<\/li>\n<li>Sources d&rsquo;\u00e9nergie micro-r\u00e9seau utilisant un syst\u00e8me solaire photovolta\u00efque avec stockage par batterie et un syst\u00e8me micro-\u00e9olien en option g\u00e9n\u00e9rant de l&rsquo;\u00e9nergie du c\u00f4t\u00e9 basse tension du r\u00e9seau.<\/li>\n<\/ul>\n<p>Un syst\u00e8me \u00e0 double jeu de barres et des disjoncteurs permettent l&rsquo;isolement de sections du syst\u00e8me ou l&rsquo;insertion des sources d&rsquo;\u00e9nergie renouvelables disponibles pour cr\u00e9er un flux d&rsquo;\u00e9nergie bidirectionnel dans le r\u00e9seau de distribution.<\/p>\n<p>Un ensemble d&rsquo;appareils de mesure actifs est strat\u00e9giquement plac\u00e9 pour surveiller le flux d&rsquo;\u00e9nergie dans le syst\u00e8me en temps r\u00e9el et en assurer la protection.<\/p>\n<p>Le fonctionnement du laboratoire se fait via le logiciel SCADA.<\/p>\n<p>Un relais de gestion de d\u00e9part industriel peut \u00eatre configur\u00e9 pour \u00e9tudier les techniques de protection en diff\u00e9rents points du syst\u00e8me.<\/p>\n","protected":false},"excerpt":{"rendered":"<p>De Lorenzo a con\u00e7u un formateur modulaire qui \u00e9tudie le flux d\u2019\u00e9nergie et l\u2019interaction entre les r\u00e9seaux du fournisseur d\u2019\u00e9lectricit\u00e9 (syst\u00e8mes de production, de transport et de distribution) et les consommateurs (clients r\u00e9sidentiels et \/ ou commerciaux). Des \u00e9quipements de qualit\u00e9 industrielle ont \u00e9t\u00e9 int\u00e9gr\u00e9s dans un environnement contr\u00f4l\u00e9, fournissant une plate-forme d&rsquo;apprentissage flexible et [&hellip;]<\/p>\n","protected":false},"featured_media":4808,"template":"","meta":{"_acf_changed":false},"product_brand":[],"product_cat":[349,265],"product_tag":[],"class_list":{"0":"post-4815","1":"product","2":"type-product","3":"status-publish","4":"has-post-thumbnail","6":"product_cat-smart-grid-fr-2","7":"product_cat-smart-grid-fr","9":"first","10":"instock","11":"shipping-taxable","12":"product-type-simple"},"acf":[],"yoast_head":"<!-- This site is optimized with the Yoast SEO plugin v27.0 - https:\/\/yoast.com\/product\/yoast-seo-wordpress\/ -->\n<title>SMART GRID - De Lorenzo Training &amp; Didactical Equipment<\/title>\n<meta name=\"robots\" content=\"index, follow, max-snippet:-1, max-image-preview:large, max-video-preview:-1\" \/>\n<link rel=\"canonical\" href=\"https:\/\/delorenzoglobal.com\/fr\/produit\/smart-grid-3\/\" \/>\n<meta property=\"og:locale\" content=\"fr_FR\" \/>\n<meta property=\"og:type\" content=\"article\" \/>\n<meta property=\"og:title\" content=\"SMART GRID - De Lorenzo Training &amp; Didactical Equipment\" \/>\n<meta property=\"og:description\" content=\"De Lorenzo a con\u00e7u un formateur modulaire qui \u00e9tudie le flux d\u2019\u00e9nergie et l\u2019interaction entre les r\u00e9seaux du fournisseur d\u2019\u00e9lectricit\u00e9 (syst\u00e8mes de production, de transport et de distribution) et les consommateurs (clients r\u00e9sidentiels et \/ ou commerciaux). Des \u00e9quipements de qualit\u00e9 industrielle ont \u00e9t\u00e9 int\u00e9gr\u00e9s dans un environnement contr\u00f4l\u00e9, fournissant une plate-forme d&rsquo;apprentissage flexible et [&hellip;]\" \/>\n<meta property=\"og:url\" content=\"https:\/\/delorenzoglobal.com\/fr\/produit\/smart-grid-3\/\" \/>\n<meta property=\"og:site_name\" content=\"De Lorenzo Training &amp; Didactical Equipment\" \/>\n<meta property=\"article:modified_time\" content=\"2026-03-26T14:08:42+00:00\" \/>\n<meta property=\"og:image\" content=\"https:\/\/delorenzoglobal.com\/wp-content\/uploads\/2024\/04\/DL-SGWD2.0-scaled.jpg\" \/>\n\t<meta property=\"og:image:width\" content=\"2560\" \/>\n\t<meta property=\"og:image:height\" content=\"763\" \/>\n\t<meta property=\"og:image:type\" content=\"image\/jpeg\" \/>\n<meta name=\"twitter:card\" content=\"summary_large_image\" \/>\n<meta name=\"twitter:label1\" content=\"Dur\u00e9e de lecture estim\u00e9e\" \/>\n\t<meta name=\"twitter:data1\" content=\"2 minutes\" \/>\n<script type=\"application\/ld+json\" class=\"yoast-schema-graph\">{\"@context\":\"https:\/\/schema.org\",\"@graph\":[{\"@type\":\"WebPage\",\"@id\":\"https:\/\/delorenzoglobal.com\/fr\/produit\/smart-grid-3\/\",\"url\":\"https:\/\/delorenzoglobal.com\/fr\/produit\/smart-grid-3\/\",\"name\":\"SMART GRID - De Lorenzo Training &amp; Didactical Equipment\",\"isPartOf\":{\"@id\":\"https:\/\/delorenzoglobal.com\/fr\/#website\"},\"primaryImageOfPage\":{\"@id\":\"https:\/\/delorenzoglobal.com\/fr\/produit\/smart-grid-3\/#primaryimage\"},\"image\":{\"@id\":\"https:\/\/delorenzoglobal.com\/fr\/produit\/smart-grid-3\/#primaryimage\"},\"thumbnailUrl\":\"https:\/\/delorenzoglobal.com\/wp-content\/uploads\/2024\/04\/DL-SGWD2.0-scaled.jpg\",\"datePublished\":\"2024-04-11T13:40:33+00:00\",\"dateModified\":\"2026-03-26T14:08:42+00:00\",\"breadcrumb\":{\"@id\":\"https:\/\/delorenzoglobal.com\/fr\/produit\/smart-grid-3\/#breadcrumb\"},\"inLanguage\":\"fr-FR\",\"potentialAction\":[{\"@type\":\"ReadAction\",\"target\":[\"https:\/\/delorenzoglobal.com\/fr\/produit\/smart-grid-3\/\"]}]},{\"@type\":\"ImageObject\",\"inLanguage\":\"fr-FR\",\"@id\":\"https:\/\/delorenzoglobal.com\/fr\/produit\/smart-grid-3\/#primaryimage\",\"url\":\"https:\/\/delorenzoglobal.com\/wp-content\/uploads\/2024\/04\/DL-SGWD2.0-scaled.jpg\",\"contentUrl\":\"https:\/\/delorenzoglobal.com\/wp-content\/uploads\/2024\/04\/DL-SGWD2.0-scaled.jpg\",\"width\":2560,\"height\":763},{\"@type\":\"BreadcrumbList\",\"@id\":\"https:\/\/delorenzoglobal.com\/fr\/produit\/smart-grid-3\/#breadcrumb\",\"itemListElement\":[{\"@type\":\"ListItem\",\"position\":1,\"name\":\"Home\",\"item\":\"https:\/\/delorenzoglobal.com\/fr\/\"},{\"@type\":\"ListItem\",\"position\":2,\"name\":\"Boutique\",\"item\":\"https:\/\/delorenzoglobal.com\/fr\/boutique\/\"},{\"@type\":\"ListItem\",\"position\":3,\"name\":\"SMART GRID\"}]},{\"@type\":\"WebSite\",\"@id\":\"https:\/\/delorenzoglobal.com\/fr\/#website\",\"url\":\"https:\/\/delorenzoglobal.com\/fr\/\",\"name\":\"De Lorenzo Training &amp; Didactical Equipment\",\"description\":\"\",\"potentialAction\":[{\"@type\":\"SearchAction\",\"target\":{\"@type\":\"EntryPoint\",\"urlTemplate\":\"https:\/\/delorenzoglobal.com\/fr\/?s={search_term_string}\"},\"query-input\":{\"@type\":\"PropertyValueSpecification\",\"valueRequired\":true,\"valueName\":\"search_term_string\"}}],\"inLanguage\":\"fr-FR\"}]}<\/script>\n<!-- \/ Yoast SEO plugin. -->","yoast_head_json":{"title":"SMART GRID - De Lorenzo Training &amp; Didactical Equipment","robots":{"index":"index","follow":"follow","max-snippet":"max-snippet:-1","max-image-preview":"max-image-preview:large","max-video-preview":"max-video-preview:-1"},"canonical":"https:\/\/delorenzoglobal.com\/fr\/produit\/smart-grid-3\/","og_locale":"fr_FR","og_type":"article","og_title":"SMART GRID - De Lorenzo Training &amp; Didactical Equipment","og_description":"De Lorenzo a con\u00e7u un formateur modulaire qui \u00e9tudie le flux d\u2019\u00e9nergie et l\u2019interaction entre les r\u00e9seaux du fournisseur d\u2019\u00e9lectricit\u00e9 (syst\u00e8mes de production, de transport et de distribution) et les consommateurs (clients r\u00e9sidentiels et \/ ou commerciaux). Des \u00e9quipements de qualit\u00e9 industrielle ont \u00e9t\u00e9 int\u00e9gr\u00e9s dans un environnement contr\u00f4l\u00e9, fournissant une plate-forme d&rsquo;apprentissage flexible et [&hellip;]","og_url":"https:\/\/delorenzoglobal.com\/fr\/produit\/smart-grid-3\/","og_site_name":"De Lorenzo Training &amp; Didactical Equipment","article_modified_time":"2026-03-26T14:08:42+00:00","og_image":[{"width":2560,"height":763,"url":"https:\/\/delorenzoglobal.com\/wp-content\/uploads\/2024\/04\/DL-SGWD2.0-scaled.jpg","type":"image\/jpeg"}],"twitter_card":"summary_large_image","twitter_misc":{"Dur\u00e9e de lecture estim\u00e9e":"2 minutes"},"schema":{"@context":"https:\/\/schema.org","@graph":[{"@type":"WebPage","@id":"https:\/\/delorenzoglobal.com\/fr\/produit\/smart-grid-3\/","url":"https:\/\/delorenzoglobal.com\/fr\/produit\/smart-grid-3\/","name":"SMART GRID - De Lorenzo Training &amp; Didactical Equipment","isPartOf":{"@id":"https:\/\/delorenzoglobal.com\/fr\/#website"},"primaryImageOfPage":{"@id":"https:\/\/delorenzoglobal.com\/fr\/produit\/smart-grid-3\/#primaryimage"},"image":{"@id":"https:\/\/delorenzoglobal.com\/fr\/produit\/smart-grid-3\/#primaryimage"},"thumbnailUrl":"https:\/\/delorenzoglobal.com\/wp-content\/uploads\/2024\/04\/DL-SGWD2.0-scaled.jpg","datePublished":"2024-04-11T13:40:33+00:00","dateModified":"2026-03-26T14:08:42+00:00","breadcrumb":{"@id":"https:\/\/delorenzoglobal.com\/fr\/produit\/smart-grid-3\/#breadcrumb"},"inLanguage":"fr-FR","potentialAction":[{"@type":"ReadAction","target":["https:\/\/delorenzoglobal.com\/fr\/produit\/smart-grid-3\/"]}]},{"@type":"ImageObject","inLanguage":"fr-FR","@id":"https:\/\/delorenzoglobal.com\/fr\/produit\/smart-grid-3\/#primaryimage","url":"https:\/\/delorenzoglobal.com\/wp-content\/uploads\/2024\/04\/DL-SGWD2.0-scaled.jpg","contentUrl":"https:\/\/delorenzoglobal.com\/wp-content\/uploads\/2024\/04\/DL-SGWD2.0-scaled.jpg","width":2560,"height":763},{"@type":"BreadcrumbList","@id":"https:\/\/delorenzoglobal.com\/fr\/produit\/smart-grid-3\/#breadcrumb","itemListElement":[{"@type":"ListItem","position":1,"name":"Home","item":"https:\/\/delorenzoglobal.com\/fr\/"},{"@type":"ListItem","position":2,"name":"Boutique","item":"https:\/\/delorenzoglobal.com\/fr\/boutique\/"},{"@type":"ListItem","position":3,"name":"SMART GRID"}]},{"@type":"WebSite","@id":"https:\/\/delorenzoglobal.com\/fr\/#website","url":"https:\/\/delorenzoglobal.com\/fr\/","name":"De Lorenzo Training &amp; Didactical Equipment","description":"","potentialAction":[{"@type":"SearchAction","target":{"@type":"EntryPoint","urlTemplate":"https:\/\/delorenzoglobal.com\/fr\/?s={search_term_string}"},"query-input":{"@type":"PropertyValueSpecification","valueRequired":true,"valueName":"search_term_string"}}],"inLanguage":"fr-FR"}]}},"_links":{"self":[{"href":"https:\/\/delorenzoglobal.com\/fr\/wp-json\/wp\/v2\/product\/4815","targetHints":{"allow":["GET"]}}],"collection":[{"href":"https:\/\/delorenzoglobal.com\/fr\/wp-json\/wp\/v2\/product"}],"about":[{"href":"https:\/\/delorenzoglobal.com\/fr\/wp-json\/wp\/v2\/types\/product"}],"wp:featuredmedia":[{"embeddable":true,"href":"https:\/\/delorenzoglobal.com\/fr\/wp-json\/wp\/v2\/media\/4808"}],"wp:attachment":[{"href":"https:\/\/delorenzoglobal.com\/fr\/wp-json\/wp\/v2\/media?parent=4815"}],"wp:term":[{"taxonomy":"product_brand","embeddable":true,"href":"https:\/\/delorenzoglobal.com\/fr\/wp-json\/wp\/v2\/product_brand?post=4815"},{"taxonomy":"product_cat","embeddable":true,"href":"https:\/\/delorenzoglobal.com\/fr\/wp-json\/wp\/v2\/product_cat?post=4815"},{"taxonomy":"product_tag","embeddable":true,"href":"https:\/\/delorenzoglobal.com\/fr\/wp-json\/wp\/v2\/product_tag?post=4815"}],"curies":[{"name":"wp","href":"https:\/\/api.w.org\/{rel}","templated":true}]}}