{"id":4782,"date":"2024-04-11T15:14:33","date_gmt":"2024-04-11T13:14:33","guid":{"rendered":"https:\/\/delorenzoglobal.com\/?post_type=product&#038;p=4782"},"modified":"2025-10-09T09:28:27","modified_gmt":"2025-10-09T07:28:27","slug":"smart-grid-2","status":"publish","type":"product","link":"https:\/\/delorenzoglobal.com\/fr\/produit\/smart-grid-2\/","title":{"rendered":"SMART GRID"},"content":{"rendered":"<p>De Lorenzo a con\u00e7u un syst\u00e8me modulaire pour l&rsquo;\u00e9tude du flux d&rsquo;\u00e9nergie et de l&rsquo;interaction entre les fournisseurs d&rsquo;\u00e9lectricit\u00e9 (syst\u00e8mes de production, de transport et de distribution) et les consommateurs (clients r\u00e9sidentiels et\/ou commerciaux).<\/p>\n<p>L&rsquo;\u00e9quipement sonore industriel en direct int\u00e9gr\u00e9 dans un environnement contr\u00f4l\u00e9 offre une forme d&rsquo;apprentissage flexible et peut \u00eatre configur\u00e9 pour les applications des \u00e9tudiants en g\u00e9nie \u00e9lectrique.<\/p>\n<p>Le c\u0153ur du laboratoire est un mod\u00e8le simplifi\u00e9 bas\u00e9 sur un syst\u00e8me de distribution d&rsquo;\u00e9nergie.<\/p>\n<p>Diverses sources d&rsquo;\u00e9nergie et diverses sources d&rsquo;\u00e9nergie peuvent \u00eatre connect\u00e9es aux diff\u00e9rents syst\u00e8mes, simulant un syst\u00e8me de production et de distribution d&rsquo;\u00e9nergie.<\/p>\n<p>L\u2019\u00e9nergie peut \u00eatre augment\u00e9e \u00e0 partir de la production (haute et moyenne tension) ou \u00e0 partir de la production finale (micro-r\u00e9seau).<\/p>\n<p>Le syst\u00e8me comprend 3 syst\u00e8mes diff\u00e9rents pour la production d&rsquo;\u00e9nergie\u00a0:<\/p>\n<ul>\n<li>Une \u00e9olienne a une vitesse variable.<\/li>\n<li>Une centrale hydro\u00e9lectrique avec accumulateur double pompe.<\/li>\n<li>Source d&rsquo;\u00e9nergie de micro-r\u00e9seau lors de l&rsquo;utilisation d&rsquo;un syst\u00e8me solaire photovolta\u00efque avec stockage par batterie et d&rsquo;un syst\u00e8me micro\u00e9lectrique en option pour g\u00e9n\u00e9rer de l&rsquo;\u00e9nergie \u00e0 partir d&rsquo;une basse tension de r\u00e9seau.<\/li>\n<\/ul>\n<p>Un syst\u00e8me doit \u00eatre automatiquement d\u00e9sactiv\u00e9 et \u00e9teint pour permettre l&rsquo;isolement des parties principales ou l&rsquo;insertion de la source d&rsquo;\u00e9nergie disponible en permanence afin de cr\u00e9er un flux d&rsquo;\u00e9nergie bidirectionnel dans le r\u00e9seau de distribution.<\/p>\n<p>Une s\u00e9rie de dispositifs sont strat\u00e9giquement plac\u00e9s pour surveiller le flux d&rsquo;\u00e9nergie du syst\u00e8me en temps r\u00e9el et assurer la protection.<\/p>\n<p>Le fonctionnement du laboratoire n\u00e9cessite un logiciel SCADA.<\/p>\n<p>Un relais industriel de type gestionnaire de puissance peut \u00eatre configur\u00e9 pour \u00e9tudier la technologie de protection en diff\u00e9rents points du syst\u00e8me.<\/p>\n","protected":false},"excerpt":{"rendered":"<p>De Lorenzo a con\u00e7u un syst\u00e8me modulaire pour l&rsquo;\u00e9tude du flux d&rsquo;\u00e9nergie et de l&rsquo;interaction entre les fournisseurs d&rsquo;\u00e9lectricit\u00e9 (syst\u00e8mes de production, de transport et de distribution) et les consommateurs (clients r\u00e9sidentiels et\/ou commerciaux). L&rsquo;\u00e9quipement sonore industriel en direct int\u00e9gr\u00e9 dans un environnement contr\u00f4l\u00e9 offre une forme d&rsquo;apprentissage flexible et peut \u00eatre configur\u00e9 pour les [&hellip;]<\/p>\n","protected":false},"featured_media":4770,"template":"","meta":{"_acf_changed":false},"product_brand":[],"product_cat":[349,265],"product_tag":[],"class_list":{"0":"post-4782","1":"product","2":"type-product","3":"status-publish","4":"has-post-thumbnail","6":"product_cat-smart-grid-fr-2","7":"product_cat-smart-grid-fr","9":"first","10":"instock","11":"shipping-taxable","12":"product-type-simple"},"acf":[],"yoast_head":"<!-- This site is optimized with the Yoast SEO plugin v27.0 - https:\/\/yoast.com\/product\/yoast-seo-wordpress\/ -->\n<title>SMART GRID - De Lorenzo Training &amp; Didactical Equipment<\/title>\n<meta name=\"robots\" content=\"index, follow, max-snippet:-1, max-image-preview:large, max-video-preview:-1\" \/>\n<link rel=\"canonical\" href=\"https:\/\/delorenzoglobal.com\/fr\/produit\/smart-grid-2\/\" \/>\n<meta property=\"og:locale\" content=\"fr_FR\" \/>\n<meta property=\"og:type\" content=\"article\" \/>\n<meta property=\"og:title\" content=\"SMART GRID - De Lorenzo Training &amp; Didactical Equipment\" \/>\n<meta property=\"og:description\" content=\"De Lorenzo a con\u00e7u un syst\u00e8me modulaire pour l&rsquo;\u00e9tude du flux d&rsquo;\u00e9nergie et de l&rsquo;interaction entre les fournisseurs d&rsquo;\u00e9lectricit\u00e9 (syst\u00e8mes de production, de transport et de distribution) et les consommateurs (clients r\u00e9sidentiels et\/ou commerciaux). L&rsquo;\u00e9quipement sonore industriel en direct int\u00e9gr\u00e9 dans un environnement contr\u00f4l\u00e9 offre une forme d&rsquo;apprentissage flexible et peut \u00eatre configur\u00e9 pour les [&hellip;]\" \/>\n<meta property=\"og:url\" content=\"https:\/\/delorenzoglobal.com\/fr\/produit\/smart-grid-2\/\" \/>\n<meta property=\"og:site_name\" content=\"De Lorenzo Training &amp; Didactical Equipment\" \/>\n<meta property=\"article:modified_time\" content=\"2025-10-09T07:28:27+00:00\" \/>\n<meta property=\"og:image\" content=\"https:\/\/delorenzoglobal.com\/wp-content\/uploads\/2024\/04\/DL-SGWD-W-1-scaled.jpg\" \/>\n\t<meta property=\"og:image:width\" content=\"2560\" \/>\n\t<meta property=\"og:image:height\" content=\"1420\" \/>\n\t<meta property=\"og:image:type\" content=\"image\/jpeg\" \/>\n<meta name=\"twitter:card\" content=\"summary_large_image\" \/>\n<meta name=\"twitter:label1\" content=\"Dur\u00e9e de lecture estim\u00e9e\" \/>\n\t<meta name=\"twitter:data1\" content=\"2 minutes\" \/>\n<script type=\"application\/ld+json\" class=\"yoast-schema-graph\">{\"@context\":\"https:\/\/schema.org\",\"@graph\":[{\"@type\":\"WebPage\",\"@id\":\"https:\/\/delorenzoglobal.com\/fr\/produit\/smart-grid-2\/\",\"url\":\"https:\/\/delorenzoglobal.com\/fr\/produit\/smart-grid-2\/\",\"name\":\"SMART GRID - De Lorenzo Training &amp; Didactical Equipment\",\"isPartOf\":{\"@id\":\"https:\/\/delorenzoglobal.com\/fr\/#website\"},\"primaryImageOfPage\":{\"@id\":\"https:\/\/delorenzoglobal.com\/fr\/produit\/smart-grid-2\/#primaryimage\"},\"image\":{\"@id\":\"https:\/\/delorenzoglobal.com\/fr\/produit\/smart-grid-2\/#primaryimage\"},\"thumbnailUrl\":\"https:\/\/delorenzoglobal.com\/wp-content\/uploads\/2024\/04\/DL-SGWD-W-1-scaled.jpg\",\"datePublished\":\"2024-04-11T13:14:33+00:00\",\"dateModified\":\"2025-10-09T07:28:27+00:00\",\"breadcrumb\":{\"@id\":\"https:\/\/delorenzoglobal.com\/fr\/produit\/smart-grid-2\/#breadcrumb\"},\"inLanguage\":\"fr-FR\",\"potentialAction\":[{\"@type\":\"ReadAction\",\"target\":[\"https:\/\/delorenzoglobal.com\/fr\/produit\/smart-grid-2\/\"]}]},{\"@type\":\"ImageObject\",\"inLanguage\":\"fr-FR\",\"@id\":\"https:\/\/delorenzoglobal.com\/fr\/produit\/smart-grid-2\/#primaryimage\",\"url\":\"https:\/\/delorenzoglobal.com\/wp-content\/uploads\/2024\/04\/DL-SGWD-W-1-scaled.jpg\",\"contentUrl\":\"https:\/\/delorenzoglobal.com\/wp-content\/uploads\/2024\/04\/DL-SGWD-W-1-scaled.jpg\",\"width\":2560,\"height\":1420},{\"@type\":\"BreadcrumbList\",\"@id\":\"https:\/\/delorenzoglobal.com\/fr\/produit\/smart-grid-2\/#breadcrumb\",\"itemListElement\":[{\"@type\":\"ListItem\",\"position\":1,\"name\":\"Home\",\"item\":\"https:\/\/delorenzoglobal.com\/fr\/\"},{\"@type\":\"ListItem\",\"position\":2,\"name\":\"Boutique\",\"item\":\"https:\/\/delorenzoglobal.com\/fr\/boutique\/\"},{\"@type\":\"ListItem\",\"position\":3,\"name\":\"SMART GRID\"}]},{\"@type\":\"WebSite\",\"@id\":\"https:\/\/delorenzoglobal.com\/fr\/#website\",\"url\":\"https:\/\/delorenzoglobal.com\/fr\/\",\"name\":\"De Lorenzo Training &amp; Didactical Equipment\",\"description\":\"\",\"potentialAction\":[{\"@type\":\"SearchAction\",\"target\":{\"@type\":\"EntryPoint\",\"urlTemplate\":\"https:\/\/delorenzoglobal.com\/fr\/?s={search_term_string}\"},\"query-input\":{\"@type\":\"PropertyValueSpecification\",\"valueRequired\":true,\"valueName\":\"search_term_string\"}}],\"inLanguage\":\"fr-FR\"}]}<\/script>\n<!-- \/ Yoast SEO plugin. -->","yoast_head_json":{"title":"SMART GRID - De Lorenzo Training &amp; Didactical Equipment","robots":{"index":"index","follow":"follow","max-snippet":"max-snippet:-1","max-image-preview":"max-image-preview:large","max-video-preview":"max-video-preview:-1"},"canonical":"https:\/\/delorenzoglobal.com\/fr\/produit\/smart-grid-2\/","og_locale":"fr_FR","og_type":"article","og_title":"SMART GRID - De Lorenzo Training &amp; Didactical Equipment","og_description":"De Lorenzo a con\u00e7u un syst\u00e8me modulaire pour l&rsquo;\u00e9tude du flux d&rsquo;\u00e9nergie et de l&rsquo;interaction entre les fournisseurs d&rsquo;\u00e9lectricit\u00e9 (syst\u00e8mes de production, de transport et de distribution) et les consommateurs (clients r\u00e9sidentiels et\/ou commerciaux). L&rsquo;\u00e9quipement sonore industriel en direct int\u00e9gr\u00e9 dans un environnement contr\u00f4l\u00e9 offre une forme d&rsquo;apprentissage flexible et peut \u00eatre configur\u00e9 pour les [&hellip;]","og_url":"https:\/\/delorenzoglobal.com\/fr\/produit\/smart-grid-2\/","og_site_name":"De Lorenzo Training &amp; Didactical Equipment","article_modified_time":"2025-10-09T07:28:27+00:00","og_image":[{"width":2560,"height":1420,"url":"https:\/\/delorenzoglobal.com\/wp-content\/uploads\/2024\/04\/DL-SGWD-W-1-scaled.jpg","type":"image\/jpeg"}],"twitter_card":"summary_large_image","twitter_misc":{"Dur\u00e9e de lecture estim\u00e9e":"2 minutes"},"schema":{"@context":"https:\/\/schema.org","@graph":[{"@type":"WebPage","@id":"https:\/\/delorenzoglobal.com\/fr\/produit\/smart-grid-2\/","url":"https:\/\/delorenzoglobal.com\/fr\/produit\/smart-grid-2\/","name":"SMART GRID - De Lorenzo Training &amp; Didactical Equipment","isPartOf":{"@id":"https:\/\/delorenzoglobal.com\/fr\/#website"},"primaryImageOfPage":{"@id":"https:\/\/delorenzoglobal.com\/fr\/produit\/smart-grid-2\/#primaryimage"},"image":{"@id":"https:\/\/delorenzoglobal.com\/fr\/produit\/smart-grid-2\/#primaryimage"},"thumbnailUrl":"https:\/\/delorenzoglobal.com\/wp-content\/uploads\/2024\/04\/DL-SGWD-W-1-scaled.jpg","datePublished":"2024-04-11T13:14:33+00:00","dateModified":"2025-10-09T07:28:27+00:00","breadcrumb":{"@id":"https:\/\/delorenzoglobal.com\/fr\/produit\/smart-grid-2\/#breadcrumb"},"inLanguage":"fr-FR","potentialAction":[{"@type":"ReadAction","target":["https:\/\/delorenzoglobal.com\/fr\/produit\/smart-grid-2\/"]}]},{"@type":"ImageObject","inLanguage":"fr-FR","@id":"https:\/\/delorenzoglobal.com\/fr\/produit\/smart-grid-2\/#primaryimage","url":"https:\/\/delorenzoglobal.com\/wp-content\/uploads\/2024\/04\/DL-SGWD-W-1-scaled.jpg","contentUrl":"https:\/\/delorenzoglobal.com\/wp-content\/uploads\/2024\/04\/DL-SGWD-W-1-scaled.jpg","width":2560,"height":1420},{"@type":"BreadcrumbList","@id":"https:\/\/delorenzoglobal.com\/fr\/produit\/smart-grid-2\/#breadcrumb","itemListElement":[{"@type":"ListItem","position":1,"name":"Home","item":"https:\/\/delorenzoglobal.com\/fr\/"},{"@type":"ListItem","position":2,"name":"Boutique","item":"https:\/\/delorenzoglobal.com\/fr\/boutique\/"},{"@type":"ListItem","position":3,"name":"SMART GRID"}]},{"@type":"WebSite","@id":"https:\/\/delorenzoglobal.com\/fr\/#website","url":"https:\/\/delorenzoglobal.com\/fr\/","name":"De Lorenzo Training &amp; Didactical Equipment","description":"","potentialAction":[{"@type":"SearchAction","target":{"@type":"EntryPoint","urlTemplate":"https:\/\/delorenzoglobal.com\/fr\/?s={search_term_string}"},"query-input":{"@type":"PropertyValueSpecification","valueRequired":true,"valueName":"search_term_string"}}],"inLanguage":"fr-FR"}]}},"_links":{"self":[{"href":"https:\/\/delorenzoglobal.com\/fr\/wp-json\/wp\/v2\/product\/4782","targetHints":{"allow":["GET"]}}],"collection":[{"href":"https:\/\/delorenzoglobal.com\/fr\/wp-json\/wp\/v2\/product"}],"about":[{"href":"https:\/\/delorenzoglobal.com\/fr\/wp-json\/wp\/v2\/types\/product"}],"wp:featuredmedia":[{"embeddable":true,"href":"https:\/\/delorenzoglobal.com\/fr\/wp-json\/wp\/v2\/media\/4770"}],"wp:attachment":[{"href":"https:\/\/delorenzoglobal.com\/fr\/wp-json\/wp\/v2\/media?parent=4782"}],"wp:term":[{"taxonomy":"product_brand","embeddable":true,"href":"https:\/\/delorenzoglobal.com\/fr\/wp-json\/wp\/v2\/product_brand?post=4782"},{"taxonomy":"product_cat","embeddable":true,"href":"https:\/\/delorenzoglobal.com\/fr\/wp-json\/wp\/v2\/product_cat?post=4782"},{"taxonomy":"product_tag","embeddable":true,"href":"https:\/\/delorenzoglobal.com\/fr\/wp-json\/wp\/v2\/product_tag?post=4782"}],"curies":[{"name":"wp","href":"https:\/\/api.w.org\/{rel}","templated":true}]}}