{"id":4732,"date":"2024-04-11T14:43:19","date_gmt":"2024-04-11T12:43:19","guid":{"rendered":"https:\/\/delorenzoglobal.com\/?post_type=product&#038;p=4732"},"modified":"2025-10-09T09:23:31","modified_gmt":"2025-10-09T07:23:31","slug":"smart-grid","status":"publish","type":"product","link":"https:\/\/delorenzoglobal.com\/fr\/produit\/smart-grid\/","title":{"rendered":"SMART GRID"},"content":{"rendered":"<p>Le syst\u00e8me de r\u00e9seau intelligent d\u00e9velopp\u00e9 par De Lorenzo peut \u00eatre organis\u00e9 en<strong> huit sous-syst\u00e8mes<\/strong>, chacun compos\u00e9 de plusieurs modules.<\/p>\n<p>Les quatre premiers sous-syst\u00e8mes sont des simulations de sources d&rsquo;\u00e9nergie ; le premier est l&rsquo;alimentation principale du r\u00e9seau avec une unit\u00e9 d&rsquo;alimentation triphas\u00e9e qui repr\u00e9sente une usine de charbon.<\/p>\n<p>Les trois autres sous-syst\u00e8mes correspondent \u00e0 des sources alternatives d\u2019\u00e9nergie : \u00e9olique, hydro\u00e9lectrique et solaire.<\/p>\n<p>La simulation de la centrale \u00e9olienne est r\u00e9alis\u00e9e avec un moteur \u00e0 induction triphas\u00e9 agissant comme g\u00e9n\u00e9rateur tandis que la simulation de la centrale hydro\u00e9lectrique est r\u00e9alis\u00e9e avec une machine synchrone triphas\u00e9e, de plus, avec un module de relais de synchronisation de g\u00e9n\u00e9rateur pour permettre la connexion au r\u00e9seau.<\/p>\n<p>Finalement, la partie \u00e9nergie solaire du syst\u00e8me est g\u00e9n\u00e9r\u00e9e avec un panneau solaire et quatre lampes \u00e0 intensit\u00e9 r\u00e9glable simulant le soleil, qui est reli\u00e9 \u00e0 un module onduleur qui permet de transf\u00e9rer l&rsquo;\u00e9nergie g\u00e9n\u00e9r\u00e9e au r\u00e9seau.<\/p>\n<p>Un cinqui\u00e8me sous-syst\u00e8me dans le r\u00e9seau intelligent est constitu\u00e9 de modules de protection contre les d\u00e9fauts.<\/p>\n<p>Les modules sont un relais d&rsquo;alimentation qui mesure, en temps r\u00e9el, des tensions et des courants pour d\u00e9tecter des d\u00e9fauts dans le r\u00e9seau \u00e9lectrique et quatre disjoncteurs command\u00e9s par le module pr\u00e9c\u00e9dent pour d\u00e9connecter les lignes d\u00e9fectueuses.<\/p>\n<p>Le sixi\u00e8me sous-syst\u00e8me d\u00e9signe les modules de mesure.<br \/>\nIl dispose de trois compteurs de puissance appel\u00e9e maximale qui mesurent les tensions altern\u00e9es, les courants, les fr\u00e9quences, la puissance active, la puissance r\u00e9active, la puissance apparente, le facteur de puissance et le THD pour chacune des trois phases disponibles dans le r\u00e9seau et deux unit\u00e9s de mesure num\u00e9riques \u00e0 \u00e9nergie \u00e9lectrique qui, en plus de mesurer la m\u00eame chose que le module pr\u00e9c\u00e9dent, mesure les tensions continues, le courant, la puissance et l&rsquo;\u00e9nergie.<\/p>\n<p>Le septi\u00e8me sous-syst\u00e8me concerne le contr\u00f4le du facteur de puissance avec 2 modules, le premier est une batterie de condensateur commutable avec quatre valeurs diff\u00e9rentes de condensateurs et le second est un contr\u00f4leur de puissance r\u00e9active qui active les condensateurs du module pr\u00e9c\u00e9dent pour effectuer une correction du facteur de puissance.<\/p>\n<p>Le dernier sous-syst\u00e8me est compos\u00e9 d&rsquo;\u00e9l\u00e9ments passifs.<br \/>\nTrois modules avec diff\u00e9rents types de charges (capacitifs, inductifs, r\u00e9sistifs) qui simulent les charges dans une maison ou une usine et deux modules avec des imp\u00e9dances simulant les pertes g\u00e9n\u00e9r\u00e9es dans les lignes de transmission, sp\u00e9cifiquement en lignes de 10 et 100 km de longueur.<\/p>\n<p>Un logiciel <strong>SCADA<\/strong> fournit \u00e0 l&rsquo;acquisition et au stockage des donn\u00e9es provenant des instruments de mesure et au contr\u00f4le des actionneurs pour une gestion \u00ab intelligente \u00bb de l&rsquo;ensemble du syst\u00e8me \u00e9lectrique.<\/p>\n<p>Le logiciel SCADA peut \u00e9galement \u00eatre fourni sur demande dans une version OUVERTE afin que l&rsquo;enseignant puisse mettre en \u0153uvre son propre projet et s\u00e9lectionner les modes et proc\u00e9dures pour visualiser les param\u00e8tres et contr\u00f4ler les actionneurs.<\/p>\n<p>Le syst\u00e8me d\u00e9crit ci-dessus repr\u00e9sente la configuration de base de notre laboratoire (DL SGWD).<\/p>\n<p><strong>Optionnellement<\/strong>, il est possible d&rsquo;ajouter un syst\u00e8me suppl\u00e9mentaire de production \u00e0 petite \u00e9chelle d&rsquo;\u00e9nergie \u00e9olienne, avec une \u00e9olienne r\u00e9elle connect\u00e9e \u00e0 un module onduleur pour permettre la connexion au r\u00e9seau.<\/p>\n","protected":false},"excerpt":{"rendered":"<p>Le syst\u00e8me de r\u00e9seau intelligent d\u00e9velopp\u00e9 par De Lorenzo peut \u00eatre organis\u00e9 en huit sous-syst\u00e8mes, chacun compos\u00e9 de plusieurs modules. Les quatre premiers sous-syst\u00e8mes sont des simulations de sources d&rsquo;\u00e9nergie ; le premier est l&rsquo;alimentation principale du r\u00e9seau avec une unit\u00e9 d&rsquo;alimentation triphas\u00e9e qui repr\u00e9sente une usine de charbon. Les trois autres sous-syst\u00e8mes correspondent \u00e0 [&hellip;]<\/p>\n","protected":false},"featured_media":4725,"template":"","meta":{"_acf_changed":false},"product_brand":[],"product_cat":[349,265],"product_tag":[],"class_list":{"0":"post-4732","1":"product","2":"type-product","3":"status-publish","4":"has-post-thumbnail","6":"product_cat-smart-grid-fr-2","7":"product_cat-smart-grid-fr","9":"first","10":"instock","11":"shipping-taxable","12":"product-type-simple"},"acf":[],"yoast_head":"<!-- This site is optimized with the Yoast SEO plugin v27.0 - https:\/\/yoast.com\/product\/yoast-seo-wordpress\/ -->\n<title>SMART GRID - De Lorenzo Training &amp; Didactical Equipment<\/title>\n<meta name=\"robots\" content=\"index, follow, max-snippet:-1, max-image-preview:large, max-video-preview:-1\" \/>\n<link rel=\"canonical\" href=\"https:\/\/delorenzoglobal.com\/fr\/produit\/smart-grid\/\" \/>\n<meta property=\"og:locale\" content=\"fr_FR\" \/>\n<meta property=\"og:type\" content=\"article\" \/>\n<meta property=\"og:title\" content=\"SMART GRID - De Lorenzo Training &amp; Didactical Equipment\" \/>\n<meta property=\"og:description\" content=\"Le syst\u00e8me de r\u00e9seau intelligent d\u00e9velopp\u00e9 par De Lorenzo peut \u00eatre organis\u00e9 en huit sous-syst\u00e8mes, chacun compos\u00e9 de plusieurs modules. Les quatre premiers sous-syst\u00e8mes sont des simulations de sources d&rsquo;\u00e9nergie ; le premier est l&rsquo;alimentation principale du r\u00e9seau avec une unit\u00e9 d&rsquo;alimentation triphas\u00e9e qui repr\u00e9sente une usine de charbon. Les trois autres sous-syst\u00e8mes correspondent \u00e0 [&hellip;]\" \/>\n<meta property=\"og:url\" content=\"https:\/\/delorenzoglobal.com\/fr\/produit\/smart-grid\/\" \/>\n<meta property=\"og:site_name\" content=\"De Lorenzo Training &amp; Didactical Equipment\" \/>\n<meta property=\"article:modified_time\" content=\"2025-10-09T07:23:31+00:00\" \/>\n<meta property=\"og:image\" content=\"https:\/\/delorenzoglobal.com\/wp-content\/uploads\/2024\/04\/DL-SGWD-W-scaled.jpg\" \/>\n\t<meta property=\"og:image:width\" content=\"2560\" \/>\n\t<meta property=\"og:image:height\" content=\"1420\" \/>\n\t<meta property=\"og:image:type\" content=\"image\/jpeg\" \/>\n<meta name=\"twitter:card\" content=\"summary_large_image\" \/>\n<meta name=\"twitter:label1\" content=\"Dur\u00e9e de lecture estim\u00e9e\" \/>\n\t<meta name=\"twitter:data1\" content=\"3 minutes\" \/>\n<script type=\"application\/ld+json\" class=\"yoast-schema-graph\">{\"@context\":\"https:\/\/schema.org\",\"@graph\":[{\"@type\":\"WebPage\",\"@id\":\"https:\/\/delorenzoglobal.com\/fr\/produit\/smart-grid\/\",\"url\":\"https:\/\/delorenzoglobal.com\/fr\/produit\/smart-grid\/\",\"name\":\"SMART GRID - De Lorenzo Training &amp; Didactical Equipment\",\"isPartOf\":{\"@id\":\"https:\/\/delorenzoglobal.com\/fr\/#website\"},\"primaryImageOfPage\":{\"@id\":\"https:\/\/delorenzoglobal.com\/fr\/produit\/smart-grid\/#primaryimage\"},\"image\":{\"@id\":\"https:\/\/delorenzoglobal.com\/fr\/produit\/smart-grid\/#primaryimage\"},\"thumbnailUrl\":\"https:\/\/delorenzoglobal.com\/wp-content\/uploads\/2024\/04\/DL-SGWD-W-scaled.jpg\",\"datePublished\":\"2024-04-11T12:43:19+00:00\",\"dateModified\":\"2025-10-09T07:23:31+00:00\",\"breadcrumb\":{\"@id\":\"https:\/\/delorenzoglobal.com\/fr\/produit\/smart-grid\/#breadcrumb\"},\"inLanguage\":\"fr-FR\",\"potentialAction\":[{\"@type\":\"ReadAction\",\"target\":[\"https:\/\/delorenzoglobal.com\/fr\/produit\/smart-grid\/\"]}]},{\"@type\":\"ImageObject\",\"inLanguage\":\"fr-FR\",\"@id\":\"https:\/\/delorenzoglobal.com\/fr\/produit\/smart-grid\/#primaryimage\",\"url\":\"https:\/\/delorenzoglobal.com\/wp-content\/uploads\/2024\/04\/DL-SGWD-W-scaled.jpg\",\"contentUrl\":\"https:\/\/delorenzoglobal.com\/wp-content\/uploads\/2024\/04\/DL-SGWD-W-scaled.jpg\",\"width\":2560,\"height\":1420},{\"@type\":\"BreadcrumbList\",\"@id\":\"https:\/\/delorenzoglobal.com\/fr\/produit\/smart-grid\/#breadcrumb\",\"itemListElement\":[{\"@type\":\"ListItem\",\"position\":1,\"name\":\"Home\",\"item\":\"https:\/\/delorenzoglobal.com\/fr\/\"},{\"@type\":\"ListItem\",\"position\":2,\"name\":\"Boutique\",\"item\":\"https:\/\/delorenzoglobal.com\/fr\/boutique\/\"},{\"@type\":\"ListItem\",\"position\":3,\"name\":\"SMART GRID\"}]},{\"@type\":\"WebSite\",\"@id\":\"https:\/\/delorenzoglobal.com\/fr\/#website\",\"url\":\"https:\/\/delorenzoglobal.com\/fr\/\",\"name\":\"De Lorenzo Training &amp; Didactical Equipment\",\"description\":\"\",\"potentialAction\":[{\"@type\":\"SearchAction\",\"target\":{\"@type\":\"EntryPoint\",\"urlTemplate\":\"https:\/\/delorenzoglobal.com\/fr\/?s={search_term_string}\"},\"query-input\":{\"@type\":\"PropertyValueSpecification\",\"valueRequired\":true,\"valueName\":\"search_term_string\"}}],\"inLanguage\":\"fr-FR\"}]}<\/script>\n<!-- \/ Yoast SEO plugin. -->","yoast_head_json":{"title":"SMART GRID - De Lorenzo Training &amp; Didactical Equipment","robots":{"index":"index","follow":"follow","max-snippet":"max-snippet:-1","max-image-preview":"max-image-preview:large","max-video-preview":"max-video-preview:-1"},"canonical":"https:\/\/delorenzoglobal.com\/fr\/produit\/smart-grid\/","og_locale":"fr_FR","og_type":"article","og_title":"SMART GRID - De Lorenzo Training &amp; Didactical Equipment","og_description":"Le syst\u00e8me de r\u00e9seau intelligent d\u00e9velopp\u00e9 par De Lorenzo peut \u00eatre organis\u00e9 en huit sous-syst\u00e8mes, chacun compos\u00e9 de plusieurs modules. Les quatre premiers sous-syst\u00e8mes sont des simulations de sources d&rsquo;\u00e9nergie ; le premier est l&rsquo;alimentation principale du r\u00e9seau avec une unit\u00e9 d&rsquo;alimentation triphas\u00e9e qui repr\u00e9sente une usine de charbon. Les trois autres sous-syst\u00e8mes correspondent \u00e0 [&hellip;]","og_url":"https:\/\/delorenzoglobal.com\/fr\/produit\/smart-grid\/","og_site_name":"De Lorenzo Training &amp; Didactical Equipment","article_modified_time":"2025-10-09T07:23:31+00:00","og_image":[{"width":2560,"height":1420,"url":"https:\/\/delorenzoglobal.com\/wp-content\/uploads\/2024\/04\/DL-SGWD-W-scaled.jpg","type":"image\/jpeg"}],"twitter_card":"summary_large_image","twitter_misc":{"Dur\u00e9e de lecture estim\u00e9e":"3 minutes"},"schema":{"@context":"https:\/\/schema.org","@graph":[{"@type":"WebPage","@id":"https:\/\/delorenzoglobal.com\/fr\/produit\/smart-grid\/","url":"https:\/\/delorenzoglobal.com\/fr\/produit\/smart-grid\/","name":"SMART GRID - De Lorenzo Training &amp; Didactical Equipment","isPartOf":{"@id":"https:\/\/delorenzoglobal.com\/fr\/#website"},"primaryImageOfPage":{"@id":"https:\/\/delorenzoglobal.com\/fr\/produit\/smart-grid\/#primaryimage"},"image":{"@id":"https:\/\/delorenzoglobal.com\/fr\/produit\/smart-grid\/#primaryimage"},"thumbnailUrl":"https:\/\/delorenzoglobal.com\/wp-content\/uploads\/2024\/04\/DL-SGWD-W-scaled.jpg","datePublished":"2024-04-11T12:43:19+00:00","dateModified":"2025-10-09T07:23:31+00:00","breadcrumb":{"@id":"https:\/\/delorenzoglobal.com\/fr\/produit\/smart-grid\/#breadcrumb"},"inLanguage":"fr-FR","potentialAction":[{"@type":"ReadAction","target":["https:\/\/delorenzoglobal.com\/fr\/produit\/smart-grid\/"]}]},{"@type":"ImageObject","inLanguage":"fr-FR","@id":"https:\/\/delorenzoglobal.com\/fr\/produit\/smart-grid\/#primaryimage","url":"https:\/\/delorenzoglobal.com\/wp-content\/uploads\/2024\/04\/DL-SGWD-W-scaled.jpg","contentUrl":"https:\/\/delorenzoglobal.com\/wp-content\/uploads\/2024\/04\/DL-SGWD-W-scaled.jpg","width":2560,"height":1420},{"@type":"BreadcrumbList","@id":"https:\/\/delorenzoglobal.com\/fr\/produit\/smart-grid\/#breadcrumb","itemListElement":[{"@type":"ListItem","position":1,"name":"Home","item":"https:\/\/delorenzoglobal.com\/fr\/"},{"@type":"ListItem","position":2,"name":"Boutique","item":"https:\/\/delorenzoglobal.com\/fr\/boutique\/"},{"@type":"ListItem","position":3,"name":"SMART GRID"}]},{"@type":"WebSite","@id":"https:\/\/delorenzoglobal.com\/fr\/#website","url":"https:\/\/delorenzoglobal.com\/fr\/","name":"De Lorenzo Training &amp; Didactical Equipment","description":"","potentialAction":[{"@type":"SearchAction","target":{"@type":"EntryPoint","urlTemplate":"https:\/\/delorenzoglobal.com\/fr\/?s={search_term_string}"},"query-input":{"@type":"PropertyValueSpecification","valueRequired":true,"valueName":"search_term_string"}}],"inLanguage":"fr-FR"}]}},"_links":{"self":[{"href":"https:\/\/delorenzoglobal.com\/fr\/wp-json\/wp\/v2\/product\/4732","targetHints":{"allow":["GET"]}}],"collection":[{"href":"https:\/\/delorenzoglobal.com\/fr\/wp-json\/wp\/v2\/product"}],"about":[{"href":"https:\/\/delorenzoglobal.com\/fr\/wp-json\/wp\/v2\/types\/product"}],"wp:featuredmedia":[{"embeddable":true,"href":"https:\/\/delorenzoglobal.com\/fr\/wp-json\/wp\/v2\/media\/4725"}],"wp:attachment":[{"href":"https:\/\/delorenzoglobal.com\/fr\/wp-json\/wp\/v2\/media?parent=4732"}],"wp:term":[{"taxonomy":"product_brand","embeddable":true,"href":"https:\/\/delorenzoglobal.com\/fr\/wp-json\/wp\/v2\/product_brand?post=4732"},{"taxonomy":"product_cat","embeddable":true,"href":"https:\/\/delorenzoglobal.com\/fr\/wp-json\/wp\/v2\/product_cat?post=4732"},{"taxonomy":"product_tag","embeddable":true,"href":"https:\/\/delorenzoglobal.com\/fr\/wp-json\/wp\/v2\/product_tag?post=4732"}],"curies":[{"name":"wp","href":"https:\/\/api.w.org\/{rel}","templated":true}]}}