{"id":4689,"date":"2024-04-11T14:08:35","date_gmt":"2024-04-11T12:08:35","guid":{"rendered":"https:\/\/delorenzoglobal.com\/?post_type=product&#038;p=4689"},"modified":"2025-04-29T12:16:37","modified_gmt":"2025-04-29T10:16:37","slug":"energie-hydroelectrique","status":"publish","type":"product","link":"https:\/\/delorenzoglobal.com\/fr\/produit\/energie-hydroelectrique\/","title":{"rendered":"\u00c9NERGIE HYDRO\u00c9LECTRIQUE"},"content":{"rendered":"<p>Ce syst\u00e8me didactique a \u00e9t\u00e9 con\u00e7u pour \u00e9tudier et observer les caract\u00e9ristiques et le comportement d\u2019une turbine Pelton.<\/p>\n<p>Le logement de la turbine est transparent afin de montrer comment la turbine utilise l\u2019inertie produit par un jet d\u2019eau.<\/p>\n<p>Gr\u00e2ce aux diff\u00e9rents indicateurs du syst\u00e8me, il est possible de visualiser toutes les variables relatives \u00e0 la transformation de l\u2019\u00e9nergie.<\/p>\n<p>Le syst\u00e8me de freinage, \u00e0 travers un frein \u00e9lectrique, permet de travailler \u00e0 diff\u00e9rentes vitesses, de mani\u00e8re simple et efficace.<\/p>\n","protected":false},"excerpt":{"rendered":"<p>Ce syst\u00e8me didactique a \u00e9t\u00e9 con\u00e7u pour \u00e9tudier et observer les caract\u00e9ristiques et le comportement d\u2019une turbine Pelton. Le logement de la turbine est transparent afin de montrer comment la turbine utilise l\u2019inertie produit par un jet d\u2019eau. Gr\u00e2ce aux diff\u00e9rents indicateurs du syst\u00e8me, il est possible de visualiser toutes les variables relatives \u00e0 la [&hellip;]<\/p>\n","protected":false},"featured_media":21594,"template":"","meta":{"_acf_changed":false},"product_brand":[],"product_cat":[262],"product_tag":[],"class_list":{"0":"post-4689","1":"product","2":"type-product","3":"status-publish","4":"has-post-thumbnail","6":"product_cat-centrales-electriques","8":"first","9":"instock","10":"shipping-taxable","11":"product-type-simple"},"acf":[],"yoast_head":"<!-- This site is optimized with the Yoast SEO plugin v27.4 - https:\/\/yoast.com\/product\/yoast-seo-wordpress\/ -->\n<title>\u00c9NERGIE HYDRO\u00c9LECTRIQUE - De Lorenzo Training &amp; Didactical Equipment<\/title>\n<meta name=\"robots\" content=\"index, follow, max-snippet:-1, max-image-preview:large, max-video-preview:-1\" \/>\n<link rel=\"canonical\" href=\"https:\/\/delorenzoglobal.com\/fr\/produit\/energie-hydroelectrique\/\" \/>\n<meta property=\"og:locale\" content=\"fr_FR\" \/>\n<meta property=\"og:type\" content=\"article\" \/>\n<meta property=\"og:title\" content=\"\u00c9NERGIE HYDRO\u00c9LECTRIQUE - De Lorenzo Training &amp; Didactical Equipment\" \/>\n<meta property=\"og:description\" content=\"Ce syst\u00e8me didactique a \u00e9t\u00e9 con\u00e7u pour \u00e9tudier et observer les caract\u00e9ristiques et le comportement d\u2019une turbine Pelton. Le logement de la turbine est transparent afin de montrer comment la turbine utilise l\u2019inertie produit par un jet d\u2019eau. Gr\u00e2ce aux diff\u00e9rents indicateurs du syst\u00e8me, il est possible de visualiser toutes les variables relatives \u00e0 la [&hellip;]\" \/>\n<meta property=\"og:url\" content=\"https:\/\/delorenzoglobal.com\/fr\/produit\/energie-hydroelectrique\/\" \/>\n<meta property=\"og:site_name\" content=\"De Lorenzo Training &amp; Didactical Equipment\" \/>\n<meta property=\"article:modified_time\" content=\"2025-04-29T10:16:37+00:00\" \/>\n<meta property=\"og:image\" content=\"https:\/\/delorenzoglobal.com\/wp-content\/uploads\/2024\/04\/DL-HYDRO-EL-xs.jpg\" \/>\n\t<meta property=\"og:image:width\" content=\"514\" \/>\n\t<meta property=\"og:image:height\" content=\"598\" \/>\n\t<meta property=\"og:image:type\" content=\"image\/jpeg\" \/>\n<meta name=\"twitter:card\" content=\"summary_large_image\" \/>\n<meta name=\"twitter:label1\" content=\"Dur\u00e9e de lecture estim\u00e9e\" \/>\n\t<meta name=\"twitter:data1\" content=\"1 minute\" \/>\n<script type=\"application\/ld+json\" class=\"yoast-schema-graph\">{\"@context\":\"https:\\\/\\\/schema.org\",\"@graph\":[{\"@type\":\"WebPage\",\"@id\":\"https:\\\/\\\/delorenzoglobal.com\\\/fr\\\/produit\\\/energie-hydroelectrique\\\/\",\"url\":\"https:\\\/\\\/delorenzoglobal.com\\\/fr\\\/produit\\\/energie-hydroelectrique\\\/\",\"name\":\"\u00c9NERGIE HYDRO\u00c9LECTRIQUE - De Lorenzo Training &amp; Didactical Equipment\",\"isPartOf\":{\"@id\":\"https:\\\/\\\/delorenzoglobal.com\\\/fr\\\/#website\"},\"primaryImageOfPage\":{\"@id\":\"https:\\\/\\\/delorenzoglobal.com\\\/fr\\\/produit\\\/energie-hydroelectrique\\\/#primaryimage\"},\"image\":{\"@id\":\"https:\\\/\\\/delorenzoglobal.com\\\/fr\\\/produit\\\/energie-hydroelectrique\\\/#primaryimage\"},\"thumbnailUrl\":\"https:\\\/\\\/delorenzoglobal.com\\\/wp-content\\\/uploads\\\/2024\\\/04\\\/DL-HYDRO-EL-xs.jpg\",\"datePublished\":\"2024-04-11T12:08:35+00:00\",\"dateModified\":\"2025-04-29T10:16:37+00:00\",\"breadcrumb\":{\"@id\":\"https:\\\/\\\/delorenzoglobal.com\\\/fr\\\/produit\\\/energie-hydroelectrique\\\/#breadcrumb\"},\"inLanguage\":\"fr-FR\",\"potentialAction\":[{\"@type\":\"ReadAction\",\"target\":[\"https:\\\/\\\/delorenzoglobal.com\\\/fr\\\/produit\\\/energie-hydroelectrique\\\/\"]}]},{\"@type\":\"ImageObject\",\"inLanguage\":\"fr-FR\",\"@id\":\"https:\\\/\\\/delorenzoglobal.com\\\/fr\\\/produit\\\/energie-hydroelectrique\\\/#primaryimage\",\"url\":\"https:\\\/\\\/delorenzoglobal.com\\\/wp-content\\\/uploads\\\/2024\\\/04\\\/DL-HYDRO-EL-xs.jpg\",\"contentUrl\":\"https:\\\/\\\/delorenzoglobal.com\\\/wp-content\\\/uploads\\\/2024\\\/04\\\/DL-HYDRO-EL-xs.jpg\",\"width\":514,\"height\":598},{\"@type\":\"BreadcrumbList\",\"@id\":\"https:\\\/\\\/delorenzoglobal.com\\\/fr\\\/produit\\\/energie-hydroelectrique\\\/#breadcrumb\",\"itemListElement\":[{\"@type\":\"ListItem\",\"position\":1,\"name\":\"Home\",\"item\":\"https:\\\/\\\/delorenzoglobal.com\\\/fr\\\/\"},{\"@type\":\"ListItem\",\"position\":2,\"name\":\"Boutique\",\"item\":\"https:\\\/\\\/delorenzoglobal.com\\\/fr\\\/boutique\\\/\"},{\"@type\":\"ListItem\",\"position\":3,\"name\":\"\u00c9NERGIE HYDRO\u00c9LECTRIQUE\"}]},{\"@type\":\"WebSite\",\"@id\":\"https:\\\/\\\/delorenzoglobal.com\\\/fr\\\/#website\",\"url\":\"https:\\\/\\\/delorenzoglobal.com\\\/fr\\\/\",\"name\":\"De Lorenzo Training &amp; Didactical Equipment\",\"description\":\"\",\"potentialAction\":[{\"@type\":\"SearchAction\",\"target\":{\"@type\":\"EntryPoint\",\"urlTemplate\":\"https:\\\/\\\/delorenzoglobal.com\\\/fr\\\/?s={search_term_string}\"},\"query-input\":{\"@type\":\"PropertyValueSpecification\",\"valueRequired\":true,\"valueName\":\"search_term_string\"}}],\"inLanguage\":\"fr-FR\"}]}<\/script>\n<!-- \/ Yoast SEO plugin. -->","yoast_head_json":{"title":"\u00c9NERGIE HYDRO\u00c9LECTRIQUE - De Lorenzo Training &amp; Didactical Equipment","robots":{"index":"index","follow":"follow","max-snippet":"max-snippet:-1","max-image-preview":"max-image-preview:large","max-video-preview":"max-video-preview:-1"},"canonical":"https:\/\/delorenzoglobal.com\/fr\/produit\/energie-hydroelectrique\/","og_locale":"fr_FR","og_type":"article","og_title":"\u00c9NERGIE HYDRO\u00c9LECTRIQUE - De Lorenzo Training &amp; Didactical Equipment","og_description":"Ce syst\u00e8me didactique a \u00e9t\u00e9 con\u00e7u pour \u00e9tudier et observer les caract\u00e9ristiques et le comportement d\u2019une turbine Pelton. Le logement de la turbine est transparent afin de montrer comment la turbine utilise l\u2019inertie produit par un jet d\u2019eau. Gr\u00e2ce aux diff\u00e9rents indicateurs du syst\u00e8me, il est possible de visualiser toutes les variables relatives \u00e0 la [&hellip;]","og_url":"https:\/\/delorenzoglobal.com\/fr\/produit\/energie-hydroelectrique\/","og_site_name":"De Lorenzo Training &amp; Didactical Equipment","article_modified_time":"2025-04-29T10:16:37+00:00","og_image":[{"width":514,"height":598,"url":"https:\/\/delorenzoglobal.com\/wp-content\/uploads\/2024\/04\/DL-HYDRO-EL-xs.jpg","type":"image\/jpeg"}],"twitter_card":"summary_large_image","twitter_misc":{"Dur\u00e9e de lecture estim\u00e9e":"1 minute"},"schema":{"@context":"https:\/\/schema.org","@graph":[{"@type":"WebPage","@id":"https:\/\/delorenzoglobal.com\/fr\/produit\/energie-hydroelectrique\/","url":"https:\/\/delorenzoglobal.com\/fr\/produit\/energie-hydroelectrique\/","name":"\u00c9NERGIE HYDRO\u00c9LECTRIQUE - De Lorenzo Training &amp; Didactical Equipment","isPartOf":{"@id":"https:\/\/delorenzoglobal.com\/fr\/#website"},"primaryImageOfPage":{"@id":"https:\/\/delorenzoglobal.com\/fr\/produit\/energie-hydroelectrique\/#primaryimage"},"image":{"@id":"https:\/\/delorenzoglobal.com\/fr\/produit\/energie-hydroelectrique\/#primaryimage"},"thumbnailUrl":"https:\/\/delorenzoglobal.com\/wp-content\/uploads\/2024\/04\/DL-HYDRO-EL-xs.jpg","datePublished":"2024-04-11T12:08:35+00:00","dateModified":"2025-04-29T10:16:37+00:00","breadcrumb":{"@id":"https:\/\/delorenzoglobal.com\/fr\/produit\/energie-hydroelectrique\/#breadcrumb"},"inLanguage":"fr-FR","potentialAction":[{"@type":"ReadAction","target":["https:\/\/delorenzoglobal.com\/fr\/produit\/energie-hydroelectrique\/"]}]},{"@type":"ImageObject","inLanguage":"fr-FR","@id":"https:\/\/delorenzoglobal.com\/fr\/produit\/energie-hydroelectrique\/#primaryimage","url":"https:\/\/delorenzoglobal.com\/wp-content\/uploads\/2024\/04\/DL-HYDRO-EL-xs.jpg","contentUrl":"https:\/\/delorenzoglobal.com\/wp-content\/uploads\/2024\/04\/DL-HYDRO-EL-xs.jpg","width":514,"height":598},{"@type":"BreadcrumbList","@id":"https:\/\/delorenzoglobal.com\/fr\/produit\/energie-hydroelectrique\/#breadcrumb","itemListElement":[{"@type":"ListItem","position":1,"name":"Home","item":"https:\/\/delorenzoglobal.com\/fr\/"},{"@type":"ListItem","position":2,"name":"Boutique","item":"https:\/\/delorenzoglobal.com\/fr\/boutique\/"},{"@type":"ListItem","position":3,"name":"\u00c9NERGIE HYDRO\u00c9LECTRIQUE"}]},{"@type":"WebSite","@id":"https:\/\/delorenzoglobal.com\/fr\/#website","url":"https:\/\/delorenzoglobal.com\/fr\/","name":"De Lorenzo Training &amp; Didactical Equipment","description":"","potentialAction":[{"@type":"SearchAction","target":{"@type":"EntryPoint","urlTemplate":"https:\/\/delorenzoglobal.com\/fr\/?s={search_term_string}"},"query-input":{"@type":"PropertyValueSpecification","valueRequired":true,"valueName":"search_term_string"}}],"inLanguage":"fr-FR"}]}},"_links":{"self":[{"href":"https:\/\/delorenzoglobal.com\/fr\/wp-json\/wp\/v2\/product\/4689","targetHints":{"allow":["GET"]}}],"collection":[{"href":"https:\/\/delorenzoglobal.com\/fr\/wp-json\/wp\/v2\/product"}],"about":[{"href":"https:\/\/delorenzoglobal.com\/fr\/wp-json\/wp\/v2\/types\/product"}],"wp:featuredmedia":[{"embeddable":true,"href":"https:\/\/delorenzoglobal.com\/fr\/wp-json\/wp\/v2\/media\/21594"}],"wp:attachment":[{"href":"https:\/\/delorenzoglobal.com\/fr\/wp-json\/wp\/v2\/media?parent=4689"}],"wp:term":[{"taxonomy":"product_brand","embeddable":true,"href":"https:\/\/delorenzoglobal.com\/fr\/wp-json\/wp\/v2\/product_brand?post=4689"},{"taxonomy":"product_cat","embeddable":true,"href":"https:\/\/delorenzoglobal.com\/fr\/wp-json\/wp\/v2\/product_cat?post=4689"},{"taxonomy":"product_tag","embeddable":true,"href":"https:\/\/delorenzoglobal.com\/fr\/wp-json\/wp\/v2\/product_tag?post=4689"}],"curies":[{"name":"wp","href":"https:\/\/api.w.org\/{rel}","templated":true}]}}