{"id":4649,"date":"2024-04-11T13:59:01","date_gmt":"2024-04-11T11:59:01","guid":{"rendered":"https:\/\/delorenzoglobal.com\/?post_type=product&#038;p=4649"},"modified":"2025-04-29T15:03:15","modified_gmt":"2025-04-29T13:03:15","slug":"simulateur-deolienne","status":"publish","type":"product","link":"https:\/\/delorenzoglobal.com\/fr\/produit\/simulateur-deolienne\/","title":{"rendered":"SIMULATEUR D\u2019\u00c9OLIENNE"},"content":{"rendered":"<p>Cet entra\u00eeneur permet aux \u00e9tudiants d&rsquo;\u00e9tudier les fonctions et le fonctionnement d&rsquo;un parc \u00e9olien moderne en simulant les effets de la force du vent sur celui-ci.<\/p>\n<p>Ce syst\u00e8me fonctionne gr\u00e2ce \u00e0 une machine sans balais et un logiciel de simulation, et le G\u00e9n\u00e9rateur Asynchrone Doubly-fed (DFAG) o (DFIG \u2013 Doubly-fed Induction Generator) permet une approche pratique et efficace de cet entra\u00eeneur.<\/p>\n<p>Les g\u00e9n\u00e9rateurs \u00e9lectriques bicarburant ressemblent aux g\u00e9n\u00e9rateurs \u00e9lectriques \u00e0 CA, mais poss\u00e8dent des fonctionnalit\u00e9s suppl\u00e9mentaires qui leur permettent de fonctionner \u00e0 des vitesses l\u00e9g\u00e8rement sup\u00e9rieures ou inf\u00e9rieures \u00e0 leur vitesse synchrone naturelle. Ceci est utile pour les grandes \u00e9oliennes \u00e0 vitesse variable car la vitesse du vent peut changer soudainement.<\/p>\n<p>Le DFAG peut modifier la vitesse du rotor du g\u00e9n\u00e9rateur en contr\u00f4lant la fr\u00e9quence du courant de champ du rotor.<\/p>\n<p>Lorsqu&rsquo;une rafale de vent frappe une \u00e9olienne, les pales tentent d&rsquo;acc\u00e9l\u00e9rer, mais un g\u00e9n\u00e9rateur synchrone est bloqu\u00e9 \u00e0 la vitesse du r\u00e9seau \u00e9lectrique et ne peut pas acc\u00e9l\u00e9rer.<\/p>\n<p>Des forces importantes se d\u00e9veloppent alors dans le moyeu, la bo\u00eete de vitesses et le g\u00e9n\u00e9rateur \u00e0 mesure que le r\u00e9seau \u00e9lectrique repousse.<\/p>\n<p>Cela provoque une usure et des Avec cet entra\u00eeneur il est possible r\u00e9aliser 6 exp\u00e9riences support\u00e9es par le logiciel SCADA<br \/>\nAdress\u00e9 aux:<br \/>\nIng\u00e9nieurs m\u00e9caniques,<br \/>\nIng\u00e9nieurs \u00e9lectriciens,<br \/>\nD\u00e9veloppeurs SCADA,<br \/>\nTechniciens en syst\u00e8mes \u00e9nerg\u00e9tiques,<\/p>\n<p>dommages au m\u00e9canisme. Si vous laissez l&rsquo;\u00e9olienne acc\u00e9l\u00e9rer imm\u00e9diatement lorsqu&rsquo;elle est frapp\u00e9e par une rafale de<br \/>\nvent, les contraintes sont moindres et la puissance de la rafale de vent est toujours convertie en \u00e9lectricit\u00e9 utile.<\/p>\n","protected":false},"excerpt":{"rendered":"<p>Cet entra\u00eeneur permet aux \u00e9tudiants d&rsquo;\u00e9tudier les fonctions et le fonctionnement d&rsquo;un parc \u00e9olien moderne en simulant les effets de la force du vent sur celui-ci. Ce syst\u00e8me fonctionne gr\u00e2ce \u00e0 une machine sans balais et un logiciel de simulation, et le G\u00e9n\u00e9rateur Asynchrone Doubly-fed (DFAG) o (DFIG \u2013 Doubly-fed Induction Generator) permet une approche [&hellip;]<\/p>\n","protected":false},"featured_media":4641,"template":"","meta":{"_acf_changed":false},"product_brand":[],"product_cat":[346,262],"product_tag":[],"class_list":{"0":"post-4649","1":"product","2":"type-product","3":"status-publish","4":"has-post-thumbnail","6":"product_cat-production-distribution-transport-fr","7":"product_cat-centrales-electriques","9":"first","10":"instock","11":"shipping-taxable","12":"product-type-simple"},"acf":[],"yoast_head":"<!-- This site is optimized with the Yoast SEO plugin v27.4 - https:\/\/yoast.com\/product\/yoast-seo-wordpress\/ -->\n<title>SIMULATEUR D\u2019\u00c9OLIENNE - De Lorenzo Training &amp; Didactical Equipment<\/title>\n<meta name=\"robots\" content=\"index, follow, max-snippet:-1, max-image-preview:large, max-video-preview:-1\" \/>\n<link rel=\"canonical\" href=\"https:\/\/delorenzoglobal.com\/fr\/produit\/simulateur-deolienne\/\" \/>\n<meta property=\"og:locale\" content=\"fr_FR\" \/>\n<meta property=\"og:type\" content=\"article\" \/>\n<meta property=\"og:title\" content=\"SIMULATEUR D\u2019\u00c9OLIENNE - De Lorenzo Training &amp; Didactical Equipment\" \/>\n<meta property=\"og:description\" content=\"Cet entra\u00eeneur permet aux \u00e9tudiants d&rsquo;\u00e9tudier les fonctions et le fonctionnement d&rsquo;un parc \u00e9olien moderne en simulant les effets de la force du vent sur celui-ci. Ce syst\u00e8me fonctionne gr\u00e2ce \u00e0 une machine sans balais et un logiciel de simulation, et le G\u00e9n\u00e9rateur Asynchrone Doubly-fed (DFAG) o (DFIG \u2013 Doubly-fed Induction Generator) permet une approche [&hellip;]\" \/>\n<meta property=\"og:url\" content=\"https:\/\/delorenzoglobal.com\/fr\/produit\/simulateur-deolienne\/\" \/>\n<meta property=\"og:site_name\" content=\"De Lorenzo Training &amp; Didactical Equipment\" \/>\n<meta property=\"article:modified_time\" content=\"2025-04-29T13:03:15+00:00\" \/>\n<meta property=\"og:image\" content=\"https:\/\/delorenzoglobal.com\/wp-content\/uploads\/2024\/04\/DL-WPP-scaled.jpg\" \/>\n\t<meta property=\"og:image:width\" content=\"2560\" \/>\n\t<meta property=\"og:image:height\" content=\"1877\" \/>\n\t<meta property=\"og:image:type\" content=\"image\/jpeg\" \/>\n<meta name=\"twitter:card\" content=\"summary_large_image\" \/>\n<meta name=\"twitter:label1\" content=\"Dur\u00e9e de lecture estim\u00e9e\" \/>\n\t<meta name=\"twitter:data1\" content=\"2 minutes\" \/>\n<script type=\"application\/ld+json\" class=\"yoast-schema-graph\">{\"@context\":\"https:\\\/\\\/schema.org\",\"@graph\":[{\"@type\":\"WebPage\",\"@id\":\"https:\\\/\\\/delorenzoglobal.com\\\/fr\\\/produit\\\/simulateur-deolienne\\\/\",\"url\":\"https:\\\/\\\/delorenzoglobal.com\\\/fr\\\/produit\\\/simulateur-deolienne\\\/\",\"name\":\"SIMULATEUR D\u2019\u00c9OLIENNE - De Lorenzo Training &amp; Didactical Equipment\",\"isPartOf\":{\"@id\":\"https:\\\/\\\/delorenzoglobal.com\\\/fr\\\/#website\"},\"primaryImageOfPage\":{\"@id\":\"https:\\\/\\\/delorenzoglobal.com\\\/fr\\\/produit\\\/simulateur-deolienne\\\/#primaryimage\"},\"image\":{\"@id\":\"https:\\\/\\\/delorenzoglobal.com\\\/fr\\\/produit\\\/simulateur-deolienne\\\/#primaryimage\"},\"thumbnailUrl\":\"https:\\\/\\\/delorenzoglobal.com\\\/wp-content\\\/uploads\\\/2024\\\/04\\\/DL-WPP-scaled.jpg\",\"datePublished\":\"2024-04-11T11:59:01+00:00\",\"dateModified\":\"2025-04-29T13:03:15+00:00\",\"breadcrumb\":{\"@id\":\"https:\\\/\\\/delorenzoglobal.com\\\/fr\\\/produit\\\/simulateur-deolienne\\\/#breadcrumb\"},\"inLanguage\":\"fr-FR\",\"potentialAction\":[{\"@type\":\"ReadAction\",\"target\":[\"https:\\\/\\\/delorenzoglobal.com\\\/fr\\\/produit\\\/simulateur-deolienne\\\/\"]}]},{\"@type\":\"ImageObject\",\"inLanguage\":\"fr-FR\",\"@id\":\"https:\\\/\\\/delorenzoglobal.com\\\/fr\\\/produit\\\/simulateur-deolienne\\\/#primaryimage\",\"url\":\"https:\\\/\\\/delorenzoglobal.com\\\/wp-content\\\/uploads\\\/2024\\\/04\\\/DL-WPP-scaled.jpg\",\"contentUrl\":\"https:\\\/\\\/delorenzoglobal.com\\\/wp-content\\\/uploads\\\/2024\\\/04\\\/DL-WPP-scaled.jpg\",\"width\":2560,\"height\":1877},{\"@type\":\"BreadcrumbList\",\"@id\":\"https:\\\/\\\/delorenzoglobal.com\\\/fr\\\/produit\\\/simulateur-deolienne\\\/#breadcrumb\",\"itemListElement\":[{\"@type\":\"ListItem\",\"position\":1,\"name\":\"Home\",\"item\":\"https:\\\/\\\/delorenzoglobal.com\\\/fr\\\/\"},{\"@type\":\"ListItem\",\"position\":2,\"name\":\"Boutique\",\"item\":\"https:\\\/\\\/delorenzoglobal.com\\\/fr\\\/boutique\\\/\"},{\"@type\":\"ListItem\",\"position\":3,\"name\":\"SIMULATEUR D\u2019\u00c9OLIENNE\"}]},{\"@type\":\"WebSite\",\"@id\":\"https:\\\/\\\/delorenzoglobal.com\\\/fr\\\/#website\",\"url\":\"https:\\\/\\\/delorenzoglobal.com\\\/fr\\\/\",\"name\":\"De Lorenzo Training &amp; Didactical Equipment\",\"description\":\"\",\"potentialAction\":[{\"@type\":\"SearchAction\",\"target\":{\"@type\":\"EntryPoint\",\"urlTemplate\":\"https:\\\/\\\/delorenzoglobal.com\\\/fr\\\/?s={search_term_string}\"},\"query-input\":{\"@type\":\"PropertyValueSpecification\",\"valueRequired\":true,\"valueName\":\"search_term_string\"}}],\"inLanguage\":\"fr-FR\"}]}<\/script>\n<!-- \/ Yoast SEO plugin. -->","yoast_head_json":{"title":"SIMULATEUR D\u2019\u00c9OLIENNE - De Lorenzo Training &amp; Didactical Equipment","robots":{"index":"index","follow":"follow","max-snippet":"max-snippet:-1","max-image-preview":"max-image-preview:large","max-video-preview":"max-video-preview:-1"},"canonical":"https:\/\/delorenzoglobal.com\/fr\/produit\/simulateur-deolienne\/","og_locale":"fr_FR","og_type":"article","og_title":"SIMULATEUR D\u2019\u00c9OLIENNE - De Lorenzo Training &amp; Didactical Equipment","og_description":"Cet entra\u00eeneur permet aux \u00e9tudiants d&rsquo;\u00e9tudier les fonctions et le fonctionnement d&rsquo;un parc \u00e9olien moderne en simulant les effets de la force du vent sur celui-ci. Ce syst\u00e8me fonctionne gr\u00e2ce \u00e0 une machine sans balais et un logiciel de simulation, et le G\u00e9n\u00e9rateur Asynchrone Doubly-fed (DFAG) o (DFIG \u2013 Doubly-fed Induction Generator) permet une approche [&hellip;]","og_url":"https:\/\/delorenzoglobal.com\/fr\/produit\/simulateur-deolienne\/","og_site_name":"De Lorenzo Training &amp; Didactical Equipment","article_modified_time":"2025-04-29T13:03:15+00:00","og_image":[{"width":2560,"height":1877,"url":"https:\/\/delorenzoglobal.com\/wp-content\/uploads\/2024\/04\/DL-WPP-scaled.jpg","type":"image\/jpeg"}],"twitter_card":"summary_large_image","twitter_misc":{"Dur\u00e9e de lecture estim\u00e9e":"2 minutes"},"schema":{"@context":"https:\/\/schema.org","@graph":[{"@type":"WebPage","@id":"https:\/\/delorenzoglobal.com\/fr\/produit\/simulateur-deolienne\/","url":"https:\/\/delorenzoglobal.com\/fr\/produit\/simulateur-deolienne\/","name":"SIMULATEUR D\u2019\u00c9OLIENNE - De Lorenzo Training &amp; Didactical Equipment","isPartOf":{"@id":"https:\/\/delorenzoglobal.com\/fr\/#website"},"primaryImageOfPage":{"@id":"https:\/\/delorenzoglobal.com\/fr\/produit\/simulateur-deolienne\/#primaryimage"},"image":{"@id":"https:\/\/delorenzoglobal.com\/fr\/produit\/simulateur-deolienne\/#primaryimage"},"thumbnailUrl":"https:\/\/delorenzoglobal.com\/wp-content\/uploads\/2024\/04\/DL-WPP-scaled.jpg","datePublished":"2024-04-11T11:59:01+00:00","dateModified":"2025-04-29T13:03:15+00:00","breadcrumb":{"@id":"https:\/\/delorenzoglobal.com\/fr\/produit\/simulateur-deolienne\/#breadcrumb"},"inLanguage":"fr-FR","potentialAction":[{"@type":"ReadAction","target":["https:\/\/delorenzoglobal.com\/fr\/produit\/simulateur-deolienne\/"]}]},{"@type":"ImageObject","inLanguage":"fr-FR","@id":"https:\/\/delorenzoglobal.com\/fr\/produit\/simulateur-deolienne\/#primaryimage","url":"https:\/\/delorenzoglobal.com\/wp-content\/uploads\/2024\/04\/DL-WPP-scaled.jpg","contentUrl":"https:\/\/delorenzoglobal.com\/wp-content\/uploads\/2024\/04\/DL-WPP-scaled.jpg","width":2560,"height":1877},{"@type":"BreadcrumbList","@id":"https:\/\/delorenzoglobal.com\/fr\/produit\/simulateur-deolienne\/#breadcrumb","itemListElement":[{"@type":"ListItem","position":1,"name":"Home","item":"https:\/\/delorenzoglobal.com\/fr\/"},{"@type":"ListItem","position":2,"name":"Boutique","item":"https:\/\/delorenzoglobal.com\/fr\/boutique\/"},{"@type":"ListItem","position":3,"name":"SIMULATEUR D\u2019\u00c9OLIENNE"}]},{"@type":"WebSite","@id":"https:\/\/delorenzoglobal.com\/fr\/#website","url":"https:\/\/delorenzoglobal.com\/fr\/","name":"De Lorenzo Training &amp; Didactical Equipment","description":"","potentialAction":[{"@type":"SearchAction","target":{"@type":"EntryPoint","urlTemplate":"https:\/\/delorenzoglobal.com\/fr\/?s={search_term_string}"},"query-input":{"@type":"PropertyValueSpecification","valueRequired":true,"valueName":"search_term_string"}}],"inLanguage":"fr-FR"}]}},"_links":{"self":[{"href":"https:\/\/delorenzoglobal.com\/fr\/wp-json\/wp\/v2\/product\/4649","targetHints":{"allow":["GET"]}}],"collection":[{"href":"https:\/\/delorenzoglobal.com\/fr\/wp-json\/wp\/v2\/product"}],"about":[{"href":"https:\/\/delorenzoglobal.com\/fr\/wp-json\/wp\/v2\/types\/product"}],"wp:featuredmedia":[{"embeddable":true,"href":"https:\/\/delorenzoglobal.com\/fr\/wp-json\/wp\/v2\/media\/4641"}],"wp:attachment":[{"href":"https:\/\/delorenzoglobal.com\/fr\/wp-json\/wp\/v2\/media?parent=4649"}],"wp:term":[{"taxonomy":"product_brand","embeddable":true,"href":"https:\/\/delorenzoglobal.com\/fr\/wp-json\/wp\/v2\/product_brand?post=4649"},{"taxonomy":"product_cat","embeddable":true,"href":"https:\/\/delorenzoglobal.com\/fr\/wp-json\/wp\/v2\/product_cat?post=4649"},{"taxonomy":"product_tag","embeddable":true,"href":"https:\/\/delorenzoglobal.com\/fr\/wp-json\/wp\/v2\/product_tag?post=4649"}],"curies":[{"name":"wp","href":"https:\/\/api.w.org\/{rel}","templated":true}]}}