{"id":450,"date":"2024-03-28T10:09:19","date_gmt":"2024-03-28T09:09:19","guid":{"rendered":"https:\/\/delorenzoglobal.com\/?post_type=product&#038;p=450"},"modified":"2025-01-30T12:57:13","modified_gmt":"2025-01-30T11:57:13","slug":"cours-professionnel-sur-lindustrie-4-0","status":"publish","type":"product","link":"https:\/\/delorenzoglobal.com\/fr\/produit\/cours-professionnel-sur-lindustrie-4-0\/","title":{"rendered":"COURS PROFESSIONNEL SUR  l&rsquo;INDUSTRIE 4.0"},"content":{"rendered":"<p>Le DL I4.0 Lab est un syst\u00e8me didactique collaboratif qui int\u00e8gre des processus mat\u00e9riels \u00e0 travers des logiciels illustrant l\u2019Usine Intelligente du futur.<\/p>\n<p>L&rsquo;accumulation de donn\u00e9es \u00e0 l&rsquo;aide d&rsquo;outils d&rsquo;exploration de donn\u00e9es permet \u00e0 l&rsquo;\u00e9tudiant d&rsquo;identifier les \u00e9l\u00e9ments cl\u00e9s et de d\u00e9velopper les comp\u00e9tences requises par la quatri\u00e8me r\u00e9volution industrielle pour une planification plus efficace et une utilisation plus flexible des ressources.<\/p>\n<p>Le d\u00e9monstrateur est con\u00e7u pour les \u00e9tudiants des \u00e9coles techniques, du premier cycle et du troisi\u00e8me cycle, pour en apprendre davantage sur les concepts et technologies dominants sur le march\u00e9 industriel.<\/p>\n<p>L&rsquo;\u00e9tudiant apprendra comment les processus, les logiciels et le mat\u00e9riel sont li\u00e9s les uns aux autres, pour exploiter plus tard un syst\u00e8me de production automatis\u00e9 de type \u00ab Push \u00bb actuel et le transformer en un syst\u00e8me de type \u00ab Pull \u00bb exploit\u00e9 dans l&rsquo;industrie 4.0.<\/p>\n<p>La plate-forme collaborative encourage la participation des \u00e9tudiants \u00e0 des groupes multidisciplinaires pour simuler en classe les conditions et les probl\u00e8mes g\u00e9n\u00e9ralement rencontr\u00e9s dans l&rsquo;industrie, en d\u00e9veloppant des comp\u00e9tences telles que le travail d&rsquo;\u00e9quipe, le leadership et la pens\u00e9e critique, entre autres.<\/p>\n<p>Le laboratoire DL I4.0 est compos\u00e9 de 3 postes de travail principaux qui d\u00e9montrent le fonctionnement d&rsquo;une Industrie productive :<\/p>\n<p>DL I4.0-ST1<\/p>\n<p>DL I4.0-ST2<\/p>\n<p>DL I4.0-ST3<\/p>\n<p>La ligne r\u00e9alise l&rsquo;op\u00e9ration compl\u00e8te d&rsquo;une usine de balance au sein d&rsquo;un laboratoire scolaire, avec des \u00e9l\u00e9ments utilis\u00e9s dans l&rsquo;industrie, tels que : mat\u00e9riel industriel, logiciel industriel et processus industriels simul\u00e9s.<\/p>\n<p>Les modules interagissent entre eux via diff\u00e9rents protocoles de communication, ce qui en fait un laboratoire de l&rsquo;industrie 4.0.<\/p>\n<p>&nbsp;<\/p>\n","protected":false},"excerpt":{"rendered":"<p>Le DL I4.0 Lab est un syst\u00e8me didactique collaboratif qui int\u00e8gre des processus mat\u00e9riels \u00e0 travers des logiciels illustrant l\u2019Usine Intelligente du futur. L&rsquo;accumulation de donn\u00e9es \u00e0 l&rsquo;aide d&rsquo;outils d&rsquo;exploration de donn\u00e9es permet \u00e0 l&rsquo;\u00e9tudiant d&rsquo;identifier les \u00e9l\u00e9ments cl\u00e9s et de d\u00e9velopper les comp\u00e9tences requises par la quatri\u00e8me r\u00e9volution industrielle pour une planification plus efficace [&hellip;]<\/p>\n","protected":false},"featured_media":36044,"template":"","meta":{"_acf_changed":false},"product_brand":[],"product_cat":[151],"product_tag":[],"class_list":{"0":"post-450","1":"product","2":"type-product","3":"status-publish","4":"has-post-thumbnail","6":"product_cat-systeme-didactique-dl-i4-0","8":"first","9":"instock","10":"shipping-taxable","11":"product-type-simple"},"acf":[],"yoast_head":"<!-- This site is optimized with the Yoast SEO plugin v27.4 - https:\/\/yoast.com\/product\/yoast-seo-wordpress\/ -->\n<title>COURS PROFESSIONNEL SUR l&#039;INDUSTRIE 4.0 - De Lorenzo Training &amp; Didactical Equipment<\/title>\n<meta name=\"robots\" content=\"index, follow, max-snippet:-1, max-image-preview:large, max-video-preview:-1\" \/>\n<link rel=\"canonical\" href=\"https:\/\/delorenzoglobal.com\/fr\/produit\/cours-professionnel-sur-lindustrie-4-0\/\" \/>\n<meta property=\"og:locale\" content=\"fr_FR\" \/>\n<meta property=\"og:type\" content=\"article\" \/>\n<meta property=\"og:title\" content=\"COURS PROFESSIONNEL SUR l&#039;INDUSTRIE 4.0 - De Lorenzo Training &amp; Didactical Equipment\" \/>\n<meta property=\"og:description\" content=\"Le DL I4.0 Lab est un syst\u00e8me didactique collaboratif qui int\u00e8gre des processus mat\u00e9riels \u00e0 travers des logiciels illustrant l\u2019Usine Intelligente du futur. L&rsquo;accumulation de donn\u00e9es \u00e0 l&rsquo;aide d&rsquo;outils d&rsquo;exploration de donn\u00e9es permet \u00e0 l&rsquo;\u00e9tudiant d&rsquo;identifier les \u00e9l\u00e9ments cl\u00e9s et de d\u00e9velopper les comp\u00e9tences requises par la quatri\u00e8me r\u00e9volution industrielle pour une planification plus efficace [&hellip;]\" \/>\n<meta property=\"og:url\" content=\"https:\/\/delorenzoglobal.com\/fr\/produit\/cours-professionnel-sur-lindustrie-4-0\/\" \/>\n<meta property=\"og:site_name\" content=\"De Lorenzo Training &amp; Didactical Equipment\" \/>\n<meta property=\"article:modified_time\" content=\"2025-01-30T11:57:13+00:00\" \/>\n<meta property=\"og:image\" content=\"https:\/\/delorenzoglobal.com\/wp-content\/uploads\/2024\/03\/DL-I4.0-xs.jpg\" \/>\n\t<meta property=\"og:image:width\" content=\"888\" \/>\n\t<meta property=\"og:image:height\" content=\"530\" \/>\n\t<meta property=\"og:image:type\" content=\"image\/jpeg\" \/>\n<meta name=\"twitter:card\" content=\"summary_large_image\" \/>\n<meta name=\"twitter:label1\" content=\"Dur\u00e9e de lecture estim\u00e9e\" \/>\n\t<meta name=\"twitter:data1\" content=\"2 minutes\" \/>\n<script type=\"application\/ld+json\" class=\"yoast-schema-graph\">{\"@context\":\"https:\\\/\\\/schema.org\",\"@graph\":[{\"@type\":\"WebPage\",\"@id\":\"https:\\\/\\\/delorenzoglobal.com\\\/fr\\\/produit\\\/cours-professionnel-sur-lindustrie-4-0\\\/\",\"url\":\"https:\\\/\\\/delorenzoglobal.com\\\/fr\\\/produit\\\/cours-professionnel-sur-lindustrie-4-0\\\/\",\"name\":\"COURS PROFESSIONNEL SUR l'INDUSTRIE 4.0 - De Lorenzo Training &amp; Didactical Equipment\",\"isPartOf\":{\"@id\":\"https:\\\/\\\/delorenzoglobal.com\\\/fr\\\/#website\"},\"primaryImageOfPage\":{\"@id\":\"https:\\\/\\\/delorenzoglobal.com\\\/fr\\\/produit\\\/cours-professionnel-sur-lindustrie-4-0\\\/#primaryimage\"},\"image\":{\"@id\":\"https:\\\/\\\/delorenzoglobal.com\\\/fr\\\/produit\\\/cours-professionnel-sur-lindustrie-4-0\\\/#primaryimage\"},\"thumbnailUrl\":\"https:\\\/\\\/delorenzoglobal.com\\\/wp-content\\\/uploads\\\/2024\\\/03\\\/DL-I4.0-PROFESSIONAL-COURSE-ON-INDUSTRY-4.0-scaled.jpg\",\"datePublished\":\"2024-03-28T09:09:19+00:00\",\"dateModified\":\"2025-01-30T11:57:13+00:00\",\"breadcrumb\":{\"@id\":\"https:\\\/\\\/delorenzoglobal.com\\\/fr\\\/produit\\\/cours-professionnel-sur-lindustrie-4-0\\\/#breadcrumb\"},\"inLanguage\":\"fr-FR\",\"potentialAction\":[{\"@type\":\"ReadAction\",\"target\":[\"https:\\\/\\\/delorenzoglobal.com\\\/fr\\\/produit\\\/cours-professionnel-sur-lindustrie-4-0\\\/\"]}]},{\"@type\":\"ImageObject\",\"inLanguage\":\"fr-FR\",\"@id\":\"https:\\\/\\\/delorenzoglobal.com\\\/fr\\\/produit\\\/cours-professionnel-sur-lindustrie-4-0\\\/#primaryimage\",\"url\":\"https:\\\/\\\/delorenzoglobal.com\\\/wp-content\\\/uploads\\\/2024\\\/03\\\/DL-I4.0-PROFESSIONAL-COURSE-ON-INDUSTRY-4.0-scaled.jpg\",\"contentUrl\":\"https:\\\/\\\/delorenzoglobal.com\\\/wp-content\\\/uploads\\\/2024\\\/03\\\/DL-I4.0-PROFESSIONAL-COURSE-ON-INDUSTRY-4.0-scaled.jpg\",\"width\":2560,\"height\":1530},{\"@type\":\"BreadcrumbList\",\"@id\":\"https:\\\/\\\/delorenzoglobal.com\\\/fr\\\/produit\\\/cours-professionnel-sur-lindustrie-4-0\\\/#breadcrumb\",\"itemListElement\":[{\"@type\":\"ListItem\",\"position\":1,\"name\":\"Home\",\"item\":\"https:\\\/\\\/delorenzoglobal.com\\\/fr\\\/\"},{\"@type\":\"ListItem\",\"position\":2,\"name\":\"Boutique\",\"item\":\"https:\\\/\\\/delorenzoglobal.com\\\/fr\\\/boutique\\\/\"},{\"@type\":\"ListItem\",\"position\":3,\"name\":\"COURS PROFESSIONNEL SUR l&#8217;INDUSTRIE 4.0\"}]},{\"@type\":\"WebSite\",\"@id\":\"https:\\\/\\\/delorenzoglobal.com\\\/fr\\\/#website\",\"url\":\"https:\\\/\\\/delorenzoglobal.com\\\/fr\\\/\",\"name\":\"De Lorenzo Training &amp; Didactical Equipment\",\"description\":\"\",\"potentialAction\":[{\"@type\":\"SearchAction\",\"target\":{\"@type\":\"EntryPoint\",\"urlTemplate\":\"https:\\\/\\\/delorenzoglobal.com\\\/fr\\\/?s={search_term_string}\"},\"query-input\":{\"@type\":\"PropertyValueSpecification\",\"valueRequired\":true,\"valueName\":\"search_term_string\"}}],\"inLanguage\":\"fr-FR\"}]}<\/script>\n<!-- \/ Yoast SEO plugin. -->","yoast_head_json":{"title":"COURS PROFESSIONNEL SUR l'INDUSTRIE 4.0 - De Lorenzo Training &amp; Didactical Equipment","robots":{"index":"index","follow":"follow","max-snippet":"max-snippet:-1","max-image-preview":"max-image-preview:large","max-video-preview":"max-video-preview:-1"},"canonical":"https:\/\/delorenzoglobal.com\/fr\/produit\/cours-professionnel-sur-lindustrie-4-0\/","og_locale":"fr_FR","og_type":"article","og_title":"COURS PROFESSIONNEL SUR l'INDUSTRIE 4.0 - De Lorenzo Training &amp; Didactical Equipment","og_description":"Le DL I4.0 Lab est un syst\u00e8me didactique collaboratif qui int\u00e8gre des processus mat\u00e9riels \u00e0 travers des logiciels illustrant l\u2019Usine Intelligente du futur. L&rsquo;accumulation de donn\u00e9es \u00e0 l&rsquo;aide d&rsquo;outils d&rsquo;exploration de donn\u00e9es permet \u00e0 l&rsquo;\u00e9tudiant d&rsquo;identifier les \u00e9l\u00e9ments cl\u00e9s et de d\u00e9velopper les comp\u00e9tences requises par la quatri\u00e8me r\u00e9volution industrielle pour une planification plus efficace [&hellip;]","og_url":"https:\/\/delorenzoglobal.com\/fr\/produit\/cours-professionnel-sur-lindustrie-4-0\/","og_site_name":"De Lorenzo Training &amp; Didactical Equipment","article_modified_time":"2025-01-30T11:57:13+00:00","og_image":[{"width":888,"height":530,"url":"https:\/\/delorenzoglobal.com\/wp-content\/uploads\/2024\/03\/DL-I4.0-xs.jpg","type":"image\/jpeg"}],"twitter_card":"summary_large_image","twitter_misc":{"Dur\u00e9e de lecture estim\u00e9e":"2 minutes"},"schema":{"@context":"https:\/\/schema.org","@graph":[{"@type":"WebPage","@id":"https:\/\/delorenzoglobal.com\/fr\/produit\/cours-professionnel-sur-lindustrie-4-0\/","url":"https:\/\/delorenzoglobal.com\/fr\/produit\/cours-professionnel-sur-lindustrie-4-0\/","name":"COURS PROFESSIONNEL SUR l'INDUSTRIE 4.0 - De Lorenzo Training &amp; Didactical Equipment","isPartOf":{"@id":"https:\/\/delorenzoglobal.com\/fr\/#website"},"primaryImageOfPage":{"@id":"https:\/\/delorenzoglobal.com\/fr\/produit\/cours-professionnel-sur-lindustrie-4-0\/#primaryimage"},"image":{"@id":"https:\/\/delorenzoglobal.com\/fr\/produit\/cours-professionnel-sur-lindustrie-4-0\/#primaryimage"},"thumbnailUrl":"https:\/\/delorenzoglobal.com\/wp-content\/uploads\/2024\/03\/DL-I4.0-PROFESSIONAL-COURSE-ON-INDUSTRY-4.0-scaled.jpg","datePublished":"2024-03-28T09:09:19+00:00","dateModified":"2025-01-30T11:57:13+00:00","breadcrumb":{"@id":"https:\/\/delorenzoglobal.com\/fr\/produit\/cours-professionnel-sur-lindustrie-4-0\/#breadcrumb"},"inLanguage":"fr-FR","potentialAction":[{"@type":"ReadAction","target":["https:\/\/delorenzoglobal.com\/fr\/produit\/cours-professionnel-sur-lindustrie-4-0\/"]}]},{"@type":"ImageObject","inLanguage":"fr-FR","@id":"https:\/\/delorenzoglobal.com\/fr\/produit\/cours-professionnel-sur-lindustrie-4-0\/#primaryimage","url":"https:\/\/delorenzoglobal.com\/wp-content\/uploads\/2024\/03\/DL-I4.0-PROFESSIONAL-COURSE-ON-INDUSTRY-4.0-scaled.jpg","contentUrl":"https:\/\/delorenzoglobal.com\/wp-content\/uploads\/2024\/03\/DL-I4.0-PROFESSIONAL-COURSE-ON-INDUSTRY-4.0-scaled.jpg","width":2560,"height":1530},{"@type":"BreadcrumbList","@id":"https:\/\/delorenzoglobal.com\/fr\/produit\/cours-professionnel-sur-lindustrie-4-0\/#breadcrumb","itemListElement":[{"@type":"ListItem","position":1,"name":"Home","item":"https:\/\/delorenzoglobal.com\/fr\/"},{"@type":"ListItem","position":2,"name":"Boutique","item":"https:\/\/delorenzoglobal.com\/fr\/boutique\/"},{"@type":"ListItem","position":3,"name":"COURS PROFESSIONNEL SUR l&#8217;INDUSTRIE 4.0"}]},{"@type":"WebSite","@id":"https:\/\/delorenzoglobal.com\/fr\/#website","url":"https:\/\/delorenzoglobal.com\/fr\/","name":"De Lorenzo Training &amp; Didactical Equipment","description":"","potentialAction":[{"@type":"SearchAction","target":{"@type":"EntryPoint","urlTemplate":"https:\/\/delorenzoglobal.com\/fr\/?s={search_term_string}"},"query-input":{"@type":"PropertyValueSpecification","valueRequired":true,"valueName":"search_term_string"}}],"inLanguage":"fr-FR"}]}},"_links":{"self":[{"href":"https:\/\/delorenzoglobal.com\/fr\/wp-json\/wp\/v2\/product\/450","targetHints":{"allow":["GET"]}}],"collection":[{"href":"https:\/\/delorenzoglobal.com\/fr\/wp-json\/wp\/v2\/product"}],"about":[{"href":"https:\/\/delorenzoglobal.com\/fr\/wp-json\/wp\/v2\/types\/product"}],"wp:featuredmedia":[{"embeddable":true,"href":"https:\/\/delorenzoglobal.com\/fr\/wp-json\/wp\/v2\/media\/36044"}],"wp:attachment":[{"href":"https:\/\/delorenzoglobal.com\/fr\/wp-json\/wp\/v2\/media?parent=450"}],"wp:term":[{"taxonomy":"product_brand","embeddable":true,"href":"https:\/\/delorenzoglobal.com\/fr\/wp-json\/wp\/v2\/product_brand?post=450"},{"taxonomy":"product_cat","embeddable":true,"href":"https:\/\/delorenzoglobal.com\/fr\/wp-json\/wp\/v2\/product_cat?post=450"},{"taxonomy":"product_tag","embeddable":true,"href":"https:\/\/delorenzoglobal.com\/fr\/wp-json\/wp\/v2\/product_tag?post=450"}],"curies":[{"name":"wp","href":"https:\/\/api.w.org\/{rel}","templated":true}]}}