{"id":4480,"date":"2024-04-11T12:41:57","date_gmt":"2024-04-11T10:41:57","guid":{"rendered":"https:\/\/delorenzoglobal.com\/?post_type=product&#038;p=4480"},"modified":"2025-04-29T11:41:36","modified_gmt":"2025-04-29T09:41:36","slug":"simulateur-dinstallation-solaire-thermique","status":"publish","type":"product","link":"https:\/\/delorenzoglobal.com\/fr\/produit\/simulateur-dinstallation-solaire-thermique\/","title":{"rendered":"SIMULATEUR D\u2019INSTALLATION SOLAIRE THERMIQUE"},"content":{"rendered":"<p>Syst\u00e8me didactique pour l&rsquo;\u00e9tude th\u00e9orique des syst\u00e8mes solaires utilis\u00e9s pour obtenir de l&rsquo;eau chaude pour les sanitaires, la climatisation et autres applications civiles.<\/p>\n<p>Le simulateur permet un large \u00e9ventail d&rsquo;applications \u00e9ducatives.<\/p>\n<p>Le syst\u00e8me simule en outre six sondes de temp\u00e9rature disponibles \u00e0 diff\u00e9rents points du circuit, et un capteur de rayonnement solaire qui est utilis\u00e9 pour calculer l&rsquo;\u00e9nergie absorb\u00e9e.<\/p>\n","protected":false},"excerpt":{"rendered":"<p>Syst\u00e8me didactique pour l&rsquo;\u00e9tude th\u00e9orique des syst\u00e8mes solaires utilis\u00e9s pour obtenir de l&rsquo;eau chaude pour les sanitaires, la climatisation et autres applications civiles. Le simulateur permet un large \u00e9ventail d&rsquo;applications \u00e9ducatives. Le syst\u00e8me simule en outre six sondes de temp\u00e9rature disponibles \u00e0 diff\u00e9rents points du circuit, et un capteur de rayonnement solaire qui est utilis\u00e9 [&hellip;]<\/p>\n","protected":false},"featured_media":16466,"template":"","meta":{"_acf_changed":false},"product_brand":[],"product_cat":[401,259],"product_tag":[],"class_list":{"0":"post-4480","1":"product","2":"type-product","3":"status-publish","4":"has-post-thumbnail","6":"product_cat-installation-de-chauffage-et-sanitaires","7":"product_cat-solaire-thermique","9":"first","10":"instock","11":"shipping-taxable","12":"product-type-simple"},"acf":[],"yoast_head":"<!-- This site is optimized with the Yoast SEO plugin v27.0 - https:\/\/yoast.com\/product\/yoast-seo-wordpress\/ -->\n<title>SIMULATEUR D\u2019INSTALLATION SOLAIRE THERMIQUE - De Lorenzo Training &amp; Didactical Equipment<\/title>\n<meta name=\"robots\" content=\"index, follow, max-snippet:-1, max-image-preview:large, max-video-preview:-1\" \/>\n<link rel=\"canonical\" href=\"https:\/\/delorenzoglobal.com\/fr\/produit\/simulateur-dinstallation-solaire-thermique\/\" \/>\n<meta property=\"og:locale\" content=\"fr_FR\" \/>\n<meta property=\"og:type\" content=\"article\" \/>\n<meta property=\"og:title\" content=\"SIMULATEUR D\u2019INSTALLATION SOLAIRE THERMIQUE - De Lorenzo Training &amp; Didactical Equipment\" \/>\n<meta property=\"og:description\" content=\"Syst\u00e8me didactique pour l&rsquo;\u00e9tude th\u00e9orique des syst\u00e8mes solaires utilis\u00e9s pour obtenir de l&rsquo;eau chaude pour les sanitaires, la climatisation et autres applications civiles. Le simulateur permet un large \u00e9ventail d&rsquo;applications \u00e9ducatives. Le syst\u00e8me simule en outre six sondes de temp\u00e9rature disponibles \u00e0 diff\u00e9rents points du circuit, et un capteur de rayonnement solaire qui est utilis\u00e9 [&hellip;]\" \/>\n<meta property=\"og:url\" content=\"https:\/\/delorenzoglobal.com\/fr\/produit\/simulateur-dinstallation-solaire-thermique\/\" \/>\n<meta property=\"og:site_name\" content=\"De Lorenzo Training &amp; Didactical Equipment\" \/>\n<meta property=\"article:modified_time\" content=\"2025-04-29T09:41:36+00:00\" \/>\n<meta property=\"og:image\" content=\"https:\/\/delorenzoglobal.com\/wp-content\/uploads\/2024\/04\/DL-TM12-xs-scaled.jpg\" \/>\n\t<meta property=\"og:image:width\" content=\"2560\" \/>\n\t<meta property=\"og:image:height\" content=\"1630\" \/>\n\t<meta property=\"og:image:type\" content=\"image\/jpeg\" \/>\n<meta name=\"twitter:card\" content=\"summary_large_image\" \/>\n<meta name=\"twitter:label1\" content=\"Dur\u00e9e de lecture estim\u00e9e\" \/>\n\t<meta name=\"twitter:data1\" content=\"1 minute\" \/>\n<script type=\"application\/ld+json\" class=\"yoast-schema-graph\">{\"@context\":\"https:\/\/schema.org\",\"@graph\":[{\"@type\":\"WebPage\",\"@id\":\"https:\/\/delorenzoglobal.com\/fr\/produit\/simulateur-dinstallation-solaire-thermique\/\",\"url\":\"https:\/\/delorenzoglobal.com\/fr\/produit\/simulateur-dinstallation-solaire-thermique\/\",\"name\":\"SIMULATEUR D\u2019INSTALLATION SOLAIRE THERMIQUE - De Lorenzo Training &amp; Didactical Equipment\",\"isPartOf\":{\"@id\":\"https:\/\/delorenzoglobal.com\/fr\/#website\"},\"primaryImageOfPage\":{\"@id\":\"https:\/\/delorenzoglobal.com\/fr\/produit\/simulateur-dinstallation-solaire-thermique\/#primaryimage\"},\"image\":{\"@id\":\"https:\/\/delorenzoglobal.com\/fr\/produit\/simulateur-dinstallation-solaire-thermique\/#primaryimage\"},\"thumbnailUrl\":\"https:\/\/delorenzoglobal.com\/wp-content\/uploads\/2024\/04\/DL-TM12-xs-scaled.jpg\",\"datePublished\":\"2024-04-11T10:41:57+00:00\",\"dateModified\":\"2025-04-29T09:41:36+00:00\",\"breadcrumb\":{\"@id\":\"https:\/\/delorenzoglobal.com\/fr\/produit\/simulateur-dinstallation-solaire-thermique\/#breadcrumb\"},\"inLanguage\":\"fr-FR\",\"potentialAction\":[{\"@type\":\"ReadAction\",\"target\":[\"https:\/\/delorenzoglobal.com\/fr\/produit\/simulateur-dinstallation-solaire-thermique\/\"]}]},{\"@type\":\"ImageObject\",\"inLanguage\":\"fr-FR\",\"@id\":\"https:\/\/delorenzoglobal.com\/fr\/produit\/simulateur-dinstallation-solaire-thermique\/#primaryimage\",\"url\":\"https:\/\/delorenzoglobal.com\/wp-content\/uploads\/2024\/04\/DL-TM12-xs-scaled.jpg\",\"contentUrl\":\"https:\/\/delorenzoglobal.com\/wp-content\/uploads\/2024\/04\/DL-TM12-xs-scaled.jpg\",\"width\":2560,\"height\":1630},{\"@type\":\"BreadcrumbList\",\"@id\":\"https:\/\/delorenzoglobal.com\/fr\/produit\/simulateur-dinstallation-solaire-thermique\/#breadcrumb\",\"itemListElement\":[{\"@type\":\"ListItem\",\"position\":1,\"name\":\"Home\",\"item\":\"https:\/\/delorenzoglobal.com\/fr\/\"},{\"@type\":\"ListItem\",\"position\":2,\"name\":\"Boutique\",\"item\":\"https:\/\/delorenzoglobal.com\/fr\/boutique\/\"},{\"@type\":\"ListItem\",\"position\":3,\"name\":\"SIMULATEUR D\u2019INSTALLATION SOLAIRE THERMIQUE\"}]},{\"@type\":\"WebSite\",\"@id\":\"https:\/\/delorenzoglobal.com\/fr\/#website\",\"url\":\"https:\/\/delorenzoglobal.com\/fr\/\",\"name\":\"De Lorenzo Training &amp; Didactical Equipment\",\"description\":\"\",\"potentialAction\":[{\"@type\":\"SearchAction\",\"target\":{\"@type\":\"EntryPoint\",\"urlTemplate\":\"https:\/\/delorenzoglobal.com\/fr\/?s={search_term_string}\"},\"query-input\":{\"@type\":\"PropertyValueSpecification\",\"valueRequired\":true,\"valueName\":\"search_term_string\"}}],\"inLanguage\":\"fr-FR\"}]}<\/script>\n<!-- \/ Yoast SEO plugin. -->","yoast_head_json":{"title":"SIMULATEUR D\u2019INSTALLATION SOLAIRE THERMIQUE - De Lorenzo Training &amp; Didactical Equipment","robots":{"index":"index","follow":"follow","max-snippet":"max-snippet:-1","max-image-preview":"max-image-preview:large","max-video-preview":"max-video-preview:-1"},"canonical":"https:\/\/delorenzoglobal.com\/fr\/produit\/simulateur-dinstallation-solaire-thermique\/","og_locale":"fr_FR","og_type":"article","og_title":"SIMULATEUR D\u2019INSTALLATION SOLAIRE THERMIQUE - De Lorenzo Training &amp; Didactical Equipment","og_description":"Syst\u00e8me didactique pour l&rsquo;\u00e9tude th\u00e9orique des syst\u00e8mes solaires utilis\u00e9s pour obtenir de l&rsquo;eau chaude pour les sanitaires, la climatisation et autres applications civiles. Le simulateur permet un large \u00e9ventail d&rsquo;applications \u00e9ducatives. Le syst\u00e8me simule en outre six sondes de temp\u00e9rature disponibles \u00e0 diff\u00e9rents points du circuit, et un capteur de rayonnement solaire qui est utilis\u00e9 [&hellip;]","og_url":"https:\/\/delorenzoglobal.com\/fr\/produit\/simulateur-dinstallation-solaire-thermique\/","og_site_name":"De Lorenzo Training &amp; Didactical Equipment","article_modified_time":"2025-04-29T09:41:36+00:00","og_image":[{"width":2560,"height":1630,"url":"https:\/\/delorenzoglobal.com\/wp-content\/uploads\/2024\/04\/DL-TM12-xs-scaled.jpg","type":"image\/jpeg"}],"twitter_card":"summary_large_image","twitter_misc":{"Dur\u00e9e de lecture estim\u00e9e":"1 minute"},"schema":{"@context":"https:\/\/schema.org","@graph":[{"@type":"WebPage","@id":"https:\/\/delorenzoglobal.com\/fr\/produit\/simulateur-dinstallation-solaire-thermique\/","url":"https:\/\/delorenzoglobal.com\/fr\/produit\/simulateur-dinstallation-solaire-thermique\/","name":"SIMULATEUR D\u2019INSTALLATION SOLAIRE THERMIQUE - De Lorenzo Training &amp; Didactical Equipment","isPartOf":{"@id":"https:\/\/delorenzoglobal.com\/fr\/#website"},"primaryImageOfPage":{"@id":"https:\/\/delorenzoglobal.com\/fr\/produit\/simulateur-dinstallation-solaire-thermique\/#primaryimage"},"image":{"@id":"https:\/\/delorenzoglobal.com\/fr\/produit\/simulateur-dinstallation-solaire-thermique\/#primaryimage"},"thumbnailUrl":"https:\/\/delorenzoglobal.com\/wp-content\/uploads\/2024\/04\/DL-TM12-xs-scaled.jpg","datePublished":"2024-04-11T10:41:57+00:00","dateModified":"2025-04-29T09:41:36+00:00","breadcrumb":{"@id":"https:\/\/delorenzoglobal.com\/fr\/produit\/simulateur-dinstallation-solaire-thermique\/#breadcrumb"},"inLanguage":"fr-FR","potentialAction":[{"@type":"ReadAction","target":["https:\/\/delorenzoglobal.com\/fr\/produit\/simulateur-dinstallation-solaire-thermique\/"]}]},{"@type":"ImageObject","inLanguage":"fr-FR","@id":"https:\/\/delorenzoglobal.com\/fr\/produit\/simulateur-dinstallation-solaire-thermique\/#primaryimage","url":"https:\/\/delorenzoglobal.com\/wp-content\/uploads\/2024\/04\/DL-TM12-xs-scaled.jpg","contentUrl":"https:\/\/delorenzoglobal.com\/wp-content\/uploads\/2024\/04\/DL-TM12-xs-scaled.jpg","width":2560,"height":1630},{"@type":"BreadcrumbList","@id":"https:\/\/delorenzoglobal.com\/fr\/produit\/simulateur-dinstallation-solaire-thermique\/#breadcrumb","itemListElement":[{"@type":"ListItem","position":1,"name":"Home","item":"https:\/\/delorenzoglobal.com\/fr\/"},{"@type":"ListItem","position":2,"name":"Boutique","item":"https:\/\/delorenzoglobal.com\/fr\/boutique\/"},{"@type":"ListItem","position":3,"name":"SIMULATEUR D\u2019INSTALLATION SOLAIRE THERMIQUE"}]},{"@type":"WebSite","@id":"https:\/\/delorenzoglobal.com\/fr\/#website","url":"https:\/\/delorenzoglobal.com\/fr\/","name":"De Lorenzo Training &amp; Didactical Equipment","description":"","potentialAction":[{"@type":"SearchAction","target":{"@type":"EntryPoint","urlTemplate":"https:\/\/delorenzoglobal.com\/fr\/?s={search_term_string}"},"query-input":{"@type":"PropertyValueSpecification","valueRequired":true,"valueName":"search_term_string"}}],"inLanguage":"fr-FR"}]}},"_links":{"self":[{"href":"https:\/\/delorenzoglobal.com\/fr\/wp-json\/wp\/v2\/product\/4480","targetHints":{"allow":["GET"]}}],"collection":[{"href":"https:\/\/delorenzoglobal.com\/fr\/wp-json\/wp\/v2\/product"}],"about":[{"href":"https:\/\/delorenzoglobal.com\/fr\/wp-json\/wp\/v2\/types\/product"}],"wp:featuredmedia":[{"embeddable":true,"href":"https:\/\/delorenzoglobal.com\/fr\/wp-json\/wp\/v2\/media\/16466"}],"wp:attachment":[{"href":"https:\/\/delorenzoglobal.com\/fr\/wp-json\/wp\/v2\/media?parent=4480"}],"wp:term":[{"taxonomy":"product_brand","embeddable":true,"href":"https:\/\/delorenzoglobal.com\/fr\/wp-json\/wp\/v2\/product_brand?post=4480"},{"taxonomy":"product_cat","embeddable":true,"href":"https:\/\/delorenzoglobal.com\/fr\/wp-json\/wp\/v2\/product_cat?post=4480"},{"taxonomy":"product_tag","embeddable":true,"href":"https:\/\/delorenzoglobal.com\/fr\/wp-json\/wp\/v2\/product_tag?post=4480"}],"curies":[{"name":"wp","href":"https:\/\/api.w.org\/{rel}","templated":true}]}}