{"id":4441,"date":"2024-04-11T12:35:10","date_gmt":"2024-04-11T10:35:10","guid":{"rendered":"https:\/\/delorenzoglobal.com\/?post_type=product&#038;p=4441"},"modified":"2025-04-29T16:15:26","modified_gmt":"2025-04-29T14:15:26","slug":"panneau-photovoltaiques-et-thermiques","status":"publish","type":"product","link":"https:\/\/delorenzoglobal.com\/fr\/produit\/panneau-photovoltaiques-et-thermiques\/","title":{"rendered":"PANNEAU PHOTOVOLTA\u00cfQUES ET THERMIQUES"},"content":{"rendered":"<p>Le simulateur permet l\u2019\u00e9tude, l\u2019exp\u00e9rimentation et la recherche des pannes, relatives aux composants et syst\u00e8mes suivants :<\/p>\n<ul>\n<li>Cellule photovolta\u00efque de silicium monocristallin carr\u00e9e de 135 mm de c\u00f4t\u00e9<\/li>\n<li>Deux cellules photovolta\u00efques connect\u00e9es en s\u00e9rie<\/li>\n<li>Deux cellules photovolta\u00efques connect\u00e9es en parall\u00e8le<\/li>\n<li>Panneau de 36 cellules photovolta\u00efques connect\u00e9es en s\u00e9rie<\/li>\n<li>Panneau thermique \u00e0 circulation de liquide<\/li>\n<\/ul>\n<p>Ces installations sont reproduites sur le panneau, \u00e0 travers des synoptiques \u00e0 couleurs qui en permettent une analyse compl\u00e8te des circuits \u00e0 fluide, de ses composants et du circuit \u00e9lectrique\/\u00e9lectronique de contr\u00f4le et r\u00e9glage.<\/p>\n","protected":false},"excerpt":{"rendered":"<p>Le simulateur permet l\u2019\u00e9tude, l\u2019exp\u00e9rimentation et la recherche des pannes, relatives aux composants et syst\u00e8mes suivants : Cellule photovolta\u00efque de silicium monocristallin carr\u00e9e de 135 mm de c\u00f4t\u00e9 Deux cellules photovolta\u00efques connect\u00e9es en s\u00e9rie Deux cellules photovolta\u00efques connect\u00e9es en parall\u00e8le Panneau de 36 cellules photovolta\u00efques connect\u00e9es en s\u00e9rie Panneau thermique \u00e0 circulation de liquide Ces [&hellip;]<\/p>\n","protected":false},"featured_media":17090,"template":"","meta":{"_acf_changed":false},"product_brand":[],"product_cat":[401,259],"product_tag":[],"class_list":{"0":"post-4441","1":"product","2":"type-product","3":"status-publish","4":"has-post-thumbnail","6":"product_cat-installation-de-chauffage-et-sanitaires","7":"product_cat-solaire-thermique","9":"first","10":"instock","11":"shipping-taxable","12":"product-type-simple"},"acf":[],"yoast_head":"<!-- This site is optimized with the Yoast SEO plugin v27.0 - https:\/\/yoast.com\/product\/yoast-seo-wordpress\/ -->\n<title>PANNEAU PHOTOVOLTA\u00cfQUES ET THERMIQUES - De Lorenzo Training &amp; Didactical Equipment<\/title>\n<meta name=\"robots\" content=\"index, follow, max-snippet:-1, max-image-preview:large, max-video-preview:-1\" \/>\n<link rel=\"canonical\" href=\"https:\/\/delorenzoglobal.com\/fr\/produit\/panneau-photovoltaiques-et-thermiques\/\" \/>\n<meta property=\"og:locale\" content=\"fr_FR\" \/>\n<meta property=\"og:type\" content=\"article\" \/>\n<meta property=\"og:title\" content=\"PANNEAU PHOTOVOLTA\u00cfQUES ET THERMIQUES - De Lorenzo Training &amp; Didactical Equipment\" \/>\n<meta property=\"og:description\" content=\"Le simulateur permet l\u2019\u00e9tude, l\u2019exp\u00e9rimentation et la recherche des pannes, relatives aux composants et syst\u00e8mes suivants : Cellule photovolta\u00efque de silicium monocristallin carr\u00e9e de 135 mm de c\u00f4t\u00e9 Deux cellules photovolta\u00efques connect\u00e9es en s\u00e9rie Deux cellules photovolta\u00efques connect\u00e9es en parall\u00e8le Panneau de 36 cellules photovolta\u00efques connect\u00e9es en s\u00e9rie Panneau thermique \u00e0 circulation de liquide Ces [&hellip;]\" \/>\n<meta property=\"og:url\" content=\"https:\/\/delorenzoglobal.com\/fr\/produit\/panneau-photovoltaiques-et-thermiques\/\" \/>\n<meta property=\"og:site_name\" content=\"De Lorenzo Training &amp; Didactical Equipment\" \/>\n<meta property=\"article:modified_time\" content=\"2025-04-29T14:15:26+00:00\" \/>\n<meta property=\"og:image\" content=\"https:\/\/delorenzoglobal.com\/wp-content\/uploads\/2024\/04\/DL-TM11-xs-scaled.jpg\" \/>\n\t<meta property=\"og:image:width\" content=\"2560\" \/>\n\t<meta property=\"og:image:height\" content=\"1763\" \/>\n\t<meta property=\"og:image:type\" content=\"image\/jpeg\" \/>\n<meta name=\"twitter:card\" content=\"summary_large_image\" \/>\n<meta name=\"twitter:label1\" content=\"Dur\u00e9e de lecture estim\u00e9e\" \/>\n\t<meta name=\"twitter:data1\" content=\"1 minute\" \/>\n<script type=\"application\/ld+json\" class=\"yoast-schema-graph\">{\"@context\":\"https:\/\/schema.org\",\"@graph\":[{\"@type\":\"WebPage\",\"@id\":\"https:\/\/delorenzoglobal.com\/fr\/produit\/panneau-photovoltaiques-et-thermiques\/\",\"url\":\"https:\/\/delorenzoglobal.com\/fr\/produit\/panneau-photovoltaiques-et-thermiques\/\",\"name\":\"PANNEAU PHOTOVOLTA\u00cfQUES ET THERMIQUES - De Lorenzo Training &amp; Didactical Equipment\",\"isPartOf\":{\"@id\":\"https:\/\/delorenzoglobal.com\/fr\/#website\"},\"primaryImageOfPage\":{\"@id\":\"https:\/\/delorenzoglobal.com\/fr\/produit\/panneau-photovoltaiques-et-thermiques\/#primaryimage\"},\"image\":{\"@id\":\"https:\/\/delorenzoglobal.com\/fr\/produit\/panneau-photovoltaiques-et-thermiques\/#primaryimage\"},\"thumbnailUrl\":\"https:\/\/delorenzoglobal.com\/wp-content\/uploads\/2024\/04\/DL-TM11-xs-scaled.jpg\",\"datePublished\":\"2024-04-11T10:35:10+00:00\",\"dateModified\":\"2025-04-29T14:15:26+00:00\",\"breadcrumb\":{\"@id\":\"https:\/\/delorenzoglobal.com\/fr\/produit\/panneau-photovoltaiques-et-thermiques\/#breadcrumb\"},\"inLanguage\":\"fr-FR\",\"potentialAction\":[{\"@type\":\"ReadAction\",\"target\":[\"https:\/\/delorenzoglobal.com\/fr\/produit\/panneau-photovoltaiques-et-thermiques\/\"]}]},{\"@type\":\"ImageObject\",\"inLanguage\":\"fr-FR\",\"@id\":\"https:\/\/delorenzoglobal.com\/fr\/produit\/panneau-photovoltaiques-et-thermiques\/#primaryimage\",\"url\":\"https:\/\/delorenzoglobal.com\/wp-content\/uploads\/2024\/04\/DL-TM11-xs-scaled.jpg\",\"contentUrl\":\"https:\/\/delorenzoglobal.com\/wp-content\/uploads\/2024\/04\/DL-TM11-xs-scaled.jpg\",\"width\":2560,\"height\":1763},{\"@type\":\"BreadcrumbList\",\"@id\":\"https:\/\/delorenzoglobal.com\/fr\/produit\/panneau-photovoltaiques-et-thermiques\/#breadcrumb\",\"itemListElement\":[{\"@type\":\"ListItem\",\"position\":1,\"name\":\"Home\",\"item\":\"https:\/\/delorenzoglobal.com\/fr\/\"},{\"@type\":\"ListItem\",\"position\":2,\"name\":\"Boutique\",\"item\":\"https:\/\/delorenzoglobal.com\/fr\/boutique\/\"},{\"@type\":\"ListItem\",\"position\":3,\"name\":\"PANNEAU PHOTOVOLTA\u00cfQUES ET THERMIQUES\"}]},{\"@type\":\"WebSite\",\"@id\":\"https:\/\/delorenzoglobal.com\/fr\/#website\",\"url\":\"https:\/\/delorenzoglobal.com\/fr\/\",\"name\":\"De Lorenzo Training &amp; Didactical Equipment\",\"description\":\"\",\"potentialAction\":[{\"@type\":\"SearchAction\",\"target\":{\"@type\":\"EntryPoint\",\"urlTemplate\":\"https:\/\/delorenzoglobal.com\/fr\/?s={search_term_string}\"},\"query-input\":{\"@type\":\"PropertyValueSpecification\",\"valueRequired\":true,\"valueName\":\"search_term_string\"}}],\"inLanguage\":\"fr-FR\"}]}<\/script>\n<!-- \/ Yoast SEO plugin. -->","yoast_head_json":{"title":"PANNEAU PHOTOVOLTA\u00cfQUES ET THERMIQUES - De Lorenzo Training &amp; Didactical Equipment","robots":{"index":"index","follow":"follow","max-snippet":"max-snippet:-1","max-image-preview":"max-image-preview:large","max-video-preview":"max-video-preview:-1"},"canonical":"https:\/\/delorenzoglobal.com\/fr\/produit\/panneau-photovoltaiques-et-thermiques\/","og_locale":"fr_FR","og_type":"article","og_title":"PANNEAU PHOTOVOLTA\u00cfQUES ET THERMIQUES - De Lorenzo Training &amp; Didactical Equipment","og_description":"Le simulateur permet l\u2019\u00e9tude, l\u2019exp\u00e9rimentation et la recherche des pannes, relatives aux composants et syst\u00e8mes suivants : Cellule photovolta\u00efque de silicium monocristallin carr\u00e9e de 135 mm de c\u00f4t\u00e9 Deux cellules photovolta\u00efques connect\u00e9es en s\u00e9rie Deux cellules photovolta\u00efques connect\u00e9es en parall\u00e8le Panneau de 36 cellules photovolta\u00efques connect\u00e9es en s\u00e9rie Panneau thermique \u00e0 circulation de liquide Ces [&hellip;]","og_url":"https:\/\/delorenzoglobal.com\/fr\/produit\/panneau-photovoltaiques-et-thermiques\/","og_site_name":"De Lorenzo Training &amp; Didactical Equipment","article_modified_time":"2025-04-29T14:15:26+00:00","og_image":[{"width":2560,"height":1763,"url":"https:\/\/delorenzoglobal.com\/wp-content\/uploads\/2024\/04\/DL-TM11-xs-scaled.jpg","type":"image\/jpeg"}],"twitter_card":"summary_large_image","twitter_misc":{"Dur\u00e9e de lecture estim\u00e9e":"1 minute"},"schema":{"@context":"https:\/\/schema.org","@graph":[{"@type":"WebPage","@id":"https:\/\/delorenzoglobal.com\/fr\/produit\/panneau-photovoltaiques-et-thermiques\/","url":"https:\/\/delorenzoglobal.com\/fr\/produit\/panneau-photovoltaiques-et-thermiques\/","name":"PANNEAU PHOTOVOLTA\u00cfQUES ET THERMIQUES - De Lorenzo Training &amp; Didactical Equipment","isPartOf":{"@id":"https:\/\/delorenzoglobal.com\/fr\/#website"},"primaryImageOfPage":{"@id":"https:\/\/delorenzoglobal.com\/fr\/produit\/panneau-photovoltaiques-et-thermiques\/#primaryimage"},"image":{"@id":"https:\/\/delorenzoglobal.com\/fr\/produit\/panneau-photovoltaiques-et-thermiques\/#primaryimage"},"thumbnailUrl":"https:\/\/delorenzoglobal.com\/wp-content\/uploads\/2024\/04\/DL-TM11-xs-scaled.jpg","datePublished":"2024-04-11T10:35:10+00:00","dateModified":"2025-04-29T14:15:26+00:00","breadcrumb":{"@id":"https:\/\/delorenzoglobal.com\/fr\/produit\/panneau-photovoltaiques-et-thermiques\/#breadcrumb"},"inLanguage":"fr-FR","potentialAction":[{"@type":"ReadAction","target":["https:\/\/delorenzoglobal.com\/fr\/produit\/panneau-photovoltaiques-et-thermiques\/"]}]},{"@type":"ImageObject","inLanguage":"fr-FR","@id":"https:\/\/delorenzoglobal.com\/fr\/produit\/panneau-photovoltaiques-et-thermiques\/#primaryimage","url":"https:\/\/delorenzoglobal.com\/wp-content\/uploads\/2024\/04\/DL-TM11-xs-scaled.jpg","contentUrl":"https:\/\/delorenzoglobal.com\/wp-content\/uploads\/2024\/04\/DL-TM11-xs-scaled.jpg","width":2560,"height":1763},{"@type":"BreadcrumbList","@id":"https:\/\/delorenzoglobal.com\/fr\/produit\/panneau-photovoltaiques-et-thermiques\/#breadcrumb","itemListElement":[{"@type":"ListItem","position":1,"name":"Home","item":"https:\/\/delorenzoglobal.com\/fr\/"},{"@type":"ListItem","position":2,"name":"Boutique","item":"https:\/\/delorenzoglobal.com\/fr\/boutique\/"},{"@type":"ListItem","position":3,"name":"PANNEAU PHOTOVOLTA\u00cfQUES ET THERMIQUES"}]},{"@type":"WebSite","@id":"https:\/\/delorenzoglobal.com\/fr\/#website","url":"https:\/\/delorenzoglobal.com\/fr\/","name":"De Lorenzo Training &amp; Didactical Equipment","description":"","potentialAction":[{"@type":"SearchAction","target":{"@type":"EntryPoint","urlTemplate":"https:\/\/delorenzoglobal.com\/fr\/?s={search_term_string}"},"query-input":{"@type":"PropertyValueSpecification","valueRequired":true,"valueName":"search_term_string"}}],"inLanguage":"fr-FR"}]}},"_links":{"self":[{"href":"https:\/\/delorenzoglobal.com\/fr\/wp-json\/wp\/v2\/product\/4441","targetHints":{"allow":["GET"]}}],"collection":[{"href":"https:\/\/delorenzoglobal.com\/fr\/wp-json\/wp\/v2\/product"}],"about":[{"href":"https:\/\/delorenzoglobal.com\/fr\/wp-json\/wp\/v2\/types\/product"}],"wp:featuredmedia":[{"embeddable":true,"href":"https:\/\/delorenzoglobal.com\/fr\/wp-json\/wp\/v2\/media\/17090"}],"wp:attachment":[{"href":"https:\/\/delorenzoglobal.com\/fr\/wp-json\/wp\/v2\/media?parent=4441"}],"wp:term":[{"taxonomy":"product_brand","embeddable":true,"href":"https:\/\/delorenzoglobal.com\/fr\/wp-json\/wp\/v2\/product_brand?post=4441"},{"taxonomy":"product_cat","embeddable":true,"href":"https:\/\/delorenzoglobal.com\/fr\/wp-json\/wp\/v2\/product_cat?post=4441"},{"taxonomy":"product_tag","embeddable":true,"href":"https:\/\/delorenzoglobal.com\/fr\/wp-json\/wp\/v2\/product_tag?post=4441"}],"curies":[{"name":"wp","href":"https:\/\/api.w.org\/{rel}","templated":true}]}}