{"id":44283,"date":"2025-03-06T16:14:49","date_gmt":"2025-03-06T15:14:49","guid":{"rendered":"https:\/\/delorenzoglobal.com\/?post_type=product&#038;p=44283"},"modified":"2025-07-04T09:44:51","modified_gmt":"2025-07-04T07:44:51","slug":"laboratoire-delectronique-de-puissance-avec-hardware-in-the-loop","status":"publish","type":"product","link":"https:\/\/delorenzoglobal.com\/fr\/produit\/laboratoire-delectronique-de-puissance-avec-hardware-in-the-loop\/","title":{"rendered":"LABORATOIRE D&rsquo;\u00c9LECTRONIQUE DE PUISSANCE  AVEC HARDWARE IN THE LOOP ASSIST\u00c9 PAR  MATLAB ET SIMULINK"},"content":{"rendered":"<p>Ce syst\u00e8me de formation permet aux utilisateurs de concevoir et de d\u00e9velopper des algorithmes de contr\u00f4le avanc\u00e9s dans les environnements <strong>MATLAB et Simulink<\/strong>, tout en leur permettant de tester et de valider ces algorithmes \u00e0 l&rsquo;aide d&rsquo;une configuration mat\u00e9rielle enti\u00e8rement \u00e9quip\u00e9e. Il s&rsquo;agit d&rsquo;une solution compl\u00e8te pour des \u00e9tudes approfondies et la validation des r\u00e9sultats de la recherche universitaire.<\/p>\n<p>Il se concentre sur les sujets li\u00e9s aux convertisseurs de puissance tels que les hacheurs et les onduleurs, ainsi que sur les entra\u00eenements \u00e9lectriques pour moteurs \u00e0 courant continu, servomoteurs \u00e0 aimant permanent et moteurs asynchrones. L&rsquo;int\u00e9gration d&rsquo;un syst\u00e8me de mesure complet avec le puissant environnement de d\u00e9veloppement <strong>MATLAB et Simulink<\/strong> permet aux utilisateurs de concevoir et de mettre en \u0153uvre efficacement des algorithmes de contr\u00f4le sophistiqu\u00e9s.<\/p>\n","protected":false},"excerpt":{"rendered":"<p>Ce syst\u00e8me de formation permet aux utilisateurs de concevoir et de d\u00e9velopper des algorithmes de contr\u00f4le avanc\u00e9s dans les environnements MATLAB et Simulink, tout en leur permettant de tester et de valider ces algorithmes \u00e0 l&rsquo;aide d&rsquo;une configuration mat\u00e9rielle enti\u00e8rement \u00e9quip\u00e9e. Il s&rsquo;agit d&rsquo;une solution compl\u00e8te pour des \u00e9tudes approfondies et la validation des r\u00e9sultats [&hellip;]<\/p>\n","protected":false},"featured_media":7562,"template":"","meta":{"_acf_changed":false},"product_brand":[],"product_cat":[3127],"product_tag":[],"class_list":{"0":"post-44283","1":"product","2":"type-product","3":"status-publish","4":"has-post-thumbnail","6":"product_cat-hardware-in-the-loop-fr","8":"first","9":"instock","10":"shipping-taxable","11":"product-type-simple"},"acf":[],"yoast_head":"<!-- This site is optimized with the Yoast SEO plugin v27.4 - https:\/\/yoast.com\/product\/yoast-seo-wordpress\/ -->\n<title>LABORATOIRE D&#039;\u00c9LECTRONIQUE DE PUISSANCE AVEC HARDWARE IN THE LOOP ASSIST\u00c9 PAR MATLAB ET SIMULINK - De Lorenzo Training &amp; Didactical Equipment<\/title>\n<meta name=\"robots\" content=\"index, follow, max-snippet:-1, max-image-preview:large, max-video-preview:-1\" \/>\n<link rel=\"canonical\" href=\"https:\/\/delorenzoglobal.com\/fr\/produit\/laboratoire-delectronique-de-puissance-avec-hardware-in-the-loop\/\" \/>\n<meta property=\"og:locale\" content=\"fr_FR\" \/>\n<meta property=\"og:type\" content=\"article\" \/>\n<meta property=\"og:title\" content=\"LABORATOIRE D&#039;\u00c9LECTRONIQUE DE PUISSANCE AVEC HARDWARE IN THE LOOP ASSIST\u00c9 PAR MATLAB ET SIMULINK - De Lorenzo Training &amp; Didactical Equipment\" \/>\n<meta property=\"og:description\" content=\"Ce syst\u00e8me de formation permet aux utilisateurs de concevoir et de d\u00e9velopper des algorithmes de contr\u00f4le avanc\u00e9s dans les environnements MATLAB et Simulink, tout en leur permettant de tester et de valider ces algorithmes \u00e0 l&rsquo;aide d&rsquo;une configuration mat\u00e9rielle enti\u00e8rement \u00e9quip\u00e9e. Il s&rsquo;agit d&rsquo;une solution compl\u00e8te pour des \u00e9tudes approfondies et la validation des r\u00e9sultats [&hellip;]\" \/>\n<meta property=\"og:url\" content=\"https:\/\/delorenzoglobal.com\/fr\/produit\/laboratoire-delectronique-de-puissance-avec-hardware-in-the-loop\/\" \/>\n<meta property=\"og:site_name\" content=\"De Lorenzo Training &amp; Didactical Equipment\" \/>\n<meta property=\"article:modified_time\" content=\"2025-07-04T07:44:51+00:00\" \/>\n<meta property=\"og:image\" content=\"https:\/\/delorenzoglobal.com\/wp-content\/uploads\/2024\/04\/DL-PEL205-scaled.jpg\" \/>\n\t<meta property=\"og:image:width\" content=\"2560\" \/>\n\t<meta property=\"og:image:height\" content=\"1988\" \/>\n\t<meta property=\"og:image:type\" content=\"image\/jpeg\" \/>\n<meta name=\"twitter:card\" content=\"summary_large_image\" \/>\n<meta name=\"twitter:label1\" content=\"Dur\u00e9e de lecture estim\u00e9e\" \/>\n\t<meta name=\"twitter:data1\" content=\"1 minute\" \/>\n<script type=\"application\/ld+json\" class=\"yoast-schema-graph\">{\"@context\":\"https:\\\/\\\/schema.org\",\"@graph\":[{\"@type\":\"WebPage\",\"@id\":\"https:\\\/\\\/delorenzoglobal.com\\\/fr\\\/produit\\\/laboratoire-delectronique-de-puissance-avec-hardware-in-the-loop\\\/\",\"url\":\"https:\\\/\\\/delorenzoglobal.com\\\/fr\\\/produit\\\/laboratoire-delectronique-de-puissance-avec-hardware-in-the-loop\\\/\",\"name\":\"LABORATOIRE D'\u00c9LECTRONIQUE DE PUISSANCE AVEC HARDWARE IN THE LOOP ASSIST\u00c9 PAR MATLAB ET SIMULINK - De Lorenzo Training &amp; Didactical Equipment\",\"isPartOf\":{\"@id\":\"https:\\\/\\\/delorenzoglobal.com\\\/fr\\\/#website\"},\"primaryImageOfPage\":{\"@id\":\"https:\\\/\\\/delorenzoglobal.com\\\/fr\\\/produit\\\/laboratoire-delectronique-de-puissance-avec-hardware-in-the-loop\\\/#primaryimage\"},\"image\":{\"@id\":\"https:\\\/\\\/delorenzoglobal.com\\\/fr\\\/produit\\\/laboratoire-delectronique-de-puissance-avec-hardware-in-the-loop\\\/#primaryimage\"},\"thumbnailUrl\":\"https:\\\/\\\/delorenzoglobal.com\\\/wp-content\\\/uploads\\\/2024\\\/04\\\/DL-PEL205-scaled.jpg\",\"datePublished\":\"2025-03-06T15:14:49+00:00\",\"dateModified\":\"2025-07-04T07:44:51+00:00\",\"breadcrumb\":{\"@id\":\"https:\\\/\\\/delorenzoglobal.com\\\/fr\\\/produit\\\/laboratoire-delectronique-de-puissance-avec-hardware-in-the-loop\\\/#breadcrumb\"},\"inLanguage\":\"fr-FR\",\"potentialAction\":[{\"@type\":\"ReadAction\",\"target\":[\"https:\\\/\\\/delorenzoglobal.com\\\/fr\\\/produit\\\/laboratoire-delectronique-de-puissance-avec-hardware-in-the-loop\\\/\"]}]},{\"@type\":\"ImageObject\",\"inLanguage\":\"fr-FR\",\"@id\":\"https:\\\/\\\/delorenzoglobal.com\\\/fr\\\/produit\\\/laboratoire-delectronique-de-puissance-avec-hardware-in-the-loop\\\/#primaryimage\",\"url\":\"https:\\\/\\\/delorenzoglobal.com\\\/wp-content\\\/uploads\\\/2024\\\/04\\\/DL-PEL205-scaled.jpg\",\"contentUrl\":\"https:\\\/\\\/delorenzoglobal.com\\\/wp-content\\\/uploads\\\/2024\\\/04\\\/DL-PEL205-scaled.jpg\",\"width\":2560,\"height\":1988},{\"@type\":\"BreadcrumbList\",\"@id\":\"https:\\\/\\\/delorenzoglobal.com\\\/fr\\\/produit\\\/laboratoire-delectronique-de-puissance-avec-hardware-in-the-loop\\\/#breadcrumb\",\"itemListElement\":[{\"@type\":\"ListItem\",\"position\":1,\"name\":\"Home\",\"item\":\"https:\\\/\\\/delorenzoglobal.com\\\/fr\\\/\"},{\"@type\":\"ListItem\",\"position\":2,\"name\":\"Boutique\",\"item\":\"https:\\\/\\\/delorenzoglobal.com\\\/fr\\\/boutique\\\/\"},{\"@type\":\"ListItem\",\"position\":3,\"name\":\"LABORATOIRE D&#8217;\u00c9LECTRONIQUE DE PUISSANCE AVEC HARDWARE IN THE LOOP ASSIST\u00c9 PAR MATLAB ET SIMULINK\"}]},{\"@type\":\"WebSite\",\"@id\":\"https:\\\/\\\/delorenzoglobal.com\\\/fr\\\/#website\",\"url\":\"https:\\\/\\\/delorenzoglobal.com\\\/fr\\\/\",\"name\":\"De Lorenzo Training &amp; Didactical Equipment\",\"description\":\"\",\"potentialAction\":[{\"@type\":\"SearchAction\",\"target\":{\"@type\":\"EntryPoint\",\"urlTemplate\":\"https:\\\/\\\/delorenzoglobal.com\\\/fr\\\/?s={search_term_string}\"},\"query-input\":{\"@type\":\"PropertyValueSpecification\",\"valueRequired\":true,\"valueName\":\"search_term_string\"}}],\"inLanguage\":\"fr-FR\"}]}<\/script>\n<!-- \/ Yoast SEO plugin. -->","yoast_head_json":{"title":"LABORATOIRE D'\u00c9LECTRONIQUE DE PUISSANCE AVEC HARDWARE IN THE LOOP ASSIST\u00c9 PAR MATLAB ET SIMULINK - De Lorenzo Training &amp; Didactical Equipment","robots":{"index":"index","follow":"follow","max-snippet":"max-snippet:-1","max-image-preview":"max-image-preview:large","max-video-preview":"max-video-preview:-1"},"canonical":"https:\/\/delorenzoglobal.com\/fr\/produit\/laboratoire-delectronique-de-puissance-avec-hardware-in-the-loop\/","og_locale":"fr_FR","og_type":"article","og_title":"LABORATOIRE D'\u00c9LECTRONIQUE DE PUISSANCE AVEC HARDWARE IN THE LOOP ASSIST\u00c9 PAR MATLAB ET SIMULINK - De Lorenzo Training &amp; Didactical Equipment","og_description":"Ce syst\u00e8me de formation permet aux utilisateurs de concevoir et de d\u00e9velopper des algorithmes de contr\u00f4le avanc\u00e9s dans les environnements MATLAB et Simulink, tout en leur permettant de tester et de valider ces algorithmes \u00e0 l&rsquo;aide d&rsquo;une configuration mat\u00e9rielle enti\u00e8rement \u00e9quip\u00e9e. Il s&rsquo;agit d&rsquo;une solution compl\u00e8te pour des \u00e9tudes approfondies et la validation des r\u00e9sultats [&hellip;]","og_url":"https:\/\/delorenzoglobal.com\/fr\/produit\/laboratoire-delectronique-de-puissance-avec-hardware-in-the-loop\/","og_site_name":"De Lorenzo Training &amp; Didactical Equipment","article_modified_time":"2025-07-04T07:44:51+00:00","og_image":[{"width":2560,"height":1988,"url":"https:\/\/delorenzoglobal.com\/wp-content\/uploads\/2024\/04\/DL-PEL205-scaled.jpg","type":"image\/jpeg"}],"twitter_card":"summary_large_image","twitter_misc":{"Dur\u00e9e de lecture estim\u00e9e":"1 minute"},"schema":{"@context":"https:\/\/schema.org","@graph":[{"@type":"WebPage","@id":"https:\/\/delorenzoglobal.com\/fr\/produit\/laboratoire-delectronique-de-puissance-avec-hardware-in-the-loop\/","url":"https:\/\/delorenzoglobal.com\/fr\/produit\/laboratoire-delectronique-de-puissance-avec-hardware-in-the-loop\/","name":"LABORATOIRE D'\u00c9LECTRONIQUE DE PUISSANCE AVEC HARDWARE IN THE LOOP ASSIST\u00c9 PAR MATLAB ET SIMULINK - De Lorenzo Training &amp; Didactical Equipment","isPartOf":{"@id":"https:\/\/delorenzoglobal.com\/fr\/#website"},"primaryImageOfPage":{"@id":"https:\/\/delorenzoglobal.com\/fr\/produit\/laboratoire-delectronique-de-puissance-avec-hardware-in-the-loop\/#primaryimage"},"image":{"@id":"https:\/\/delorenzoglobal.com\/fr\/produit\/laboratoire-delectronique-de-puissance-avec-hardware-in-the-loop\/#primaryimage"},"thumbnailUrl":"https:\/\/delorenzoglobal.com\/wp-content\/uploads\/2024\/04\/DL-PEL205-scaled.jpg","datePublished":"2025-03-06T15:14:49+00:00","dateModified":"2025-07-04T07:44:51+00:00","breadcrumb":{"@id":"https:\/\/delorenzoglobal.com\/fr\/produit\/laboratoire-delectronique-de-puissance-avec-hardware-in-the-loop\/#breadcrumb"},"inLanguage":"fr-FR","potentialAction":[{"@type":"ReadAction","target":["https:\/\/delorenzoglobal.com\/fr\/produit\/laboratoire-delectronique-de-puissance-avec-hardware-in-the-loop\/"]}]},{"@type":"ImageObject","inLanguage":"fr-FR","@id":"https:\/\/delorenzoglobal.com\/fr\/produit\/laboratoire-delectronique-de-puissance-avec-hardware-in-the-loop\/#primaryimage","url":"https:\/\/delorenzoglobal.com\/wp-content\/uploads\/2024\/04\/DL-PEL205-scaled.jpg","contentUrl":"https:\/\/delorenzoglobal.com\/wp-content\/uploads\/2024\/04\/DL-PEL205-scaled.jpg","width":2560,"height":1988},{"@type":"BreadcrumbList","@id":"https:\/\/delorenzoglobal.com\/fr\/produit\/laboratoire-delectronique-de-puissance-avec-hardware-in-the-loop\/#breadcrumb","itemListElement":[{"@type":"ListItem","position":1,"name":"Home","item":"https:\/\/delorenzoglobal.com\/fr\/"},{"@type":"ListItem","position":2,"name":"Boutique","item":"https:\/\/delorenzoglobal.com\/fr\/boutique\/"},{"@type":"ListItem","position":3,"name":"LABORATOIRE D&#8217;\u00c9LECTRONIQUE DE PUISSANCE AVEC HARDWARE IN THE LOOP ASSIST\u00c9 PAR MATLAB ET SIMULINK"}]},{"@type":"WebSite","@id":"https:\/\/delorenzoglobal.com\/fr\/#website","url":"https:\/\/delorenzoglobal.com\/fr\/","name":"De Lorenzo Training &amp; Didactical Equipment","description":"","potentialAction":[{"@type":"SearchAction","target":{"@type":"EntryPoint","urlTemplate":"https:\/\/delorenzoglobal.com\/fr\/?s={search_term_string}"},"query-input":{"@type":"PropertyValueSpecification","valueRequired":true,"valueName":"search_term_string"}}],"inLanguage":"fr-FR"}]}},"_links":{"self":[{"href":"https:\/\/delorenzoglobal.com\/fr\/wp-json\/wp\/v2\/product\/44283","targetHints":{"allow":["GET"]}}],"collection":[{"href":"https:\/\/delorenzoglobal.com\/fr\/wp-json\/wp\/v2\/product"}],"about":[{"href":"https:\/\/delorenzoglobal.com\/fr\/wp-json\/wp\/v2\/types\/product"}],"wp:featuredmedia":[{"embeddable":true,"href":"https:\/\/delorenzoglobal.com\/fr\/wp-json\/wp\/v2\/media\/7562"}],"wp:attachment":[{"href":"https:\/\/delorenzoglobal.com\/fr\/wp-json\/wp\/v2\/media?parent=44283"}],"wp:term":[{"taxonomy":"product_brand","embeddable":true,"href":"https:\/\/delorenzoglobal.com\/fr\/wp-json\/wp\/v2\/product_brand?post=44283"},{"taxonomy":"product_cat","embeddable":true,"href":"https:\/\/delorenzoglobal.com\/fr\/wp-json\/wp\/v2\/product_cat?post=44283"},{"taxonomy":"product_tag","embeddable":true,"href":"https:\/\/delorenzoglobal.com\/fr\/wp-json\/wp\/v2\/product_tag?post=44283"}],"curies":[{"name":"wp","href":"https:\/\/api.w.org\/{rel}","templated":true}]}}