{"id":4344,"date":"2024-04-11T12:15:50","date_gmt":"2024-04-11T10:15:50","guid":{"rendered":"https:\/\/delorenzoglobal.com\/?post_type=product&#038;p=4344"},"modified":"2025-04-29T11:46:57","modified_gmt":"2025-04-29T09:46:57","slug":"systeme-pour-letude-de-lenergie-solaire-thermique-2","status":"publish","type":"product","link":"https:\/\/delorenzoglobal.com\/fr\/produit\/systeme-pour-letude-de-lenergie-solaire-thermique-2\/","title":{"rendered":"SYST\u00c8ME POUR L\u2019\u00c9TUDE DE L\u2019\u00c9NERGIE SOLAIRE THERMIQUE"},"content":{"rendered":"<p>Syst\u00e8me didactique pour l&rsquo;\u00e9tude th\u00e9orique et pratique des installations solaires utilis\u00e9es pour obtenir de l&rsquo;eau chaude pour l\u2019assainissement, la climatisation et des services similaires.<\/p>\n<p>C\u2019est un syst\u00e8me \u00e0 circulation forc\u00e9e avec une large gamme d&rsquo;applications didactiques.<\/p>\n<p>Il comprend six sondes de temp\u00e9rature disponibles en quatre points diff\u00e9rents, et un capteur de rayonnement solaire qui est utilis\u00e9 pour calculer l&rsquo;\u00e9nergie.<\/p>\n<p>Complet de c\u00e2bles de connexion, manuel des exp\u00e9riences et logiciel pour l\u2019acquisition et le traitement des donn\u00e9es du contr\u00f4le solaire.<\/p>\n","protected":false},"excerpt":{"rendered":"<p>Syst\u00e8me didactique pour l&rsquo;\u00e9tude th\u00e9orique et pratique des installations solaires utilis\u00e9es pour obtenir de l&rsquo;eau chaude pour l\u2019assainissement, la climatisation et des services similaires. C\u2019est un syst\u00e8me \u00e0 circulation forc\u00e9e avec une large gamme d&rsquo;applications didactiques. Il comprend six sondes de temp\u00e9rature disponibles en quatre points diff\u00e9rents, et un capteur de rayonnement solaire qui est [&hellip;]<\/p>\n","protected":false},"featured_media":4337,"template":"","meta":{"_acf_changed":false},"product_brand":[],"product_cat":[401,259],"product_tag":[],"class_list":{"0":"post-4344","1":"product","2":"type-product","3":"status-publish","4":"has-post-thumbnail","6":"product_cat-installation-de-chauffage-et-sanitaires","7":"product_cat-solaire-thermique","9":"first","10":"instock","11":"shipping-taxable","12":"product-type-simple"},"acf":[],"yoast_head":"<!-- This site is optimized with the Yoast SEO plugin v27.0 - https:\/\/yoast.com\/product\/yoast-seo-wordpress\/ -->\n<title>SYST\u00c8ME POUR L\u2019\u00c9TUDE DE L\u2019\u00c9NERGIE SOLAIRE THERMIQUE - De Lorenzo Training &amp; Didactical Equipment<\/title>\n<meta name=\"robots\" content=\"index, follow, max-snippet:-1, max-image-preview:large, max-video-preview:-1\" \/>\n<link rel=\"canonical\" href=\"https:\/\/delorenzoglobal.com\/fr\/produit\/systeme-pour-letude-de-lenergie-solaire-thermique-2\/\" \/>\n<meta property=\"og:locale\" content=\"fr_FR\" \/>\n<meta property=\"og:type\" content=\"article\" \/>\n<meta property=\"og:title\" content=\"SYST\u00c8ME POUR L\u2019\u00c9TUDE DE L\u2019\u00c9NERGIE SOLAIRE THERMIQUE - De Lorenzo Training &amp; Didactical Equipment\" \/>\n<meta property=\"og:description\" content=\"Syst\u00e8me didactique pour l&rsquo;\u00e9tude th\u00e9orique et pratique des installations solaires utilis\u00e9es pour obtenir de l&rsquo;eau chaude pour l\u2019assainissement, la climatisation et des services similaires. C\u2019est un syst\u00e8me \u00e0 circulation forc\u00e9e avec une large gamme d&rsquo;applications didactiques. Il comprend six sondes de temp\u00e9rature disponibles en quatre points diff\u00e9rents, et un capteur de rayonnement solaire qui est [&hellip;]\" \/>\n<meta property=\"og:url\" content=\"https:\/\/delorenzoglobal.com\/fr\/produit\/systeme-pour-letude-de-lenergie-solaire-thermique-2\/\" \/>\n<meta property=\"og:site_name\" content=\"De Lorenzo Training &amp; Didactical Equipment\" \/>\n<meta property=\"article:modified_time\" content=\"2025-04-29T09:46:57+00:00\" \/>\n<meta property=\"og:image\" content=\"https:\/\/delorenzoglobal.com\/wp-content\/uploads\/2024\/04\/DL-THERMO-A2.jpg\" \/>\n\t<meta property=\"og:image:width\" content=\"2479\" \/>\n\t<meta property=\"og:image:height\" content=\"1336\" \/>\n\t<meta property=\"og:image:type\" content=\"image\/jpeg\" \/>\n<meta name=\"twitter:card\" content=\"summary_large_image\" \/>\n<meta name=\"twitter:label1\" content=\"Dur\u00e9e de lecture estim\u00e9e\" \/>\n\t<meta name=\"twitter:data1\" content=\"1 minute\" \/>\n<script type=\"application\/ld+json\" class=\"yoast-schema-graph\">{\"@context\":\"https:\/\/schema.org\",\"@graph\":[{\"@type\":\"WebPage\",\"@id\":\"https:\/\/delorenzoglobal.com\/fr\/produit\/systeme-pour-letude-de-lenergie-solaire-thermique-2\/\",\"url\":\"https:\/\/delorenzoglobal.com\/fr\/produit\/systeme-pour-letude-de-lenergie-solaire-thermique-2\/\",\"name\":\"SYST\u00c8ME POUR L\u2019\u00c9TUDE DE L\u2019\u00c9NERGIE SOLAIRE THERMIQUE - De Lorenzo Training &amp; Didactical Equipment\",\"isPartOf\":{\"@id\":\"https:\/\/delorenzoglobal.com\/fr\/#website\"},\"primaryImageOfPage\":{\"@id\":\"https:\/\/delorenzoglobal.com\/fr\/produit\/systeme-pour-letude-de-lenergie-solaire-thermique-2\/#primaryimage\"},\"image\":{\"@id\":\"https:\/\/delorenzoglobal.com\/fr\/produit\/systeme-pour-letude-de-lenergie-solaire-thermique-2\/#primaryimage\"},\"thumbnailUrl\":\"https:\/\/delorenzoglobal.com\/wp-content\/uploads\/2024\/04\/DL-THERMO-A2.jpg\",\"datePublished\":\"2024-04-11T10:15:50+00:00\",\"dateModified\":\"2025-04-29T09:46:57+00:00\",\"breadcrumb\":{\"@id\":\"https:\/\/delorenzoglobal.com\/fr\/produit\/systeme-pour-letude-de-lenergie-solaire-thermique-2\/#breadcrumb\"},\"inLanguage\":\"fr-FR\",\"potentialAction\":[{\"@type\":\"ReadAction\",\"target\":[\"https:\/\/delorenzoglobal.com\/fr\/produit\/systeme-pour-letude-de-lenergie-solaire-thermique-2\/\"]}]},{\"@type\":\"ImageObject\",\"inLanguage\":\"fr-FR\",\"@id\":\"https:\/\/delorenzoglobal.com\/fr\/produit\/systeme-pour-letude-de-lenergie-solaire-thermique-2\/#primaryimage\",\"url\":\"https:\/\/delorenzoglobal.com\/wp-content\/uploads\/2024\/04\/DL-THERMO-A2.jpg\",\"contentUrl\":\"https:\/\/delorenzoglobal.com\/wp-content\/uploads\/2024\/04\/DL-THERMO-A2.jpg\",\"width\":2479,\"height\":1336},{\"@type\":\"BreadcrumbList\",\"@id\":\"https:\/\/delorenzoglobal.com\/fr\/produit\/systeme-pour-letude-de-lenergie-solaire-thermique-2\/#breadcrumb\",\"itemListElement\":[{\"@type\":\"ListItem\",\"position\":1,\"name\":\"Home\",\"item\":\"https:\/\/delorenzoglobal.com\/fr\/\"},{\"@type\":\"ListItem\",\"position\":2,\"name\":\"Boutique\",\"item\":\"https:\/\/delorenzoglobal.com\/fr\/boutique\/\"},{\"@type\":\"ListItem\",\"position\":3,\"name\":\"SYST\u00c8ME POUR L\u2019\u00c9TUDE DE L\u2019\u00c9NERGIE SOLAIRE THERMIQUE\"}]},{\"@type\":\"WebSite\",\"@id\":\"https:\/\/delorenzoglobal.com\/fr\/#website\",\"url\":\"https:\/\/delorenzoglobal.com\/fr\/\",\"name\":\"De Lorenzo Training &amp; Didactical Equipment\",\"description\":\"\",\"potentialAction\":[{\"@type\":\"SearchAction\",\"target\":{\"@type\":\"EntryPoint\",\"urlTemplate\":\"https:\/\/delorenzoglobal.com\/fr\/?s={search_term_string}\"},\"query-input\":{\"@type\":\"PropertyValueSpecification\",\"valueRequired\":true,\"valueName\":\"search_term_string\"}}],\"inLanguage\":\"fr-FR\"}]}<\/script>\n<!-- \/ Yoast SEO plugin. -->","yoast_head_json":{"title":"SYST\u00c8ME POUR L\u2019\u00c9TUDE DE L\u2019\u00c9NERGIE SOLAIRE THERMIQUE - De Lorenzo Training &amp; Didactical Equipment","robots":{"index":"index","follow":"follow","max-snippet":"max-snippet:-1","max-image-preview":"max-image-preview:large","max-video-preview":"max-video-preview:-1"},"canonical":"https:\/\/delorenzoglobal.com\/fr\/produit\/systeme-pour-letude-de-lenergie-solaire-thermique-2\/","og_locale":"fr_FR","og_type":"article","og_title":"SYST\u00c8ME POUR L\u2019\u00c9TUDE DE L\u2019\u00c9NERGIE SOLAIRE THERMIQUE - De Lorenzo Training &amp; Didactical Equipment","og_description":"Syst\u00e8me didactique pour l&rsquo;\u00e9tude th\u00e9orique et pratique des installations solaires utilis\u00e9es pour obtenir de l&rsquo;eau chaude pour l\u2019assainissement, la climatisation et des services similaires. C\u2019est un syst\u00e8me \u00e0 circulation forc\u00e9e avec une large gamme d&rsquo;applications didactiques. Il comprend six sondes de temp\u00e9rature disponibles en quatre points diff\u00e9rents, et un capteur de rayonnement solaire qui est [&hellip;]","og_url":"https:\/\/delorenzoglobal.com\/fr\/produit\/systeme-pour-letude-de-lenergie-solaire-thermique-2\/","og_site_name":"De Lorenzo Training &amp; Didactical Equipment","article_modified_time":"2025-04-29T09:46:57+00:00","og_image":[{"width":2479,"height":1336,"url":"https:\/\/delorenzoglobal.com\/wp-content\/uploads\/2024\/04\/DL-THERMO-A2.jpg","type":"image\/jpeg"}],"twitter_card":"summary_large_image","twitter_misc":{"Dur\u00e9e de lecture estim\u00e9e":"1 minute"},"schema":{"@context":"https:\/\/schema.org","@graph":[{"@type":"WebPage","@id":"https:\/\/delorenzoglobal.com\/fr\/produit\/systeme-pour-letude-de-lenergie-solaire-thermique-2\/","url":"https:\/\/delorenzoglobal.com\/fr\/produit\/systeme-pour-letude-de-lenergie-solaire-thermique-2\/","name":"SYST\u00c8ME POUR L\u2019\u00c9TUDE DE L\u2019\u00c9NERGIE SOLAIRE THERMIQUE - De Lorenzo Training &amp; Didactical Equipment","isPartOf":{"@id":"https:\/\/delorenzoglobal.com\/fr\/#website"},"primaryImageOfPage":{"@id":"https:\/\/delorenzoglobal.com\/fr\/produit\/systeme-pour-letude-de-lenergie-solaire-thermique-2\/#primaryimage"},"image":{"@id":"https:\/\/delorenzoglobal.com\/fr\/produit\/systeme-pour-letude-de-lenergie-solaire-thermique-2\/#primaryimage"},"thumbnailUrl":"https:\/\/delorenzoglobal.com\/wp-content\/uploads\/2024\/04\/DL-THERMO-A2.jpg","datePublished":"2024-04-11T10:15:50+00:00","dateModified":"2025-04-29T09:46:57+00:00","breadcrumb":{"@id":"https:\/\/delorenzoglobal.com\/fr\/produit\/systeme-pour-letude-de-lenergie-solaire-thermique-2\/#breadcrumb"},"inLanguage":"fr-FR","potentialAction":[{"@type":"ReadAction","target":["https:\/\/delorenzoglobal.com\/fr\/produit\/systeme-pour-letude-de-lenergie-solaire-thermique-2\/"]}]},{"@type":"ImageObject","inLanguage":"fr-FR","@id":"https:\/\/delorenzoglobal.com\/fr\/produit\/systeme-pour-letude-de-lenergie-solaire-thermique-2\/#primaryimage","url":"https:\/\/delorenzoglobal.com\/wp-content\/uploads\/2024\/04\/DL-THERMO-A2.jpg","contentUrl":"https:\/\/delorenzoglobal.com\/wp-content\/uploads\/2024\/04\/DL-THERMO-A2.jpg","width":2479,"height":1336},{"@type":"BreadcrumbList","@id":"https:\/\/delorenzoglobal.com\/fr\/produit\/systeme-pour-letude-de-lenergie-solaire-thermique-2\/#breadcrumb","itemListElement":[{"@type":"ListItem","position":1,"name":"Home","item":"https:\/\/delorenzoglobal.com\/fr\/"},{"@type":"ListItem","position":2,"name":"Boutique","item":"https:\/\/delorenzoglobal.com\/fr\/boutique\/"},{"@type":"ListItem","position":3,"name":"SYST\u00c8ME POUR L\u2019\u00c9TUDE DE L\u2019\u00c9NERGIE SOLAIRE THERMIQUE"}]},{"@type":"WebSite","@id":"https:\/\/delorenzoglobal.com\/fr\/#website","url":"https:\/\/delorenzoglobal.com\/fr\/","name":"De Lorenzo Training &amp; Didactical Equipment","description":"","potentialAction":[{"@type":"SearchAction","target":{"@type":"EntryPoint","urlTemplate":"https:\/\/delorenzoglobal.com\/fr\/?s={search_term_string}"},"query-input":{"@type":"PropertyValueSpecification","valueRequired":true,"valueName":"search_term_string"}}],"inLanguage":"fr-FR"}]}},"_links":{"self":[{"href":"https:\/\/delorenzoglobal.com\/fr\/wp-json\/wp\/v2\/product\/4344","targetHints":{"allow":["GET"]}}],"collection":[{"href":"https:\/\/delorenzoglobal.com\/fr\/wp-json\/wp\/v2\/product"}],"about":[{"href":"https:\/\/delorenzoglobal.com\/fr\/wp-json\/wp\/v2\/types\/product"}],"wp:featuredmedia":[{"embeddable":true,"href":"https:\/\/delorenzoglobal.com\/fr\/wp-json\/wp\/v2\/media\/4337"}],"wp:attachment":[{"href":"https:\/\/delorenzoglobal.com\/fr\/wp-json\/wp\/v2\/media?parent=4344"}],"wp:term":[{"taxonomy":"product_brand","embeddable":true,"href":"https:\/\/delorenzoglobal.com\/fr\/wp-json\/wp\/v2\/product_brand?post=4344"},{"taxonomy":"product_cat","embeddable":true,"href":"https:\/\/delorenzoglobal.com\/fr\/wp-json\/wp\/v2\/product_cat?post=4344"},{"taxonomy":"product_tag","embeddable":true,"href":"https:\/\/delorenzoglobal.com\/fr\/wp-json\/wp\/v2\/product_tag?post=4344"}],"curies":[{"name":"wp","href":"https:\/\/api.w.org\/{rel}","templated":true}]}}