{"id":4220,"date":"2024-04-11T11:53:17","date_gmt":"2024-04-11T09:53:17","guid":{"rendered":"https:\/\/delorenzoglobal.com\/?post_type=product&#038;p=4220"},"modified":"2025-04-29T11:18:41","modified_gmt":"2025-04-29T09:18:41","slug":"systeme-modulaire-denergie-soalire-eolienne-avec-connexion-au-reseau","status":"publish","type":"product","link":"https:\/\/delorenzoglobal.com\/fr\/produit\/systeme-modulaire-denergie-soalire-eolienne-avec-connexion-au-reseau\/","title":{"rendered":"SYST\u00c8ME DIDACTIQUE D\u2019\u00c9NERGIE \u00c9OLIENNE ET SOLAIRE AVEC LA CONNEXION AU RESEAU ELECTRIQUE"},"content":{"rendered":"<p>Syst\u00e8me didactique modulaire pour l\u2019\u00e9tude th\u00e9orique et pratique des installations \u00e9lectriques \u00e0 \u00e9nergie solaire photovolta\u00efque et \u00e9olienne.<\/p>\n<p>Avec le syst\u00e8me didactique d\u2019\u00e9nergie \u00e9olienne et solaire il est possible de r\u00e9aliser les exp\u00e9riences pour d\u00e9terminer les caract\u00e9ristiques d\u2019un a\u00e9rog\u00e9n\u00e9rateur et d\u2019un panneau photovolta\u00efque, d\u2019\u00e9tudier<br \/>\nle fonctionnement on-grid avec la connexion au r\u00e9seau \u00e9lectrique.<\/p>\n","protected":false},"excerpt":{"rendered":"<p>Syst\u00e8me didactique modulaire pour l\u2019\u00e9tude th\u00e9orique et pratique des installations \u00e9lectriques \u00e0 \u00e9nergie solaire photovolta\u00efque et \u00e9olienne. Avec le syst\u00e8me didactique d\u2019\u00e9nergie \u00e9olienne et solaire il est possible de r\u00e9aliser les exp\u00e9riences pour d\u00e9terminer les caract\u00e9ristiques d\u2019un a\u00e9rog\u00e9n\u00e9rateur et d\u2019un panneau photovolta\u00efque, d\u2019\u00e9tudier le fonctionnement on-grid avec la connexion au r\u00e9seau \u00e9lectrique.<\/p>\n","protected":false},"featured_media":19441,"template":"","meta":{"_acf_changed":false},"product_brand":[],"product_cat":[256],"product_tag":[],"class_list":{"0":"post-4220","1":"product","2":"type-product","3":"status-publish","4":"has-post-thumbnail","6":"product_cat-systemes-hybrides","8":"first","9":"instock","10":"shipping-taxable","11":"product-type-simple"},"acf":[],"yoast_head":"<!-- This site is optimized with the Yoast SEO plugin v27.4 - https:\/\/yoast.com\/product\/yoast-seo-wordpress\/ -->\n<title>SYST\u00c8ME DIDACTIQUE D\u2019\u00c9NERGIE \u00c9OLIENNE ET SOLAIRE AVEC LA CONNEXION AU RESEAU ELECTRIQUE - De Lorenzo Training &amp; Didactical Equipment<\/title>\n<meta name=\"robots\" content=\"index, follow, max-snippet:-1, max-image-preview:large, max-video-preview:-1\" \/>\n<link rel=\"canonical\" href=\"https:\/\/delorenzoglobal.com\/fr\/produit\/systeme-modulaire-denergie-soalire-eolienne-avec-connexion-au-reseau\/\" \/>\n<meta property=\"og:locale\" content=\"fr_FR\" \/>\n<meta property=\"og:type\" content=\"article\" \/>\n<meta property=\"og:title\" content=\"SYST\u00c8ME DIDACTIQUE D\u2019\u00c9NERGIE \u00c9OLIENNE ET SOLAIRE AVEC LA CONNEXION AU RESEAU ELECTRIQUE - De Lorenzo Training &amp; Didactical Equipment\" \/>\n<meta property=\"og:description\" content=\"Syst\u00e8me didactique modulaire pour l\u2019\u00e9tude th\u00e9orique et pratique des installations \u00e9lectriques \u00e0 \u00e9nergie solaire photovolta\u00efque et \u00e9olienne. Avec le syst\u00e8me didactique d\u2019\u00e9nergie \u00e9olienne et solaire il est possible de r\u00e9aliser les exp\u00e9riences pour d\u00e9terminer les caract\u00e9ristiques d\u2019un a\u00e9rog\u00e9n\u00e9rateur et d\u2019un panneau photovolta\u00efque, d\u2019\u00e9tudier le fonctionnement on-grid avec la connexion au r\u00e9seau \u00e9lectrique.\" \/>\n<meta property=\"og:url\" content=\"https:\/\/delorenzoglobal.com\/fr\/produit\/systeme-modulaire-denergie-soalire-eolienne-avec-connexion-au-reseau\/\" \/>\n<meta property=\"og:site_name\" content=\"De Lorenzo Training &amp; Didactical Equipment\" \/>\n<meta property=\"article:modified_time\" content=\"2025-04-29T09:18:41+00:00\" \/>\n<meta property=\"og:image\" content=\"https:\/\/delorenzoglobal.com\/wp-content\/uploads\/2024\/04\/DL-SUNWIND-GT-xs.jpg\" \/>\n\t<meta property=\"og:image:width\" content=\"1046\" \/>\n\t<meta property=\"og:image:height\" content=\"1185\" \/>\n\t<meta property=\"og:image:type\" content=\"image\/jpeg\" \/>\n<meta name=\"twitter:card\" content=\"summary_large_image\" \/>\n<meta name=\"twitter:label1\" content=\"Dur\u00e9e de lecture estim\u00e9e\" \/>\n\t<meta name=\"twitter:data1\" content=\"1 minute\" \/>\n<script type=\"application\/ld+json\" class=\"yoast-schema-graph\">{\"@context\":\"https:\\\/\\\/schema.org\",\"@graph\":[{\"@type\":\"WebPage\",\"@id\":\"https:\\\/\\\/delorenzoglobal.com\\\/fr\\\/produit\\\/systeme-modulaire-denergie-soalire-eolienne-avec-connexion-au-reseau\\\/\",\"url\":\"https:\\\/\\\/delorenzoglobal.com\\\/fr\\\/produit\\\/systeme-modulaire-denergie-soalire-eolienne-avec-connexion-au-reseau\\\/\",\"name\":\"SYST\u00c8ME DIDACTIQUE D\u2019\u00c9NERGIE \u00c9OLIENNE ET SOLAIRE AVEC LA CONNEXION AU RESEAU ELECTRIQUE - De Lorenzo Training &amp; Didactical Equipment\",\"isPartOf\":{\"@id\":\"https:\\\/\\\/delorenzoglobal.com\\\/fr\\\/#website\"},\"primaryImageOfPage\":{\"@id\":\"https:\\\/\\\/delorenzoglobal.com\\\/fr\\\/produit\\\/systeme-modulaire-denergie-soalire-eolienne-avec-connexion-au-reseau\\\/#primaryimage\"},\"image\":{\"@id\":\"https:\\\/\\\/delorenzoglobal.com\\\/fr\\\/produit\\\/systeme-modulaire-denergie-soalire-eolienne-avec-connexion-au-reseau\\\/#primaryimage\"},\"thumbnailUrl\":\"https:\\\/\\\/delorenzoglobal.com\\\/wp-content\\\/uploads\\\/2024\\\/04\\\/DL-SUNWIND-GT-xs.jpg\",\"datePublished\":\"2024-04-11T09:53:17+00:00\",\"dateModified\":\"2025-04-29T09:18:41+00:00\",\"breadcrumb\":{\"@id\":\"https:\\\/\\\/delorenzoglobal.com\\\/fr\\\/produit\\\/systeme-modulaire-denergie-soalire-eolienne-avec-connexion-au-reseau\\\/#breadcrumb\"},\"inLanguage\":\"fr-FR\",\"potentialAction\":[{\"@type\":\"ReadAction\",\"target\":[\"https:\\\/\\\/delorenzoglobal.com\\\/fr\\\/produit\\\/systeme-modulaire-denergie-soalire-eolienne-avec-connexion-au-reseau\\\/\"]}]},{\"@type\":\"ImageObject\",\"inLanguage\":\"fr-FR\",\"@id\":\"https:\\\/\\\/delorenzoglobal.com\\\/fr\\\/produit\\\/systeme-modulaire-denergie-soalire-eolienne-avec-connexion-au-reseau\\\/#primaryimage\",\"url\":\"https:\\\/\\\/delorenzoglobal.com\\\/wp-content\\\/uploads\\\/2024\\\/04\\\/DL-SUNWIND-GT-xs.jpg\",\"contentUrl\":\"https:\\\/\\\/delorenzoglobal.com\\\/wp-content\\\/uploads\\\/2024\\\/04\\\/DL-SUNWIND-GT-xs.jpg\",\"width\":1046,\"height\":1185},{\"@type\":\"BreadcrumbList\",\"@id\":\"https:\\\/\\\/delorenzoglobal.com\\\/fr\\\/produit\\\/systeme-modulaire-denergie-soalire-eolienne-avec-connexion-au-reseau\\\/#breadcrumb\",\"itemListElement\":[{\"@type\":\"ListItem\",\"position\":1,\"name\":\"Home\",\"item\":\"https:\\\/\\\/delorenzoglobal.com\\\/fr\\\/\"},{\"@type\":\"ListItem\",\"position\":2,\"name\":\"Boutique\",\"item\":\"https:\\\/\\\/delorenzoglobal.com\\\/fr\\\/boutique\\\/\"},{\"@type\":\"ListItem\",\"position\":3,\"name\":\"SYST\u00c8ME DIDACTIQUE D\u2019\u00c9NERGIE \u00c9OLIENNE ET SOLAIRE AVEC LA CONNEXION AU RESEAU ELECTRIQUE\"}]},{\"@type\":\"WebSite\",\"@id\":\"https:\\\/\\\/delorenzoglobal.com\\\/fr\\\/#website\",\"url\":\"https:\\\/\\\/delorenzoglobal.com\\\/fr\\\/\",\"name\":\"De Lorenzo Training &amp; Didactical Equipment\",\"description\":\"\",\"potentialAction\":[{\"@type\":\"SearchAction\",\"target\":{\"@type\":\"EntryPoint\",\"urlTemplate\":\"https:\\\/\\\/delorenzoglobal.com\\\/fr\\\/?s={search_term_string}\"},\"query-input\":{\"@type\":\"PropertyValueSpecification\",\"valueRequired\":true,\"valueName\":\"search_term_string\"}}],\"inLanguage\":\"fr-FR\"}]}<\/script>\n<!-- \/ Yoast SEO plugin. -->","yoast_head_json":{"title":"SYST\u00c8ME DIDACTIQUE D\u2019\u00c9NERGIE \u00c9OLIENNE ET SOLAIRE AVEC LA CONNEXION AU RESEAU ELECTRIQUE - De Lorenzo Training &amp; Didactical Equipment","robots":{"index":"index","follow":"follow","max-snippet":"max-snippet:-1","max-image-preview":"max-image-preview:large","max-video-preview":"max-video-preview:-1"},"canonical":"https:\/\/delorenzoglobal.com\/fr\/produit\/systeme-modulaire-denergie-soalire-eolienne-avec-connexion-au-reseau\/","og_locale":"fr_FR","og_type":"article","og_title":"SYST\u00c8ME DIDACTIQUE D\u2019\u00c9NERGIE \u00c9OLIENNE ET SOLAIRE AVEC LA CONNEXION AU RESEAU ELECTRIQUE - De Lorenzo Training &amp; Didactical Equipment","og_description":"Syst\u00e8me didactique modulaire pour l\u2019\u00e9tude th\u00e9orique et pratique des installations \u00e9lectriques \u00e0 \u00e9nergie solaire photovolta\u00efque et \u00e9olienne. Avec le syst\u00e8me didactique d\u2019\u00e9nergie \u00e9olienne et solaire il est possible de r\u00e9aliser les exp\u00e9riences pour d\u00e9terminer les caract\u00e9ristiques d\u2019un a\u00e9rog\u00e9n\u00e9rateur et d\u2019un panneau photovolta\u00efque, d\u2019\u00e9tudier le fonctionnement on-grid avec la connexion au r\u00e9seau \u00e9lectrique.","og_url":"https:\/\/delorenzoglobal.com\/fr\/produit\/systeme-modulaire-denergie-soalire-eolienne-avec-connexion-au-reseau\/","og_site_name":"De Lorenzo Training &amp; Didactical Equipment","article_modified_time":"2025-04-29T09:18:41+00:00","og_image":[{"width":1046,"height":1185,"url":"https:\/\/delorenzoglobal.com\/wp-content\/uploads\/2024\/04\/DL-SUNWIND-GT-xs.jpg","type":"image\/jpeg"}],"twitter_card":"summary_large_image","twitter_misc":{"Dur\u00e9e de lecture estim\u00e9e":"1 minute"},"schema":{"@context":"https:\/\/schema.org","@graph":[{"@type":"WebPage","@id":"https:\/\/delorenzoglobal.com\/fr\/produit\/systeme-modulaire-denergie-soalire-eolienne-avec-connexion-au-reseau\/","url":"https:\/\/delorenzoglobal.com\/fr\/produit\/systeme-modulaire-denergie-soalire-eolienne-avec-connexion-au-reseau\/","name":"SYST\u00c8ME DIDACTIQUE D\u2019\u00c9NERGIE \u00c9OLIENNE ET SOLAIRE AVEC LA CONNEXION AU RESEAU ELECTRIQUE - De Lorenzo Training &amp; Didactical Equipment","isPartOf":{"@id":"https:\/\/delorenzoglobal.com\/fr\/#website"},"primaryImageOfPage":{"@id":"https:\/\/delorenzoglobal.com\/fr\/produit\/systeme-modulaire-denergie-soalire-eolienne-avec-connexion-au-reseau\/#primaryimage"},"image":{"@id":"https:\/\/delorenzoglobal.com\/fr\/produit\/systeme-modulaire-denergie-soalire-eolienne-avec-connexion-au-reseau\/#primaryimage"},"thumbnailUrl":"https:\/\/delorenzoglobal.com\/wp-content\/uploads\/2024\/04\/DL-SUNWIND-GT-xs.jpg","datePublished":"2024-04-11T09:53:17+00:00","dateModified":"2025-04-29T09:18:41+00:00","breadcrumb":{"@id":"https:\/\/delorenzoglobal.com\/fr\/produit\/systeme-modulaire-denergie-soalire-eolienne-avec-connexion-au-reseau\/#breadcrumb"},"inLanguage":"fr-FR","potentialAction":[{"@type":"ReadAction","target":["https:\/\/delorenzoglobal.com\/fr\/produit\/systeme-modulaire-denergie-soalire-eolienne-avec-connexion-au-reseau\/"]}]},{"@type":"ImageObject","inLanguage":"fr-FR","@id":"https:\/\/delorenzoglobal.com\/fr\/produit\/systeme-modulaire-denergie-soalire-eolienne-avec-connexion-au-reseau\/#primaryimage","url":"https:\/\/delorenzoglobal.com\/wp-content\/uploads\/2024\/04\/DL-SUNWIND-GT-xs.jpg","contentUrl":"https:\/\/delorenzoglobal.com\/wp-content\/uploads\/2024\/04\/DL-SUNWIND-GT-xs.jpg","width":1046,"height":1185},{"@type":"BreadcrumbList","@id":"https:\/\/delorenzoglobal.com\/fr\/produit\/systeme-modulaire-denergie-soalire-eolienne-avec-connexion-au-reseau\/#breadcrumb","itemListElement":[{"@type":"ListItem","position":1,"name":"Home","item":"https:\/\/delorenzoglobal.com\/fr\/"},{"@type":"ListItem","position":2,"name":"Boutique","item":"https:\/\/delorenzoglobal.com\/fr\/boutique\/"},{"@type":"ListItem","position":3,"name":"SYST\u00c8ME DIDACTIQUE D\u2019\u00c9NERGIE \u00c9OLIENNE ET SOLAIRE AVEC LA CONNEXION AU RESEAU ELECTRIQUE"}]},{"@type":"WebSite","@id":"https:\/\/delorenzoglobal.com\/fr\/#website","url":"https:\/\/delorenzoglobal.com\/fr\/","name":"De Lorenzo Training &amp; Didactical Equipment","description":"","potentialAction":[{"@type":"SearchAction","target":{"@type":"EntryPoint","urlTemplate":"https:\/\/delorenzoglobal.com\/fr\/?s={search_term_string}"},"query-input":{"@type":"PropertyValueSpecification","valueRequired":true,"valueName":"search_term_string"}}],"inLanguage":"fr-FR"}]}},"_links":{"self":[{"href":"https:\/\/delorenzoglobal.com\/fr\/wp-json\/wp\/v2\/product\/4220","targetHints":{"allow":["GET"]}}],"collection":[{"href":"https:\/\/delorenzoglobal.com\/fr\/wp-json\/wp\/v2\/product"}],"about":[{"href":"https:\/\/delorenzoglobal.com\/fr\/wp-json\/wp\/v2\/types\/product"}],"wp:featuredmedia":[{"embeddable":true,"href":"https:\/\/delorenzoglobal.com\/fr\/wp-json\/wp\/v2\/media\/19441"}],"wp:attachment":[{"href":"https:\/\/delorenzoglobal.com\/fr\/wp-json\/wp\/v2\/media?parent=4220"}],"wp:term":[{"taxonomy":"product_brand","embeddable":true,"href":"https:\/\/delorenzoglobal.com\/fr\/wp-json\/wp\/v2\/product_brand?post=4220"},{"taxonomy":"product_cat","embeddable":true,"href":"https:\/\/delorenzoglobal.com\/fr\/wp-json\/wp\/v2\/product_cat?post=4220"},{"taxonomy":"product_tag","embeddable":true,"href":"https:\/\/delorenzoglobal.com\/fr\/wp-json\/wp\/v2\/product_tag?post=4220"}],"curies":[{"name":"wp","href":"https:\/\/api.w.org\/{rel}","templated":true}]}}